{"id":10303,"date":"2024-12-11T16:56:08","date_gmt":"2024-12-11T15:56:08","guid":{"rendered":"https:\/\/ebhinvest.hu\/klaeranlage-gadoros\/"},"modified":"2025-03-06T05:37:53","modified_gmt":"2025-03-06T04:37:53","slug":"klaeranlage-gadoros","status":"publish","type":"page","link":"https:\/\/ebhinvest.hu\/de\/klaeranlage-gadoros\/","title":{"rendered":"Kl\u00e4ranlage G\u00e1doros"},"content":{"rendered":"<p>[et_pb_section fb_built=&#8220;1&#8243; _builder_version=&#8220;4.27.3&#8243; _module_preset=&#8220;default&#8220; background_color=&#8220;gcid-heading-color&#8220; background_image=&#8220;https:\/\/ebhinvest.hu\/wp-content\/uploads\/2024\/12\/ebh_gadorosi-szennyviztisztito-telep_7.jpg&#8220; module_alignment=&#8220;center&#8220; min_height=&#8220;350px&#8220; custom_margin=&#8220;3px|0px|3px|0px|false|false&#8220; custom_padding=&#8220;30px|0px|13px|0px|false|false&#8220; hover_enabled=&#8220;0&#8243; global_colors_info=&#8220;{%22gcid-heading-color%22:%91%22background_color%22%93}&#8220; theme_builder_area=&#8220;post_content&#8220; alt=&#8220;G\u00e1dorosi szennyv\u00edztiszt\u00edt\u00f3 telep \u00e9p\u00edt\u00e9se&#8220; title_text=&#8220;_ebh_gadorosi-szennyviztisztito-telep_7&#8243; sticky_enabled=&#8220;0&#8243;][et_pb_row _builder_version=&#8220;4.27.3&#8243; _module_preset=&#8220;default&#8220; custom_margin=&#8220;10px||10px||false|false&#8220; global_colors_info=&#8220;{}&#8220; theme_builder_area=&#8220;post_content&#8220;][et_pb_column type=&#8220;4_4&#8243; _builder_version=&#8220;4.27.3&#8243; _module_preset=&#8220;default&#8220; custom_padding=&#8220;0px|0px|0px|0px|false|false&#8220; global_colors_info=&#8220;{}&#8220; theme_builder_area=&#8220;post_content&#8220;][et_pb_text _builder_version=&#8220;4.27.3&#8243; _module_preset=&#8220;default&#8220; background_color=&#8220;RGBA(255,255,255,0)&#8220; custom_margin=&#8220;0px|0px|0px|0px|false|false&#8220; custom_padding=&#8220;0px||0px||false|false&#8220; text_text_shadow_style=&#8220;preset4&#8243; text_text_shadow_horizontal_length=&#8220;0.68em&#8220; text_text_shadow_vertical_length=&#8220;0.55em&#8220; text_text_shadow_blur_strength=&#8220;0.36em&#8220; global_colors_info=&#8220;{}&#8220; theme_builder_area=&#8220;post_content&#8220;]<\/p>\n<h1 style=\"text-align: center;\"><span style=\"color: #ffffff;\">Kl\u00e4ranlage G\u00e1doros<\/span><\/h1>\n<p><span style=\"color: #ffffff;\"><\/span><\/p>\n<p><span style=\"color: #ffffff;\"><img loading=\"lazy\" decoding=\"async\" src=\"https:\/\/ebhinvest.hu\/wp-content\/uploads\/2024\/11\/csakcsik-1.jpg\" width=\"250\" height=\"7\" alt=\"\" class=\"wp-image-275 alignnone size-full\" style=\"display: block; margin-left: auto; margin-right: auto;\"><\/span><\/p>\n<h5 style=\"text-align: center;\"><span style=\"color: #ffffff;\"><\/span><\/h5>\n<h5 style=\"text-align: center;\"><span style=\"color: #ffffff;\"><\/span><\/h5>\n<h5 style=\"text-align: center;\"><span style=\"color: #ffffff;\">Neubau | Rohbau| Abfallwirtschaft und Umweltschutz | Abfallwirtschaft und Umweltschutz<br \/><\/span><\/h5>\n<p>[\/et_pb_text][\/et_pb_column][\/et_pb_row][\/et_pb_section][et_pb_section fb_built=&#8220;1&#8243; _builder_version=&#8220;4.27.3&#8243; _module_preset=&#8220;default&#8220; custom_padding=&#8220;20px||5px||false|false&#8220; global_colors_info=&#8220;{}&#8220; theme_builder_area=&#8220;post_content&#8220;][et_pb_row column_structure=&#8220;1_2,1_2&#8243; _builder_version=&#8220;4.27.3&#8243; _module_preset=&#8220;default&#8220; global_colors_info=&#8220;{}&#8220; theme_builder_area=&#8220;post_content&#8220;][et_pb_column type=&#8220;1_2&#8243; _builder_version=&#8220;4.27.3&#8243; _module_preset=&#8220;default&#8220; global_colors_info=&#8220;{}&#8220; theme_builder_area=&#8220;post_content&#8220;][et_pb_text _builder_version=&#8220;4.27.3&#8243; _module_preset=&#8220;default&#8220; hover_enabled=&#8220;0&#8243; global_colors_info=&#8220;{}&#8220; theme_builder_area=&#8220;post_content&#8220; sticky_enabled=&#8220;0&#8243;]<\/p>\n<p>Bau des Stahlbetonbauwerks des Abwasserlagers G\u00e1doros, Bauarbeiten des technologischen Maschinenhauses, des biologischen Blocks und des Nachkl\u00e4rbauwerks (monolithische Stahlbetonbauwerke im Umfang von 534 m3, Erdbau)<\/p>\n<p>[\/et_pb_text][\/et_pb_column][et_pb_column type=&#8220;1_2&#8243; _builder_version=&#8220;4.27.3&#8243; _module_preset=&#8220;default&#8220; global_colors_info=&#8220;{}&#8220; theme_builder_area=&#8220;post_content&#8220;][et_pb_text _builder_version=&#8220;4.27.3&#8243; _module_preset=&#8220;default&#8220; text_line_height=&#8220;1.4em&#8220; background_color=&#8220;#eff3f6&#8243; custom_margin=&#8220;0px||||false|false&#8220; custom_padding=&#8220;23px|10px|23px|10px|true|true&#8220; border_width_all=&#8220;2px&#8220; border_color_all=&#8220;#dfe6ed&#8220; global_colors_info=&#8220;{}&#8220; theme_builder_area=&#8220;post_content&#8220;]<\/p>\n<p><span style=\"color: #6d8dac;\">Projektname<\/span>:<br \/>Bau der Kl\u00e4ranlage G\u00e1doros<\/p>\n<p><span style=\"color: #6d8dac;\">LAGE:<br \/><\/span>G\u00e1doros, Stadtrand<\/p>\n<p><span style=\"color: #6d8dac;\">Auftrag:<br \/><\/span>Allgemeiner Bau einer Kl\u00e4ranlage<\/p>\n<p><span style=\"color: #6d8dac;\">Dauer der Umsetzung:<br \/><\/span>Juni-Dezember 2012<\/p>\n<p><span style=\"color: #6d8dac;\">Auftraggeber:<br \/><\/span> EuroAszfalt Kft., Keviterv Kft.<\/p>\n<p>[\/et_pb_text][\/et_pb_column][\/et_pb_row][\/et_pb_section][et_pb_section fb_built=&#8220;1&#8243; _builder_version=&#8220;4.27.3&#8243; _module_preset=&#8220;default&#8220; custom_padding=&#8220;8px||54px|||&#8220; global_colors_info=&#8220;{}&#8220; theme_builder_area=&#8220;post_content&#8220;][et_pb_row _builder_version=&#8220;4.27.3&#8243; _module_preset=&#8220;default&#8220; global_colors_info=&#8220;{}&#8220; theme_builder_area=&#8220;post_content&#8220;][et_pb_column type=&#8220;4_4&#8243; _builder_version=&#8220;4.27.3&#8243; _module_preset=&#8220;default&#8220; global_colors_info=&#8220;{}&#8220; theme_builder_area=&#8220;post_content&#8220;][et_pb_heading title=&#8220;Schauen Sie sich die Bilder der Arbeiten an&#8220; _builder_version=&#8220;4.27.3&#8243; _module_preset=&#8220;default&#8220; title_text_align=&#8220;center&#8220; global_colors_info=&#8220;{}&#8220; theme_builder_area=&#8220;post_content&#8220;][\/et_pb_heading][\/et_pb_column][\/et_pb_row][et_pb_row _builder_version=&#8220;4.27.3&#8243; _module_preset=&#8220;default&#8220; global_colors_info=&#8220;{}&#8220; theme_builder_area=&#8220;post_content&#8220;][et_pb_column type=&#8220;4_4&#8243; _builder_version=&#8220;4.27.3&#8243; _module_preset=&#8220;default&#8220; global_colors_info=&#8220;{}&#8220; theme_builder_area=&#8220;post_content&#8220;][difl_justifiedgallery gallery=&#8220;1174,1175,1176,1177,1178,1179&#8243; image_size=&#8220;original&#8220; use_lightbox=&#8220;on&#8220; use_lightbox_download=&#8220;on&#8220; border_anim=&#8220;on&#8220; border_anm_style=&#8220;c4-border-ccc-3&#8243; anm_content_padding=&#8220;0.5em&#8220; _builder_version=&#8220;4.27.3&#8243; _module_preset=&#8220;default&#8220; hover_enabled=&#8220;0&#8243; global_colors_info=&#8220;{}&#8220; theme_builder_area=&#8220;post_content&#8220; rowheight=&#8220;190&#8243; sticky_enabled=&#8220;0&#8243;][\/difl_justifiedgallery][\/et_pb_column][\/et_pb_row][et_pb_row _builder_version=&#8220;4.27.3&#8243; _module_preset=&#8220;default&#8220; global_colors_info=&#8220;{}&#8220; theme_builder_area=&#8220;post_content&#8220;][et_pb_column type=&#8220;4_4&#8243; _builder_version=&#8220;4.27.3&#8243; _module_preset=&#8220;default&#8220; global_colors_info=&#8220;{}&#8220; theme_builder_area=&#8220;post_content&#8220;][et_pb_heading title=&#8220;Weitergeben an&#8220; _builder_version=&#8220;4.27.3&#8243; _module_preset=&#8220;default&#8220; title_level=&#8220;h3&#8243; title_text_align=&#8220;center&#8220; global_colors_info=&#8220;{}&#8220; theme_builder_area=&#8220;post_content&#8220;][\/et_pb_heading][difl_social_share content_alignment=&#8220;center&#8220; column_auto_child_item_alignment=&#8220;center&#8220; text_container_bg_color_bgcolor=&#8220;RGBA(255,255,255,0)&#8220; _builder_version=&#8220;4.27.3&#8243; _module_preset=&#8220;default&#8220; label_font=&#8220;|||||on|||&#8220; label_text_align=&#8220;center&#8220; label_text_color=&#8220;#FFFFFF&#8220; global_colors_info=&#8220;{}&#8220; theme_builder_area=&#8220;post_content&#8220;][difl_social_share_item social_network=&#8220;facebook&#8220; _builder_version=&#8220;4.27.3&#8243; _module_preset=&#8220;default&#8220; background_color=&#8220;#1877F2&#8243; global_colors_info=&#8220;{}&#8220; theme_builder_area=&#8220;post_content&#8220;][\/difl_social_share_item][difl_social_share_item social_network=&#8220;twitter&#8220; _builder_version=&#8220;4.27.3&#8243; _module_preset=&#8220;default&#8220; background_color=&#8220;#000000&#8243; global_colors_info=&#8220;{}&#8220; theme_builder_area=&#8220;post_content&#8220;][\/difl_social_share_item][difl_social_share_item social_network=&#8220;linkedin&#8220; _builder_version=&#8220;4.27.3&#8243; _module_preset=&#8220;default&#8220; background_color=&#8220;#007bb6&#8243; global_colors_info=&#8220;{}&#8220; theme_builder_area=&#8220;post_content&#8220;][\/difl_social_share_item][difl_social_share_item social_network=&#8220;pinterest&#8220; _builder_version=&#8220;4.27.3&#8243; _module_preset=&#8220;default&#8220; background_color=&#8220;#cb2027&#8243; global_colors_info=&#8220;{}&#8220; theme_builder_area=&#8220;post_content&#8220;][\/difl_social_share_item][\/difl_social_share][\/et_pb_column][\/et_pb_row][\/et_pb_section]<\/p>\n","protected":false},"excerpt":{"rendered":"<p>Kl\u00e4ranlage G\u00e1doros Neubau | Rohbau| Abfallwirtschaft und Umweltschutz | Abfallwirtschaft und UmweltschutzBau des Stahlbetonbauwerks des Abwasserlagers G\u00e1doros, Bauarbeiten des technologischen Maschinenhauses, des biologischen Blocks und des Nachkl\u00e4rbauwerks (monolithische Stahlbetonbauwerke im Umfang von 534 m3, Erdbau)Projektname:Bau der Kl\u00e4ranlage G\u00e1doros LAGE:G\u00e1doros, Stadtrand Auftrag:Allgemeiner Bau einer Kl\u00e4ranlage Dauer der Umsetzung:Juni-Dezember 2012 Auftraggeber: EuroAszfalt Kft., Keviterv Kft.<div class=\"et_pb_with_border et_pb_module difl_justifiedgallery difl_justifiedgallery_0\">\n\t\t\t\t\n\t\t\t\t\n\t\t\t\t\n\t\t\t\t\n\t\t\t\t\n\t\t\t\t\n\t\t\t\t<div class=\"et_pb_module_inner\">\n\t\t\t\t\t<div class=\"df_jsg_container\" data-settings='{\"gallery\":\"&#8220;1174,1175,1176,1177,1178,1179&#8243;\",\"rowHeight\":\"150\",\"margin\":\"10\",\"show_caption\":\"off\",\"show_description\":\"off\",\"load_more\":\"off\",\"image_count\":\"4\",\"ini_count\":\"8\",\"show_content_lg\":\"off\",\"use_lightbox\":\"off\",\"use_lightbox_download\":\"off\",\"content_reveal_caption\":\"c4-fade-up\",\"content_reveal_description\":\"c4-fade-up\",\"content_position\":\"c4-layout-top-left\",\"image_scale\":\"no-image-scale\",\"overlay\":\"off\",\"image_size\":\"&#8220;original&#8220;\",\"caption_tag\":\"h4\",\"description_tag\":\"p\",\"border_anim\":\"off\",\"border_anm_style\":\"c4-border-fade\",\"use_url\":\"off\",\"url_target\":\"same_window\",\"show_pagination\":\"off\",\"pagination_img_count\":\"8\",\"use_number_pagination\":\"off\",\"older_text\":\"Older Entries\",\"newer_text\":\"Next Entries\",\"use_icon_only_at_pagination\":\"off\"}'>\n                <div class=\"justified-gallery\"><figure class=\"c4-izmir df_jsg_image no-image-scale  has_overlay  image_loading\" data-src=\"data:image\/svg+xml;base64,PHN2ZyB3aWR0aD0iMTA4MCIgaGVpZ2h0PSI1NDAiIHZpZXdCb3g9IjAgMCAxMDgwIDU0MCIgeG1sbnM9Imh0dHA6Ly93d3cudzMub3JnLzIwMDAvc3ZnIj4KICAgIDxnIGZpbGw9Im5vbmUiIGZpbGwtcnVsZT0iZXZlbm9kZCI+CiAgICAgICAgPHBhdGggZmlsbD0iI0VCRUJFQiIgZD0iTTAgMGgxMDgwdjU0MEgweiIvPgogICAgICAgIDxwYXRoIGQ9Ik00NDUuNjQ5IDU0MGgtOTguOTk1TDE0NC42NDkgMzM3Ljk5NSAwIDQ4Mi42NDR2LTk4Ljk5NWwxMTYuMzY1LTExNi4zNjVjMTUuNjItMTUuNjIgNDAuOTQ3LTE1LjYyIDU2LjU2OCAwTDQ0NS42NSA1NDB6IiBmaWxsLW9wYWNpdHk9Ii4xIiBmaWxsPSIjMDAwIiBmaWxsLXJ1bGU9Im5vbnplcm8iLz4KICAgICAgICA8Y2lyY2xlIGZpbGwtb3BhY2l0eT0iLjA1IiBmaWxsPSIjMDAwIiBjeD0iMzMxIiBjeT0iMTQ4IiByPSI3MCIvPgogICAgICAgIDxwYXRoIGQ9Ik0xMDgwIDM3OXYxMTMuMTM3TDcyOC4xNjIgMTQwLjMgMzI4LjQ2MiA1NDBIMjE1LjMyNEw2OTkuODc4IDU1LjQ0NmMxNS42Mi0xNS42MiA0MC45NDgtMTUuNjIgNTYuNTY4IDBMMTA4MCAzNzl6IiBmaWxsLW9wYWNpdHk9Ii4yIiBmaWxsPSIjMDAwIiBmaWxsLXJ1bGU9Im5vbnplcm8iLz4KICAgIDwvZz4KPC9zdmc+Cg==\"  >\n                    \n\n                    <img decoding=\"async\" class=\"jsg-image\" src=\"data:image\/svg+xml;base64,PHN2ZyB3aWR0aD0iMTA4MCIgaGVpZ2h0PSI1NDAiIHZpZXdCb3g9IjAgMCAxMDgwIDU0MCIgeG1sbnM9Imh0dHA6Ly93d3cudzMub3JnLzIwMDAvc3ZnIj4KICAgIDxnIGZpbGw9Im5vbmUiIGZpbGwtcnVsZT0iZXZlbm9kZCI+CiAgICAgICAgPHBhdGggZmlsbD0iI0VCRUJFQiIgZD0iTTAgMGgxMDgwdjU0MEgweiIvPgogICAgICAgIDxwYXRoIGQ9Ik00NDUuNjQ5IDU0MGgtOTguOTk1TDE0NC42NDkgMzM3Ljk5NSAwIDQ4Mi42NDR2LTk4Ljk5NWwxMTYuMzY1LTExNi4zNjVjMTUuNjItMTUuNjIgNDAuOTQ3LTE1LjYyIDU2LjU2OCAwTDQ0NS42NSA1NDB6IiBmaWxsLW9wYWNpdHk9Ii4xIiBmaWxsPSIjMDAwIiBmaWxsLXJ1bGU9Im5vbnplcm8iLz4KICAgICAgICA8Y2lyY2xlIGZpbGwtb3BhY2l0eT0iLjA1IiBmaWxsPSIjMDAwIiBjeD0iMzMxIiBjeT0iMTQ4IiByPSI3MCIvPgogICAgICAgIDxwYXRoIGQ9Ik0xMDgwIDM3OXYxMTMuMTM3TDcyOC4xNjIgMTQwLjMgMzI4LjQ2MiA1NDBIMjE1LjMyNEw2OTkuODc4IDU1LjQ0NmMxNS42Mi0xNS42MiA0MC45NDgtMTUuNjIgNTYuNTY4IDBMMTA4MCAzNzl6IiBmaWxsLW9wYWNpdHk9Ii4yIiBmaWxsPSIjMDAwIiBmaWxsLXJ1bGU9Im5vbnplcm8iLz4KICAgIDwvZz4KPC9zdmc+Cg==\" alt=\"\" class=\"\" width=\"\" height=\"\"\/>\n                    <figcaption class=\"df_jsg_content c4-layout-top-left\">\n                        \n                    <\/figcaption>\n                <\/figure><figure class=\"c4-izmir df_jsg_image no-image-scale  has_overlay  image_loading\" data-src=\"https:\/\/ebhinvest.hu\/wp-content\/uploads\/2024\/12\/ebh_gadorosi-szennyviztisztito-telep_2.jpg\"  >\n                    \n\n                    <img loading=\"lazy\" decoding=\"async\" class=\"jsg-image\" src=\"https:\/\/ebhinvest.hu\/wp-content\/uploads\/2024\/12\/ebh_gadorosi-szennyviztisztito-telep_2.jpg\" alt=\"G\u00e1dorosi szennyv\u00edztiszt\u00edt\u00f3 telep \u00e9p\u00edt\u00e9se\" class=\"\" width=\"1500\" height=\"1125\"\/>\n                    <figcaption class=\"df_jsg_content c4-layout-top-left\">\n                        \n                    <\/figcaption>\n                <\/figure><figure class=\"c4-izmir df_jsg_image no-image-scale  has_overlay  image_loading\" data-src=\"https:\/\/ebhinvest.hu\/wp-content\/uploads\/2024\/12\/ebh_gadorosi-szennyviztisztito-telep_3.jpg\"  >\n                    \n\n                    <img loading=\"lazy\" decoding=\"async\" class=\"jsg-image\" src=\"https:\/\/ebhinvest.hu\/wp-content\/uploads\/2024\/12\/ebh_gadorosi-szennyviztisztito-telep_3.jpg\" alt=\"G\u00e1dorosi szennyv\u00edztiszt\u00edt\u00f3 telep \u00e9p\u00edt\u00e9se\" class=\"\" width=\"1500\" height=\"1000\"\/>\n                    <figcaption class=\"df_jsg_content c4-layout-top-left\">\n                        \n                    <\/figcaption>\n                <\/figure><figure class=\"c4-izmir df_jsg_image no-image-scale  has_overlay  image_loading\" data-src=\"https:\/\/ebhinvest.hu\/wp-content\/uploads\/2024\/12\/ebh_gadorosi-szennyviztisztito-telep_5.jpg\"  >\n                    \n\n                    <img loading=\"lazy\" decoding=\"async\" class=\"jsg-image\" src=\"https:\/\/ebhinvest.hu\/wp-content\/uploads\/2024\/12\/ebh_gadorosi-szennyviztisztito-telep_5.jpg\" alt=\"G\u00e1dorosi szennyv\u00edztiszt\u00edt\u00f3 telep \u00e9p\u00edt\u00e9se\" class=\"\" width=\"1500\" height=\"1000\"\/>\n                    <figcaption class=\"df_jsg_content c4-layout-top-left\">\n                        \n                    <\/figcaption>\n                <\/figure><figure class=\"c4-izmir df_jsg_image no-image-scale  has_overlay  image_loading\" data-src=\"https:\/\/ebhinvest.hu\/wp-content\/uploads\/2024\/12\/ebh_gadorosi-szennyviztisztito-telep_6.jpg\"  >\n                    \n\n                    <img loading=\"lazy\" decoding=\"async\" class=\"jsg-image\" src=\"https:\/\/ebhinvest.hu\/wp-content\/uploads\/2024\/12\/ebh_gadorosi-szennyviztisztito-telep_6.jpg\" alt=\"G\u00e1dorosi szennyv\u00edztiszt\u00edt\u00f3 telep \u00e9p\u00edt\u00e9se\" class=\"\" width=\"1500\" height=\"1000\"\/>\n                    <figcaption class=\"df_jsg_content c4-layout-top-left\">\n                        \n                    <\/figcaption>\n                <\/figure><figure class=\"c4-izmir df_jsg_image no-image-scale  has_overlay  image_loading\" data-src=\"https:\/\/ebhinvest.hu\/wp-content\/uploads\/2024\/12\/ebh_gadorosi-szennyviztisztito-telep_7.jpg\"  >\n                    \n\n                    <img loading=\"lazy\" decoding=\"async\" class=\"jsg-image\" src=\"https:\/\/ebhinvest.hu\/wp-content\/uploads\/2024\/12\/ebh_gadorosi-szennyviztisztito-telep_7.jpg\" alt=\"\" class=\"\" width=\"1500\" height=\"1000\"\/>\n                    <figcaption class=\"df_jsg_content c4-layout-top-left\">\n                        \n                    <\/figcaption>\n                <\/figure><\/div>\n                \n                \n            <\/div>\n\t\t\t\t<\/div>\n\t\t\t<\/div><\/p>\n","protected":false},"author":1,"featured_media":0,"parent":0,"menu_order":0,"comment_status":"closed","ping_status":"closed","template":"","meta":{"_et_pb_use_builder":"on","_et_pb_old_content":"","_et_gb_content_width":"","footnotes":""},"difl_page_category":[],"class_list":["post-10303","page","type-page","status-publish","hentry"],"_links":{"self":[{"href":"https:\/\/ebhinvest.hu\/de\/wp-json\/wp\/v2\/pages\/10303","targetHints":{"allow":["GET"]}}],"collection":[{"href":"https:\/\/ebhinvest.hu\/de\/wp-json\/wp\/v2\/pages"}],"about":[{"href":"https:\/\/ebhinvest.hu\/de\/wp-json\/wp\/v2\/types\/page"}],"author":[{"embeddable":true,"href":"https:\/\/ebhinvest.hu\/de\/wp-json\/wp\/v2\/users\/1"}],"replies":[{"embeddable":true,"href":"https:\/\/ebhinvest.hu\/de\/wp-json\/wp\/v2\/comments?post=10303"}],"version-history":[{"count":2,"href":"https:\/\/ebhinvest.hu\/de\/wp-json\/wp\/v2\/pages\/10303\/revisions"}],"predecessor-version":[{"id":10307,"href":"https:\/\/ebhinvest.hu\/de\/wp-json\/wp\/v2\/pages\/10303\/revisions\/10307"}],"wp:attachment":[{"href":"https:\/\/ebhinvest.hu\/de\/wp-json\/wp\/v2\/media?parent=10303"}],"wp:term":[{"taxonomy":"difl_page_category","embeddable":true,"href":"https:\/\/ebhinvest.hu\/de\/wp-json\/wp\/v2\/difl_page_category?post=10303"}],"curies":[{"name":"wp","href":"https:\/\/api.w.org\/{rel}","templated":true}]}}