{"id":10315,"date":"2024-12-10T10:56:20","date_gmt":"2024-12-10T09:56:20","guid":{"rendered":"https:\/\/ebhinvest.hu\/wiederaufbau-der-landhaeuser-des-skansen-in-szentendre\/"},"modified":"2025-03-06T05:52:14","modified_gmt":"2025-03-06T04:52:14","slug":"wiederaufbau-der-landhaeuser-des-skansen-in-szentendre","status":"publish","type":"page","link":"https:\/\/ebhinvest.hu\/de\/wiederaufbau-der-landhaeuser-des-skansen-in-szentendre\/","title":{"rendered":"Wiederaufbau der Landh\u00e4user des Skansen in Szentendre"},"content":{"rendered":"<p>[et_pb_section fb_built=&#8220;1&#8243; _builder_version=&#8220;4.27.3&#8243; _module_preset=&#8220;default&#8220; background_color=&#8220;gcid-heading-color&#8220; background_image=&#8220;https:\/\/ebhinvest.hu\/wp-content\/uploads\/2024\/12\/ebh_szentendrei-skanzen-tajhazainak-rekonstrukcioja_1.jpg&#8220; module_alignment=&#8220;center&#8220; min_height=&#8220;350px&#8220; custom_margin=&#8220;3px|0px|3px|0px|false|false&#8220; custom_padding=&#8220;30px|0px|13px|0px|false|false&#8220; hover_enabled=&#8220;0&#8243; global_colors_info=&#8220;{%22gcid-heading-color%22:%91%22background_color%22%93}&#8220; theme_builder_area=&#8220;post_content&#8220; alt=&#8220;A szentendrei Skanzen t\u00e1jh\u00e1zainak rekonstrukci\u00f3ja&#8220; title_text=&#8220;_ebh_szentendrei-skanzen-tajhazainak-rekonstrukcioja_1&#8243; sticky_enabled=&#8220;0&#8243;][et_pb_row _builder_version=&#8220;4.27.3&#8243; _module_preset=&#8220;default&#8220; custom_margin=&#8220;10px||10px||false|false&#8220; global_colors_info=&#8220;{}&#8220; theme_builder_area=&#8220;post_content&#8220;][et_pb_column type=&#8220;4_4&#8243; _builder_version=&#8220;4.27.3&#8243; _module_preset=&#8220;default&#8220; custom_padding=&#8220;0px|0px|0px|0px|false|false&#8220; global_colors_info=&#8220;{}&#8220; theme_builder_area=&#8220;post_content&#8220;][et_pb_text _builder_version=&#8220;4.27.3&#8243; _module_preset=&#8220;default&#8220; background_color=&#8220;RGBA(255,255,255,0)&#8220; custom_margin=&#8220;0px|0px|0px|0px|false|false&#8220; custom_padding=&#8220;0px||0px||false|false&#8220; text_text_shadow_style=&#8220;preset4&#8243; text_text_shadow_horizontal_length=&#8220;0.68em&#8220; text_text_shadow_vertical_length=&#8220;0.55em&#8220; text_text_shadow_blur_strength=&#8220;0.36em&#8220; global_colors_info=&#8220;{}&#8220; theme_builder_area=&#8220;post_content&#8220;]<\/p>\n<h1 style=\"text-align: center;\"><span style=\"color: #ffffff;\">Wiederaufbau der Landh\u00e4user des Skansen in Szentendre<\/span><\/h1>\n<p><span style=\"color: #ffffff;\"><\/span><\/p>\n<p><span style=\"color: #ffffff;\"><img loading=\"lazy\" decoding=\"async\" src=\"https:\/\/ebhinvest.hu\/wp-content\/uploads\/2024\/11\/csakcsik-1.jpg\" width=\"250\" height=\"7\" alt=\"\" class=\"wp-image-275 alignnone size-full\" style=\"display: block; margin-left: auto; margin-right: auto;\"><\/span><\/p>\n<h5 style=\"text-align: center;\"><span style=\"color: #ffffff;\"><\/span><\/h5>\n<h5 style=\"text-align: center;\"><span style=\"color: #ffffff;\"><\/span><\/h5>\n<h5 style=\"text-align: center;\"><span style=\"color: #ffffff;\">Denkmalrestaurierung<\/span><\/h5>\n<p>[\/et_pb_text][\/et_pb_column][\/et_pb_row][\/et_pb_section][et_pb_section fb_built=&#8220;1&#8243; _builder_version=&#8220;4.27.3&#8243; _module_preset=&#8220;default&#8220; custom_padding=&#8220;20px||5px||false|false&#8220; global_colors_info=&#8220;{}&#8220; theme_builder_area=&#8220;post_content&#8220;][et_pb_row column_structure=&#8220;1_2,1_2&#8243; _builder_version=&#8220;4.27.3&#8243; _module_preset=&#8220;default&#8220; global_colors_info=&#8220;{}&#8220; theme_builder_area=&#8220;post_content&#8220; custom_padding=&#8220;||7px|||&#8220;][et_pb_column type=&#8220;1_2&#8243; _builder_version=&#8220;4.27.3&#8243; _module_preset=&#8220;default&#8220; global_colors_info=&#8220;{}&#8220; theme_builder_area=&#8220;post_content&#8220;][et_pb_text _builder_version=&#8220;4.27.3&#8243; _module_preset=&#8220;default&#8220; hover_enabled=&#8220;0&#8243; global_colors_info=&#8220;{}&#8220; theme_builder_area=&#8220;post_content&#8220; sticky_enabled=&#8220;0&#8243;]<\/p>\n<p>Wir haben die Landh\u00e4user und M\u00fchlen in der Skanzen in Szentendre rekonstruiert.<\/p>\n<p>Aktuelle Neuigkeiten zur Fortsetzung der Arbeiten in der Skansen<a href=\"https:\/\/magyarepitok.hu\/mi-epul\/2018\/10\/elrajtolt-az-erdelyt-szentendrere-varazsolo-beruhazas\"> lesen Sie hier<\/a>.<\/p>\n<p>In der Zeit von April bis Mitte Juni 2018 fanden Renovierungs- und Konservierungsarbeiten der Region der Gro\u00dfen Ungarischen Tiefebene statt:<\/p>\n<p>Renovierung des Wohnhauses S\u00fck\u00f6sd:<br \/>Die Wandfl\u00e4chen des Geb\u00e4udes mussten komplett saniert werden: Risse mussten ausgebessert, Klebefugen verf\u00fcllt und die gesamte Oberfl\u00e4che wei\u00df get\u00fcncht werden, inklusive der Sanierung der Decken (Holz und Putz). Hergestellt aus traditionellen Schlamm-Wirrstroh Rohstoffen und dreimaliger T\u00fcnche im gesamten Geb\u00e4ude, innen und au\u00dfen.   <\/p>\n<p>[\/et_pb_text][\/et_pb_column][et_pb_column type=&#8220;1_2&#8243; _builder_version=&#8220;4.27.3&#8243; _module_preset=&#8220;default&#8220; global_colors_info=&#8220;{}&#8220; theme_builder_area=&#8220;post_content&#8220;][et_pb_text _builder_version=&#8220;4.27.3&#8243; _module_preset=&#8220;default&#8220; text_line_height=&#8220;0.6em&#8220; background_color=&#8220;#eff3f6&#8243; custom_margin=&#8220;0px||||false|false&#8220; custom_padding=&#8220;23px|10px|23px|10px|true|true&#8220; border_width_all=&#8220;2px&#8220; border_color_all=&#8220;#dfe6ed&#8220; global_colors_info=&#8220;{}&#8220; theme_builder_area=&#8220;post_content&#8220;]<\/p>\n<p><span style=\"color: #6d8dac;\">Projektname:<\/span><\/p>\n<p>Renovierungs- und Konservierungsarbeiten in der Region der Grossen Ungarischen Tiefebene.<\/p>\n<p>&nbsp;<\/p>\n<p><span style=\"color: #6d8dac;\">Lage:<\/span><\/p>\n<p>Szentendre, Skansen<\/p>\n<p>&nbsp;<\/p>\n<p><span style=\"color: #6d8dac;\">Dauer der Umsetzung<\/span><\/p>\n<p>April &#8211; Juni 2018<\/p>\n<p>&nbsp;<\/p>\n<p><span style=\"color: #6d8dac;\">Auftraggeber:<\/span><\/p>\n<p>Ethnographisches Freilichtmuseum, Szentendre<\/p>\n<p>[\/et_pb_text][\/et_pb_column][\/et_pb_row][et_pb_row _builder_version=&#8220;4.27.3&#8243; _module_preset=&#8220;default&#8220; global_colors_info=&#8220;{}&#8220; theme_builder_area=&#8220;post_content&#8220; custom_padding=&#8220;4px||15px|||&#8220;][et_pb_column type=&#8220;4_4&#8243; _builder_version=&#8220;4.27.3&#8243; _module_preset=&#8220;default&#8220; global_colors_info=&#8220;{}&#8220; theme_builder_area=&#8220;post_content&#8220;][et_pb_text _builder_version=&#8220;4.27.3&#8243; _module_preset=&#8220;default&#8220; theme_builder_area=&#8220;post_content&#8220; hover_enabled=&#8220;0&#8243; sticky_enabled=&#8220;0&#8243;]<\/p>\n<p>Der verputzte Zaun wurde ausgebessert, Abschnitte wurden mit M\u00f6rtel ausgebessert, auch dreimal gekalkt.<br \/>Die T\u00fcren und Fenster wurden neu gestrichen, in der gleichen Qualit\u00e4t und Farbe wie die bestehenden. Andere sichtbare Holzoberfl\u00e4chen wurden mit Lein\u00f6l behandelt.<br \/>Der Boden des Wohnhauses musste erneuert, der vorhandene Stampfboden sorgf\u00e4ltig aufgenommen und ein neuer Boden durch Wiederherstellung der urspr\u00fcnglichen H\u00f6he verdichtet werden.<br \/>Die Reetdachinstandsetzung wurde auf einer Fl\u00e4che von 550 m2 durch Hinzuf\u00fcgen von neuem Material in halber St\u00e4rke neu aufgebaut.<br \/>Reinigung der Tropflinie am Boden an der hinteren L\u00e4ngsfassade.<br \/>Schornsteinreinigung, Renovierung au\u00dferhalb des Daches mit Abschnitten und T\u00fcnche. <\/p>\n<p><strong>Renovierung der Blaumalereiwerkstatt in Nagyk\u0151r\u00f6s<\/strong><\/p>\n<p>Die T\u00fcren und Fenster wurden neu gestrichen, in der gleichen Qualit\u00e4t und Farbe wie die bestehenden.<br \/>Zaun, Torreparatur, Bau eines neuen Zauns, Versetzen von Holzpf\u00e4hlen, fertig mit einer unsichtbaren Verbindung. Wenn m\u00f6glich, indem Sie ein Deck verwenden oder ein neues Deck platzieren.    <\/p>\n<p><strong>Renovierung der Blaumalereiwerkstatt in Nagyk\u0151r\u00f6s<\/strong><\/p>\n<p>Holzwerkstoffe wurden oberfl\u00e4chenbehandelt und konserviert (z.B.: W\u00e4schemangel).<br \/>Der Boden des Wohnhauses musste erneuert, der vorhandene Stampfboden sorgf\u00e4ltig aufgenommen und ein neuer Boden durch Wiederherstellung der urspr\u00fcnglichen H\u00f6he verdichtet werden. <\/p>\n<p>Dachbodent\u00fcrschwellenwechsel, Ausrichten oder Austauschen von S\u00e4ulen, Austausch von faulen Teilen, Holzschutz, H\u00f6henrekonstruktion. Installation von T\u00fcrschl\u00f6ssern im Dachgeschoss. Herstellung von Verglasungen in der Dachgeschoss\u00f6ffnung.       <br \/>Installation von T\u00fcrschl\u00f6ssern im Dachgeschoss. Herstellung von Verglasungen in der Dachgeschoss\u00f6ffnung.  <\/p>\n<p><strong>Renovierungsarbeiten der Windm\u00fchle Dusnok:<\/strong><\/p>\n<p>Fassadenreinigung mit Waschen, Ausbessern von Fugen, Ersetzen mit M\u00f6rtel, haupts\u00e4chlich an der Nordseite, an unvollst\u00e4ndigen Stellen. Reparieren Sie Fensterb\u00e4nke mit Erfahrung und f\u00fchren Sie T\u00fcnche rund um Fenster durch.     <\/p>\n<p><strong>Renovierungsarbeiten an der Windm\u00fchle Dusnok:<\/strong><\/p>\n<p>Reinigung der Fassade durch Abwaschen, Ausbessern der Fugen, Auswechseln mit M\u00f6rtel, vor allem auf der Nordseite, an Stellen mit Fugen. Reparatur der Fensterb\u00e4nke durch Ausbessern und Kalkanstrich um die Fenster herum. <\/p>\n<p>[\/et_pb_text][\/et_pb_column][\/et_pb_row][\/et_pb_section][et_pb_section fb_built=&#8220;1&#8243; _builder_version=&#8220;4.27.3&#8243; _module_preset=&#8220;default&#8220; custom_padding=&#8220;||54px|||&#8220; global_colors_info=&#8220;{}&#8220; theme_builder_area=&#8220;post_content&#8220;][et_pb_row _builder_version=&#8220;4.27.3&#8243; _module_preset=&#8220;default&#8220; global_colors_info=&#8220;{}&#8220; theme_builder_area=&#8220;post_content&#8220;][et_pb_column type=&#8220;4_4&#8243; _builder_version=&#8220;4.27.3&#8243; _module_preset=&#8220;default&#8220; global_colors_info=&#8220;{}&#8220; theme_builder_area=&#8220;post_content&#8220;][et_pb_heading title=&#8220;Schauen Sie sich die Bilder der Arbeiten an&#8220; _builder_version=&#8220;4.27.3&#8243; _module_preset=&#8220;default&#8220; title_text_align=&#8220;center&#8220; hover_enabled=&#8220;0&#8243; global_colors_info=&#8220;{}&#8220; theme_builder_area=&#8220;post_content&#8220; sticky_enabled=&#8220;0&#8243;][\/et_pb_heading][\/et_pb_column][\/et_pb_row][et_pb_row _builder_version=&#8220;4.27.3&#8243; _module_preset=&#8220;default&#8220; global_colors_info=&#8220;{}&#8220; theme_builder_area=&#8220;post_content&#8220;][et_pb_column type=&#8220;4_4&#8243; _builder_version=&#8220;4.27.3&#8243; _module_preset=&#8220;default&#8220; global_colors_info=&#8220;{}&#8220; theme_builder_area=&#8220;post_content&#8220;][difl_justifiedgallery gallery=&#8220;840,856,864,863,862,861,860,859,858,857&#8243; image_size=&#8220;large&#8220; use_lightbox=&#8220;on&#8220; use_lightbox_download=&#8220;on&#8220; border_anim=&#8220;on&#8220; border_anm_style=&#8220;c4-border-ccc-3&#8243; anm_content_padding=&#8220;0.5em&#8220; _builder_version=&#8220;4.27.3&#8243; _module_preset=&#8220;default&#8220; hover_enabled=&#8220;0&#8243; global_colors_info=&#8220;{}&#8220; theme_builder_area=&#8220;post_content&#8220; sticky_enabled=&#8220;0&#8243; space_between=&#8220;9&#8243; rowheight=&#8220;190&#8243;][\/difl_justifiedgallery][\/et_pb_column][\/et_pb_row][et_pb_row _builder_version=&#8220;4.27.3&#8243; _module_preset=&#8220;default&#8220; global_colors_info=&#8220;{}&#8220; theme_builder_area=&#8220;post_content&#8220;][et_pb_column type=&#8220;4_4&#8243; _builder_version=&#8220;4.27.3&#8243; _module_preset=&#8220;default&#8220; global_colors_info=&#8220;{}&#8220; theme_builder_area=&#8220;post_content&#8220;][et_pb_heading title=&#8220;Weitergeben an&#8220; _builder_version=&#8220;4.27.3&#8243; _module_preset=&#8220;default&#8220; title_level=&#8220;h3&#8243; title_text_align=&#8220;center&#8220; global_colors_info=&#8220;{}&#8220; theme_builder_area=&#8220;post_content&#8220;][\/et_pb_heading][difl_social_share content_alignment=&#8220;center&#8220; column_auto_child_item_alignment=&#8220;center&#8220; text_container_bg_color_bgcolor=&#8220;RGBA(255,255,255,0)&#8220; _builder_version=&#8220;4.27.3&#8243; _module_preset=&#8220;default&#8220; label_font=&#8220;|||||on|||&#8220; label_text_align=&#8220;center&#8220; label_text_color=&#8220;#FFFFFF&#8220; global_colors_info=&#8220;{}&#8220; theme_builder_area=&#8220;post_content&#8220;][difl_social_share_item social_network=&#8220;facebook&#8220; _builder_version=&#8220;4.27.3&#8243; _module_preset=&#8220;default&#8220; background_color=&#8220;#1877F2&#8243; global_colors_info=&#8220;{}&#8220; theme_builder_area=&#8220;post_content&#8220;][\/difl_social_share_item][difl_social_share_item social_network=&#8220;twitter&#8220; _builder_version=&#8220;4.27.3&#8243; _module_preset=&#8220;default&#8220; background_color=&#8220;#000000&#8243; global_colors_info=&#8220;{}&#8220; theme_builder_area=&#8220;post_content&#8220;][\/difl_social_share_item][difl_social_share_item social_network=&#8220;linkedin&#8220; _builder_version=&#8220;4.27.3&#8243; _module_preset=&#8220;default&#8220; background_color=&#8220;#007bb6&#8243; global_colors_info=&#8220;{}&#8220; theme_builder_area=&#8220;post_content&#8220;][\/difl_social_share_item][difl_social_share_item social_network=&#8220;pinterest&#8220; _builder_version=&#8220;4.27.3&#8243; _module_preset=&#8220;default&#8220; background_color=&#8220;#cb2027&#8243; global_colors_info=&#8220;{}&#8220; theme_builder_area=&#8220;post_content&#8220;][\/difl_social_share_item][\/difl_social_share][\/et_pb_column][\/et_pb_row][\/et_pb_section]<\/p>\n","protected":false},"excerpt":{"rendered":"<p>Wiederaufbau der Landh\u00e4user des Skansen in Szentendre DenkmalrestaurierungWir haben die Landh\u00e4user und M\u00fchlen in der Skanzen in Szentendre rekonstruiert. Aktuelle Neuigkeiten zur Fortsetzung der Arbeiten in der Skansen lesen Sie hier. In der Zeit von April bis Mitte Juni 2018 fanden Renovierungs- und Konservierungsarbeiten der Region der Gro\u00dfen Ungarischen Tiefebene statt: Renovierung des Wohnhauses S\u00fck\u00f6sd:Die [&hellip;]<\/p>\n","protected":false},"author":1,"featured_media":0,"parent":0,"menu_order":0,"comment_status":"closed","ping_status":"closed","template":"","meta":{"_et_pb_use_builder":"on","_et_pb_old_content":"","_et_gb_content_width":"","footnotes":""},"difl_page_category":[],"class_list":["post-10315","page","type-page","status-publish","hentry"],"_links":{"self":[{"href":"https:\/\/ebhinvest.hu\/de\/wp-json\/wp\/v2\/pages\/10315","targetHints":{"allow":["GET"]}}],"collection":[{"href":"https:\/\/ebhinvest.hu\/de\/wp-json\/wp\/v2\/pages"}],"about":[{"href":"https:\/\/ebhinvest.hu\/de\/wp-json\/wp\/v2\/types\/page"}],"author":[{"embeddable":true,"href":"https:\/\/ebhinvest.hu\/de\/wp-json\/wp\/v2\/users\/1"}],"replies":[{"embeddable":true,"href":"https:\/\/ebhinvest.hu\/de\/wp-json\/wp\/v2\/comments?post=10315"}],"version-history":[{"count":2,"href":"https:\/\/ebhinvest.hu\/de\/wp-json\/wp\/v2\/pages\/10315\/revisions"}],"predecessor-version":[{"id":10319,"href":"https:\/\/ebhinvest.hu\/de\/wp-json\/wp\/v2\/pages\/10315\/revisions\/10319"}],"wp:attachment":[{"href":"https:\/\/ebhinvest.hu\/de\/wp-json\/wp\/v2\/media?parent=10315"}],"wp:term":[{"taxonomy":"difl_page_category","embeddable":true,"href":"https:\/\/ebhinvest.hu\/de\/wp-json\/wp\/v2\/difl_page_category?post=10315"}],"curies":[{"name":"wp","href":"https:\/\/api.w.org\/{rel}","templated":true}]}}