{"id":10339,"date":"2024-12-10T13:34:01","date_gmt":"2024-12-10T12:34:01","guid":{"rendered":"https:\/\/ebhinvest.hu\/banati-hartvig-architekturbuero-gestaltung\/"},"modified":"2025-03-06T06:11:02","modified_gmt":"2025-03-06T05:11:02","slug":"banati-hartvig-architekturbuero-gestaltung","status":"publish","type":"page","link":"https:\/\/ebhinvest.hu\/de\/banati-hartvig-architekturbuero-gestaltung\/","title":{"rendered":"B\u00e1n\u00e1ti + Hartvig Architekturb\u00fcro Gestaltung"},"content":{"rendered":"<p>[et_pb_section fb_built=&#8220;1&#8243; _builder_version=&#8220;4.27.3&#8243; _module_preset=&#8220;default&#8220; background_color=&#8220;gcid-heading-color&#8220; background_image=&#8220;https:\/\/ebhinvest.hu\/wp-content\/uploads\/2024\/12\/ebh_banati-and-hartvig_15.jpg&#8220; module_alignment=&#8220;center&#8220; min_height=&#8220;350px&#8220; custom_margin=&#8220;3px|0px|3px|0px|false|false&#8220; custom_padding=&#8220;30px|0px|13px|0px|false|false&#8220; hover_enabled=&#8220;0&#8243; global_colors_info=&#8220;{%22gcid-heading-color%22:%91%22background_color%22%93}&#8220; theme_builder_area=&#8220;post_content&#8220; alt=&#8220;B\u00e1n\u00e1ti + Hartvig \u00c9p\u00edt\u00e9sz Iroda fit-out munk\u00e1latainak elv\u00e9gz\u00e9se.&#8220; title_text=&#8220;ebh_banati-and-hartvig_15&#8243; sticky_enabled=&#8220;0&#8243;][et_pb_row _builder_version=&#8220;4.27.3&#8243; _module_preset=&#8220;default&#8220; custom_margin=&#8220;10px||10px||false|false&#8220; global_colors_info=&#8220;{}&#8220; theme_builder_area=&#8220;post_content&#8220;][et_pb_column type=&#8220;4_4&#8243; _builder_version=&#8220;4.27.3&#8243; _module_preset=&#8220;default&#8220; custom_padding=&#8220;0px|0px|0px|0px|false|false&#8220; global_colors_info=&#8220;{}&#8220; theme_builder_area=&#8220;post_content&#8220;][et_pb_text _builder_version=&#8220;4.27.3&#8243; _module_preset=&#8220;default&#8220; background_color=&#8220;RGBA(255,255,255,0)&#8220; custom_margin=&#8220;0px|0px|0px|0px|false|false&#8220; custom_padding=&#8220;0px||0px||false|false&#8220; text_text_shadow_style=&#8220;preset4&#8243; text_text_shadow_horizontal_length=&#8220;0.68em&#8220; text_text_shadow_vertical_length=&#8220;0.55em&#8220; text_text_shadow_blur_strength=&#8220;0.36em&#8220; global_colors_info=&#8220;{}&#8220; theme_builder_area=&#8220;post_content&#8220;]<\/p>\n<h1 style=\"text-align: center;\"><span style=\"color: #ffffff;\">B\u00e1n\u00e1ti + Hartvig Architekturb\u00fcro Gestaltung<\/span><\/h1>\n<p><span style=\"color: #ffffff;\"><\/span><\/p>\n<p><span style=\"color: #ffffff;\"><img loading=\"lazy\" decoding=\"async\" src=\"https:\/\/ebhinvest.hu\/wp-content\/uploads\/2024\/11\/csakcsik-1.jpg\" width=\"250\" height=\"7\" alt=\"\" class=\"wp-image-275 alignnone size-full\" style=\"display: block; margin-left: auto; margin-right: auto;\"><\/span><\/p>\n<h5 style=\"text-align: center;\"><span style=\"color: #ffffff;\"><\/span><\/h5>\n<h5 style=\"text-align: center;\"><span style=\"color: #ffffff;\"><\/span><\/h5>\n<h5 style=\"text-align: center;\"><span style=\"color: #ffffff;\">Fit-Out<\/span><\/h5>\n<p>[\/et_pb_text][\/et_pb_column][\/et_pb_row][\/et_pb_section][et_pb_section fb_built=&#8220;1&#8243; _builder_version=&#8220;4.27.3&#8243; _module_preset=&#8220;default&#8220; custom_padding=&#8220;20px||5px||false|false&#8220; global_colors_info=&#8220;{}&#8220; theme_builder_area=&#8220;post_content&#8220;][et_pb_row column_structure=&#8220;1_2,1_2&#8243; _builder_version=&#8220;4.27.3&#8243; _module_preset=&#8220;default&#8220; global_colors_info=&#8220;{}&#8220; theme_builder_area=&#8220;post_content&#8220;][et_pb_column type=&#8220;1_2&#8243; _builder_version=&#8220;4.27.3&#8243; _module_preset=&#8220;default&#8220; global_colors_info=&#8220;{}&#8220; theme_builder_area=&#8220;post_content&#8220;][et_pb_text _builder_version=&#8220;4.27.3&#8243; _module_preset=&#8220;default&#8220; hover_enabled=&#8220;0&#8243; global_colors_info=&#8220;{}&#8220; theme_builder_area=&#8220;post_content&#8220; sticky_enabled=&#8220;0&#8243;]<\/p>\n<p>Fit-out-Arbeiten, vollst\u00e4ndige Installation der technischen Anlagen, Installation von Stark- und Schwachstromsystemen, Umsetzung von Designelementen.<\/p>\n<p>Das Geb\u00e4ude hat zwei Preise gewonnen!<br \/>In der Kategorie \u201eB\u00fcro des Jahres f\u00fcr Umweltbewusstsein\u201c hat das B\u00e1n\u00e1ti + Hartvig Architekturb\u00fcro, umgesetzt von EBH INVEST, bei dem Fachwettbewerb triumphiert! Dieses Jahr wurden zum 12. Mal die B\u00fcro des Jahres-Preise im Rahmen einer gro\u00dfen Designausstellung und Gala im Millen\u00e1ris Park verliehen, bei der das beste B\u00fcro, die besten B\u00fcrogeb\u00e4ude und Gemeinschaftsr\u00e4ume Ungarns f\u00fcr 2021 von der Fachjury ausgezeichnet wurden <\/p>\n<p>Im Jahr 2021 erhielt es auch den Preis f\u00fcr das \u201eBeste Geb\u00e4ude\u201c im Rahmen des Media Architecture Awards.<\/p>\n<p>&nbsp;<\/p>\n<p>Neben der Gestaltung eines allgemeinen B\u00fcrobereichs haben wir auch Besprechungsr\u00e4ume, eine K\u00fcche, einen Caf\u00e9-Bereich, eine Dusche und R\u00e4ume f\u00fcr gemeinsame Arbeit geschaffen. Dar\u00fcber hinaus gibt es auf jeder Etage separate Damen- und Herrentoiletten. Dar\u00fcber hinaus gibt es auf jeder Etage separate Damen- und Herrentoiletten.<\/p>\n<p>Die gr\u00f6\u00dfte Herausforderung bestand darin, die neu gebauten und abgerissenen alten Rohfl\u00e4chen miteinander in Einklang zu bringen. Neben der Installation der technischen und elektrischen Systeme umfassten unsere weiteren Aufgaben:<\/p>\n<p>Trockenbau- und Malerarbeiten,<br \/>Installation von Heizungs- und K\u00fchlsystemen,<br \/>Schreinerarbeiten,<br \/>Metallarbeiten und Verglasung.<\/p>\n<p>Das gesamte B\u00fcro (Keller, Erdgeschoss, Obergeschoss) erhielt eine W\u00e4rmed\u00e4mmdecke mit einer Art Glaswolleabdeckung.<\/p>\n<p>General Designer:<\/p>\n<h4><a href=\"https:\/\/bh.hu\/irodank-is-reszt-vesz-az-uj-nemzeti-galeria-tervezeseben\/\">B\u00e1n\u00e1ti + Hartvig \u00c9p\u00edt\u00e9sz Iroda<\/a><\/h4>\n<p>[\/et_pb_text][\/et_pb_column][et_pb_column type=&#8220;1_2&#8243; _builder_version=&#8220;4.27.3&#8243; _module_preset=&#8220;default&#8220; global_colors_info=&#8220;{}&#8220; theme_builder_area=&#8220;post_content&#8220;][et_pb_text _builder_version=&#8220;4.27.3&#8243; _module_preset=&#8220;default&#8220; text_line_height=&#8220;1.4em&#8220; background_color=&#8220;#eff3f6&#8243; custom_margin=&#8220;0px||||false|false&#8220; custom_padding=&#8220;23px|10px|23px|10px|true|true&#8220; border_width_all=&#8220;2px&#8220; border_color_all=&#8220;#dfe6ed&#8220; global_colors_info=&#8220;{}&#8220; theme_builder_area=&#8220;post_content&#8220;]<\/p>\n<p><span style=\"color: #6d8dac;\">Projektname:<br \/><\/span>B\u00e1n\u00e1ti + Hartvig Architekturb\u00fcro Gestaltung<\/p>\n<p><span style=\"color: #6d8dac;\">Lage:<br \/><\/span> 1117 Budapest, Feh\u00e9rv\u00e1ri \u00fat 38.<\/p>\n<p><span style=\"color: #6d8dac;\">Auftrag:<br \/><\/span>Einrichtungsarbeiten, komplette mechanische Installationen<\/p>\n<p><span style=\"color: #6d8dac;\">Grundfl\u00e4che:<br \/><\/span> 950 m2<\/p>\n<p><span style=\"color: #6d8dac;\">Dauer der Umsetzung:<br \/><\/span> 2020.08.10. &#8211; 2021.04.15.<\/p>\n<p><span style=\"color: #6d8dac;\">Auftraggeber:<br \/><\/span> BH Inga Kft.<\/p>\n<p>[\/et_pb_text][\/et_pb_column][\/et_pb_row][\/et_pb_section][et_pb_section fb_built=&#8220;1&#8243; _builder_version=&#8220;4.27.3&#8243; _module_preset=&#8220;default&#8220; custom_padding=&#8220;8px||54px|||&#8220; global_colors_info=&#8220;{}&#8220; theme_builder_area=&#8220;post_content&#8220;][et_pb_row _builder_version=&#8220;4.27.3&#8243; _module_preset=&#8220;default&#8220; global_colors_info=&#8220;{}&#8220; theme_builder_area=&#8220;post_content&#8220;][et_pb_column type=&#8220;4_4&#8243; _builder_version=&#8220;4.27.3&#8243; _module_preset=&#8220;default&#8220; global_colors_info=&#8220;{}&#8220; theme_builder_area=&#8220;post_content&#8220;][et_pb_heading title=&#8220;Schauen Sie sich die Fotos der geleisteten Arbeit&#8220; _builder_version=&#8220;4.27.3&#8243; _module_preset=&#8220;default&#8220; title_text_align=&#8220;center&#8220; hover_enabled=&#8220;0&#8243; global_colors_info=&#8220;{}&#8220; theme_builder_area=&#8220;post_content&#8220; sticky_enabled=&#8220;0&#8243;][\/et_pb_heading][\/et_pb_column][\/et_pb_row][et_pb_row _builder_version=&#8220;4.27.3&#8243; _module_preset=&#8220;default&#8220; global_colors_info=&#8220;{}&#8220; theme_builder_area=&#8220;post_content&#8220;][et_pb_column type=&#8220;4_4&#8243; _builder_version=&#8220;4.27.3&#8243; _module_preset=&#8220;default&#8220; global_colors_info=&#8220;{}&#8220; theme_builder_area=&#8220;post_content&#8220;][difl_justifiedgallery gallery=&#8220;976,977,978,979,980,981,982,983,984,985,986,987,988&#8243; image_size=&#8220;original&#8220; use_lightbox=&#8220;on&#8220; use_lightbox_download=&#8220;on&#8220; border_anim=&#8220;on&#8220; border_anm_style=&#8220;c4-border-ccc-3&#8243; anm_content_padding=&#8220;0.5em&#8220; _builder_version=&#8220;4.27.3&#8243; _module_preset=&#8220;default&#8220; hover_enabled=&#8220;0&#8243; global_colors_info=&#8220;{}&#8220; theme_builder_area=&#8220;post_content&#8220; sticky_enabled=&#8220;0&#8243; rowheight=&#8220;140&#8243; space_between=&#8220;16&#8243;][\/difl_justifiedgallery][\/et_pb_column][\/et_pb_row][et_pb_row _builder_version=&#8220;4.27.3&#8243; _module_preset=&#8220;default&#8220; global_colors_info=&#8220;{}&#8220; theme_builder_area=&#8220;post_content&#8220;][et_pb_column type=&#8220;4_4&#8243; _builder_version=&#8220;4.27.3&#8243; _module_preset=&#8220;default&#8220; global_colors_info=&#8220;{}&#8220; theme_builder_area=&#8220;post_content&#8220;][et_pb_heading title=&#8220;Weitergeben an&#8220; _builder_version=&#8220;4.27.3&#8243; _module_preset=&#8220;default&#8220; title_level=&#8220;h3&#8243; title_text_align=&#8220;center&#8220; global_colors_info=&#8220;{}&#8220; theme_builder_area=&#8220;post_content&#8220;][\/et_pb_heading][difl_social_share content_alignment=&#8220;center&#8220; column_auto_child_item_alignment=&#8220;center&#8220; text_container_bg_color_bgcolor=&#8220;RGBA(255,255,255,0)&#8220; _builder_version=&#8220;4.27.3&#8243; _module_preset=&#8220;default&#8220; label_font=&#8220;|||||on|||&#8220; label_text_align=&#8220;center&#8220; label_text_color=&#8220;#FFFFFF&#8220; global_colors_info=&#8220;{}&#8220; theme_builder_area=&#8220;post_content&#8220;][difl_social_share_item social_network=&#8220;facebook&#8220; _builder_version=&#8220;4.27.3&#8243; _module_preset=&#8220;default&#8220; background_color=&#8220;#1877F2&#8243; global_colors_info=&#8220;{}&#8220; theme_builder_area=&#8220;post_content&#8220;][\/difl_social_share_item][difl_social_share_item social_network=&#8220;twitter&#8220; _builder_version=&#8220;4.27.3&#8243; _module_preset=&#8220;default&#8220; background_color=&#8220;#000000&#8243; global_colors_info=&#8220;{}&#8220; theme_builder_area=&#8220;post_content&#8220;][\/difl_social_share_item][difl_social_share_item social_network=&#8220;linkedin&#8220; _builder_version=&#8220;4.27.3&#8243; _module_preset=&#8220;default&#8220; background_color=&#8220;#007bb6&#8243; global_colors_info=&#8220;{}&#8220; theme_builder_area=&#8220;post_content&#8220;][\/difl_social_share_item][difl_social_share_item social_network=&#8220;pinterest&#8220; _builder_version=&#8220;4.27.3&#8243; _module_preset=&#8220;default&#8220; background_color=&#8220;#cb2027&#8243; global_colors_info=&#8220;{}&#8220; theme_builder_area=&#8220;post_content&#8220;][\/difl_social_share_item][\/difl_social_share][\/et_pb_column][\/et_pb_row][\/et_pb_section]<\/p>\n","protected":false},"excerpt":{"rendered":"<p>B\u00e1n\u00e1ti + Hartvig Architekturb\u00fcro Gestaltung Fit-OutFit-out-Arbeiten, vollst\u00e4ndige Installation der technischen Anlagen, Installation von Stark- und Schwachstromsystemen, Umsetzung von Designelementen. Das Geb\u00e4ude hat zwei Preise gewonnen!In der Kategorie \u201eB\u00fcro des Jahres f\u00fcr Umweltbewusstsein\u201c hat das B\u00e1n\u00e1ti + Hartvig Architekturb\u00fcro, umgesetzt von EBH INVEST, bei dem Fachwettbewerb triumphiert! Dieses Jahr wurden zum 12. Mal die B\u00fcro des [&hellip;]<\/p>\n","protected":false},"author":1,"featured_media":0,"parent":0,"menu_order":0,"comment_status":"closed","ping_status":"closed","template":"","meta":{"_et_pb_use_builder":"on","_et_pb_old_content":"","_et_gb_content_width":"","footnotes":""},"difl_page_category":[],"class_list":["post-10339","page","type-page","status-publish","hentry"],"_links":{"self":[{"href":"https:\/\/ebhinvest.hu\/de\/wp-json\/wp\/v2\/pages\/10339","targetHints":{"allow":["GET"]}}],"collection":[{"href":"https:\/\/ebhinvest.hu\/de\/wp-json\/wp\/v2\/pages"}],"about":[{"href":"https:\/\/ebhinvest.hu\/de\/wp-json\/wp\/v2\/types\/page"}],"author":[{"embeddable":true,"href":"https:\/\/ebhinvest.hu\/de\/wp-json\/wp\/v2\/users\/1"}],"replies":[{"embeddable":true,"href":"https:\/\/ebhinvest.hu\/de\/wp-json\/wp\/v2\/comments?post=10339"}],"version-history":[{"count":2,"href":"https:\/\/ebhinvest.hu\/de\/wp-json\/wp\/v2\/pages\/10339\/revisions"}],"predecessor-version":[{"id":10343,"href":"https:\/\/ebhinvest.hu\/de\/wp-json\/wp\/v2\/pages\/10339\/revisions\/10343"}],"wp:attachment":[{"href":"https:\/\/ebhinvest.hu\/de\/wp-json\/wp\/v2\/media?parent=10339"}],"wp:term":[{"taxonomy":"difl_page_category","embeddable":true,"href":"https:\/\/ebhinvest.hu\/de\/wp-json\/wp\/v2\/difl_page_category?post=10339"}],"curies":[{"name":"wp","href":"https:\/\/api.w.org\/{rel}","templated":true}]}}