{"id":10417,"date":"2024-12-12T09:04:26","date_gmt":"2024-12-12T08:04:26","guid":{"rendered":"https:\/\/ebhinvest.hu\/iranyi-palota-renovierung\/"},"modified":"2025-03-09T13:34:27","modified_gmt":"2025-03-09T12:34:27","slug":"iranyi-palota-renovierung","status":"publish","type":"page","link":"https:\/\/ebhinvest.hu\/de\/iranyi-palota-renovierung\/","title":{"rendered":"Ir\u00e1nyi Palota Renovierung"},"content":{"rendered":"<p>[et_pb_section fb_built=&#8220;1&#8243; _builder_version=&#8220;4.27.3&#8243; _module_preset=&#8220;default&#8220; background_color=&#8220;gcid-heading-color&#8220; background_image=&#8220;https:\/\/ebhinvest.hu\/wp-content\/uploads\/2024\/12\/ebh_iranyi-palota_10.jpg&#8220; module_alignment=&#8220;center&#8220; min_height=&#8220;350px&#8220; custom_margin=&#8220;3px|0px|3px|0px|false|false&#8220; custom_padding=&#8220;30px|0px|13px|0px|false|false&#8220; global_colors_info=&#8220;{%22gcid-heading-color%22:%91%22background_color%22%93}&#8220;][et_pb_row _builder_version=&#8220;4.27.3&#8243; _module_preset=&#8220;default&#8220; custom_margin=&#8220;10px||10px||false|false&#8220; global_colors_info=&#8220;{}&#8220;][et_pb_column type=&#8220;4_4&#8243; _builder_version=&#8220;4.27.3&#8243; _module_preset=&#8220;default&#8220; custom_padding=&#8220;0px|0px|0px|0px|false|false&#8220; global_colors_info=&#8220;{}&#8220;][et_pb_text _builder_version=&#8220;4.27.3&#8243; _module_preset=&#8220;default&#8220; background_color=&#8220;RGBA(255,255,255,0)&#8220; custom_margin=&#8220;0px|0px|0px|0px|false|false&#8220; custom_padding=&#8220;0px||0px||false|false&#8220; text_text_shadow_style=&#8220;preset4&#8243; text_text_shadow_horizontal_length=&#8220;0.68em&#8220; text_text_shadow_vertical_length=&#8220;0.55em&#8220; text_text_shadow_blur_strength=&#8220;0.36em&#8220; global_colors_info=&#8220;{}&#8220;]<\/p>\n<h1 style=\"text-align: center;\"><span style=\"color: #ffffff;\">Ir\u00e1nyi Palota Renovierung<\/span><\/h1>\n<p><span style=\"color: #ffffff;\"><\/span><\/p>\n<p><span style=\"color: #ffffff;\"><img loading=\"lazy\" decoding=\"async\" src=\"https:\/\/ebhinvest.hu\/wp-content\/uploads\/2024\/11\/csakcsik-1.jpg\" width=\"250\" height=\"7\" alt=\"\" class=\"wp-image-275 alignnone size-full\" style=\"display: block; margin-left: auto; margin-right: auto;\"><\/span><\/p>\n<h5 style=\"text-align: center;\"><span style=\"color: #ffffff;\"><\/span><\/h5>\n<h5 style=\"text-align: center;\"><span style=\"color: #ffffff;\"><\/span><\/h5>\n<h5 style=\"text-align: center;\"><span style=\"color: #ffffff;\">Denkmalrestaurierung | Rohbau | Fitout | Energetische Geb\u00e4udesanierung<br \/><\/span><\/h5>\n<p>[\/et_pb_text][\/et_pb_column][\/et_pb_row][\/et_pb_section][et_pb_section fb_built=&#8220;1&#8243; _builder_version=&#8220;4.27.3&#8243; _module_preset=&#8220;default&#8220; custom_padding=&#8220;20px||5px||false|false&#8220; global_colors_info=&#8220;{}&#8220;][et_pb_row _builder_version=&#8220;4.27.3&#8243; _module_preset=&#8220;default&#8220; global_colors_info=&#8220;{}&#8220;][et_pb_column type=&#8220;4_4&#8243; _builder_version=&#8220;4.27.3&#8243; _module_preset=&#8220;default&#8220; global_colors_info=&#8220;{}&#8220;][et_pb_text _builder_version=&#8220;4.27.4&#8243; _module_preset=&#8220;default&#8220; hover_enabled=&#8220;0&#8243; global_colors_info=&#8220;{}&#8220; sticky_enabled=&#8220;0&#8243;]<\/p>\n<p><span style=\"font-size: 24px;\"><strong>Ein dreifach ausgezeichnetes Geb\u00e4ude<\/strong><\/span><\/p>\n<ul>\n<li><span style=\"font-size: 16px;\"><strong>2022: Bauindustrie Excellence Award<\/strong><\/span><\/li>\n<\/ul>\n<p>Ir\u00e1nyi Palota Ir\u00e1nyi Palota wurde in der Kategorie \u00f6ffentliches Geb\u00e4ude\/B\u00fcro mit dem Excellence Award <span style=\"font-size: 1.0625rem;\">ausgezeichnet<\/span>!<\/p>\n<p>Die Hauptkriterien f\u00fcr die Bewertung waren:<br \/>Allgemeine architektonische und technische Bewertung der Struktur<br \/>Technisches und technologisches Niveau der Ausf\u00fchrung, Professionalit\u00e4t<br \/>Wirtschaftlichkeit und Betriebsf\u00e4higkeit der Investition<br \/>Zusammenarbeit zwischen den am Bau beteiligten Parteien, insbesondere Investoren, Designern und Auftragnehmern.<\/p>\n<ul>\n<li>In der Kategorie \u201e<strong>B\u00fcrogeb\u00e4ude des Jahres<\/strong>\u201c wurde <strong>Ir\u00e1nyi Palota<\/strong>, ausgef\u00fchrt von EBH INVEST, zum Gewinner des Fachwettbewerbs erkl\u00e4rt! Im Jahr 2022 wurden zum 12. Mal die B\u00fcro des Jahres Awards im Rahmen einer gro\u00dfen Designausstellung und Gala im Millen\u00e1ris Park verliehen. Die Fachjury zeichnete die besten B\u00fcros, B\u00fcrogeb\u00e4ude und Gemeinschaftsr\u00e4ume Ungarns f\u00fcr das Jahr 2021 aus. <\/li>\n<li><strong style=\"font-size: 1.0625rem;\">Es erhielt auch eine Auszeichnung in der Kategorie Denkmalschutz im Rahmen des Wettbewerbs<\/strong><span style=\"font-size: 1.0625rem;\"> \u201eFassade des Jahres 2021\u201c!<\/span><\/li>\n<\/ul>\n<p><strong>Projektbeschreibung<\/strong><\/p>\n<p>Die Renovierungs- und Bauarbeiten an dem Geb\u00e4ude in der Ir\u00e1nyi utca 17 im 5. Bezirk begannen im Oktober 2018 und wurden im Mai 2021 abgeschlossen. Das renovierte Geb\u00e4ude wurde als Ir\u00e1nyi Palota wiederer\u00f6ffnet und dient als B\u00fcrogeb\u00e4ude.  <\/p>\n<ul>\n<li>Keller: Gemeinschaftsraum und Spielzimmer als Veranstaltungsort f\u00fcr B\u00fcroveranstaltungen, After-Partys und intime Workshops gestaltet.<\/li>\n<li>Erdgeschoss und oberen Stockwerke: Beeindruckende Atrium, elegante Rezeption, moderner Besprechungsraum, Speisesaal, Veranstaltungssaal, inspirierendes Caf\u00e9, schallisoliertes Zimmer, Vorf\u00fchrungsraum, Galerie und Ausstellungsfl\u00e4che, Campus-Sitzbereich, sowie Teek\u00fcchen, Terrassen, Balkone, Besprechungsr\u00e4ume und ein Innenhof wurden geschaffen.<\/li>\n<\/ul>\n<p>Unser grundlegendes Ziel war es, die einzigartigen klassischen Merkmale des 120 Jahre alten Geb\u00e4udes zu erhalten und gleichzeitig Materialien und Technologien einzubauen, die den Anforderungen des 21. Jahrhunderts entsprechen. Die Arbeiten umfassten nicht nur die Rekonstruktion, sondern auch die Entwicklung: Es wurden neue Ebenen und Aufzugssch\u00e4chte gebaut. Die modernen Erg\u00e4nzungen, Glasgel\u00e4nder und die Gestaltung der h\u00e4ngenden Gehwege schaffen eine subtile Mischung aus Originalarchitekturelementen und modernen Elementen. <\/p>\n<p>Urspr\u00fcnglich war der Innenhof des Geb\u00e4udes teilweise bis zur H\u00f6he des ersten Stocks \u00fcberdacht, mit Glasdomen, die die Ebenen des Zwischengeschosses und des Erdgeschosses durchdrangen. Im Laufe des letzten Jahrhunderts wurden die Glasdomen entfernt, durch Glasziegel ersetzt und schlie\u00dflich der Hof betoniert. Jetzt haben wir mit zeitgen\u00f6ssischen Techniken dieses einzigartige architektonische Merkmal des Geb\u00e4udes durchgehend begehbare Glasdecken wiederhergestellt.  <\/p>\n<p>Ein ikonischer Teil des Geb\u00e4udes ist zweifellos der Ballsaal, der nun als multifunktionaler Raum dient. Der Raum, der im Wesentlichen in seinem klassischen Glanz erscheint, war m\u00f6glicherweise einer der am schlechtesten erhaltenen Teile des Geb\u00e4udes. Die Decke war seit Jahren undicht, daher erforderte die Restaurierung erhebliche Arbeit. Etwa ein Drittel der Decken- und Seitenwanddekorationen waren zerst\u00f6rt, und Restauratoren arbeiteten an den erhaltenen Teilen und gesch\u00fctzten Elementen des Geb\u00e4udes. Neben der Restaurierung war auch eine umfangreiche Rekonstruktion erforderlich. <\/p>\n<p>Das architektonische Konzept von Ir\u00e1nyi Palota vereint bewusst klassische und moderne Elemente. Dies ist besonders in den Innenr\u00e4umen sichtbar, wo sowohl die Deckencharakteristik als auch gelegentlich rekonstruierte Tragstrukturen diese rustikale Atmosph\u00e4re widerspiegeln. Die Stahltr\u00e4ger, Stuckglaskuppeldecken wurden an den meisten Stellen sichtbar gemacht, anstatt sie zu verbergen, wodurch nicht nur der urspr\u00fcngliche Zustand des Geb\u00e4udes dargestellt wird, sondern auch der Bauprozess.<\/p>\n<p>Im Komplex befinden sich unter anderem ein Ballsaal, Break-out- und Kollaborationsbereiche, ein Caf\u00e9, eine Erlebnisk\u00fcche, ein Spielzimmer, ein schallisoliertes Zimmer, ein Vorf\u00fchrungsraum, ein Workshop-Raum, Teek\u00fcchen, Konferenz- und Veranstaltungsr\u00e4ume, Ruhebereiche, Innenh\u00f6fe, Terrassen, Balkone, Besprechungsr\u00e4ume, ein Campus-Sitzbereich, eine Galerie und eine Ausstellungshalle.<\/p>\n<p>Das Geb\u00e4ude, das ein neues Kapitel in seinem Leben beginnt, ist nicht nur ein Vermittler architektonischer und \u00e4sthetischer Werte, sondern auch das Zuhause eines internationalen Unternehmens geworden und k\u00f6nnte sogar von einem weltweiten Publikum als zuk\u00fcnftiger Drehort erkannt werden. Ir\u00e1nyi Palota vereint B\u00fcro- und Home-Office-Nutzung, wobei traditionelle B\u00fcrofl\u00e4chen Gemeinschaftsbereichen Platz machen.<\/p>\n<p>[\/et_pb_text][\/et_pb_column][\/et_pb_row][\/et_pb_section][et_pb_section fb_built=&#8220;1&#8243; _builder_version=&#8220;4.27.3&#8243; _module_preset=&#8220;default&#8220; custom_padding=&#8220;9px||2px|||&#8220; global_colors_info=&#8220;{}&#8220;][et_pb_row _builder_version=&#8220;4.27.3&#8243; _module_preset=&#8220;default&#8220; custom_margin=&#8220;||0px||false|false&#8220; custom_padding=&#8220;||0px||false|false&#8220; global_colors_info=&#8220;{}&#8220;][et_pb_column type=&#8220;4_4&#8243; _builder_version=&#8220;4.27.3&#8243; _module_preset=&#8220;default&#8220; global_colors_info=&#8220;{}&#8220;][et_pb_text _builder_version=&#8220;4.27.3&#8243; _module_preset=&#8220;default&#8220; custom_margin=&#8220;0px|0px|0px|0px|false|false&#8220; custom_padding=&#8220;10px|10px|10px|10px|true|true&#8220; border_width_all=&#8220;1px&#8220; global_colors_info=&#8220;{}&#8220;]<\/p>\n<p><span style=\"font-size: 20px;\"><strong>Antal Steinhardt<\/strong><\/span><span style=\"font-size: 14px;\"><br \/>(Pest, Juni 1856 &#8211; Budapest, 27. Juli 1928)<br \/><\/span><\/p>\n<p>[\/et_pb_text][et_pb_text _builder_version=&#8220;4.27.3&#8243; _module_preset=&#8220;default&#8220; background_color=&#8220;#6d8dac&#8220; custom_margin=&#8220;||-7px|||&#8220; custom_padding=&#8220;10px|10px|10px|10px|true|true&#8220; global_colors_info=&#8220;{}&#8220;]<\/p>\n<p><span style=\"font-size: 20px;\"><strong><\/strong><\/span><span style=\"font-size: 14px; color: #202122;\">Zusammen mit Adolf L\u00e1ng entwarf er das ehemalige Magyar Sz\u00ednh\u00e1z in Budapest (das heutige Nemzeti Sz\u00ednh\u00e1z, in seiner vollst\u00e4ndig umgebauten Form), das Theater in P\u00e9cs, den Kulturpalast in Szeged, das Stadtbad und mehrere Wohngeb\u00e4ude. Er erhielt auch eine Reihe von privaten Auftr\u00e4gen, von denen heute jedoch nur einige bekannt sind. Auf mehreren Pl\u00e4nen ist er als Baumeister aufgef\u00fchrt, was bedeutet, dass er wahrscheinlich auch f\u00fcr die Bauarbeiten verantwortlich war.  <\/span><\/p>\n<p>[\/et_pb_text][\/et_pb_column][\/et_pb_row][et_pb_row _builder_version=&#8220;4.27.3&#8243; _module_preset=&#8220;default&#8220; custom_margin=&#8220;2px|auto||auto||&#8220; global_colors_info=&#8220;{}&#8220;][et_pb_column type=&#8220;4_4&#8243; _builder_version=&#8220;4.27.3&#8243; _module_preset=&#8220;default&#8220; global_colors_info=&#8220;{}&#8220;][et_pb_text _builder_version=&#8220;4.27.3&#8243; _module_preset=&#8220;default&#8220; custom_margin=&#8220;0px|0px|0px|0px|false|false&#8220; custom_padding=&#8220;10px|10px|10px|10px|true|true&#8220; border_width_all=&#8220;1px&#8220; global_colors_info=&#8220;{}&#8220;]<\/p>\n<p><span style=\"font-size: 14px;\"><strong><span style=\"font-size: 20px;\">Adolf L\u00e1ng <br \/><\/span><\/strong><\/span><span style=\"font-size: 14px;\">(Prag, 15. Juni 1848 &#8211; Wien, 2. Mai 1913)<\/span><\/p>\n<p>[\/et_pb_text][et_pb_text _builder_version=&#8220;4.27.3&#8243; _module_preset=&#8220;default&#8220; background_color=&#8220;#6d8dac&#8220; custom_padding=&#8220;10px|10px|10px|10px|true|true&#8220; global_colors_info=&#8220;{}&#8220;]<\/p>\n<p><span style=\"font-size: 20px;\"><strong><\/strong><\/span><span style=\"font-size: 14px; color: #202122;\"><span class=\"s1\" style=\"font-size: 14px;\"><span style=\"color: black;\">Er absolvierte sein Studium in Wien und arbeitete im Atelier von Ferstel. Ab 1870 arbeitete er in Pest, wo er Leiter der Sug\u00e1r\u00fat \u00c9p\u00edt\u0151 V\u00e1llalat war. In Budapest baute er mehrere Wohnh\u00e4user und \u00f6ffentliche Geb\u00e4ude (die alte Musikakademie, die alte Kunsthalle usw.).    <\/span><\/span><\/span><\/p>\n<p>[\/et_pb_text][et_pb_text _builder_version=&#8220;4.27.3&#8243; _module_preset=&#8220;default&#8220; global_colors_info=&#8220;{}&#8220;]<\/p>\n<p><span style=\"font-size: 14px;\"><em>Der Eigent\u00fcmer der Innenarchitekturbilder ist Optinvest Zrt.<\/em><\/span><\/p>\n<p>[\/et_pb_text][\/et_pb_column][\/et_pb_row][\/et_pb_section][et_pb_section fb_built=&#8220;1&#8243; _builder_version=&#8220;4.27.3&#8243; _module_preset=&#8220;default&#8220; custom_padding=&#8220;8px||54px|||&#8220; global_colors_info=&#8220;{}&#8220;][et_pb_row _builder_version=&#8220;4.27.3&#8243; _module_preset=&#8220;default&#8220; global_colors_info=&#8220;{}&#8220;][et_pb_column type=&#8220;4_4&#8243; _builder_version=&#8220;4.27.3&#8243; _module_preset=&#8220;default&#8220; global_colors_info=&#8220;{}&#8220;][et_pb_heading title=&#8220;Schauen Sie sich das renovierte Geb\u00e4ude an&#8220; _builder_version=&#8220;4.27.3&#8243; _module_preset=&#8220;default&#8220; title_text_align=&#8220;center&#8220; global_colors_info=&#8220;{}&#8220;][\/et_pb_heading][\/et_pb_column][\/et_pb_row][et_pb_row _builder_version=&#8220;4.27.3&#8243; _module_preset=&#8220;default&#8220; global_colors_info=&#8220;{}&#8220;][et_pb_column type=&#8220;4_4&#8243; _builder_version=&#8220;4.27.3&#8243; _module_preset=&#8220;default&#8220; global_colors_info=&#8220;{}&#8220;][difl_justifiedgallery gallery=&#8220;1380,1379,1373,1374,1375,1376,1377,1378,1381,1382,1383,1384,1385,1386,1387,1388,1389,1393,1392,1391,1390,1395,1394&#8243; image_size=&#8220;large&#8220; use_lightbox=&#8220;on&#8220; use_lightbox_download=&#8220;on&#8220; border_anim=&#8220;on&#8220; border_anm_style=&#8220;c4-border-ccc-3&#8243; anm_content_padding=&#8220;0.5em&#8220; _builder_version=&#8220;4.27.3&#8243; _module_preset=&#8220;default&#8220; global_colors_info=&#8220;{}&#8220;][\/difl_justifiedgallery][\/et_pb_column][\/et_pb_row][et_pb_row _builder_version=&#8220;4.27.3&#8243; _module_preset=&#8220;default&#8220; global_colors_info=&#8220;{}&#8220;][et_pb_column type=&#8220;4_4&#8243; _builder_version=&#8220;4.27.3&#8243; _module_preset=&#8220;default&#8220; global_colors_info=&#8220;{}&#8220;][et_pb_heading title=&#8220;Weitergeben an&#8220; _builder_version=&#8220;4.27.3&#8243; _module_preset=&#8220;default&#8220; title_level=&#8220;h3&#8243; title_text_align=&#8220;center&#8220; global_colors_info=&#8220;{}&#8220;][\/et_pb_heading][difl_social_share content_alignment=&#8220;center&#8220; column_auto_child_item_alignment=&#8220;center&#8220; text_container_bg_color_bgcolor=&#8220;RGBA(255,255,255,0)&#8220; _builder_version=&#8220;4.27.3&#8243; _module_preset=&#8220;default&#8220; label_font=&#8220;|||||on|||&#8220; label_text_align=&#8220;center&#8220; label_text_color=&#8220;#FFFFFF&#8220; global_colors_info=&#8220;{}&#8220;][difl_social_share_item social_network=&#8220;facebook&#8220; _builder_version=&#8220;4.27.3&#8243; _module_preset=&#8220;default&#8220; background_color=&#8220;#1877F2&#8243; global_colors_info=&#8220;{}&#8220;][\/difl_social_share_item][difl_social_share_item social_network=&#8220;twitter&#8220; _builder_version=&#8220;4.27.3&#8243; _module_preset=&#8220;default&#8220; background_color=&#8220;#000000&#8243; global_colors_info=&#8220;{}&#8220;][\/difl_social_share_item][difl_social_share_item social_network=&#8220;linkedin&#8220; _builder_version=&#8220;4.27.3&#8243; _module_preset=&#8220;default&#8220; background_color=&#8220;#007bb6&#8243; global_colors_info=&#8220;{}&#8220;][\/difl_social_share_item][difl_social_share_item social_network=&#8220;pinterest&#8220; _builder_version=&#8220;4.27.3&#8243; _module_preset=&#8220;default&#8220; background_color=&#8220;#cb2027&#8243; global_colors_info=&#8220;{}&#8220;][\/difl_social_share_item][\/difl_social_share][\/et_pb_column][\/et_pb_row][\/et_pb_section]<\/p>\n","protected":false},"excerpt":{"rendered":"<p>Ir\u00e1nyi Palota Renovierung Denkmalrestaurierung | Rohbau | Fitout | Energetische Geb\u00e4udesanierungEin dreifach ausgezeichnetes Geb\u00e4ude 2022: Bauindustrie Excellence Award Ir\u00e1nyi Palota Ir\u00e1nyi Palota wurde in der Kategorie \u00f6ffentliches Geb\u00e4ude\/B\u00fcro mit dem Excellence Award ausgezeichnet! Die Hauptkriterien f\u00fcr die Bewertung waren:Allgemeine architektonische und technische Bewertung der StrukturTechnisches und technologisches Niveau der Ausf\u00fchrung, Professionalit\u00e4tWirtschaftlichkeit und Betriebsf\u00e4higkeit der InvestitionZusammenarbeit [&hellip;]<\/p>\n","protected":false},"author":1,"featured_media":0,"parent":0,"menu_order":0,"comment_status":"closed","ping_status":"closed","template":"","meta":{"_et_pb_use_builder":"on","_et_pb_old_content":"","_et_gb_content_width":"","footnotes":""},"difl_page_category":[],"class_list":["post-10417","page","type-page","status-publish","hentry"],"_links":{"self":[{"href":"https:\/\/ebhinvest.hu\/de\/wp-json\/wp\/v2\/pages\/10417","targetHints":{"allow":["GET"]}}],"collection":[{"href":"https:\/\/ebhinvest.hu\/de\/wp-json\/wp\/v2\/pages"}],"about":[{"href":"https:\/\/ebhinvest.hu\/de\/wp-json\/wp\/v2\/types\/page"}],"author":[{"embeddable":true,"href":"https:\/\/ebhinvest.hu\/de\/wp-json\/wp\/v2\/users\/1"}],"replies":[{"embeddable":true,"href":"https:\/\/ebhinvest.hu\/de\/wp-json\/wp\/v2\/comments?post=10417"}],"version-history":[{"count":4,"href":"https:\/\/ebhinvest.hu\/de\/wp-json\/wp\/v2\/pages\/10417\/revisions"}],"predecessor-version":[{"id":10885,"href":"https:\/\/ebhinvest.hu\/de\/wp-json\/wp\/v2\/pages\/10417\/revisions\/10885"}],"wp:attachment":[{"href":"https:\/\/ebhinvest.hu\/de\/wp-json\/wp\/v2\/media?parent=10417"}],"wp:term":[{"taxonomy":"difl_page_category","embeddable":true,"href":"https:\/\/ebhinvest.hu\/de\/wp-json\/wp\/v2\/difl_page_category?post=10417"}],"curies":[{"name":"wp","href":"https:\/\/api.w.org\/{rel}","templated":true}]}}