{"id":10423,"date":"2024-12-12T09:08:44","date_gmt":"2024-12-12T08:08:44","guid":{"rendered":"https:\/\/ebhinvest.hu\/schloss-erdody-choron-janoshaza\/"},"modified":"2025-03-06T08:23:54","modified_gmt":"2025-03-06T07:23:54","slug":"schloss-erdody-choron-janoshaza","status":"publish","type":"page","link":"https:\/\/ebhinvest.hu\/de\/schloss-erdody-choron-janoshaza\/","title":{"rendered":"Schloss Erd\u0151dy-Choron, J\u00e1nosh\u00e1za"},"content":{"rendered":"<p>[et_pb_section fb_built=&#8220;1&#8243; _builder_version=&#8220;4.27.3&#8243; _module_preset=&#8220;default&#8220; background_color=&#8220;gcid-heading-color&#8220; module_alignment=&#8220;center&#8220; min_height=&#8220;350px&#8220; custom_margin=&#8220;3px|0px|3px|0px|false|false&#8220; custom_padding=&#8220;30px|0px|13px|0px|false|false&#8220; hover_enabled=&#8220;0&#8243; global_colors_info=&#8220;{%22gcid-heading-color%22:%91%22background_color%22%93}&#8220; theme_builder_area=&#8220;post_content&#8220; alt=&#8220;J\u00e1nosh\u00e1za, Erd\u0151dy-Choron kast\u00e9ly&#8220; title_text=&#8220;_ebh_janoshaza-erdody-choron-kastely_6&#8243; background_image=&#8220;https:\/\/ebhinvest.hu\/wp-content\/uploads\/2024\/12\/ebh_janoshaza-erdody-choron-kastely_6.jpg&#8220; sticky_enabled=&#8220;0&#8243;][et_pb_row _builder_version=&#8220;4.27.3&#8243; _module_preset=&#8220;default&#8220; custom_margin=&#8220;10px||10px||false|false&#8220; global_colors_info=&#8220;{}&#8220; theme_builder_area=&#8220;post_content&#8220;][et_pb_column type=&#8220;4_4&#8243; _builder_version=&#8220;4.27.3&#8243; _module_preset=&#8220;default&#8220; custom_padding=&#8220;0px|0px|0px|0px|false|false&#8220; global_colors_info=&#8220;{}&#8220; theme_builder_area=&#8220;post_content&#8220;][et_pb_text _builder_version=&#8220;4.27.3&#8243; _module_preset=&#8220;default&#8220; background_color=&#8220;RGBA(255,255,255,0)&#8220; custom_margin=&#8220;0px|0px|0px|0px|false|false&#8220; custom_padding=&#8220;0px||0px||false|false&#8220; text_text_shadow_style=&#8220;preset4&#8243; text_text_shadow_horizontal_length=&#8220;0.68em&#8220; text_text_shadow_vertical_length=&#8220;0.55em&#8220; text_text_shadow_blur_strength=&#8220;0.36em&#8220; global_colors_info=&#8220;{}&#8220; theme_builder_area=&#8220;post_content&#8220;]<\/p>\n<h1 style=\"text-align: center;\"><span style=\"color: #ffffff;\">Schloss Erd\u0151dy-Choron, J\u00e1nosh\u00e1za<\/span><\/h1>\n<p><span style=\"color: #ffffff;\"><\/span><\/p>\n<p><span style=\"color: #ffffff;\"><img loading=\"lazy\" decoding=\"async\" src=\"https:\/\/ebhinvest.hu\/wp-content\/uploads\/2024\/11\/csakcsik-1.jpg\" width=\"250\" height=\"7\" alt=\"\" class=\"wp-image-275 alignnone size-full\" style=\"display: block; margin-left: auto; margin-right: auto;\"><\/span><\/p>\n<h5 style=\"text-align: center;\"><span style=\"color: #ffffff;\"><\/span><\/h5>\n<h5 style=\"text-align: center;\"><span style=\"color: #ffffff;\"><\/span><\/h5>\n<h5 style=\"text-align: center;\"><span style=\"color: #ffffff;\">Denkmalrestaurierung | Rohbau <br \/><\/span><\/h5>\n<p>[\/et_pb_text][\/et_pb_column][\/et_pb_row][\/et_pb_section][et_pb_section fb_built=&#8220;1&#8243; _builder_version=&#8220;4.27.3&#8243; _module_preset=&#8220;default&#8220; custom_padding=&#8220;20px||5px||false|false&#8220; global_colors_info=&#8220;{}&#8220; theme_builder_area=&#8220;post_content&#8220;][et_pb_row column_structure=&#8220;1_2,1_2&#8243; _builder_version=&#8220;4.27.3&#8243; _module_preset=&#8220;default&#8220; global_colors_info=&#8220;{}&#8220; theme_builder_area=&#8220;post_content&#8220;][et_pb_column type=&#8220;1_2&#8243; _builder_version=&#8220;4.27.3&#8243; _module_preset=&#8220;default&#8220; global_colors_info=&#8220;{}&#8220; theme_builder_area=&#8220;post_content&#8220;][et_pb_text _builder_version=&#8220;4.27.3&#8243; _module_preset=&#8220;default&#8220; hover_enabled=&#8220;0&#8243; global_colors_info=&#8220;{}&#8220; theme_builder_area=&#8220;post_content&#8220; sticky_enabled=&#8220;0&#8243;]<\/p>\n<p>Restaurierung der Schlossd\u00e4cher im Renaissancezustand.<\/p>\n<p>[\/et_pb_text][\/et_pb_column][et_pb_column type=&#8220;1_2&#8243; _builder_version=&#8220;4.27.3&#8243; _module_preset=&#8220;default&#8220; global_colors_info=&#8220;{}&#8220; theme_builder_area=&#8220;post_content&#8220;][et_pb_text _builder_version=&#8220;4.27.3&#8243; _module_preset=&#8220;default&#8220; text_line_height=&#8220;1.4em&#8220; background_color=&#8220;#eff3f6&#8243; custom_margin=&#8220;0px||||false|false&#8220; custom_padding=&#8220;23px|10px|23px|10px|true|true&#8220; border_width_all=&#8220;2px&#8220; border_color_all=&#8220;#dfe6ed&#8220; global_colors_info=&#8220;{}&#8220; theme_builder_area=&#8220;post_content&#8220;]<\/p>\n<p><span style=\"color: #6d8dac;\">Projektname:<br \/><\/span> Schloss Erd\u0151dy-Choron, J\u00e1nosh\u00e1za<\/p>\n<p><span style=\"color: #6d8dac;\">MUNKAV\u00c9GZ\u00c9S HELYE:<br \/><\/span> 9545 J\u00e1nosh\u00e1za, V\u00e1r u. 50-54. <\/p>\n<p><span style=\"color: #6d8dac;\">Auftrag:<br \/><\/span>Sanierung der Dachprofile des denkmalgesch\u00fctzten Schlosses<\/p>\n<p><span style=\"color: #6d8dac;\">Dauer der Umsetzung:<br \/><\/span>September &#8211; Dezember 2014<\/p>\n<p><span style=\"color: #6d8dac;\">Auftraggeber:<br \/><\/span> Magyar Nemzeti Vagyonkezel\u0151 Zrt.<\/p>\n<p>[\/et_pb_text][\/et_pb_column][\/et_pb_row][\/et_pb_section][et_pb_section fb_built=&#8220;1&#8243; _builder_version=&#8220;4.27.3&#8243; _module_preset=&#8220;default&#8220; custom_padding=&#8220;8px||54px|||&#8220; global_colors_info=&#8220;{}&#8220; theme_builder_area=&#8220;post_content&#8220;][et_pb_row _builder_version=&#8220;4.27.3&#8243; _module_preset=&#8220;default&#8220; global_colors_info=&#8220;{}&#8220; theme_builder_area=&#8220;post_content&#8220;][et_pb_column type=&#8220;4_4&#8243; _builder_version=&#8220;4.27.3&#8243; _module_preset=&#8220;default&#8220; global_colors_info=&#8220;{}&#8220; theme_builder_area=&#8220;post_content&#8220;][et_pb_heading title=&#8220;Schauen Sie sich das renovierte Geb\u00e4ude an&#8220; _builder_version=&#8220;4.27.3&#8243; _module_preset=&#8220;default&#8220; title_text_align=&#8220;center&#8220; global_colors_info=&#8220;{}&#8220; theme_builder_area=&#8220;post_content&#8220;][\/et_pb_heading][\/et_pb_column][\/et_pb_row][et_pb_row _builder_version=&#8220;4.27.3&#8243; _module_preset=&#8220;default&#8220; global_colors_info=&#8220;{}&#8220; theme_builder_area=&#8220;post_content&#8220;][et_pb_column type=&#8220;4_4&#8243; _builder_version=&#8220;4.27.3&#8243; _module_preset=&#8220;default&#8220; global_colors_info=&#8220;{}&#8220; theme_builder_area=&#8220;post_content&#8220;][difl_justifiedgallery image_size=&#8220;large&#8220; use_lightbox=&#8220;on&#8220; use_lightbox_download=&#8220;on&#8220; border_anim=&#8220;on&#8220; border_anm_style=&#8220;c4-border-ccc-3&#8243; anm_content_padding=&#8220;0.5em&#8220; _builder_version=&#8220;4.27.3&#8243; _module_preset=&#8220;default&#8220; hover_enabled=&#8220;0&#8243; global_colors_info=&#8220;{}&#8220; theme_builder_area=&#8220;post_content&#8220; gallery=&#8220;1411,1412,1413,1414,1415,1416&#8243; sticky_enabled=&#8220;0&#8243;][\/difl_justifiedgallery][\/et_pb_column][\/et_pb_row][et_pb_row _builder_version=&#8220;4.27.3&#8243; _module_preset=&#8220;default&#8220; global_colors_info=&#8220;{}&#8220; theme_builder_area=&#8220;post_content&#8220;][et_pb_column type=&#8220;4_4&#8243; _builder_version=&#8220;4.27.3&#8243; _module_preset=&#8220;default&#8220; global_colors_info=&#8220;{}&#8220; theme_builder_area=&#8220;post_content&#8220;][et_pb_heading title=&#8220;Weitergeben an&#8220; _builder_version=&#8220;4.27.3&#8243; _module_preset=&#8220;default&#8220; title_level=&#8220;h3&#8243; title_text_align=&#8220;center&#8220; global_colors_info=&#8220;{}&#8220; theme_builder_area=&#8220;post_content&#8220;][\/et_pb_heading][difl_social_share content_alignment=&#8220;center&#8220; column_auto_child_item_alignment=&#8220;center&#8220; text_container_bg_color_bgcolor=&#8220;RGBA(255,255,255,0)&#8220; _builder_version=&#8220;4.27.3&#8243; _module_preset=&#8220;default&#8220; label_font=&#8220;|||||on|||&#8220; label_text_align=&#8220;center&#8220; label_text_color=&#8220;#FFFFFF&#8220; global_colors_info=&#8220;{}&#8220; theme_builder_area=&#8220;post_content&#8220;][difl_social_share_item social_network=&#8220;facebook&#8220; _builder_version=&#8220;4.27.3&#8243; _module_preset=&#8220;default&#8220; background_color=&#8220;#1877F2&#8243; global_colors_info=&#8220;{}&#8220; theme_builder_area=&#8220;post_content&#8220;][\/difl_social_share_item][difl_social_share_item social_network=&#8220;twitter&#8220; _builder_version=&#8220;4.27.3&#8243; _module_preset=&#8220;default&#8220; background_color=&#8220;#000000&#8243; global_colors_info=&#8220;{}&#8220; theme_builder_area=&#8220;post_content&#8220;][\/difl_social_share_item][difl_social_share_item social_network=&#8220;linkedin&#8220; _builder_version=&#8220;4.27.3&#8243; _module_preset=&#8220;default&#8220; background_color=&#8220;#007bb6&#8243; global_colors_info=&#8220;{}&#8220; theme_builder_area=&#8220;post_content&#8220;][\/difl_social_share_item][difl_social_share_item social_network=&#8220;pinterest&#8220; _builder_version=&#8220;4.27.3&#8243; _module_preset=&#8220;default&#8220; background_color=&#8220;#cb2027&#8243; global_colors_info=&#8220;{}&#8220; theme_builder_area=&#8220;post_content&#8220;][\/difl_social_share_item][\/difl_social_share][\/et_pb_column][\/et_pb_row][\/et_pb_section]<\/p>\n","protected":false},"excerpt":{"rendered":"<p>Schloss Erd\u0151dy-Choron, J\u00e1nosh\u00e1za Denkmalrestaurierung | Rohbau Restaurierung der Schlossd\u00e4cher im Renaissancezustand.Projektname: Schloss Erd\u0151dy-Choron, J\u00e1nosh\u00e1za MUNKAV\u00c9GZ\u00c9S HELYE: 9545 J\u00e1nosh\u00e1za, V\u00e1r u. 50-54. Auftrag:Sanierung der Dachprofile des denkmalgesch\u00fctzten Schlosses Dauer der Umsetzung:September &#8211; Dezember 2014 Auftraggeber: Magyar Nemzeti Vagyonkezel\u0151 Zrt.<div class=\"et_pb_with_border et_pb_module difl_justifiedgallery difl_justifiedgallery_0\">\n\t\t\t\t\n\t\t\t\t\n\t\t\t\t\n\t\t\t\t\n\t\t\t\t\n\t\t\t\t\n\t\t\t\t<div class=\"et_pb_module_inner\">\n\t\t\t\t\t<div class=\"df_jsg_container ig_has_lightbox\" data-settings='{\"gallery\":\"1411,1412,1413,1414,1415,1416\",\"rowHeight\":\"150\",\"margin\":\"10\",\"show_caption\":\"off\",\"show_description\":\"off\",\"load_more\":\"off\",\"image_count\":\"4\",\"ini_count\":\"8\",\"show_content_lg\":\"off\",\"use_lightbox\":\"on\",\"use_lightbox_download\":\"on\",\"content_reveal_caption\":\"c4-fade-up\",\"content_reveal_description\":\"c4-fade-up\",\"content_position\":\"c4-layout-top-left\",\"image_scale\":\"no-image-scale\",\"overlay\":\"off\",\"image_size\":\"large\",\"caption_tag\":\"h4\",\"description_tag\":\"p\",\"border_anim\":\"on\",\"border_anm_style\":\"c4-border-ccc-3\",\"use_url\":\"off\",\"url_target\":\"same_window\",\"show_pagination\":\"off\",\"pagination_img_count\":\"8\",\"use_number_pagination\":\"off\",\"older_text\":\"Older Entries\",\"newer_text\":\"Next Entries\",\"use_icon_only_at_pagination\":\"off\"}'>\n                <div class=\"justified-gallery\"><figure class=\"c4-izmir df_jsg_image no-image-scale  has_overlay c4-border-ccc-3 image_loading\" data-src=\"https:\/\/ebhinvest.hu\/wp-content\/uploads\/2024\/12\/ebh_janoshaza-erdody-choron-kastely_1.jpg\"  >\n                    \n\n                    <img loading=\"lazy\" decoding=\"async\" class=\"jsg-image\" src=\"https:\/\/ebhinvest.hu\/wp-content\/uploads\/2024\/12\/ebh_janoshaza-erdody-choron-kastely_1.jpg\" alt=\"J\u00e1nosh\u00e1za, Erd\u0151dy-Choron kast\u00e9ly\" class=\"\" width=\"480\" height=\"640\"\/>\n                    <figcaption class=\"df_jsg_content c4-layout-top-left\">\n                        \n                    <\/figcaption>\n                <\/figure><figure class=\"c4-izmir df_jsg_image no-image-scale  has_overlay c4-border-ccc-3 image_loading\" data-src=\"https:\/\/ebhinvest.hu\/wp-content\/uploads\/2024\/12\/ebh_janoshaza-erdody-choron-kastely_2.jpg\"  >\n                    \n\n                    <img loading=\"lazy\" decoding=\"async\" class=\"jsg-image\" src=\"https:\/\/ebhinvest.hu\/wp-content\/uploads\/2024\/12\/ebh_janoshaza-erdody-choron-kastely_2.jpg\" alt=\"J\u00e1nosh\u00e1za, Erd\u0151dy-Choron kast\u00e9ly\" class=\"\" width=\"640\" height=\"480\"\/>\n                    <figcaption class=\"df_jsg_content c4-layout-top-left\">\n                        \n                    <\/figcaption>\n                <\/figure><figure class=\"c4-izmir df_jsg_image no-image-scale  has_overlay c4-border-ccc-3 image_loading\" data-src=\"https:\/\/ebhinvest.hu\/wp-content\/uploads\/2024\/12\/ebh_janoshaza-erdody-choron-kastely_3.jpg\"  >\n                    \n\n                    <img loading=\"lazy\" decoding=\"async\" class=\"jsg-image\" src=\"https:\/\/ebhinvest.hu\/wp-content\/uploads\/2024\/12\/ebh_janoshaza-erdody-choron-kastely_3.jpg\" alt=\"J\u00e1nosh\u00e1za, Erd\u0151dy-Choron kast\u00e9ly\" class=\"\" width=\"480\" height=\"640\"\/>\n                    <figcaption class=\"df_jsg_content c4-layout-top-left\">\n                        \n                    <\/figcaption>\n                <\/figure><figure class=\"c4-izmir df_jsg_image no-image-scale  has_overlay c4-border-ccc-3 image_loading\" data-src=\"https:\/\/ebhinvest.hu\/wp-content\/uploads\/2024\/12\/ebh_janoshaza-erdody-choron-kastely_4.jpg\"  >\n                    \n\n                    <img loading=\"lazy\" decoding=\"async\" class=\"jsg-image\" src=\"https:\/\/ebhinvest.hu\/wp-content\/uploads\/2024\/12\/ebh_janoshaza-erdody-choron-kastely_4.jpg\" alt=\"J\u00e1nosh\u00e1za, Erd\u0151dy-Choron kast\u00e9ly\" class=\"\" width=\"640\" height=\"480\"\/>\n                    <figcaption class=\"df_jsg_content c4-layout-top-left\">\n                        \n                    <\/figcaption>\n                <\/figure><figure class=\"c4-izmir df_jsg_image no-image-scale  has_overlay c4-border-ccc-3 image_loading\" data-src=\"https:\/\/ebhinvest.hu\/wp-content\/uploads\/2024\/12\/ebh_janoshaza-erdody-choron-kastely_5.jpg\"  >\n                    \n\n                    <img loading=\"lazy\" decoding=\"async\" class=\"jsg-image\" src=\"https:\/\/ebhinvest.hu\/wp-content\/uploads\/2024\/12\/ebh_janoshaza-erdody-choron-kastely_5.jpg\" alt=\"J\u00e1nosh\u00e1za, Erd\u0151dy-Choron kast\u00e9ly\" class=\"\" width=\"640\" height=\"480\"\/>\n                    <figcaption class=\"df_jsg_content c4-layout-top-left\">\n                        \n                    <\/figcaption>\n                <\/figure><figure class=\"c4-izmir df_jsg_image no-image-scale  has_overlay c4-border-ccc-3 image_loading\" data-src=\"https:\/\/ebhinvest.hu\/wp-content\/uploads\/2024\/12\/ebh_janoshaza-erdody-choron-kastely_6.jpg\"  >\n                    \n\n                    <img loading=\"lazy\" decoding=\"async\" class=\"jsg-image\" src=\"https:\/\/ebhinvest.hu\/wp-content\/uploads\/2024\/12\/ebh_janoshaza-erdody-choron-kastely_6.jpg\" alt=\"J\u00e1nosh\u00e1za, Erd\u0151dy-Choron kast\u00e9ly\" class=\"\" width=\"640\" height=\"480\"\/>\n                    <figcaption class=\"df_jsg_content c4-layout-top-left\">\n                        \n                    <\/figcaption>\n                <\/figure><\/div>\n                \n                \n            <\/div>\n\t\t\t\t<\/div>\n\t\t\t<\/div><div class=\"et_pb_module difl_social_share difl_social_share_0\">\n\t\t\t\t\n\t\t\t\t\n\t\t\t\t\n\t\t\t\t\n\t\t\t\t\n\t\t\t\t\n\t\t\t\t<div class=\"et_pb_module_inner\">\n\t\t\t\t\t<div id=\"difl-social-share-container\" class=\"difl_social_share_container\" data-settings='{\"tooltip_enable\":false,\"arrow\":true,\"disable_on_mobile\":true,\"interactive\":true,\"interactiveBorder\":\"2\",\"interactiveDebounce\":\"0\",\"animation\":\"fade\",\"placement\":\"top\",\"trigger\":\"mouseenter focus\",\"followCursor\":false,\"maxWidth\":\"350\",\"offsetEnable\":false,\"offsetSkidding\":0,\"offsetDistance\":10,\"delay\":300}'><\/div>\n\t\t\t\t<\/div>\n\t\t\t<\/div><\/p>\n","protected":false},"author":1,"featured_media":0,"parent":0,"menu_order":0,"comment_status":"closed","ping_status":"closed","template":"","meta":{"_et_pb_use_builder":"on","_et_pb_old_content":"","_et_gb_content_width":"","footnotes":""},"difl_page_category":[],"class_list":["post-10423","page","type-page","status-publish","hentry"],"_links":{"self":[{"href":"https:\/\/ebhinvest.hu\/de\/wp-json\/wp\/v2\/pages\/10423","targetHints":{"allow":["GET"]}}],"collection":[{"href":"https:\/\/ebhinvest.hu\/de\/wp-json\/wp\/v2\/pages"}],"about":[{"href":"https:\/\/ebhinvest.hu\/de\/wp-json\/wp\/v2\/types\/page"}],"author":[{"embeddable":true,"href":"https:\/\/ebhinvest.hu\/de\/wp-json\/wp\/v2\/users\/1"}],"replies":[{"embeddable":true,"href":"https:\/\/ebhinvest.hu\/de\/wp-json\/wp\/v2\/comments?post=10423"}],"version-history":[{"count":2,"href":"https:\/\/ebhinvest.hu\/de\/wp-json\/wp\/v2\/pages\/10423\/revisions"}],"predecessor-version":[{"id":10427,"href":"https:\/\/ebhinvest.hu\/de\/wp-json\/wp\/v2\/pages\/10423\/revisions\/10427"}],"wp:attachment":[{"href":"https:\/\/ebhinvest.hu\/de\/wp-json\/wp\/v2\/media?parent=10423"}],"wp:term":[{"taxonomy":"difl_page_category","embeddable":true,"href":"https:\/\/ebhinvest.hu\/de\/wp-json\/wp\/v2\/difl_page_category?post=10423"}],"curies":[{"name":"wp","href":"https:\/\/api.w.org\/{rel}","templated":true}]}}