{"id":10429,"date":"2024-12-12T09:18:02","date_gmt":"2024-12-12T08:18:02","guid":{"rendered":"https:\/\/ebhinvest.hu\/reitschule-und-stall-in-kisber\/"},"modified":"2025-03-06T08:27:49","modified_gmt":"2025-03-06T07:27:49","slug":"reitschule-und-stall-in-kisber","status":"publish","type":"page","link":"https:\/\/ebhinvest.hu\/de\/reitschule-und-stall-in-kisber\/","title":{"rendered":"Reitschule und Stall in Kisb\u00e9r"},"content":{"rendered":"<p>[et_pb_section fb_built=&#8220;1&#8243; _builder_version=&#8220;4.27.3&#8243; _module_preset=&#8220;default&#8220; background_color=&#8220;gcid-heading-color&#8220; module_alignment=&#8220;center&#8220; min_height=&#8220;350px&#8220; custom_margin=&#8220;3px|0px|3px|0px|false|false&#8220; custom_padding=&#8220;30px|0px|13px|0px|false|false&#8220; hover_enabled=&#8220;0&#8243; global_colors_info=&#8220;{%22gcid-heading-color%22:%91%22background_color%22%93}&#8220; theme_builder_area=&#8220;post_content&#8220; alt=&#8220;Kisb\u00e9ri lovarda \u00e9s ist\u00e1ll\u00f3 fel\u00faj\u00edt\u00e1sa&#8220; title_text=&#8220;_ebh_kisberi-lovarda-es-istallo_3&#8243; background_image=&#8220;https:\/\/ebhinvest.hu\/wp-content\/uploads\/2024\/12\/ebh_kisberi-lovarda-es-istallo_3.jpg&#8220; sticky_enabled=&#8220;0&#8243;][et_pb_row _builder_version=&#8220;4.27.3&#8243; _module_preset=&#8220;default&#8220; custom_margin=&#8220;10px||10px||false|false&#8220; global_colors_info=&#8220;{}&#8220; theme_builder_area=&#8220;post_content&#8220;][et_pb_column type=&#8220;4_4&#8243; _builder_version=&#8220;4.27.3&#8243; _module_preset=&#8220;default&#8220; custom_padding=&#8220;0px|0px|0px|0px|false|false&#8220; global_colors_info=&#8220;{}&#8220; theme_builder_area=&#8220;post_content&#8220;][et_pb_text _builder_version=&#8220;4.27.3&#8243; _module_preset=&#8220;default&#8220; background_color=&#8220;RGBA(255,255,255,0)&#8220; custom_margin=&#8220;0px|0px|0px|0px|false|false&#8220; custom_padding=&#8220;0px||0px||false|false&#8220; text_text_shadow_style=&#8220;preset4&#8243; text_text_shadow_horizontal_length=&#8220;0.68em&#8220; text_text_shadow_vertical_length=&#8220;0.55em&#8220; text_text_shadow_blur_strength=&#8220;0.36em&#8220; global_colors_info=&#8220;{}&#8220; theme_builder_area=&#8220;post_content&#8220;]<\/p>\n<h1 style=\"text-align: center;\"><span style=\"color: #ffffff;\">Reitschule und Stall in Kisb\u00e9r<\/span><\/h1>\n<p><span style=\"color: #ffffff;\"><\/span><\/p>\n<p><span style=\"color: #ffffff;\"><img loading=\"lazy\" decoding=\"async\" src=\"https:\/\/ebhinvest.hu\/wp-content\/uploads\/2024\/11\/csakcsik-1.jpg\" width=\"250\" height=\"7\" alt=\"\" class=\"wp-image-275 alignnone size-full\" style=\"display: block; margin-left: auto; margin-right: auto;\"><\/span><\/p>\n<h5 style=\"text-align: center;\"><span style=\"color: #ffffff;\"><\/span><\/h5>\n<h5 style=\"text-align: center;\"><span style=\"color: #ffffff;\"><\/span><\/h5>\n<h5 style=\"text-align: center;\"><span style=\"color: #ffffff;\">Denkmalrestaurierung | Rohbau <br \/><\/span><\/h5>\n<p>[\/et_pb_text][\/et_pb_column][\/et_pb_row][\/et_pb_section][et_pb_section fb_built=&#8220;1&#8243; _builder_version=&#8220;4.27.3&#8243; _module_preset=&#8220;default&#8220; custom_padding=&#8220;20px||5px||false|false&#8220; global_colors_info=&#8220;{}&#8220; theme_builder_area=&#8220;post_content&#8220;][et_pb_row column_structure=&#8220;1_2,1_2&#8243; _builder_version=&#8220;4.27.3&#8243; _module_preset=&#8220;default&#8220; global_colors_info=&#8220;{}&#8220; theme_builder_area=&#8220;post_content&#8220;][et_pb_column type=&#8220;1_2&#8243; _builder_version=&#8220;4.27.3&#8243; _module_preset=&#8220;default&#8220; global_colors_info=&#8220;{}&#8220; theme_builder_area=&#8220;post_content&#8220;][et_pb_text _builder_version=&#8220;4.27.3&#8243; _module_preset=&#8220;default&#8220; hover_enabled=&#8220;0&#8243; global_colors_info=&#8220;{}&#8220; theme_builder_area=&#8220;post_content&#8220; sticky_enabled=&#8220;0&#8243;]<\/p>\n<p>Rekonstruktion des denkmalgesch\u00fctzten Geb\u00e4udes:<\/p>\n<ul>\n<li>Fassadenputzsanierung<\/li>\n<li>Ersatz von Zierputz,<\/li>\n<li>Fassadenmalerei und Dekorationsarbeiten,<\/li>\n<li>Austausch und Reparatur von Steinelementen,<\/li>\n<li>Spenglerreparaturen mit verzinkter Blechabdeckung.<\/li>\n<\/ul>\n<p>[\/et_pb_text][\/et_pb_column][et_pb_column type=&#8220;1_2&#8243; _builder_version=&#8220;4.27.3&#8243; _module_preset=&#8220;default&#8220; global_colors_info=&#8220;{}&#8220; theme_builder_area=&#8220;post_content&#8220;][et_pb_text _builder_version=&#8220;4.27.3&#8243; _module_preset=&#8220;default&#8220; text_line_height=&#8220;1.4em&#8220; background_color=&#8220;#eff3f6&#8243; custom_margin=&#8220;0px||||false|false&#8220; custom_padding=&#8220;23px|10px|23px|10px|true|true&#8220; border_width_all=&#8220;2px&#8220; border_color_all=&#8220;#dfe6ed&#8220; global_colors_info=&#8220;{}&#8220; theme_builder_area=&#8220;post_content&#8220;]<\/p>\n<p><span style=\"color: #6d8dac;\">Projektname:<br \/><\/span>Rekonstruktion der denkmalgesch\u00fctzten Geb\u00e4ude der Reitschule und des Reitstalls in Kisb\u00e9r<\/p>\n<p><span style=\"color: #6d8dac;\">Lage:<br \/><\/span>2870 Kisb\u00e9r, Szabads\u00e1g Park 2-6.<\/p>\n<p><span style=\"color: #6d8dac;\">Auftrag:<br \/><\/span>Umbau eines denkmalgesch\u00fctzten Geb\u00e4udes: Sanierung einer verputzten, gestrichenen Fassade<\/p>\n<p><span style=\"color: #6d8dac;\">Grundfl\u00e4che:<br \/><\/span>4015 m2<\/p>\n<p><span style=\"color: #6d8dac;\">Dauer der Umsetzung:<br \/><\/span>Dezember 2011 \u2013 Juni 2012<\/p>\n<p><span style=\"color: #6d8dac;\">Auftraggeber:<br \/><\/span>Magyar Nemzeti Vagyonkezel\u0151 Zrt.<\/p>\n<p>[\/et_pb_text][\/et_pb_column][\/et_pb_row][\/et_pb_section][et_pb_section fb_built=&#8220;1&#8243; _builder_version=&#8220;4.27.3&#8243; _module_preset=&#8220;default&#8220; custom_padding=&#8220;8px||54px|||&#8220; global_colors_info=&#8220;{}&#8220; theme_builder_area=&#8220;post_content&#8220;][et_pb_row _builder_version=&#8220;4.27.3&#8243; _module_preset=&#8220;default&#8220; global_colors_info=&#8220;{}&#8220; theme_builder_area=&#8220;post_content&#8220;][et_pb_column type=&#8220;4_4&#8243; _builder_version=&#8220;4.27.3&#8243; _module_preset=&#8220;default&#8220; global_colors_info=&#8220;{}&#8220; theme_builder_area=&#8220;post_content&#8220;][et_pb_heading title=&#8220;Sehen Sie sich die Fotos der Restaurierung an&#8220; _builder_version=&#8220;4.27.3&#8243; _module_preset=&#8220;default&#8220; title_text_align=&#8220;center&#8220; hover_enabled=&#8220;0&#8243; global_colors_info=&#8220;{}&#8220; theme_builder_area=&#8220;post_content&#8220; sticky_enabled=&#8220;0&#8243;][\/et_pb_heading][\/et_pb_column][\/et_pb_row][et_pb_row _builder_version=&#8220;4.27.3&#8243; _module_preset=&#8220;default&#8220; global_colors_info=&#8220;{}&#8220; theme_builder_area=&#8220;post_content&#8220;][et_pb_column type=&#8220;4_4&#8243; _builder_version=&#8220;4.27.3&#8243; _module_preset=&#8220;default&#8220; global_colors_info=&#8220;{}&#8220; theme_builder_area=&#8220;post_content&#8220;][difl_justifiedgallery image_size=&#8220;large&#8220; use_lightbox=&#8220;on&#8220; use_lightbox_download=&#8220;on&#8220; border_anim=&#8220;on&#8220; border_anm_style=&#8220;c4-border-ccc-3&#8243; anm_content_padding=&#8220;0.5em&#8220; _builder_version=&#8220;4.27.3&#8243; _module_preset=&#8220;default&#8220; hover_enabled=&#8220;0&#8243; global_colors_info=&#8220;{}&#8220; theme_builder_area=&#8220;post_content&#8220; gallery=&#8220;1438,1439,1440,1441&#8243; sticky_enabled=&#8220;0&#8243; rowheight=&#8220;190&#8243;][\/difl_justifiedgallery][\/et_pb_column][\/et_pb_row][et_pb_row _builder_version=&#8220;4.27.3&#8243; _module_preset=&#8220;default&#8220; global_colors_info=&#8220;{}&#8220; theme_builder_area=&#8220;post_content&#8220;][et_pb_column type=&#8220;4_4&#8243; _builder_version=&#8220;4.27.3&#8243; _module_preset=&#8220;default&#8220; global_colors_info=&#8220;{}&#8220; theme_builder_area=&#8220;post_content&#8220;][et_pb_heading title=&#8220;Weitergeben an&#8220; _builder_version=&#8220;4.27.3&#8243; _module_preset=&#8220;default&#8220; title_level=&#8220;h3&#8243; title_text_align=&#8220;center&#8220; global_colors_info=&#8220;{}&#8220; theme_builder_area=&#8220;post_content&#8220;][\/et_pb_heading][difl_social_share content_alignment=&#8220;center&#8220; column_auto_child_item_alignment=&#8220;center&#8220; text_container_bg_color_bgcolor=&#8220;RGBA(255,255,255,0)&#8220; _builder_version=&#8220;4.27.3&#8243; _module_preset=&#8220;default&#8220; label_font=&#8220;|||||on|||&#8220; label_text_align=&#8220;center&#8220; label_text_color=&#8220;#FFFFFF&#8220; global_colors_info=&#8220;{}&#8220; theme_builder_area=&#8220;post_content&#8220;][difl_social_share_item social_network=&#8220;facebook&#8220; _builder_version=&#8220;4.27.3&#8243; _module_preset=&#8220;default&#8220; background_color=&#8220;#1877F2&#8243; global_colors_info=&#8220;{}&#8220; theme_builder_area=&#8220;post_content&#8220;][\/difl_social_share_item][difl_social_share_item social_network=&#8220;twitter&#8220; _builder_version=&#8220;4.27.3&#8243; _module_preset=&#8220;default&#8220; background_color=&#8220;#000000&#8243; global_colors_info=&#8220;{}&#8220; theme_builder_area=&#8220;post_content&#8220;][\/difl_social_share_item][difl_social_share_item social_network=&#8220;linkedin&#8220; _builder_version=&#8220;4.27.3&#8243; _module_preset=&#8220;default&#8220; background_color=&#8220;#007bb6&#8243; global_colors_info=&#8220;{}&#8220; theme_builder_area=&#8220;post_content&#8220;][\/difl_social_share_item][difl_social_share_item social_network=&#8220;pinterest&#8220; _builder_version=&#8220;4.27.3&#8243; _module_preset=&#8220;default&#8220; background_color=&#8220;#cb2027&#8243; global_colors_info=&#8220;{}&#8220; theme_builder_area=&#8220;post_content&#8220;][\/difl_social_share_item][\/difl_social_share][\/et_pb_column][\/et_pb_row][\/et_pb_section]<\/p>\n","protected":false},"excerpt":{"rendered":"<p>Reitschule und Stall in Kisb\u00e9r Denkmalrestaurierung | Rohbau Rekonstruktion des denkmalgesch\u00fctzten Geb\u00e4udes: Fassadenputzsanierung Ersatz von Zierputz, Fassadenmalerei und Dekorationsarbeiten, Austausch und Reparatur von Steinelementen, Spenglerreparaturen mit verzinkter Blechabdeckung. Projektname:Rekonstruktion der denkmalgesch\u00fctzten Geb\u00e4ude der Reitschule und des Reitstalls in Kisb\u00e9r Lage:2870 Kisb\u00e9r, Szabads\u00e1g Park 2-6. Auftrag:Umbau eines denkmalgesch\u00fctzten Geb\u00e4udes: Sanierung einer verputzten, gestrichenen Fassade Grundfl\u00e4che:4015 m2 [&hellip;]<\/p>\n","protected":false},"author":1,"featured_media":0,"parent":0,"menu_order":0,"comment_status":"closed","ping_status":"closed","template":"","meta":{"_et_pb_use_builder":"on","_et_pb_old_content":"","_et_gb_content_width":"","footnotes":""},"difl_page_category":[],"class_list":["post-10429","page","type-page","status-publish","hentry"],"_links":{"self":[{"href":"https:\/\/ebhinvest.hu\/de\/wp-json\/wp\/v2\/pages\/10429","targetHints":{"allow":["GET"]}}],"collection":[{"href":"https:\/\/ebhinvest.hu\/de\/wp-json\/wp\/v2\/pages"}],"about":[{"href":"https:\/\/ebhinvest.hu\/de\/wp-json\/wp\/v2\/types\/page"}],"author":[{"embeddable":true,"href":"https:\/\/ebhinvest.hu\/de\/wp-json\/wp\/v2\/users\/1"}],"replies":[{"embeddable":true,"href":"https:\/\/ebhinvest.hu\/de\/wp-json\/wp\/v2\/comments?post=10429"}],"version-history":[{"count":2,"href":"https:\/\/ebhinvest.hu\/de\/wp-json\/wp\/v2\/pages\/10429\/revisions"}],"predecessor-version":[{"id":10433,"href":"https:\/\/ebhinvest.hu\/de\/wp-json\/wp\/v2\/pages\/10429\/revisions\/10433"}],"wp:attachment":[{"href":"https:\/\/ebhinvest.hu\/de\/wp-json\/wp\/v2\/media?parent=10429"}],"wp:term":[{"taxonomy":"difl_page_category","embeddable":true,"href":"https:\/\/ebhinvest.hu\/de\/wp-json\/wp\/v2\/difl_page_category?post=10429"}],"curies":[{"name":"wp","href":"https:\/\/api.w.org\/{rel}","templated":true}]}}