{"id":10435,"date":"2024-12-10T08:58:10","date_gmt":"2024-12-10T07:58:10","guid":{"rendered":"https:\/\/ebhinvest.hu\/schloss-klebelsberg\/"},"modified":"2025-03-06T08:46:53","modified_gmt":"2025-03-06T07:46:53","slug":"schloss-klebelsberg","status":"publish","type":"page","link":"https:\/\/ebhinvest.hu\/de\/schloss-klebelsberg\/","title":{"rendered":"Schloss Klebelsberg"},"content":{"rendered":"<p>[et_pb_section fb_built=&#8220;1&#8243; _builder_version=&#8220;4.27.3&#8243; _module_preset=&#8220;default&#8220; background_color=&#8220;gcid-heading-color&#8220; min_height=&#8220;350px&#8220; custom_margin=&#8220;3px|0px|3px|0px|false|false&#8220; custom_padding=&#8220;30px|0px|13px|0px|false|false&#8220; hover_enabled=&#8220;0&#8243; global_colors_info=&#8220;{%22gcid-heading-color%22:%91%22background_color%22%93}&#8220; title_text=&#8220;_ebh_klebelsberg-kastely_27&#8243; background_image=&#8220;https:\/\/ebhinvest.hu\/wp-content\/uploads\/2024\/12\/ebh_klebelsberg-kastely_27.jpg&#8220; sticky_enabled=&#8220;0&#8243; alt=&#8220;A Klebelsberg-kast\u00e9ly \u00e9p\u00fcletegy\u00fcttes\u00e9nek fel\u00faj\u00edt\u00e1sa&#8220; module_alignment=&#8220;center&#8220;][et_pb_row _builder_version=&#8220;4.27.3&#8243; _module_preset=&#8220;default&#8220; custom_margin=&#8220;10px||10px||false|false&#8220; hover_enabled=&#8220;0&#8243; global_colors_info=&#8220;{}&#8220; sticky_enabled=&#8220;0&#8243;][et_pb_column type=&#8220;4_4&#8243; _builder_version=&#8220;4.27.3&#8243; _module_preset=&#8220;default&#8220; custom_padding=&#8220;0px|0px|0px|0px|false|false&#8220; global_colors_info=&#8220;{}&#8220;][et_pb_text _builder_version=&#8220;4.27.3&#8243; _module_preset=&#8220;default&#8220; background_color=&#8220;RGBA(255,255,255,0)&#8220; custom_margin=&#8220;0px|0px|0px|0px|false|false&#8220; custom_padding=&#8220;0px||0px||false|false&#8220; text_text_shadow_style=&#8220;preset4&#8243; text_text_shadow_horizontal_length=&#8220;0.68em&#8220; text_text_shadow_vertical_length=&#8220;0.55em&#8220; text_text_shadow_blur_strength=&#8220;0.36em&#8220; global_colors_info=&#8220;{}&#8220;]<\/p>\n<h1 style=\"text-align: center;\"><span style=\"color: #ffffff;\">Schloss Klebelsberg<\/span><\/h1>\n<p><span style=\"color: #ffffff;\"><\/span><\/p>\n<p><span style=\"color: #ffffff;\"><img loading=\"lazy\" decoding=\"async\" src=\"https:\/\/ebhinvest.hu\/wp-content\/uploads\/2024\/11\/csakcsik-1.jpg\" width=\"250\" height=\"7\" alt=\"\" class=\"wp-image-275 alignnone size-full\" style=\"display: block; margin-left: auto; margin-right: auto;\"><\/span><\/p>\n<h5 style=\"text-align: center;\"><span style=\"color: #ffffff;\"><\/span><\/h5>\n<h5 style=\"text-align: center;\"><span style=\"color: #ffffff;\"><\/span><\/h5>\n<h5 style=\"text-align: center;\"><span style=\"color: #ffffff;\">Denkmalrestaurierung | Rohbau | FitOut | Rohbau<\/span><\/h5>\n<p>[\/et_pb_text][\/et_pb_column][\/et_pb_row][\/et_pb_section][et_pb_section fb_built=&#8220;1&#8243; _builder_version=&#8220;4.27.3&#8243; _module_preset=&#8220;default&#8220; custom_padding=&#8220;20px||5px||false|false&#8220; global_colors_info=&#8220;{}&#8220;][et_pb_row column_structure=&#8220;1_2,1_2&#8243; _builder_version=&#8220;4.27.3&#8243; _module_preset=&#8220;default&#8220; global_colors_info=&#8220;{}&#8220;][et_pb_column type=&#8220;1_2&#8243; _builder_version=&#8220;4.27.3&#8243; _module_preset=&#8220;default&#8220; global_colors_info=&#8220;{}&#8220;][et_pb_text _builder_version=&#8220;4.27.3&#8243; _module_preset=&#8220;default&#8220; global_colors_info=&#8220;{}&#8220;]<\/p>\n<p>Renovierung des Schlosskomplexes Klebelsberg (Schaffung einer Ausstellungsfl\u00e4che von 150 m2 im Klebelsberger Gedenkhaus und Ausstattung (fit-out) von 30 Wohnzimmern mit Badezimmern im G\u00e4stehaus).<\/p>\n<p>Die Renovierungsarbeiten am ehemaligen Schlosskomplex Klebelsberg umfassten unter anderem:<\/p>\n<ul>\n<li>Abbrucharbeiten, Rodung, Erdarbeiten und Felsarbeiten<\/li>\n<li>Rohbau- und Betonarbeiten, Tischler- und Ger\u00fcstarbeiten<\/li>\n<li>Renovierung der Dachkonstruktion und der Fliesendeckung<\/li>\n<li>Dachkonstruktion<\/li>\n<li>Fassadensanierung<\/li>\n<li>Wiederherstellung von T\u00fcr- und Fensterstrukturen<\/li>\n<li>Rekonstruktion des Bibliothekszimmers,<\/li>\n<li>Rekonstruktion des Bibliothekszimmers, Innenausbau (fit-out)<\/li>\n<\/ul>\n<p>[\/et_pb_text][\/et_pb_column][et_pb_column type=&#8220;1_2&#8243; _builder_version=&#8220;4.27.3&#8243; _module_preset=&#8220;default&#8220; global_colors_info=&#8220;{}&#8220;][et_pb_text _builder_version=&#8220;4.27.3&#8243; _module_preset=&#8220;default&#8220; text_line_height=&#8220;0.6em&#8220; background_color=&#8220;#eff3f6&#8243; custom_margin=&#8220;0px||||false|false&#8220; custom_padding=&#8220;23px|10px|23px|10px|true|true&#8220; border_width_all=&#8220;2px&#8220; border_color_all=&#8220;#dfe6ed&#8220; global_colors_info=&#8220;{}&#8220;]<\/p>\n<p><span style=\"color: #6d8dac;\">Projektname:<\/span><\/p>\n<p>Renovierungsarbeiten des Schlosses Klebelsberg in Pesthidegk\u00fat<\/p>\n<p>&nbsp;<\/p>\n<p><span style=\"color: #6d8dac;\">Lage:<\/span><\/p>\n<p>1028 Budapest, Templom u. 12-14. <\/p>\n<p>&nbsp;<\/p>\n<p><span style=\"color: #6d8dac;\">Auftrang:<\/span><\/p>\n<p>Sanierung der Schlossanlage Klebelsberg<\/p>\n<p>&nbsp;<\/p>\n<p><span style=\"color: #6d8dac;\">Grundfl\u00e4che:<\/span><\/p>\n<p>1.400 m2<\/p>\n<p>&nbsp;<\/p>\n<p><span style=\"color: #6d8dac;\">Dauer der Umsetzung:<\/span><\/p>\n<p>November 2015 \u2013 Januar 2017<\/p>\n<p>&nbsp;<\/p>\n<p><span style=\"color: #6d8dac;\">Auftraggeber:<\/span><\/p>\n<p>KIVING Ingatlangazd\u00e1lkod\u00f3 \u00e9s Beruh\u00e1z\u00e1sszervez\u0151 Kft<\/p>\n<p>[\/et_pb_text][\/et_pb_column][\/et_pb_row][et_pb_row _builder_version=&#8220;4.27.3&#8243; _module_preset=&#8220;default&#8220; global_colors_info=&#8220;{}&#8220;][et_pb_column type=&#8220;4_4&#8243; _builder_version=&#8220;4.27.3&#8243; _module_preset=&#8220;default&#8220; global_colors_info=&#8220;{}&#8220;][et_pb_text _builder_version=&#8220;4.27.3&#8243; _module_preset=&#8220;default&#8220; custom_margin=&#8220;0px|0px|0px|0px|false|false&#8220; custom_padding=&#8220;10px|10px|10px|10px|true|true&#8220; border_width_all=&#8220;1px&#8220; global_colors_info=&#8220;{}&#8220;]<\/p>\n<p><span style=\"font-size: 20px;\"><strong>Bertalan \u00c1rkay<\/strong><\/span><br \/><span style=\"font-size: 14px;\">(Budapest, 11. April 1901 &#8211; Budapest, 23. November 1971)<\/span><\/p>\n<p>[\/et_pb_text][et_pb_text _builder_version=&#8220;4.27.3&#8243; _module_preset=&#8220;default&#8220; background_color=&#8220;#6d8dac&#8220; custom_padding=&#8220;10px|10px|10px|10px|true|true&#8220; global_colors_info=&#8220;{}&#8220;]<\/p>\n<p><span style=\"font-size: 20px;\"><strong><\/strong><\/span><span style=\"font-size: 14px; color: #202122;\">Sein architektonischer Ansatz reicht von eklektischen Anf\u00e4ngen \u00fcber den Jugendstil bis hin zu modernen &#8211; avantgardistischen &#8211; Trends. Bertalan \u00c1rkay war einer der aktivsten Architekten von Familienh\u00e4usern in der Zeit zwischen den beiden Weltkriegen. Die meisten der von ihm entworfenen Familienh\u00e4user sind von hohem architektonischem Niveau. Neben seinen Entw\u00fcrfen ist auch seine Arbeit auf dem Gebiet der Ausschreibungen herausragend. Am bekanntesten ist die \u201eSzent Korona \u00fatja \u00e9s Vit\u00e9zek tere \u00e9p\u00edt\u00e9szeti megold\u00e1sa\u201c, ein Wettbewerbsbeitrag, der mit dem ersten Preis ausgezeichnet wurde (heute: Pet\u0151fi-Br\u00fccke, der Abschnitt vom Budaer Br\u00fcckenkopf bis zur Irinyi J\u00f3zsef \u00fat, 23. Oktober). Die Planung war nur ein Fragment des urspr\u00fcnglichen Entwurfs. Dies zeigt sich an dem halbrunden Geb\u00e4ude an der Kreuzung der beiden Stra\u00dfen.       <\/span><\/p>\n<p>[\/et_pb_text][\/et_pb_column][\/et_pb_row][\/et_pb_section][et_pb_section fb_built=&#8220;1&#8243; _builder_version=&#8220;4.27.3&#8243; _module_preset=&#8220;default&#8220; custom_margin=&#8220;0px||0px||false|false&#8220; custom_padding=&#8220;0px||0px||false|false&#8220; global_colors_info=&#8220;{}&#8220;][et_pb_row _builder_version=&#8220;4.27.3&#8243; _module_preset=&#8220;default&#8220; global_colors_info=&#8220;{}&#8220;][et_pb_column type=&#8220;4_4&#8243; _builder_version=&#8220;4.27.3&#8243; _module_preset=&#8220;default&#8220; global_colors_info=&#8220;{}&#8220;][difl_compareimage before_image=&#8220;https:\/\/ebhinvest.hu\/wp-content\/uploads\/2024\/12\/elotte-scaled.jpg&#8220; after_image=&#8220;https:\/\/ebhinvest.hu\/wp-content\/uploads\/2024\/12\/utana.jpg&#8220; _builder_version=&#8220;4.27.3&#8243; _module_preset=&#8220;default&#8220; animation_style=&#8220;fade&#8220; global_colors_info=&#8220;{}&#8220;][\/difl_compareimage][\/et_pb_column][\/et_pb_row][\/et_pb_section][et_pb_section fb_built=&#8220;1&#8243; _builder_version=&#8220;4.27.3&#8243; _module_preset=&#8220;default&#8220; global_colors_info=&#8220;{}&#8220;][et_pb_row _builder_version=&#8220;4.27.3&#8243; _module_preset=&#8220;default&#8220; global_colors_info=&#8220;{}&#8220;][et_pb_column type=&#8220;4_4&#8243; _builder_version=&#8220;4.27.3&#8243; _module_preset=&#8220;default&#8220; global_colors_info=&#8220;{}&#8220;][difl_justifiedgallery gallery=&#8220;665,666,667,668,669,670,671,672,673,674,675,676,677,678,679,680,681,682,683,684,685,686,687,688,690,689,691&#8243; use_lightbox=&#8220;on&#8220; use_lightbox_download=&#8220;on&#8220; border_anim=&#8220;on&#8220; border_anm_style=&#8220;c4-border-ccc-3&#8243; anm_content_padding=&#8220;0.5em&#8220; _builder_version=&#8220;4.27.3&#8243; _module_preset=&#8220;default&#8220; global_colors_info=&#8220;{}&#8220;][\/difl_justifiedgallery][\/et_pb_column][\/et_pb_row][\/et_pb_section]<\/p>\n","protected":false},"excerpt":{"rendered":"<p>Schloss Klebelsberg Denkmalrestaurierung | Rohbau | FitOut | RohbauRenovierung des Schlosskomplexes Klebelsberg (Schaffung einer Ausstellungsfl\u00e4che von 150 m2 im Klebelsberger Gedenkhaus und Ausstattung (fit-out) von 30 Wohnzimmern mit Badezimmern im G\u00e4stehaus). Die Renovierungsarbeiten am ehemaligen Schlosskomplex Klebelsberg umfassten unter anderem: Abbrucharbeiten, Rodung, Erdarbeiten und Felsarbeiten Rohbau- und Betonarbeiten, Tischler- und Ger\u00fcstarbeiten Renovierung der Dachkonstruktion und [&hellip;]<\/p>\n","protected":false},"author":1,"featured_media":0,"parent":0,"menu_order":0,"comment_status":"closed","ping_status":"closed","template":"","meta":{"_et_pb_use_builder":"on","_et_pb_old_content":"","_et_gb_content_width":"","footnotes":""},"difl_page_category":[],"class_list":["post-10435","page","type-page","status-publish","hentry"],"_links":{"self":[{"href":"https:\/\/ebhinvest.hu\/de\/wp-json\/wp\/v2\/pages\/10435","targetHints":{"allow":["GET"]}}],"collection":[{"href":"https:\/\/ebhinvest.hu\/de\/wp-json\/wp\/v2\/pages"}],"about":[{"href":"https:\/\/ebhinvest.hu\/de\/wp-json\/wp\/v2\/types\/page"}],"author":[{"embeddable":true,"href":"https:\/\/ebhinvest.hu\/de\/wp-json\/wp\/v2\/users\/1"}],"replies":[{"embeddable":true,"href":"https:\/\/ebhinvest.hu\/de\/wp-json\/wp\/v2\/comments?post=10435"}],"version-history":[{"count":2,"href":"https:\/\/ebhinvest.hu\/de\/wp-json\/wp\/v2\/pages\/10435\/revisions"}],"predecessor-version":[{"id":10439,"href":"https:\/\/ebhinvest.hu\/de\/wp-json\/wp\/v2\/pages\/10435\/revisions\/10439"}],"wp:attachment":[{"href":"https:\/\/ebhinvest.hu\/de\/wp-json\/wp\/v2\/media?parent=10435"}],"wp:term":[{"taxonomy":"difl_page_category","embeddable":true,"href":"https:\/\/ebhinvest.hu\/de\/wp-json\/wp\/v2\/difl_page_category?post=10435"}],"curies":[{"name":"wp","href":"https:\/\/api.w.org\/{rel}","templated":true}]}}