{"id":10441,"date":"2025-02-01T08:20:37","date_gmt":"2025-02-01T07:20:37","guid":{"rendered":"https:\/\/ebhinvest.hu\/renovierung-des-krausz-palastes\/"},"modified":"2025-03-09T13:43:07","modified_gmt":"2025-03-09T12:43:07","slug":"renovierung-des-krausz-palastes","status":"publish","type":"page","link":"https:\/\/ebhinvest.hu\/de\/renovierung-des-krausz-palastes\/","title":{"rendered":"Renovierung des Krausz Palastes"},"content":{"rendered":"<p>[et_pb_section fb_built=&#8220;1&#8243; _builder_version=&#8220;4.27.4&#8243; _module_preset=&#8220;default&#8220; background_color=&#8220;gcid-heading-color&#8220; module_alignment=&#8220;center&#8220; min_height=&#8220;350px&#8220; custom_margin=&#8220;3px|0px|3px|0px|false|false&#8220; custom_padding=&#8220;30px|0px|13px|0px|false|false&#8220; hover_enabled=&#8220;0&#8243; global_colors_info=&#8220;{%22gcid-heading-color%22:%91%22background_color%22%93}&#8220; alt=&#8220;EBH Invest Krausz Palota fel\u00faj\u00edt\u00e1sa&#8220; title_text=&#8220;_ebh_krausz-palota_8&#8243; background_image=&#8220;https:\/\/ebhinvest.hu\/wp-content\/uploads\/2025\/02\/ebh_krausz-palota_8.jpg&#8220; sticky_enabled=&#8220;0&#8243;][et_pb_row _builder_version=&#8220;4.27.3&#8243; _module_preset=&#8220;default&#8220; custom_margin=&#8220;10px||10px||false|false&#8220; global_colors_info=&#8220;{}&#8220;][et_pb_column type=&#8220;4_4&#8243; _builder_version=&#8220;4.27.3&#8243; _module_preset=&#8220;default&#8220; custom_padding=&#8220;0px|0px|0px|0px|false|false&#8220; global_colors_info=&#8220;{}&#8220;][et_pb_text _builder_version=&#8220;4.27.4&#8243; _module_preset=&#8220;default&#8220; background_color=&#8220;RGBA(255,255,255,0)&#8220; custom_margin=&#8220;0px|0px|0px|0px|false|false&#8220; custom_padding=&#8220;0px||0px||false|false&#8220; hover_enabled=&#8220;0&#8243; text_text_shadow_style=&#8220;preset4&#8243; text_text_shadow_horizontal_length=&#8220;0.68em&#8220; text_text_shadow_vertical_length=&#8220;0.55em&#8220; text_text_shadow_blur_strength=&#8220;0.36em&#8220; global_colors_info=&#8220;{}&#8220; sticky_enabled=&#8220;0&#8243;]<\/p>\n<h1 style=\"text-align: center;\"><span style=\"color: #ffffff;\">Renovierung des Krausz Palastes<\/span><\/h1>\n<p><span style=\"color: #ffffff;\"><\/span><\/p>\n<p><span style=\"color: #ffffff;\"><img loading=\"lazy\" decoding=\"async\" src=\"https:\/\/ebhinvest.hu\/wp-content\/uploads\/2024\/11\/csakcsik-1.jpg\" width=\"250\" height=\"7\" alt=\"\" class=\"wp-image-275 alignnone size-full\" style=\"display: block; margin-left: auto; margin-right: auto;\"><\/span><\/p>\n<h5 style=\"text-align: center;\"><span style=\"color: #ffffff;\"><\/span><\/h5>\n<h5 style=\"text-align: center;\"><span style=\"color: #ffffff;\"><\/span><\/h5>\n<h5 style=\"text-align: center;\"><span style=\"color: #ffffff;\">Fitout | Denkmalrestaurierung | Denkmalrestaurierung | Geb\u00e4udestrom<br \/><\/span><\/h5>\n<p>[\/et_pb_text][\/et_pb_column][\/et_pb_row][\/et_pb_section][et_pb_section fb_built=&#8220;1&#8243; _builder_version=&#8220;4.27.3&#8243; _module_preset=&#8220;default&#8220; custom_padding=&#8220;20px||5px||false|false&#8220; global_colors_info=&#8220;{}&#8220;][et_pb_row _builder_version=&#8220;4.27.3&#8243; _module_preset=&#8220;default&#8220; global_colors_info=&#8220;{}&#8220;][et_pb_column type=&#8220;4_4&#8243; _builder_version=&#8220;4.27.3&#8243; _module_preset=&#8220;default&#8220; global_colors_info=&#8220;{}&#8220;][et_pb_text _builder_version=&#8220;4.27.4&#8243; _module_preset=&#8220;default&#8220; global_colors_info=&#8220;{}&#8220;]<\/p>\n<p><strong>Das Ziel des Renovierungsprogramms war neben der Wiederherstellung des fr\u00fcheren Glanzes des Geb\u00e4udes die Schaffung moderner und komfortabler B\u00fcros.<\/strong><\/p>\n<p>Unser Unternehmen f\u00fchrte allgemeine Installationen in den zuk\u00fcnftigen B\u00fcro- und Handelsbereichen nach dem Abriss durch. Im Erdgeschoss haben wir einen v\u00f6llig neuen Eingang geschaffen und die Sgraffito-Dekoration an der Innenfassade restauriert. Auch die Skulptur \u201eDie Kletterer\u201c wurde erneuert. Wir haben ein modernes Heiz- und K\u00fchlsystem installiert, das den neuesten Anforderungen entspricht und die Lage und Eigenschaften des Geb\u00e4udes ber\u00fccksichtigt: Auf dem Dachgeschoss wurde eine adiabatische Trockenk\u00fchlungseinheit installiert, zu der vier W\u00e4rmepumpen in der Kellerebene geh\u00f6ren.<\/p>\n<p>Diese Ger\u00e4te sind verantwortlich f\u00fcr ein angenehmes Raumklima im Geb\u00e4ude und arbeiten auf umweltfreundlichste Weise. Sie nutzen die Abw\u00e4rme der Trockenk\u00fchlung zur Warmwassererzeugung und k\u00f6nnen die Temperatur in den Innenr\u00e4umen im Free-Cooling-Modus ohne Kompressorarbeit regulieren.<\/p>\n<p>Ein zentrales System \u00fcberwacht die mechanischen Einrichtungen. Wir haben neue Stark- und Schwachstromnetzwerke sowie Ger\u00e4te installiert und beide Personenaufz\u00fcge ausgetauscht. Die Asbestdachabdeckung wurde entfernt und durch eine anspruchsvolle, moderne und asbestfreie Abdeckung ersetzt, die dem fr\u00fcheren Aussehen \u00e4hnelt. Auf den Etagen wurden individuell gestaltete L\u00fcftungsanlagen installiert, die f\u00fcr die Abfuhr verbrauchter Luft und die Zufuhr temperierter, gefilterter Frischluft sorgen.<\/p>\n<p><strong>Die Abw\u00e4rme der verbrauchten<\/strong> Luft wird zun\u00e4chst durch W\u00e4rmer\u00fcckgewinnungseinheiten der L\u00fcftungsanlagen wiederverwendet und anschlie\u00dfend auch f\u00fcr die Trockenk\u00fchlung genutzt. Auf den Etagen wurden individuell gestaltete L\u00fcftungsanlagen installiert, die f\u00fcr die Abfuhr verbrauchter Luft und die Zufuhr temperierter, gefilterter Frischluft sorgen.<\/p>\n<p>Die Abw\u00e4rme der verbrauchten Luft wird zun\u00e4chst durch W\u00e4rmer\u00fcckgewinnungseinheiten der L\u00fcftungsanlagen wiederverwendet und anschlie\u00dfend auch f\u00fcr die Trockenk\u00fchlung genutzt. Das gesamte geb\u00e4udetechnische System sowie die Stark- und Schwachstromsysteme werden von einem zentralen Geb\u00e4udemanagementsystem verwaltet.<\/p>\n<p>\u00dcber dieses System erh\u00e4lt der Geb\u00e4udebetreiber stets aktuelle Informationen und kann die Einstellungen und Parameter der Systemkomponenten schnell und einfach anpassen.<\/p>\n<p>[\/et_pb_text][\/et_pb_column][\/et_pb_row][\/et_pb_section][et_pb_section fb_built=&#8220;1&#8243; _builder_version=&#8220;4.27.3&#8243; _module_preset=&#8220;default&#8220; custom_padding=&#8220;9px||2px|||&#8220; global_colors_info=&#8220;{}&#8220;][et_pb_row _builder_version=&#8220;4.27.3&#8243; _module_preset=&#8220;default&#8220; global_colors_info=&#8220;{}&#8220;][et_pb_column type=&#8220;4_4&#8243; _builder_version=&#8220;4.27.3&#8243; _module_preset=&#8220;default&#8220; global_colors_info=&#8220;{}&#8220;][et_pb_text _builder_version=&#8220;4.27.3&#8243; _module_preset=&#8220;default&#8220; custom_margin=&#8220;0px|0px|0px|0px|false|false&#8220; custom_padding=&#8220;10px|10px|10px|10px|true|true&#8220; border_width_all=&#8220;1px&#8220; global_colors_info=&#8220;{}&#8220;]<\/p>\n<p><span style=\"font-size: 20px;\"><strong>Zsigmond Quittner<\/strong><\/span><\/p>\n<p><span style=\"font-size: 14px;\">(Pest, 13. Februar 1857 &#8211; Wien, 25. Oktober 1918)<\/span><\/p>\n<p>[\/et_pb_text][et_pb_text _builder_version=&#8220;4.27.3&#8243; _module_preset=&#8220;default&#8220; background_color=&#8220;#6d8dac&#8220; custom_padding=&#8220;10px|10px|10px|10px|true|true&#8220; global_colors_info=&#8220;{}&#8220;]<\/p>\n<p><span style=\"font-size: 20px;\"><strong><\/strong><\/span><span style=\"font-size: 14px; color: #202122;\"><span style=\"font-size: 14px; color: black;\">Er ist zu einer der f\u00fchrenden Pers\u00f6nlichkeiten auf dem Gebiet der ungarischen historistischen Architektur der Jahrhundertwende geworden. Er studierte an der Hochschule f\u00fcr Kunst und Design in M\u00fcnchen. Ab 1880 erhielt er zahlreiche Auftr\u00e4ge in Budapest. Der zum Weltkulturerbe z\u00e4hlende Krausz-Palast wurde 1885 von Krausz entworfen, dem auch der Gresham-Palast und viele andere bedeutende Geb\u00e4ude zugeschrieben werden.<\/span><\/span><\/p>\n<p>[\/et_pb_text][\/et_pb_column][\/et_pb_row][\/et_pb_section][et_pb_section fb_built=&#8220;1&#8243; _builder_version=&#8220;4.27.3&#8243; _module_preset=&#8220;default&#8220; custom_padding=&#8220;8px||54px|||&#8220; global_colors_info=&#8220;{}&#8220;][et_pb_row _builder_version=&#8220;4.27.3&#8243; _module_preset=&#8220;default&#8220; global_colors_info=&#8220;{}&#8220;][et_pb_column type=&#8220;4_4&#8243; _builder_version=&#8220;4.27.3&#8243; _module_preset=&#8220;default&#8220; global_colors_info=&#8220;{}&#8220;][et_pb_heading title=&#8220;Schauen Sie sich das renovierte Geb\u00e4ude an&#8220; _builder_version=&#8220;4.27.3&#8243; _module_preset=&#8220;default&#8220; title_text_align=&#8220;center&#8220; global_colors_info=&#8220;{}&#8220;][\/et_pb_heading][\/et_pb_column][\/et_pb_row][et_pb_row _builder_version=&#8220;4.27.3&#8243; _module_preset=&#8220;default&#8220; global_colors_info=&#8220;{}&#8220;][et_pb_column type=&#8220;4_4&#8243; _builder_version=&#8220;4.27.3&#8243; _module_preset=&#8220;default&#8220; global_colors_info=&#8220;{}&#8220;][difl_justifiedgallery gallery=&#8220;1468,1469,1470,1471,1472,1473,1474,1475,1476,1477&#8243; image_size=&#8220;large&#8220; rowheight=&#8220;180&#8243; use_lightbox=&#8220;on&#8220; use_lightbox_download=&#8220;on&#8220; border_anim=&#8220;on&#8220; border_anm_style=&#8220;c4-border-ccc-3&#8243; anm_content_padding=&#8220;0.5em&#8220; _builder_version=&#8220;4.27.4&#8243; _module_preset=&#8220;default&#8220; global_colors_info=&#8220;{}&#8220;][\/difl_justifiedgallery][\/et_pb_column][\/et_pb_row][et_pb_row _builder_version=&#8220;4.27.3&#8243; _module_preset=&#8220;default&#8220; global_colors_info=&#8220;{}&#8220;][et_pb_column type=&#8220;4_4&#8243; _builder_version=&#8220;4.27.3&#8243; _module_preset=&#8220;default&#8220; global_colors_info=&#8220;{}&#8220;][et_pb_heading title=&#8220;Weitergeben an&#8220; _builder_version=&#8220;4.27.3&#8243; _module_preset=&#8220;default&#8220; title_level=&#8220;h3&#8243; title_text_align=&#8220;center&#8220; global_colors_info=&#8220;{}&#8220;][\/et_pb_heading][difl_social_share content_alignment=&#8220;center&#8220; column_auto_child_item_alignment=&#8220;center&#8220; text_container_bg_color_bgcolor=&#8220;RGBA(255,255,255,0)&#8220; _builder_version=&#8220;4.27.3&#8243; _module_preset=&#8220;default&#8220; label_font=&#8220;|||||on|||&#8220; label_text_align=&#8220;center&#8220; label_text_color=&#8220;#FFFFFF&#8220; global_colors_info=&#8220;{}&#8220;][difl_social_share_item social_network=&#8220;facebook&#8220; _builder_version=&#8220;4.27.3&#8243; _module_preset=&#8220;default&#8220; background_color=&#8220;#1877F2&#8243; global_colors_info=&#8220;{}&#8220;][\/difl_social_share_item][difl_social_share_item social_network=&#8220;twitter&#8220; _builder_version=&#8220;4.27.3&#8243; _module_preset=&#8220;default&#8220; background_color=&#8220;#000000&#8243; global_colors_info=&#8220;{}&#8220;][\/difl_social_share_item][difl_social_share_item social_network=&#8220;linkedin&#8220; _builder_version=&#8220;4.27.3&#8243; _module_preset=&#8220;default&#8220; background_color=&#8220;#007bb6&#8243; global_colors_info=&#8220;{}&#8220;][\/difl_social_share_item][difl_social_share_item social_network=&#8220;pinterest&#8220; _builder_version=&#8220;4.27.3&#8243; _module_preset=&#8220;default&#8220; background_color=&#8220;#cb2027&#8243; global_colors_info=&#8220;{}&#8220;][\/difl_social_share_item][\/difl_social_share][\/et_pb_column][\/et_pb_row][\/et_pb_section]<\/p>\n","protected":false},"excerpt":{"rendered":"<p>Renovierung des Krausz Palastes Fitout | Denkmalrestaurierung | Denkmalrestaurierung | Geb\u00e4udestromDas Ziel des Renovierungsprogramms war neben der Wiederherstellung des fr\u00fcheren Glanzes des Geb\u00e4udes die Schaffung moderner und komfortabler B\u00fcros. Unser Unternehmen f\u00fchrte allgemeine Installationen in den zuk\u00fcnftigen B\u00fcro- und Handelsbereichen nach dem Abriss durch. Im Erdgeschoss haben wir einen v\u00f6llig neuen Eingang geschaffen und die [&hellip;]<\/p>\n","protected":false},"author":1,"featured_media":0,"parent":0,"menu_order":0,"comment_status":"closed","ping_status":"closed","template":"","meta":{"_et_pb_use_builder":"on","_et_pb_old_content":"","_et_gb_content_width":"","footnotes":""},"difl_page_category":[],"class_list":["post-10441","page","type-page","status-publish","hentry"],"_links":{"self":[{"href":"https:\/\/ebhinvest.hu\/de\/wp-json\/wp\/v2\/pages\/10441","targetHints":{"allow":["GET"]}}],"collection":[{"href":"https:\/\/ebhinvest.hu\/de\/wp-json\/wp\/v2\/pages"}],"about":[{"href":"https:\/\/ebhinvest.hu\/de\/wp-json\/wp\/v2\/types\/page"}],"author":[{"embeddable":true,"href":"https:\/\/ebhinvest.hu\/de\/wp-json\/wp\/v2\/users\/1"}],"replies":[{"embeddable":true,"href":"https:\/\/ebhinvest.hu\/de\/wp-json\/wp\/v2\/comments?post=10441"}],"version-history":[{"count":4,"href":"https:\/\/ebhinvest.hu\/de\/wp-json\/wp\/v2\/pages\/10441\/revisions"}],"predecessor-version":[{"id":10889,"href":"https:\/\/ebhinvest.hu\/de\/wp-json\/wp\/v2\/pages\/10441\/revisions\/10889"}],"wp:attachment":[{"href":"https:\/\/ebhinvest.hu\/de\/wp-json\/wp\/v2\/media?parent=10441"}],"wp:term":[{"taxonomy":"difl_page_category","embeddable":true,"href":"https:\/\/ebhinvest.hu\/de\/wp-json\/wp\/v2\/difl_page_category?post=10441"}],"curies":[{"name":"wp","href":"https:\/\/api.w.org\/{rel}","templated":true}]}}