{"id":10459,"date":"2025-02-01T09:10:48","date_gmt":"2025-02-01T08:10:48","guid":{"rendered":"https:\/\/ebhinvest.hu\/rekonstruktion-des-astronomischen-zentrums-der-ungarischen-akademie-der-wissenschaften-mta\/"},"modified":"2025-03-06T09:15:50","modified_gmt":"2025-03-06T08:15:50","slug":"rekonstruktion-des-astronomischen-zentrums-der-ungarischen-akademie-der-wissenschaften-mta","status":"publish","type":"page","link":"https:\/\/ebhinvest.hu\/de\/rekonstruktion-des-astronomischen-zentrums-der-ungarischen-akademie-der-wissenschaften-mta\/","title":{"rendered":"Rekonstruktion des Astronomischen Zentrums der Ungarischen Akademie der Wissenschaften (MTA)"},"content":{"rendered":"<p>[et_pb_section fb_built=&#8220;1&#8243; _builder_version=&#8220;4.27.4&#8243; _module_preset=&#8220;default&#8220; background_color=&#8220;gcid-heading-color&#8220; module_alignment=&#8220;center&#8220; min_height=&#8220;350px&#8220; custom_margin=&#8220;3px|0px|3px|0px|false|false&#8220; custom_padding=&#8220;30px|0px|13px|0px|false|false&#8220; hover_enabled=&#8220;0&#8243; global_colors_info=&#8220;{%22gcid-heading-color%22:%91%22background_color%22%93}&#8220; theme_builder_area=&#8220;post_content&#8220; title_text=&#8220;_ebh_mta-csillagaszati-kozpont_3&#8243; background_image=&#8220;https:\/\/ebhinvest.hu\/wp-content\/uploads\/2025\/02\/ebh_mta-csillagaszati-kozpont_3.jpg&#8220; sticky_enabled=&#8220;0&#8243; alt=&#8220;EBH Invest &#8211; MTA Csillag\u00e1szati k\u00f6zpontj\u00e1nak rekonstrukci\u00f3ja&#8220; background_position=&#8220;center_right&#8220;][et_pb_row _builder_version=&#8220;4.27.3&#8243; _module_preset=&#8220;default&#8220; custom_margin=&#8220;10px||10px||false|false&#8220; global_colors_info=&#8220;{}&#8220; theme_builder_area=&#8220;post_content&#8220;][et_pb_column type=&#8220;4_4&#8243; _builder_version=&#8220;4.27.3&#8243; _module_preset=&#8220;default&#8220; custom_padding=&#8220;0px|0px|0px|0px|false|false&#8220; global_colors_info=&#8220;{}&#8220; theme_builder_area=&#8220;post_content&#8220;][et_pb_text _builder_version=&#8220;4.27.3&#8243; _module_preset=&#8220;default&#8220; background_color=&#8220;RGBA(255,255,255,0)&#8220; custom_margin=&#8220;0px|0px|0px|0px|false|false&#8220; custom_padding=&#8220;0px||0px||false|false&#8220; text_text_shadow_style=&#8220;preset4&#8243; text_text_shadow_horizontal_length=&#8220;0.68em&#8220; text_text_shadow_vertical_length=&#8220;0.55em&#8220; text_text_shadow_blur_strength=&#8220;0.36em&#8220; global_colors_info=&#8220;{}&#8220; theme_builder_area=&#8220;post_content&#8220;]<\/p>\n<h1 style=\"text-align: center;\"><span style=\"color: #ffffff;\">Rekonstruktion des Astronomischen Zentrums der Ungarischen Akademie der Wissenschaften (MTA)<\/span><\/h1>\n<p><span style=\"color: #ffffff;\"><\/span><\/p>\n<p><span style=\"color: #ffffff;\"><img loading=\"lazy\" decoding=\"async\" src=\"https:\/\/ebhinvest.hu\/wp-content\/uploads\/2024\/11\/csakcsik-1.jpg\" width=\"250\" height=\"7\" alt=\"\" class=\"wp-image-275 alignnone size-full\" style=\"display: block; margin-left: auto; margin-right: auto;\"><\/span><\/p>\n<h5 style=\"text-align: center;\"><span style=\"color: #ffffff;\"><\/span><\/h5>\n<h5 style=\"text-align: center;\"><span style=\"color: #ffffff;\"><\/span><\/h5>\n<h5 style=\"text-align: center;\"><span style=\"color: #ffffff;\">Schloss-, Burg- und Denkmalrestaurierung | Rohbau | Rohbau | Energetische Geb\u00e4udesanierung <br \/><\/span><\/h5>\n<p>[\/et_pb_text][\/et_pb_column][\/et_pb_row][\/et_pb_section][et_pb_section fb_built=&#8220;1&#8243; _builder_version=&#8220;4.27.3&#8243; _module_preset=&#8220;default&#8220; custom_padding=&#8220;20px||5px||false|false&#8220; global_colors_info=&#8220;{}&#8220; theme_builder_area=&#8220;post_content&#8220;][et_pb_row column_structure=&#8220;1_2,1_2&#8243; _builder_version=&#8220;4.27.3&#8243; _module_preset=&#8220;default&#8220; global_colors_info=&#8220;{}&#8220; theme_builder_area=&#8220;post_content&#8220;][et_pb_column type=&#8220;1_2&#8243; _builder_version=&#8220;4.27.3&#8243; _module_preset=&#8220;default&#8220; global_colors_info=&#8220;{}&#8220; theme_builder_area=&#8220;post_content&#8220;][et_pb_text _builder_version=&#8220;4.27.4&#8243; _module_preset=&#8220;default&#8220; hover_enabled=&#8220;0&#8243; global_colors_info=&#8220;{}&#8220; theme_builder_area=&#8220;post_content&#8220; sticky_enabled=&#8220;0&#8243;]<\/p>\n<p>W\u00e4hrend der Renovierung des Geb\u00e4udes wurden Arbeiten in den folgenden Fachgebieten durchgef\u00fchrt:<\/p>\n<ul>\n<li>Architektur<\/li>\n<li>TGA<\/li>\n<li>Elektroarbeiten<\/li>\n<li>Tischler-, Dachdecker- und Klempnerarbeiten<\/li>\n<li>Aufbau von Hoch- und niederstrom.<\/li>\n<\/ul>\n<p>[\/et_pb_text][\/et_pb_column][et_pb_column type=&#8220;1_2&#8243; _builder_version=&#8220;4.27.3&#8243; _module_preset=&#8220;default&#8220; global_colors_info=&#8220;{}&#8220; theme_builder_area=&#8220;post_content&#8220;][et_pb_text _builder_version=&#8220;4.27.3&#8243; _module_preset=&#8220;default&#8220; text_line_height=&#8220;1.4em&#8220; background_color=&#8220;#eff3f6&#8243; custom_margin=&#8220;0px||||false|false&#8220; custom_padding=&#8220;23px|10px|23px|10px|true|true&#8220; border_width_all=&#8220;2px&#8220; border_color_all=&#8220;#dfe6ed&#8220; global_colors_info=&#8220;{}&#8220; theme_builder_area=&#8220;post_content&#8220;]<\/p>\n<p><span style=\"color: #6d8dac;\">Projektname:<br \/><\/span>Unsere Kompetenz und Zuverl\u00e4ssigkeit haben wir in unz\u00e4hligen unterschiedlichen Projekten, wie hier, unter Beweis gestellt.<\/p>\n<p><span style=\"color: #6d8dac;\">Lage:<br \/><\/span>1121 Budapest, Konkoly-Thege Mikl\u00f3s \u00fat 15-17.<\/p>\n<p><span style=\"color: #6d8dac;\">Auftrag:<br \/><\/span>Geb\u00e4udesanierung (Architektur, TGA, Elektrizit\u00e4t, Zimmerei, Dachdecker- und Spenglerarbeiten, Hoch- und niederstrombau)<\/p>\n<p><span style=\"color: #6d8dac;\">Grundfl\u00e4che:<br \/><\/span>2.118 m2<\/p>\n<p><span style=\"color: #6d8dac;\">Dauer der Umsetzung:<br \/><\/span>Januar \u2013 Juni 2015<\/p>\n<p><span style=\"color: #6d8dac;\">Auftraggeber:<br \/><\/span>Forschungszentrum f\u00fcr Astronomie und Geowissenschaften der Ungarischen Akademie der Wissenschaften (MTA)<\/p>\n<p>[\/et_pb_text][\/et_pb_column][\/et_pb_row][\/et_pb_section][et_pb_section fb_built=&#8220;1&#8243; _builder_version=&#8220;4.27.3&#8243; _module_preset=&#8220;default&#8220; custom_padding=&#8220;9px||2px|||&#8220; global_colors_info=&#8220;{}&#8220; theme_builder_area=&#8220;post_content&#8220;][et_pb_row _builder_version=&#8220;4.27.3&#8243; _module_preset=&#8220;default&#8220; global_colors_info=&#8220;{}&#8220; theme_builder_area=&#8220;post_content&#8220;][et_pb_column type=&#8220;4_4&#8243; _builder_version=&#8220;4.27.3&#8243; _module_preset=&#8220;default&#8220; global_colors_info=&#8220;{}&#8220; theme_builder_area=&#8220;post_content&#8220;][et_pb_text _builder_version=&#8220;4.27.3&#8243; _module_preset=&#8220;default&#8220; custom_margin=&#8220;0px|0px|0px|0px|false|false&#8220; custom_padding=&#8220;10px|10px|10px|10px|true|true&#8220; border_width_all=&#8220;1px&#8220; global_colors_info=&#8220;{}&#8220; theme_builder_area=&#8220;post_content&#8220;]<\/p>\n<p><span style=\"font-size: 20px;\"><strong>J\u00f3zsef Diescher <br \/><\/strong><\/span><\/p>\n<p><span style=\"font-size: 14px;\">(Pest, 1811. \u00e1prilis 27. \u2013 Budapest, 1874. szeptember 28.)    &#8211;<\/span><\/p>\n<p>[\/et_pb_text][et_pb_text _builder_version=&#8220;4.27.3&#8243; _module_preset=&#8220;default&#8220; background_color=&#8220;#6d8dac&#8220; custom_padding=&#8220;10px|10px|10px|10px|true|true&#8220; global_colors_info=&#8220;{}&#8220; theme_builder_area=&#8220;post_content&#8220;]<\/p>\n<p><span style=\"font-size: 20px;\"><strong><\/strong><\/span><span style=\"font-size: 14px; color: #202122;\"><span class=\"s1\" style=\"font-size: 14px;\"><span style=\"color: black;\">J\u00f3zsef Diescher war ein bekannter Architekt im heutigen Pest. Obwohl ein Gro\u00dfteil seiner Werke inzwischen abgerissen wurde, tragen noch etwa 20 bedeutende Geb\u00e4ude seine Handschrift. Aber auch als Baumeister trug er wesentlich zur Entwicklung von Budapest bei. Allein zwischen 1850 und 1860 erhielt er mehr als 200 Baugenehmigungen, die meisten davon als Bauleiter. Er war verantwortlich f\u00fcr den Bau des Sitzes der Ungarischen Akademie der Wissenschaften und des Provisorischen Repr\u00e4sentantenhauses (heute Italienisches Institut), letzteres entworfen von Mikl\u00f3s Ybl. F\u00fcr ihre Verdienste wurden sie vom K\u00f6nig mit dem Ferenc J\u00f3zsef-Orden ausgezeichnet.     <\/span><\/span><\/span><\/p>\n<p>[\/et_pb_text][\/et_pb_column][\/et_pb_row][et_pb_row _builder_version=&#8220;4.27.3&#8243; _module_preset=&#8220;default&#8220; global_colors_info=&#8220;{}&#8220; theme_builder_area=&#8220;post_content&#8220;][et_pb_column type=&#8220;4_4&#8243; _builder_version=&#8220;4.27.3&#8243; _module_preset=&#8220;default&#8220; global_colors_info=&#8220;{}&#8220; theme_builder_area=&#8220;post_content&#8220;][et_pb_text _builder_version=&#8220;4.27.3&#8243; _module_preset=&#8220;default&#8220; custom_margin=&#8220;0px|0px|0px|0px|false|false&#8220; custom_padding=&#8220;10px|10px|10px|10px|true|true&#8220; border_width_all=&#8220;1px&#8220; global_colors_info=&#8220;{}&#8220; theme_builder_area=&#8220;post_content&#8220;]<\/p>\n<p><span style=\"font-size: 20px;\"><strong>Mikl\u00f3s Ybl<\/strong><\/span><\/p>\n<p><span style=\"font-size: 14px;\">(Sz\u00e9kesfeh\u00e9rv\u00e1r, 6. April 1814 &#8211; Budapest, 22. Januar 1891)<\/span><\/p>\n<p>[\/et_pb_text][et_pb_text _builder_version=&#8220;4.27.4&#8243; _module_preset=&#8220;default&#8220; background_color=&#8220;#6d8dac&#8220; custom_padding=&#8220;10px|10px|10px|10px|true|true&#8220; hover_enabled=&#8220;0&#8243; global_colors_info=&#8220;{}&#8220; theme_builder_area=&#8220;post_content&#8220; sticky_enabled=&#8220;0&#8243;]<\/p>\n<p><span style=\"font-size: 20px;\"><strong><\/strong><\/span><span style=\"font-size: 14px; color: #202122;\"><span style=\"font-size: 14px; color: black;\">Er war der gr\u00f6\u00dfte ungarische Architekt der zweiten H\u00e4lfte des 19. Jahrhunderts. Mit dem Bau des Palastes wurde im Fr\u00fchjahr 1862 begonnen. Antal Szkalnitzky und Mikl\u00f3s Ybl von der Akademie leiteten den Bau. Die Hauptbedeutung des Geb\u00e4udes besteht darin, dass es das erste \u00f6ffentliche Geb\u00e4ude im Stil der Neorenaissance in Ungarn war und seine Architektur und sein Geist einen entscheidenden Einfluss auf die Zukunft der ungarischen Architektur hatten. Aber auch das Operah\u00e1z, die Szent Istv\u00e1n-bazilika und der V\u00e1rkert-Basar gehen auf sein Konto. Der prestigetr\u00e4chtigste ungarische Architekturpreis, der 1953 ins Leben gerufen wurde, tr\u00e4gt seinen Namen, ebenso wie zahlreiche \u00f6ffentliche R\u00e4ume und Bildungseinrichtungen, darunter die Fakult\u00e4t f\u00fcr Architektur der \u00d3buda-Universit\u00e4t      <\/span><\/span><\/p>\n<p>[\/et_pb_text][\/et_pb_column][\/et_pb_row][\/et_pb_section][et_pb_section fb_built=&#8220;1&#8243; _builder_version=&#8220;4.27.3&#8243; _module_preset=&#8220;default&#8220; custom_padding=&#8220;8px||54px|||&#8220; global_colors_info=&#8220;{}&#8220; theme_builder_area=&#8220;post_content&#8220;][et_pb_row _builder_version=&#8220;4.27.3&#8243; _module_preset=&#8220;default&#8220; global_colors_info=&#8220;{}&#8220; theme_builder_area=&#8220;post_content&#8220;][et_pb_column type=&#8220;4_4&#8243; _builder_version=&#8220;4.27.3&#8243; _module_preset=&#8220;default&#8220; global_colors_info=&#8220;{}&#8220; theme_builder_area=&#8220;post_content&#8220;][et_pb_heading title=&#8220;Schauen Sie sich das renovierte Geb\u00e4ude an&#8220; _builder_version=&#8220;4.27.4&#8243; _module_preset=&#8220;default&#8220; title_text_align=&#8220;center&#8220; hover_enabled=&#8220;0&#8243; global_colors_info=&#8220;{}&#8220; theme_builder_area=&#8220;post_content&#8220; sticky_enabled=&#8220;0&#8243;][\/et_pb_heading][\/et_pb_column][\/et_pb_row][et_pb_row _builder_version=&#8220;4.27.3&#8243; _module_preset=&#8220;default&#8220; global_colors_info=&#8220;{}&#8220; theme_builder_area=&#8220;post_content&#8220;][et_pb_column type=&#8220;4_4&#8243; _builder_version=&#8220;4.27.3&#8243; _module_preset=&#8220;default&#8220; global_colors_info=&#8220;{}&#8220; theme_builder_area=&#8220;post_content&#8220;][difl_justifiedgallery image_size=&#8220;large&#8220; use_lightbox=&#8220;on&#8220; use_lightbox_download=&#8220;on&#8220; border_anim=&#8220;on&#8220; border_anm_style=&#8220;c4-border-ccc-3&#8243; anm_content_padding=&#8220;0.5em&#8220; _builder_version=&#8220;4.27.4&#8243; _module_preset=&#8220;default&#8220; hover_enabled=&#8220;0&#8243; global_colors_info=&#8220;{}&#8220; theme_builder_area=&#8220;post_content&#8220; gallery=&#8220;1612,1613,1614,1615,1616,1617&#8243; sticky_enabled=&#8220;0&#8243; rowheight=&#8220;171&#8243;][\/difl_justifiedgallery][\/et_pb_column][\/et_pb_row][et_pb_row _builder_version=&#8220;4.27.3&#8243; _module_preset=&#8220;default&#8220; global_colors_info=&#8220;{}&#8220; theme_builder_area=&#8220;post_content&#8220;][et_pb_column type=&#8220;4_4&#8243; _builder_version=&#8220;4.27.3&#8243; _module_preset=&#8220;default&#8220; global_colors_info=&#8220;{}&#8220; theme_builder_area=&#8220;post_content&#8220;][et_pb_heading title=&#8220;Weitergeben an&#8220; _builder_version=&#8220;4.27.3&#8243; _module_preset=&#8220;default&#8220; title_level=&#8220;h3&#8243; title_text_align=&#8220;center&#8220; global_colors_info=&#8220;{}&#8220; theme_builder_area=&#8220;post_content&#8220;][\/et_pb_heading][difl_social_share content_alignment=&#8220;center&#8220; column_auto_child_item_alignment=&#8220;center&#8220; text_container_bg_color_bgcolor=&#8220;RGBA(255,255,255,0)&#8220; _builder_version=&#8220;4.27.3&#8243; _module_preset=&#8220;default&#8220; label_font=&#8220;|||||on|||&#8220; label_text_align=&#8220;center&#8220; label_text_color=&#8220;#FFFFFF&#8220; global_colors_info=&#8220;{}&#8220; theme_builder_area=&#8220;post_content&#8220;][difl_social_share_item social_network=&#8220;facebook&#8220; _builder_version=&#8220;4.27.3&#8243; _module_preset=&#8220;default&#8220; background_color=&#8220;#1877F2&#8243; global_colors_info=&#8220;{}&#8220; theme_builder_area=&#8220;post_content&#8220;][\/difl_social_share_item][difl_social_share_item social_network=&#8220;twitter&#8220; _builder_version=&#8220;4.27.3&#8243; _module_preset=&#8220;default&#8220; background_color=&#8220;#000000&#8243; global_colors_info=&#8220;{}&#8220; theme_builder_area=&#8220;post_content&#8220;][\/difl_social_share_item][difl_social_share_item social_network=&#8220;linkedin&#8220; _builder_version=&#8220;4.27.3&#8243; _module_preset=&#8220;default&#8220; background_color=&#8220;#007bb6&#8243; global_colors_info=&#8220;{}&#8220; theme_builder_area=&#8220;post_content&#8220;][\/difl_social_share_item][difl_social_share_item social_network=&#8220;pinterest&#8220; _builder_version=&#8220;4.27.3&#8243; _module_preset=&#8220;default&#8220; background_color=&#8220;#cb2027&#8243; global_colors_info=&#8220;{}&#8220; theme_builder_area=&#8220;post_content&#8220;][\/difl_social_share_item][\/difl_social_share][\/et_pb_column][\/et_pb_row][\/et_pb_section]<\/p>\n","protected":false},"excerpt":{"rendered":"<p>Rekonstruktion des Astronomischen Zentrums der Ungarischen Akademie der Wissenschaften (MTA) Schloss-, Burg- und Denkmalrestaurierung | Rohbau | Rohbau | Energetische Geb\u00e4udesanierung W\u00e4hrend der Renovierung des Geb\u00e4udes wurden Arbeiten in den folgenden Fachgebieten durchgef\u00fchrt: Architektur TGA Elektroarbeiten Tischler-, Dachdecker- und Klempnerarbeiten Aufbau von Hoch- und niederstrom. Projektname:Unsere Kompetenz und Zuverl\u00e4ssigkeit haben wir in unz\u00e4hligen unterschiedlichen Projekten, [&hellip;]<\/p>\n","protected":false},"author":1,"featured_media":0,"parent":0,"menu_order":0,"comment_status":"closed","ping_status":"closed","template":"","meta":{"_et_pb_use_builder":"on","_et_pb_old_content":"","_et_gb_content_width":"","footnotes":""},"difl_page_category":[],"class_list":["post-10459","page","type-page","status-publish","hentry"],"_links":{"self":[{"href":"https:\/\/ebhinvest.hu\/de\/wp-json\/wp\/v2\/pages\/10459","targetHints":{"allow":["GET"]}}],"collection":[{"href":"https:\/\/ebhinvest.hu\/de\/wp-json\/wp\/v2\/pages"}],"about":[{"href":"https:\/\/ebhinvest.hu\/de\/wp-json\/wp\/v2\/types\/page"}],"author":[{"embeddable":true,"href":"https:\/\/ebhinvest.hu\/de\/wp-json\/wp\/v2\/users\/1"}],"replies":[{"embeddable":true,"href":"https:\/\/ebhinvest.hu\/de\/wp-json\/wp\/v2\/comments?post=10459"}],"version-history":[{"count":2,"href":"https:\/\/ebhinvest.hu\/de\/wp-json\/wp\/v2\/pages\/10459\/revisions"}],"predecessor-version":[{"id":10463,"href":"https:\/\/ebhinvest.hu\/de\/wp-json\/wp\/v2\/pages\/10459\/revisions\/10463"}],"wp:attachment":[{"href":"https:\/\/ebhinvest.hu\/de\/wp-json\/wp\/v2\/media?parent=10459"}],"wp:term":[{"taxonomy":"difl_page_category","embeddable":true,"href":"https:\/\/ebhinvest.hu\/de\/wp-json\/wp\/v2\/difl_page_category?post=10459"}],"curies":[{"name":"wp","href":"https:\/\/api.w.org\/{rel}","templated":true}]}}