{"id":10483,"date":"2025-02-01T10:04:47","date_gmt":"2025-02-01T09:04:47","guid":{"rendered":"https:\/\/ebhinvest.hu\/ausfuehrung-des-ersten-teils-des-freilichtmuseums-fuer-volkskunde-region-siebenbuergen\/"},"modified":"2025-03-10T07:03:33","modified_gmt":"2025-03-10T06:03:33","slug":"ausfuehrung-des-ersten-teils-des-freilichtmuseums-fuer-volkskunde-region-siebenbuergen","status":"publish","type":"page","link":"https:\/\/ebhinvest.hu\/de\/ausfuehrung-des-ersten-teils-des-freilichtmuseums-fuer-volkskunde-region-siebenbuergen\/","title":{"rendered":"RGY Ausf\u00fchrung des ersten Teils des Freilichtmuseums f\u00fcr Volkskunde \u2013 Region Siebenb\u00fcrgen"},"content":{"rendered":"<p>[et_pb_section fb_built=&#8220;1&#8243; _builder_version=&#8220;4.27.4&#8243; _module_preset=&#8220;default&#8220; background_color=&#8220;gcid-heading-color&#8220; background_image=&#8220;https:\/\/ebhinvest.hu\/wp-content\/uploads\/2025\/02\/ebh_szabadteri-neprajzi-muzeum_35.jpg&#8220; module_alignment=&#8220;center&#8220; min_height=&#8220;350px&#8220; custom_margin=&#8220;3px|0px|3px|0px|false|false&#8220; custom_padding=&#8220;30px|0px|13px|0px|false|false&#8220; global_colors_info=&#8220;{%22gcid-heading-color%22:%91%22background_color%22%93}&#8220;][et_pb_row _builder_version=&#8220;4.27.3&#8243; _module_preset=&#8220;default&#8220; custom_margin=&#8220;10px||10px||false|false&#8220; global_colors_info=&#8220;{}&#8220;][et_pb_column type=&#8220;4_4&#8243; _builder_version=&#8220;4.27.3&#8243; _module_preset=&#8220;default&#8220; custom_padding=&#8220;0px|0px|0px|0px|false|false&#8220; global_colors_info=&#8220;{}&#8220;][et_pb_text _builder_version=&#8220;4.27.3&#8243; _module_preset=&#8220;default&#8220; background_color=&#8220;RGBA(255,255,255,0)&#8220; custom_margin=&#8220;0px|0px|0px|0px|false|false&#8220; custom_padding=&#8220;0px||0px||false|false&#8220; text_text_shadow_style=&#8220;preset4&#8243; text_text_shadow_horizontal_length=&#8220;0.68em&#8220; text_text_shadow_vertical_length=&#8220;0.55em&#8220; text_text_shadow_blur_strength=&#8220;0.36em&#8220; global_colors_info=&#8220;{}&#8220;]<\/p>\n<h1 style=\"text-align: center;\"><span style=\"color: #ffffff;\">Ausf\u00fchrung des ersten Teils des Freilichtmuseums f\u00fcr Volkskunde <\/span><\/h1>\n<h1 style=\"text-align: center;\"><span style=\"color: #ffffff;\">\u2013 Region Siebenb\u00fcrgen<\/span><\/h1>\n<p><span style=\"color: #ffffff;\"><\/span><\/p>\n<p><span style=\"color: #ffffff;\"><img loading=\"lazy\" decoding=\"async\" src=\"https:\/\/ebhinvest.hu\/wp-content\/uploads\/2024\/11\/csakcsik-1.jpg\" width=\"250\" height=\"7\" alt=\"\" class=\"wp-image-275 alignnone size-full\" style=\"display: block; margin-left: auto; margin-right: auto;\"><\/span><\/p>\n<h5 style=\"text-align: center;\"><span style=\"color: #ffffff;\"><\/span><\/h5>\n<h5 style=\"text-align: center;\"><span style=\"color: #ffffff;\"><\/span><\/h5>\n<h5 style=\"text-align: center;\"><span style=\"color: #ffffff;\">Tiefbau (Strassen, Eisenbahn) | Neubau | Neubau | Rohbau<\/span><span style=\"color: #ffffff;\"><\/span><\/h5>\n<p>[\/et_pb_text][\/et_pb_column][\/et_pb_row][\/et_pb_section][et_pb_section fb_built=&#8220;1&#8243; _builder_version=&#8220;4.27.3&#8243; _module_preset=&#8220;default&#8220; custom_padding=&#8220;20px||5px||false|false&#8220; global_colors_info=&#8220;{}&#8220;][et_pb_row column_structure=&#8220;1_2,1_2&#8243; _builder_version=&#8220;4.27.3&#8243; _module_preset=&#8220;default&#8220; custom_padding=&#8220;||7px|||&#8220; global_colors_info=&#8220;{}&#8220;][et_pb_column type=&#8220;1_2&#8243; _builder_version=&#8220;4.27.3&#8243; _module_preset=&#8220;default&#8220; global_colors_info=&#8220;{}&#8220;][et_pb_text _builder_version=&#8220;4.27.4&#8243; _module_preset=&#8220;default&#8220; global_colors_info=&#8220;{}&#8220;]<\/p>\n<p>Die st\u00e4dtische Siedlung der Szekler zeigt die Entwicklung der siebenb\u00fcrgischen Stadt, Ph\u00e4nomene der Kultur- und Kulturgeschichte, die Volksarchitektur, Ver\u00e4nderungen in der Wohnkultur und Lebensweise sowie das Weiterleben von Traditionen aus der ersten H\u00e4lfte des 20. Jahrhunderts. Hier befinden sich:  <\/p>\n<ul>\n<li>die Apotheke von Sz\u00e9kelykereszt\u00far,<\/li>\n<li>das Kaffeehaus von Marosv\u00e1s\u00e1rhely,<\/li>\n<li>die Druckerei von Marosv\u00e1s\u00e1rhely,<\/li>\n<li>das Postamt von Sz\u00e9kelyudvarhely,<\/li>\n<li>das Modegesch\u00e4ft von K\u00e9zdiv\u00e1s\u00e1rhely<\/li>\n<li>und die Anwaltswohnung von Sepsiszentgy\u00f6rgy.<\/li>\n<\/ul>\n<p>Die siebenb\u00fcrgischen D\u00f6rfer von<\/p>\n<ul>\n<li>in Sz\u00e1sz\u00fajfalusi (zwei Wohnh\u00e4user, Nebengeb\u00e4ude, 2 Scheunen),<\/li>\n<li>Homor\u00f3dalm\u00e1s<\/li>\n<li>N\u00e9gyfalu<\/li>\n<li>Cs\u00edkszentsimon<\/li>\n<li>Balav\u00e1s\u00e1r Anschluss angezeigt wird.<\/li>\n<\/ul>\n<p>&nbsp;<\/p>\n<p>[\/et_pb_text][\/et_pb_column][et_pb_column type=&#8220;1_2&#8243; _builder_version=&#8220;4.27.3&#8243; _module_preset=&#8220;default&#8220; global_colors_info=&#8220;{}&#8220;][et_pb_text _builder_version=&#8220;4.27.3&#8243; _module_preset=&#8220;default&#8220; text_line_height=&#8220;1.4em&#8220; background_color=&#8220;#eff3f6&#8243; custom_margin=&#8220;0px||||false|false&#8220; custom_padding=&#8220;23px|10px|23px|10px|true|true&#8220; border_width_all=&#8220;2px&#8220; border_color_all=&#8220;#dfe6ed&#8220; global_colors_info=&#8220;{}&#8220;]<\/p>\n<p><span style=\"color: #6d8dac;\">Projektname:<br \/><\/span>Ausf\u00fchrung des ersten Teils des Freilichtmuseums f\u00fcr Volkskunde \u2013 Region Siebenb\u00fcrgen<\/p>\n<p><span style=\"color: #6d8dac;\">Lage:<br \/><\/span> Szentendrei Szabadt\u00e9ri N\u00e9prajzi M\u00fazeum<\/p>\n<p><span style=\"color: #6d8dac;\">Auftrrag:<br \/><\/span>Geb\u00e4udekomplex des Ethnographischen Freilichtmuseums Transsilvanien &#8211; Bau der ersten Einheit. Ungew\u00f6hnliche Materialien und besondere Arbeitsverfahren. <\/p>\n<p><span style=\"color: #6d8dac;\">Grundfl\u00e4che:<br \/><\/span>15 Hektar neues Gel\u00e4nde, das durch eine Fu\u00dfg\u00e4ngerunterf\u00fchrung mit dem ehemaligen Freilichtmuseum verbunden ist.<\/p>\n<p><span style=\"color: #6d8dac;\">Dauer der Umsetzung:<br \/><\/span>Februar 2018 &#8211; Mai 2022  <\/p>\n<p><span style=\"color: #6d8dac;\">Auftraggeber:<br \/><\/span>Szabadt\u00e9ri N\u00e9prajzi M\u00fazeum<\/p>\n<p>[\/et_pb_text][\/et_pb_column][\/et_pb_row][et_pb_row _builder_version=&#8220;4.27.4&#8243; _module_preset=&#8220;default&#8220; custom_padding=&#8220;7px|||||&#8220; global_colors_info=&#8220;{}&#8220;][et_pb_column type=&#8220;4_4&#8243; _builder_version=&#8220;4.27.4&#8243; _module_preset=&#8220;default&#8220; global_colors_info=&#8220;{}&#8220;][et_pb_text _builder_version=&#8220;4.27.4&#8243; _module_preset=&#8220;default&#8220; global_colors_info=&#8220;{}&#8220;]<\/p>\n<p>Die Kirche in Ny\u00e1r\u00e1dg\u00e1lfalva, das Kulturhaus in Kiskede und die Schule in Tord\u00e1tfalva, die als Teil des kirchlichen Besitzes gebaut wurden, zeigen, dass die Verwaltung des Gemeindelebens jahrhundertelang in der Verantwortung der Kirchengemeinden lag.<\/p>\n<h4>Zur Unterst\u00fctzung der Arbeit wurden Zeichnungen und Fotos sowie Exportpl\u00e4ne verwendet.<\/h4>\n<blockquote>\n<p><big><em>Das Interessante an dem Projekt ist, dass unsere Experten auf der Grundlage der Vermessungspl\u00e4ne der Architekten arbeiteten und das Projekt unter Verwendung von abgerissenen und abgerechneten Geb\u00e4uden, die aus Siebenb\u00fcrgen mitgebracht wurden, wieder aufbauten und zusammensetzten.<\/em><\/big><\/p>\n<\/blockquote>\n<p>Im ersten Jahr des Projekts wurde die bestehende Tieflandlandschaft renoviert und die k\u00fcnftige siebenb\u00fcrgische Landschaft eingez\u00e4unt. Eine der anspruchsvollsten Aufgaben war die Schaffung eines alten Flachlandstils mit traditionellen Bau- und Tischlerarbeiten sowie Fassadenornamenten und -gliederungen. <\/p>\n<blockquote>\n<p><big><em>Die Verwendung unkonventioneller Materialien erforderte auch besondere Arbeitsabl\u00e4ufe: Neben dem traditionellen Mauerwerk f\u00fchrten unsere Fachleute auch Reetdachdeckungen, Strohstampfd\u00e4cher, abgerissene Ziegeld\u00e4cher und Holzd\u00e4cher aus.<\/em><\/big><\/p>\n<\/blockquote>\n<p>T\u00f6pferwaren im f\u00fcr die Region typischen Stil waren nur schwer und nur an verschiedenen Orten zu bekommen, und das Rohmaterial f\u00fcr die Dr\u00e1nica-Dachbretter (Dachbretter mit Holzn\u00e4geln &#8211; <em>Anm. d. Red<\/em>.) kam aus Siebenb\u00fcrgen. F\u00fcr die Dachkonstruktionen wurden traditionelle Zimmermannsverbindungen und Hartholzd\u00fcbel verwendet, w\u00e4hrend f\u00fcr den Bau der Scheune Strohgeflecht, Weidengeflecht und Lehmverputz verwendet wurden. <\/p>\n<p>F\u00fcr die Dachkonstruktionen wurden traditionelle Zimmermannsverbindungen und Hartholzd\u00fcbel verwendet, w\u00e4hrend f\u00fcr den Bau der Scheune Strohgeflecht, Weidengeflecht und Lehmverputz verwendet wurden.<\/p>\n<h4>Bau eines fast 2 Kilometer langen Stra\u00dfennetzes<\/h4>\n<p>Der Innenausbau (Fliesenleger-, Maler- und Ausbauarbeiten) wurde ebenfalls von unserem Unternehmen durchgef\u00fchrt. Jahrzehntelang haben die Mitarbeiter der Skanzen die Geb\u00e4ude, Materialien und Exponate gesammelt und in das Lager der Einrichtung transportiert.   <\/p>\n<p>Unsere Spezialisten mussten die Elemente aus diesem Lager abholen und nach den Pl\u00e4nen zusammenbauen. Auch der Ersatz und die Beschaffung fehlender Teile war Teil der Aufgabe. <\/p>\n<blockquote>\n<p><big><em>Dar\u00fcber hinaus umfassten die Landschaftsbauarbeiten den Bau von fast 1 km Anliegerstra\u00dfen, ein Netz von Abwasserkan\u00e4len rund um die Tore und etwa 800 m Makadamstra\u00dfen. Wir haben auch den Bereich eines Teichs abgesteckt, der sp\u00e4ter angelegt werden soll. <\/em><\/big><\/p>\n<\/blockquote>\n<p> <em>Original vom: https:\/\/magyarepitok.hu\/mi-epul\/2022\/07\/hagyomanyos-mestersegek-segitsegevel-epult-fel-a-skanzen-uj-erdelyi-tajegysege<\/em><\/p>\n<p>[\/et_pb_text][\/et_pb_column][\/et_pb_row][\/et_pb_section][et_pb_section fb_built=&#8220;1&#8243; _builder_version=&#8220;4.27.3&#8243; _module_preset=&#8220;default&#8220; custom_padding=&#8220;8px||54px|||&#8220; global_colors_info=&#8220;{}&#8220;][et_pb_row _builder_version=&#8220;4.27.3&#8243; _module_preset=&#8220;default&#8220; global_colors_info=&#8220;{}&#8220;][et_pb_column type=&#8220;4_4&#8243; _builder_version=&#8220;4.27.3&#8243; _module_preset=&#8220;default&#8220; global_colors_info=&#8220;{}&#8220;][et_pb_heading title=&#8220;Schauen Sie sich das renovierte Geb\u00e4ude an&#8220; _builder_version=&#8220;4.27.3&#8243; _module_preset=&#8220;default&#8220; title_text_align=&#8220;center&#8220; global_colors_info=&#8220;{}&#8220;][\/et_pb_heading][\/et_pb_column][\/et_pb_row][et_pb_row _builder_version=&#8220;4.27.3&#8243; _module_preset=&#8220;default&#8220; global_colors_info=&#8220;{}&#8220;][et_pb_column type=&#8220;4_4&#8243; _builder_version=&#8220;4.27.3&#8243; _module_preset=&#8220;default&#8220; global_colors_info=&#8220;{}&#8220;][difl_justifiedgallery gallery=&#8220;1750,1751,1752,1753,1754,1755,1756,1757,1758,1759,1760,1761,1762,1763,1764,1765,1766,1767,1768,1769,1770,1771,1772,1773,1774,1775,1776,1777,1778,1779,1780,1781,1782,1783,1784,1785,1786,1787,1788,1789,1790,1791,1792,1793,1794,1795,1796,1797,1798,1799,1800,1801,1802,1803,1804,1805,1806,1807,1808,1809,1810,1811,1812,1813,1814&#8243; image_size=&#8220;large&#8220; use_lightbox=&#8220;on&#8220; use_lightbox_download=&#8220;on&#8220; border_anim=&#8220;on&#8220; border_anm_style=&#8220;c4-border-ccc-3&#8243; anm_content_padding=&#8220;0.5em&#8220; _builder_version=&#8220;4.27.4&#8243; _module_preset=&#8220;default&#8220; global_colors_info=&#8220;{}&#8220;][\/difl_justifiedgallery][\/et_pb_column][\/et_pb_row][et_pb_row _builder_version=&#8220;4.27.3&#8243; _module_preset=&#8220;default&#8220; global_colors_info=&#8220;{}&#8220;][et_pb_column type=&#8220;4_4&#8243; _builder_version=&#8220;4.27.3&#8243; _module_preset=&#8220;default&#8220; global_colors_info=&#8220;{}&#8220;][et_pb_heading title=&#8220;Weitergeben an&#8220; _builder_version=&#8220;4.27.3&#8243; _module_preset=&#8220;default&#8220; title_level=&#8220;h3&#8243; title_text_align=&#8220;center&#8220; global_colors_info=&#8220;{}&#8220;][\/et_pb_heading][difl_social_share content_alignment=&#8220;center&#8220; column_auto_child_item_alignment=&#8220;center&#8220; text_container_bg_color_bgcolor=&#8220;RGBA(255,255,255,0)&#8220; _builder_version=&#8220;4.27.3&#8243; _module_preset=&#8220;default&#8220; label_font=&#8220;|||||on|||&#8220; label_text_align=&#8220;center&#8220; label_text_color=&#8220;#FFFFFF&#8220; global_colors_info=&#8220;{}&#8220;][difl_social_share_item social_network=&#8220;facebook&#8220; _builder_version=&#8220;4.27.3&#8243; _module_preset=&#8220;default&#8220; background_color=&#8220;#1877F2&#8243; global_colors_info=&#8220;{}&#8220;][\/difl_social_share_item][difl_social_share_item social_network=&#8220;twitter&#8220; _builder_version=&#8220;4.27.3&#8243; _module_preset=&#8220;default&#8220; background_color=&#8220;#000000&#8243; global_colors_info=&#8220;{}&#8220;][\/difl_social_share_item][difl_social_share_item social_network=&#8220;linkedin&#8220; _builder_version=&#8220;4.27.3&#8243; _module_preset=&#8220;default&#8220; background_color=&#8220;#007bb6&#8243; global_colors_info=&#8220;{}&#8220;][\/difl_social_share_item][difl_social_share_item social_network=&#8220;pinterest&#8220; _builder_version=&#8220;4.27.3&#8243; _module_preset=&#8220;default&#8220; background_color=&#8220;#cb2027&#8243; global_colors_info=&#8220;{}&#8220;][\/difl_social_share_item][\/difl_social_share][\/et_pb_column][\/et_pb_row][\/et_pb_section]<\/p>\n","protected":false},"excerpt":{"rendered":"<p>Ausf\u00fchrung des ersten Teils des Freilichtmuseums f\u00fcr Volkskunde \u2013 Region Siebenb\u00fcrgen Tiefbau (Strassen, Eisenbahn) | Neubau | Neubau | RohbauDie st\u00e4dtische Siedlung der Szekler zeigt die Entwicklung der siebenb\u00fcrgischen Stadt, Ph\u00e4nomene der Kultur- und Kulturgeschichte, die Volksarchitektur, Ver\u00e4nderungen in der Wohnkultur und Lebensweise sowie das Weiterleben von Traditionen aus der ersten H\u00e4lfte des 20. Jahrhunderts. [&hellip;]<\/p>\n","protected":false},"author":1,"featured_media":0,"parent":0,"menu_order":0,"comment_status":"closed","ping_status":"closed","template":"","meta":{"_et_pb_use_builder":"on","_et_pb_old_content":"","_et_gb_content_width":"","footnotes":""},"difl_page_category":[],"class_list":["post-10483","page","type-page","status-publish","hentry"],"_links":{"self":[{"href":"https:\/\/ebhinvest.hu\/de\/wp-json\/wp\/v2\/pages\/10483","targetHints":{"allow":["GET"]}}],"collection":[{"href":"https:\/\/ebhinvest.hu\/de\/wp-json\/wp\/v2\/pages"}],"about":[{"href":"https:\/\/ebhinvest.hu\/de\/wp-json\/wp\/v2\/types\/page"}],"author":[{"embeddable":true,"href":"https:\/\/ebhinvest.hu\/de\/wp-json\/wp\/v2\/users\/1"}],"replies":[{"embeddable":true,"href":"https:\/\/ebhinvest.hu\/de\/wp-json\/wp\/v2\/comments?post=10483"}],"version-history":[{"count":3,"href":"https:\/\/ebhinvest.hu\/de\/wp-json\/wp\/v2\/pages\/10483\/revisions"}],"predecessor-version":[{"id":11121,"href":"https:\/\/ebhinvest.hu\/de\/wp-json\/wp\/v2\/pages\/10483\/revisions\/11121"}],"wp:attachment":[{"href":"https:\/\/ebhinvest.hu\/de\/wp-json\/wp\/v2\/media?parent=10483"}],"wp:term":[{"taxonomy":"difl_page_category","embeddable":true,"href":"https:\/\/ebhinvest.hu\/de\/wp-json\/wp\/v2\/difl_page_category?post=10483"}],"curies":[{"name":"wp","href":"https:\/\/api.w.org\/{rel}","templated":true}]}}