{"id":10501,"date":"2025-02-06T15:26:19","date_gmt":"2025-02-06T14:26:19","guid":{"rendered":"https:\/\/ebhinvest.hu\/renovierung-und-innenausbau-fit-out-des-buerohauses-vadasz-in-budapest\/"},"modified":"2025-03-06T09:47:23","modified_gmt":"2025-03-06T08:47:23","slug":"renovierung-und-innenausbau-fit-out-des-buerohauses-vadasz-in-budapest","status":"publish","type":"page","link":"https:\/\/ebhinvest.hu\/de\/renovierung-und-innenausbau-fit-out-des-buerohauses-vadasz-in-budapest\/","title":{"rendered":"Renovierung und Innenausbau (fit-out) des B\u00fcrohauses Vad\u00e1sz in Budapest"},"content":{"rendered":"<p>[et_pb_section fb_built=&#8220;1&#8243; _builder_version=&#8220;4.27.4&#8243; _module_preset=&#8220;default&#8220; background_color=&#8220;gcid-heading-color&#8220; module_alignment=&#8220;center&#8220; min_height=&#8220;350px&#8220; custom_margin=&#8220;3px|0px|3px|0px|false|false&#8220; custom_padding=&#8220;30px|0px|13px|0px|false|false&#8220; hover_enabled=&#8220;0&#8243; global_colors_info=&#8220;{%22gcid-heading-color%22:%91%22background_color%22%93}&#8220; alt=&#8220;EBH Invest &#8211; Vad\u00e1sz Irodah\u00e1z fel\u00faj\u00edt\u00e1sa&#8220; title_text=&#8220;_ebh_vadasz-irodahaz_3&#8243; background_image=&#8220;https:\/\/ebhinvest.hu\/wp-content\/uploads\/2025\/02\/ebh_vadasz-irodahaz_3.jpg&#8220; sticky_enabled=&#8220;0&#8243;][et_pb_row _builder_version=&#8220;4.27.3&#8243; _module_preset=&#8220;default&#8220; custom_margin=&#8220;10px||10px||false|false&#8220; global_colors_info=&#8220;{}&#8220;][et_pb_column type=&#8220;4_4&#8243; _builder_version=&#8220;4.27.3&#8243; _module_preset=&#8220;default&#8220; custom_padding=&#8220;0px|0px|0px|0px|false|false&#8220; global_colors_info=&#8220;{}&#8220;][et_pb_text _builder_version=&#8220;4.27.3&#8243; _module_preset=&#8220;default&#8220; background_color=&#8220;RGBA(255,255,255,0)&#8220; custom_margin=&#8220;0px|0px|0px|0px|false|false&#8220; custom_padding=&#8220;0px||0px||false|false&#8220; text_text_shadow_style=&#8220;preset4&#8243; text_text_shadow_horizontal_length=&#8220;0.68em&#8220; text_text_shadow_vertical_length=&#8220;0.55em&#8220; text_text_shadow_blur_strength=&#8220;0.36em&#8220; global_colors_info=&#8220;{}&#8220;]<\/p>\n<h1 style=\"text-align: center;\"><span style=\"color: #ffffff;\">Renovierung und Innenausbau (fit-out) des B\u00fcrohauses Vad\u00e1sz in Budapest<\/span><\/h1>\n<p><span style=\"color: #ffffff;\"><\/span><\/p>\n<p><span style=\"color: #ffffff;\"><img loading=\"lazy\" decoding=\"async\" src=\"https:\/\/ebhinvest.hu\/wp-content\/uploads\/2024\/11\/csakcsik-1.jpg\" width=\"250\" height=\"7\" alt=\"\" class=\"wp-image-275 alignnone size-full\" style=\"display: block; margin-left: auto; margin-right: auto;\"><\/span><\/p>\n<h5 style=\"text-align: center;\"><span style=\"color: #ffffff;\"><\/span><\/h5>\n<h5 style=\"text-align: center;\"><span style=\"color: #ffffff;\"><\/span><\/h5>\n<h5 style=\"text-align: center;\"><span style=\"color: #ffffff;\"> Fit-out | Geb\u00e4udetechnik | Geb\u00e4udestrom <br \/><\/span><\/h5>\n<p>[\/et_pb_text][\/et_pb_column][\/et_pb_row][\/et_pb_section][et_pb_section fb_built=&#8220;1&#8243; _builder_version=&#8220;4.27.3&#8243; _module_preset=&#8220;default&#8220; custom_padding=&#8220;20px||5px||false|false&#8220; global_colors_info=&#8220;{}&#8220;][et_pb_row column_structure=&#8220;1_2,1_2&#8243; _builder_version=&#8220;4.27.3&#8243; _module_preset=&#8220;default&#8220; global_colors_info=&#8220;{}&#8220;][et_pb_column type=&#8220;1_2&#8243; _builder_version=&#8220;4.27.3&#8243; _module_preset=&#8220;default&#8220; global_colors_info=&#8220;{}&#8220;][et_pb_text _builder_version=&#8220;4.27.4&#8243; _module_preset=&#8220;default&#8220; hover_enabled=&#8220;0&#8243; global_colors_info=&#8220;{}&#8220; sticky_enabled=&#8220;0&#8243;]<\/p>\n<p>Neben einer der verkehrsreichsten Kreuzungen im V. Bezirk, 1 Minute vom Markt in der Hold utca entfernt, befindet sich das Bajcsy-B\u00fcrogeb\u00e4ude, das von Bajcsy-Zsilinszky \u00fat und der Vad\u00e1sz utca begrenzt wird. <\/p>\n<p>W\u00e4hrend des Projekts haben wir mehr als 11.000 m2 Bruttob\u00fcrofl\u00e4che renoviert. Die Innenarchitekturplanung und die Ausf\u00fchrung der Innenausstattung (fit-out) deckten der gesamten TGA und mehrere essenzielle Niederstrom-Teilbereiche ab <\/p>\n<p>Eine unserer vorrangigen beruflichen Aufgaben war die Renovierung des einzigartigen eingelegten Parketts in einigen Bereichen des Geb\u00e4udes sowie der urspr\u00fcnglichen Holzverkleidungen.<\/p>\n<p>Im Geb\u00e4ude der Ungarischen Regulierungsbeh\u00f6rde f\u00fcr Energie und Versorgungsdienste haben wir nicht nur einen abgeschirmten Raum, einen sogenannten faradayschen K\u00e4fig gebaut, sondern auch zwei ernsthaftere Serverzentren, die ein hohes Ma\u00df an Sicherheit gew\u00e4hrleisten (und wir haben auch die K\u00fchlung des Raums gel\u00f6st und die gesamte technische Hintergrundarbeit durchgef\u00fchrt). <\/p>\n<p>Unter unserer Anleitung wurde eine K\u00fcche mit einer Kapazit\u00e4t von 300 Portionen entworfen und gebaut und das B\u00fcrogeb\u00e4ude wurde mit individueller M\u00f6blierung (ma\u00dfgefertigte Lampen, Designer-Teppiche usw.) \u00fcbergeben.<\/p>\n<p>Die Renovierung und der Umbau des B\u00fcrogeb\u00e4udes in der Innenstadt im V. Bezirk wurde durch die EBH INVEST durchgef\u00fchrt.<\/p>\n<p>[\/et_pb_text][\/et_pb_column][et_pb_column type=&#8220;1_2&#8243; _builder_version=&#8220;4.27.3&#8243; _module_preset=&#8220;default&#8220; global_colors_info=&#8220;{}&#8220;][et_pb_text _builder_version=&#8220;4.27.3&#8243; _module_preset=&#8220;default&#8220; text_line_height=&#8220;1.4em&#8220; background_color=&#8220;#eff3f6&#8243; custom_margin=&#8220;0px||||false|false&#8220; custom_padding=&#8220;23px|10px|23px|10px|true|true&#8220; border_width_all=&#8220;2px&#8220; border_color_all=&#8220;#dfe6ed&#8220; global_colors_info=&#8220;{}&#8220;]<\/p>\n<p><span style=\"color: #6d8dac;\">Projektname:<br \/><\/span>Komplette Innenrenovierung des B\u00fcrogeb\u00e4udes Bajcsy-Vad\u00e1sz (Planung, Bau)<\/p>\n<p><span style=\"color: #6d8dac;\">Lage:<br \/><\/span> 1054 Budapest, Vad\u00e1sz u. 23. \u00b7<\/p>\n<p><span style=\"color: #6d8dac;\">Auftrag:<br \/><\/span>Innenarchitektur und (Ausbau-)Bau, komplette TGA-Sanierung, Schaffung eines schattigen Raumes (sog. Faradayscher K\u00e4fig), Schaffung eines Serverzentrums mit hohen Sicherheitsbedingungen<\/p>\n<p><span style=\"color: #6d8dac;\">Grundfl\u00e4che:<br \/><\/span> 11.000 m2<\/p>\n<p><span style=\"color: #6d8dac;\">Dauer der Umsetzung:<br \/><\/span>August 2014-August 2015<\/p>\n<p><span style=\"color: #6d8dac;\">Auftraggeber:<br \/><\/span> Magyar Energetikai \u00e9s K\u00f6zm\u0171-szab\u00e1lyoz\u00e1si Hivatal<\/p>\n<p>[\/et_pb_text][\/et_pb_column][\/et_pb_row][\/et_pb_section][et_pb_section fb_built=&#8220;1&#8243; _builder_version=&#8220;4.27.3&#8243; _module_preset=&#8220;default&#8220; custom_padding=&#8220;8px||54px|||&#8220; global_colors_info=&#8220;{}&#8220;][et_pb_row _builder_version=&#8220;4.27.3&#8243; _module_preset=&#8220;default&#8220; global_colors_info=&#8220;{}&#8220;][et_pb_column type=&#8220;4_4&#8243; _builder_version=&#8220;4.27.3&#8243; _module_preset=&#8220;default&#8220; global_colors_info=&#8220;{}&#8220;][et_pb_heading title=&#8220;Schauen Sie sich das renovierte Geb\u00e4ude an&#8220; _builder_version=&#8220;4.27.3&#8243; _module_preset=&#8220;default&#8220; title_text_align=&#8220;center&#8220; global_colors_info=&#8220;{}&#8220;][\/et_pb_heading][\/et_pb_column][\/et_pb_row][et_pb_row _builder_version=&#8220;4.27.3&#8243; _module_preset=&#8220;default&#8220; global_colors_info=&#8220;{}&#8220;][et_pb_column type=&#8220;4_4&#8243; _builder_version=&#8220;4.27.3&#8243; _module_preset=&#8220;default&#8220; global_colors_info=&#8220;{}&#8220;][difl_justifiedgallery image_size=&#8220;large&#8220; use_lightbox=&#8220;on&#8220; use_lightbox_download=&#8220;on&#8220; border_anim=&#8220;on&#8220; border_anm_style=&#8220;c4-border-ccc-3&#8243; anm_content_padding=&#8220;0.5em&#8220; _builder_version=&#8220;4.27.4&#8243; _module_preset=&#8220;default&#8220; hover_enabled=&#8220;0&#8243; global_colors_info=&#8220;{}&#8220; gallery=&#8220;1947,1948,1949,1950,1951,1952&#8243; sticky_enabled=&#8220;0&#8243;][\/difl_justifiedgallery][\/et_pb_column][\/et_pb_row][et_pb_row _builder_version=&#8220;4.27.3&#8243; _module_preset=&#8220;default&#8220; global_colors_info=&#8220;{}&#8220;][et_pb_column type=&#8220;4_4&#8243; _builder_version=&#8220;4.27.3&#8243; _module_preset=&#8220;default&#8220; global_colors_info=&#8220;{}&#8220;][et_pb_heading title=&#8220;Weitergeben an&#8220; _builder_version=&#8220;4.27.3&#8243; _module_preset=&#8220;default&#8220; title_level=&#8220;h3&#8243; title_text_align=&#8220;center&#8220; global_colors_info=&#8220;{}&#8220;][\/et_pb_heading][difl_social_share content_alignment=&#8220;center&#8220; column_auto_child_item_alignment=&#8220;center&#8220; text_container_bg_color_bgcolor=&#8220;RGBA(255,255,255,0)&#8220; _builder_version=&#8220;4.27.3&#8243; _module_preset=&#8220;default&#8220; label_font=&#8220;|||||on|||&#8220; label_text_align=&#8220;center&#8220; label_text_color=&#8220;#FFFFFF&#8220; global_colors_info=&#8220;{}&#8220;][difl_social_share_item social_network=&#8220;facebook&#8220; _builder_version=&#8220;4.27.3&#8243; _module_preset=&#8220;default&#8220; background_color=&#8220;#1877F2&#8243; global_colors_info=&#8220;{}&#8220;][\/difl_social_share_item][difl_social_share_item social_network=&#8220;twitter&#8220; _builder_version=&#8220;4.27.3&#8243; _module_preset=&#8220;default&#8220; background_color=&#8220;#000000&#8243; global_colors_info=&#8220;{}&#8220;][\/difl_social_share_item][difl_social_share_item social_network=&#8220;linkedin&#8220; _builder_version=&#8220;4.27.3&#8243; _module_preset=&#8220;default&#8220; background_color=&#8220;#007bb6&#8243; global_colors_info=&#8220;{}&#8220;][\/difl_social_share_item][difl_social_share_item social_network=&#8220;pinterest&#8220; _builder_version=&#8220;4.27.3&#8243; _module_preset=&#8220;default&#8220; background_color=&#8220;#cb2027&#8243; global_colors_info=&#8220;{}&#8220;][\/difl_social_share_item][\/difl_social_share][\/et_pb_column][\/et_pb_row][\/et_pb_section]<\/p>\n","protected":false},"excerpt":{"rendered":"<p>Renovierung und Innenausbau (fit-out) des B\u00fcrohauses Vad\u00e1sz in Budapest Fit-out | Geb\u00e4udetechnik | Geb\u00e4udestrom Neben einer der verkehrsreichsten Kreuzungen im V. Bezirk, 1 Minute vom Markt in der Hold utca entfernt, befindet sich das Bajcsy-B\u00fcrogeb\u00e4ude, das von Bajcsy-Zsilinszky \u00fat und der Vad\u00e1sz utca begrenzt wird. W\u00e4hrend des Projekts haben wir mehr als 11.000 m2 Bruttob\u00fcrofl\u00e4che [&hellip;]<\/p>\n","protected":false},"author":1,"featured_media":0,"parent":0,"menu_order":0,"comment_status":"closed","ping_status":"closed","template":"","meta":{"_et_pb_use_builder":"on","_et_pb_old_content":"","_et_gb_content_width":"","footnotes":""},"difl_page_category":[],"class_list":["post-10501","page","type-page","status-publish","hentry"],"_links":{"self":[{"href":"https:\/\/ebhinvest.hu\/de\/wp-json\/wp\/v2\/pages\/10501","targetHints":{"allow":["GET"]}}],"collection":[{"href":"https:\/\/ebhinvest.hu\/de\/wp-json\/wp\/v2\/pages"}],"about":[{"href":"https:\/\/ebhinvest.hu\/de\/wp-json\/wp\/v2\/types\/page"}],"author":[{"embeddable":true,"href":"https:\/\/ebhinvest.hu\/de\/wp-json\/wp\/v2\/users\/1"}],"replies":[{"embeddable":true,"href":"https:\/\/ebhinvest.hu\/de\/wp-json\/wp\/v2\/comments?post=10501"}],"version-history":[{"count":2,"href":"https:\/\/ebhinvest.hu\/de\/wp-json\/wp\/v2\/pages\/10501\/revisions"}],"predecessor-version":[{"id":10505,"href":"https:\/\/ebhinvest.hu\/de\/wp-json\/wp\/v2\/pages\/10501\/revisions\/10505"}],"wp:attachment":[{"href":"https:\/\/ebhinvest.hu\/de\/wp-json\/wp\/v2\/media?parent=10501"}],"wp:term":[{"taxonomy":"difl_page_category","embeddable":true,"href":"https:\/\/ebhinvest.hu\/de\/wp-json\/wp\/v2\/difl_page_category?post=10501"}],"curies":[{"name":"wp","href":"https:\/\/api.w.org\/{rel}","templated":true}]}}