{"id":10507,"date":"2025-02-06T15:45:35","date_gmt":"2025-02-06T14:45:35","guid":{"rendered":"https:\/\/ebhinvest.hu\/eisbahn-varosliget-in-budapest\/"},"modified":"2025-03-06T09:52:14","modified_gmt":"2025-03-06T08:52:14","slug":"eisbahn-varosliget-in-budapest","status":"publish","type":"page","link":"https:\/\/ebhinvest.hu\/de\/eisbahn-varosliget-in-budapest\/","title":{"rendered":"Eisbahn V\u00e1rosliget in Budapest"},"content":{"rendered":"<p>[et_pb_section fb_built=&#8220;1&#8243; _builder_version=&#8220;4.27.4&#8243; _module_preset=&#8220;default&#8220; background_color=&#8220;gcid-heading-color&#8220; module_alignment=&#8220;center&#8220; min_height=&#8220;350px&#8220; custom_margin=&#8220;3px|0px|3px|0px|false|false&#8220; custom_padding=&#8220;30px|0px|13px|0px|false|false&#8220; hover_enabled=&#8220;0&#8243; global_colors_info=&#8220;{%22gcid-heading-color%22:%91%22background_color%22%93}&#8220; theme_builder_area=&#8220;post_content&#8220; alt=&#8220;EBH Invest &#8211; V\u00e1rosligeti M\u0171j\u00e9gp\u00e1lya \u00e9p\u00fcletegy\u00fcttes\u00e9nek rekonstrukci\u00f3s kivitelez\u00e9se&#8220; title_text=&#8220;ebh_varosligetimujegpalya4&#8243; background_image=&#8220;https:\/\/ebhinvest.hu\/wp-content\/uploads\/2025\/02\/ebh_varosligetimujegpalya4.jpg&#8220; sticky_enabled=&#8220;0&#8243;][et_pb_row _builder_version=&#8220;4.27.3&#8243; _module_preset=&#8220;default&#8220; custom_margin=&#8220;10px||10px||false|false&#8220; global_colors_info=&#8220;{}&#8220; theme_builder_area=&#8220;post_content&#8220;][et_pb_column type=&#8220;4_4&#8243; _builder_version=&#8220;4.27.3&#8243; _module_preset=&#8220;default&#8220; custom_padding=&#8220;0px|0px|0px|0px|false|false&#8220; global_colors_info=&#8220;{}&#8220; theme_builder_area=&#8220;post_content&#8220;][et_pb_text _builder_version=&#8220;4.27.3&#8243; _module_preset=&#8220;default&#8220; background_color=&#8220;RGBA(255,255,255,0)&#8220; custom_margin=&#8220;0px|0px|0px|0px|false|false&#8220; custom_padding=&#8220;0px||0px||false|false&#8220; text_text_shadow_style=&#8220;preset4&#8243; text_text_shadow_horizontal_length=&#8220;0.68em&#8220; text_text_shadow_vertical_length=&#8220;0.55em&#8220; text_text_shadow_blur_strength=&#8220;0.36em&#8220; global_colors_info=&#8220;{}&#8220; theme_builder_area=&#8220;post_content&#8220;]<\/p>\n<h1 style=\"text-align: center;\"><span style=\"color: #ffffff;\">Eisbahn V\u00e1rosliget in Budapest<\/span><\/h1>\n<p><span style=\"color: #ffffff;\"><\/span><\/p>\n<p><span style=\"color: #ffffff;\"><img loading=\"lazy\" decoding=\"async\" src=\"https:\/\/ebhinvest.hu\/wp-content\/uploads\/2024\/11\/csakcsik-1.jpg\" width=\"250\" height=\"7\" alt=\"\" class=\"wp-image-275 alignnone size-full\" style=\"display: block; margin-left: auto; margin-right: auto;\"><\/span><\/p>\n<h5 style=\"text-align: center;\"><span style=\"color: #ffffff;\"><\/span><\/h5>\n<h5 style=\"text-align: center;\"><span style=\"color: #ffffff;\"><\/span><\/h5>\n<h5 style=\"text-align: center;\"><span style=\"color: #ffffff;\">Hallen und Industriebauten | Denkmalrestaurierung | Denkmalrestaurierung | Geb\u00e4udestrom <br \/><\/span><\/h5>\n<p>[\/et_pb_text][\/et_pb_column][\/et_pb_row][\/et_pb_section][et_pb_section fb_built=&#8220;1&#8243; _builder_version=&#8220;4.27.3&#8243; _module_preset=&#8220;default&#8220; custom_padding=&#8220;20px||5px||false|false&#8220; global_colors_info=&#8220;{}&#8220; theme_builder_area=&#8220;post_content&#8220;][et_pb_row column_structure=&#8220;1_2,1_2&#8243; _builder_version=&#8220;4.27.3&#8243; _module_preset=&#8220;default&#8220; global_colors_info=&#8220;{}&#8220; theme_builder_area=&#8220;post_content&#8220;][et_pb_column type=&#8220;1_2&#8243; _builder_version=&#8220;4.27.3&#8243; _module_preset=&#8220;default&#8220; global_colors_info=&#8220;{}&#8220; theme_builder_area=&#8220;post_content&#8220;][et_pb_text _builder_version=&#8220;4.27.4&#8243; _module_preset=&#8220;default&#8220; hover_enabled=&#8220;0&#8243; global_colors_info=&#8220;{}&#8220; theme_builder_area=&#8220;post_content&#8220; sticky_enabled=&#8220;0&#8243;]<\/p>\n<p>Eines der Juwelen von Budapest ist die denkmalgesch\u00fctzte Eisbahn V\u00e1rosliget. Die Institution ist die \u00e4lteste und gr\u00f6\u00dfte sich im Freien befindende Eisfl\u00e4che Europas \u2013 fast unglaublich, wurde jedoch 1870 er\u00f6ffnet und ist seit fast 150 Jahren ein Symbol f\u00fcr Winterbewegung und Unterhaltung in der Hauptstadt. <\/p>\n<p>Sie bietet ein einzigartiges Erlebnis in Mitteleuropa, die Freude an der Bewegung inmitten einer Weltstadt im Schatten pr\u00e4chtiger Denkm\u00e4ler und jahrhundertealter B\u00e4ume in einer Umgebung von kultureller Vielfalt zu genie\u00dfen.<\/p>\n<p>Im Rahmen der Rekonstruktion der Eisbahn und der Renovierung des denkmalgesch\u00fctzten Geb\u00e4udes wurden die Eisfl\u00e4che und die Empfangsgeb\u00e4ude erneuert und erweitert. Zwischen November 2012 und Juni 2015 haben wir in mehreren Fachbereichen an der Renovierung der Einrichtung teilgenommen: <\/p>\n<p><strong>1.Phase: <\/strong>Wir haben die Rekonstruktionsarbeiten des Geb\u00e4udekomplexes, die Innenarchitektur- und Restaurierungsarbeiten durchgef\u00fchrt.<\/p>\n<p><strong>2.Phase: <\/strong>Es wurden Niederspannungsinstallationsarbeiten des Geb\u00e4udekomplexes durchgef\u00fchrt (Aufbau eines IT-Systems, eines \u00dcberwachungssystems mit Kameranetzwerk, eines Zugangskontrollsystems, eines Brandmeldesystems, einer Gegensprechanlage, eines audiovisuellen Systems).<\/p>\n<p><strong>3.Phase: <\/strong>Wir haben die Kapazit\u00e4tserweiterung des K\u00fchlsystems f\u00fcr eine vergr\u00f6\u00dferte Eisoberfl\u00e4che aufgebaut. Es war eine ernsthafte berufliche Herausforderung, dass das erforderliche K\u00fchlsystem einen Aufbau von \u00fcberdurchschnittlicher Gr\u00f6\u00dfe erforderte und dass die K\u00e4lteanlagen im renovierten Maschinenraum ausgetauscht werden mussten (Installation von Hochleistungsw\u00e4rmetauschern und -tanks), so dass gleichzeitig ein wesentliches Teil des Maschinenraums unber\u00fchrt bleiben musste. <\/p>\n<p>[\/et_pb_text][\/et_pb_column][et_pb_column type=&#8220;1_2&#8243; _builder_version=&#8220;4.27.3&#8243; _module_preset=&#8220;default&#8220; global_colors_info=&#8220;{}&#8220; theme_builder_area=&#8220;post_content&#8220;][et_pb_text _builder_version=&#8220;4.27.3&#8243; _module_preset=&#8220;default&#8220; text_line_height=&#8220;1.4em&#8220; background_color=&#8220;#eff3f6&#8243; custom_margin=&#8220;0px||||false|false&#8220; custom_padding=&#8220;23px|10px|23px|10px|true|true&#8220; border_width_all=&#8220;2px&#8220; border_color_all=&#8220;#dfe6ed&#8220; global_colors_info=&#8220;{}&#8220; theme_builder_area=&#8220;post_content&#8220;]<\/p>\n<p><span style=\"color: #6d8dac;\">Projektname:<br \/><\/span>Umbau des Geb\u00e4udekomplexes der Eisbahn V\u00e1rosliget<\/p>\n<p><span style=\"color: #6d8dac;\">Lage:<br \/><\/span> 1146 Budapest, Olof Palme s\u00e9t\u00e1ny 5.<\/p>\n<p><span style=\"color: #6d8dac;\">Auftrag:<br \/><\/span>Landschaftsgestaltung, Baumf\u00e4llung, Pflanzenpflege, Stra\u00dfen, Gehwege, Bau eines Zierbeckens, Ausbaggern eines Sees, Bau eines Entw\u00e4sserungsgrabens, Rasen, Rekonstruktion einer Ziertreppe<\/p>\n<p><span style=\"color: #6d8dac;\">Grundfl\u00e4che:<br \/><\/span> 50.000 m2<\/p>\n<p><span style=\"color: #6d8dac;\">Dauer der Umsetzung:<\/span><br \/>November 2012 \u2013 Juni 2015<\/p>\n<p><span style=\"color: #6d8dac;\">Auftraggeber:<br \/><\/span>Rathaus der Hauptstadt Budapest<\/p>\n<p>[\/et_pb_text][\/et_pb_column][\/et_pb_row][\/et_pb_section][et_pb_section fb_built=&#8220;1&#8243; _builder_version=&#8220;4.27.3&#8243; _module_preset=&#8220;default&#8220; custom_padding=&#8220;8px||54px|||&#8220; global_colors_info=&#8220;{}&#8220; theme_builder_area=&#8220;post_content&#8220;][et_pb_row _builder_version=&#8220;4.27.3&#8243; _module_preset=&#8220;default&#8220; global_colors_info=&#8220;{}&#8220; theme_builder_area=&#8220;post_content&#8220;][et_pb_column type=&#8220;4_4&#8243; _builder_version=&#8220;4.27.3&#8243; _module_preset=&#8220;default&#8220; global_colors_info=&#8220;{}&#8220; theme_builder_area=&#8220;post_content&#8220;][et_pb_heading title=&#8220;Schauen Sie sich die Fotos der geleisteten Arbeit&#8220; _builder_version=&#8220;4.27.4&#8243; _module_preset=&#8220;default&#8220; title_text_align=&#8220;center&#8220; hover_enabled=&#8220;0&#8243; global_colors_info=&#8220;{}&#8220; theme_builder_area=&#8220;post_content&#8220; sticky_enabled=&#8220;0&#8243;][\/et_pb_heading][\/et_pb_column][\/et_pb_row][et_pb_row _builder_version=&#8220;4.27.3&#8243; _module_preset=&#8220;default&#8220; global_colors_info=&#8220;{}&#8220; theme_builder_area=&#8220;post_content&#8220;][et_pb_column type=&#8220;4_4&#8243; _builder_version=&#8220;4.27.3&#8243; _module_preset=&#8220;default&#8220; global_colors_info=&#8220;{}&#8220; theme_builder_area=&#8220;post_content&#8220;][difl_justifiedgallery image_size=&#8220;large&#8220; use_lightbox=&#8220;on&#8220; use_lightbox_download=&#8220;on&#8220; border_anim=&#8220;on&#8220; border_anm_style=&#8220;c4-border-ccc-3&#8243; anm_content_padding=&#8220;0.5em&#8220; _builder_version=&#8220;4.27.4&#8243; _module_preset=&#8220;default&#8220; hover_enabled=&#8220;0&#8243; global_colors_info=&#8220;{}&#8220; theme_builder_area=&#8220;post_content&#8220; gallery=&#8220;1973,1974,1975,1976,1977,1978,1979,1980,1981,1982,1983,1984,1985,1986,1987,1988,1989,1990&#8243; sticky_enabled=&#8220;0&#8243;][\/difl_justifiedgallery][\/et_pb_column][\/et_pb_row][et_pb_row _builder_version=&#8220;4.27.3&#8243; _module_preset=&#8220;default&#8220; global_colors_info=&#8220;{}&#8220; theme_builder_area=&#8220;post_content&#8220;][et_pb_column type=&#8220;4_4&#8243; _builder_version=&#8220;4.27.3&#8243; _module_preset=&#8220;default&#8220; global_colors_info=&#8220;{}&#8220; theme_builder_area=&#8220;post_content&#8220;][et_pb_heading title=&#8220;Weitergeben an&#8220; _builder_version=&#8220;4.27.3&#8243; _module_preset=&#8220;default&#8220; title_level=&#8220;h3&#8243; title_text_align=&#8220;center&#8220; global_colors_info=&#8220;{}&#8220; theme_builder_area=&#8220;post_content&#8220;][\/et_pb_heading][difl_social_share content_alignment=&#8220;center&#8220; column_auto_child_item_alignment=&#8220;center&#8220; text_container_bg_color_bgcolor=&#8220;RGBA(255,255,255,0)&#8220; _builder_version=&#8220;4.27.3&#8243; _module_preset=&#8220;default&#8220; label_font=&#8220;|||||on|||&#8220; label_text_align=&#8220;center&#8220; label_text_color=&#8220;#FFFFFF&#8220; global_colors_info=&#8220;{}&#8220; theme_builder_area=&#8220;post_content&#8220;][difl_social_share_item social_network=&#8220;facebook&#8220; _builder_version=&#8220;4.27.3&#8243; _module_preset=&#8220;default&#8220; background_color=&#8220;#1877F2&#8243; global_colors_info=&#8220;{}&#8220; theme_builder_area=&#8220;post_content&#8220;][\/difl_social_share_item][difl_social_share_item social_network=&#8220;twitter&#8220; _builder_version=&#8220;4.27.3&#8243; _module_preset=&#8220;default&#8220; background_color=&#8220;#000000&#8243; global_colors_info=&#8220;{}&#8220; theme_builder_area=&#8220;post_content&#8220;][\/difl_social_share_item][difl_social_share_item social_network=&#8220;linkedin&#8220; _builder_version=&#8220;4.27.3&#8243; _module_preset=&#8220;default&#8220; background_color=&#8220;#007bb6&#8243; global_colors_info=&#8220;{}&#8220; theme_builder_area=&#8220;post_content&#8220;][\/difl_social_share_item][difl_social_share_item social_network=&#8220;pinterest&#8220; _builder_version=&#8220;4.27.3&#8243; _module_preset=&#8220;default&#8220; background_color=&#8220;#cb2027&#8243; global_colors_info=&#8220;{}&#8220; theme_builder_area=&#8220;post_content&#8220;][\/difl_social_share_item][\/difl_social_share][\/et_pb_column][\/et_pb_row][\/et_pb_section]<\/p>\n","protected":false},"excerpt":{"rendered":"<p>Eisbahn V\u00e1rosliget in Budapest Hallen und Industriebauten | Denkmalrestaurierung | Denkmalrestaurierung | Geb\u00e4udestrom Eines der Juwelen von Budapest ist die denkmalgesch\u00fctzte Eisbahn V\u00e1rosliget. Die Institution ist die \u00e4lteste und gr\u00f6\u00dfte sich im Freien befindende Eisfl\u00e4che Europas \u2013 fast unglaublich, wurde jedoch 1870 er\u00f6ffnet und ist seit fast 150 Jahren ein Symbol f\u00fcr Winterbewegung und Unterhaltung [&hellip;]<\/p>\n","protected":false},"author":1,"featured_media":0,"parent":0,"menu_order":0,"comment_status":"closed","ping_status":"closed","template":"","meta":{"_et_pb_use_builder":"on","_et_pb_old_content":"","_et_gb_content_width":"","footnotes":""},"difl_page_category":[],"class_list":["post-10507","page","type-page","status-publish","hentry"],"_links":{"self":[{"href":"https:\/\/ebhinvest.hu\/de\/wp-json\/wp\/v2\/pages\/10507","targetHints":{"allow":["GET"]}}],"collection":[{"href":"https:\/\/ebhinvest.hu\/de\/wp-json\/wp\/v2\/pages"}],"about":[{"href":"https:\/\/ebhinvest.hu\/de\/wp-json\/wp\/v2\/types\/page"}],"author":[{"embeddable":true,"href":"https:\/\/ebhinvest.hu\/de\/wp-json\/wp\/v2\/users\/1"}],"replies":[{"embeddable":true,"href":"https:\/\/ebhinvest.hu\/de\/wp-json\/wp\/v2\/comments?post=10507"}],"version-history":[{"count":2,"href":"https:\/\/ebhinvest.hu\/de\/wp-json\/wp\/v2\/pages\/10507\/revisions"}],"predecessor-version":[{"id":10511,"href":"https:\/\/ebhinvest.hu\/de\/wp-json\/wp\/v2\/pages\/10507\/revisions\/10511"}],"wp:attachment":[{"href":"https:\/\/ebhinvest.hu\/de\/wp-json\/wp\/v2\/media?parent=10507"}],"wp:term":[{"taxonomy":"difl_page_category","embeddable":true,"href":"https:\/\/ebhinvest.hu\/de\/wp-json\/wp\/v2\/difl_page_category?post=10507"}],"curies":[{"name":"wp","href":"https:\/\/api.w.org\/{rel}","templated":true}]}}