{"id":10557,"date":"2025-03-05T04:40:43","date_gmt":"2025-03-05T03:40:43","guid":{"rendered":"https:\/\/ebhinvest.hu\/tiefbau-strassen-eisenbahn\/"},"modified":"2025-03-10T07:14:35","modified_gmt":"2025-03-10T06:14:35","slug":"tiefbau-strassen-eisenbahn","status":"publish","type":"page","link":"https:\/\/ebhinvest.hu\/de\/tiefbau-strassen-eisenbahn\/","title":{"rendered":"RGY Tiefbau (Strassen, Eisenbahn)"},"content":{"rendered":"<p>[et_pb_section fb_built=&#8220;1&#8243; _builder_version=&#8220;4.27.4&#8243; _module_preset=&#8220;default&#8220; background_color=&#8220;gcid-heading-color&#8220; background_image=&#8220;https:\/\/ebhinvest.hu\/wp-content\/uploads\/2025\/02\/ebh_vas_ref.jpg&#8220; background_blend=&#8220;multiply&#8220; min_height=&#8220;250px&#8220; custom_margin=&#8220;5px|0px|3px|0px|false|false&#8220; custom_padding=&#8220;30px|0px|30px|0px|false|false&#8220; global_colors_info=&#8220;{%22gcid-heading-color%22:%91%22background_color%22%93}&#8220;][et_pb_row _builder_version=&#8220;4.27.4&#8243; _module_preset=&#8220;default&#8220; custom_margin=&#8220;10px||10px||false|false&#8220; global_colors_info=&#8220;{}&#8220;][et_pb_column type=&#8220;4_4&#8243; _builder_version=&#8220;4.27.3&#8243; _module_preset=&#8220;default&#8220; custom_padding=&#8220;0px|0px|0px|0px|false|false&#8220; global_colors_info=&#8220;{}&#8220;][et_pb_text _builder_version=&#8220;4.27.4&#8243; _module_preset=&#8220;default&#8220; background_color=&#8220;RGBA(255,255,255,0)&#8220; custom_margin=&#8220;0px|0px|0px|0px|false|false&#8220; custom_padding=&#8220;0px||0px||false|false&#8220; text_text_shadow_style=&#8220;preset4&#8243; text_text_shadow_horizontal_length=&#8220;0.68em&#8220; text_text_shadow_vertical_length=&#8220;0.55em&#8220; text_text_shadow_blur_strength=&#8220;0.36em&#8220; global_colors_info=&#8220;{}&#8220;]<\/p>\n<h1 class=\"entry-title\" itemprop=\"name headline\" style=\"text-align: center;\"><span style=\"color: #ffffff;\">Tiefbau (Strassen, Eisenbahn)<\/span><\/h1>\n<p><span style=\"color: #ffffff;\"><\/span><\/p>\n<p><span style=\"color: #ffffff;\"><img loading=\"lazy\" decoding=\"async\" src=\"https:\/\/ebhinvest.hu\/wp-content\/uploads\/2024\/11\/csakcsik-1.jpg\" width=\"250\" height=\"7\" alt=\"\" class=\"wp-image-275 alignnone size-full\" style=\"display: block; margin-left: auto; margin-right: auto;\"><\/span><\/p>\n<p>[\/et_pb_text][\/et_pb_column][\/et_pb_row][\/et_pb_section][et_pb_section fb_built=&#8220;1&#8243; _builder_version=&#8220;4.27.4&#8243; _module_preset=&#8220;default&#8220; custom_margin=&#8220;0px||0px||false|false&#8220; custom_padding=&#8220;22px||0px||false|false&#8220; global_colors_info=&#8220;{}&#8220;][et_pb_row column_structure=&#8220;1_3,1_3,1_3&#8243; use_custom_gutter=&#8220;on&#8220; gutter_width=&#8220;1&#8243; make_equal=&#8220;on&#8220; _builder_version=&#8220;4.27.4&#8243; _module_preset=&#8220;default&#8220; width=&#8220;89%&#8220; max_width=&#8220;1300px&#8220; module_alignment=&#8220;center&#8220; custom_margin=&#8220;0px||0px||false|false&#8220; custom_padding=&#8220;5px||||false|false&#8220; locked=&#8220;off&#8220; global_colors_info=&#8220;{}&#8220;][et_pb_column type=&#8220;1_3&#8243; _builder_version=&#8220;4.27.4&#8243; _module_preset=&#8220;default&#8220; background_color=&#8220;#FFFFFF&#8220; custom_padding=&#8220;5px|10px|5px|10px|false|false&#8220; animation_style=&#8220;fade&#8220; custom_css_main_element=&#8220;display : flex;||flex-direction : column;&#8220; box_shadow_style=&#8220;preset3&#8243; box_shadow_vertical=&#8220;9px&#8220; box_shadow_blur=&#8220;14px&#8220; global_colors_info=&#8220;{}&#8220;][difl_imagehover image=&#8220;https:\/\/ebhinvest.hu\/wp-content\/uploads\/2025\/02\/ref_ebh_invest_063.jpg&#8220; alt=&#8220;Ausf\u00fchrung des ersten Teils des Freilichtmuseums f\u00fcr Volkskunde&#8220; title_text=&#8220;Ausf\u00fchrung des ersten Teils des Freilichtmuseums f\u00fcr Volkskunde&#8220; use_icon=&#8220;off&#8220; title_tag=&#8220;h4&#8243; overlay=&#8220;on&#8220; overlay_primary=&#8220;rgba(255,255,255,0.31)&#8220; overlay_secondary=&#8220;rgba(12,113,195,0.24)&#8220; border_anim=&#8220;on&#8220; border_anm_style=&#8220;c4-border-ccc-2&#8243; content_position=&#8220;c4-layout-bottom-center&#8220; image_scale=&#8220;c4-image-zoom-in&#8220; always_show_title=&#8220;on&#8220; content_reveal_icon=&#8220;c4-rotate-up-right&#8220; title_margin=&#8220;||10px||false|false&#8220; _builder_version=&#8220;4.27.4&#8243; _module_preset=&#8220;default&#8220; title_font_size=&#8220;23px&#8220; title_line_height=&#8220;1.2em&#8220; title_text_shadow_style=&#8220;preset1&#8243; title_text_shadow_horizontal_length=&#8220;0.15em&#8220; title_text_shadow_vertical_length=&#8220;0.15em&#8220; title_text_shadow_blur_strength=&#8220;0.2em&#8220; global_colors_info=&#8220;{}&#8220;][\/difl_imagehover][et_pb_text _builder_version=&#8220;4.27.4&#8243; _module_preset=&#8220;default&#8220; custom_margin=&#8220;14px|6px|15px|6px|false|false&#8220; global_colors_info=&#8220;{}&#8220;]<\/p>\n<p style=\"text-align: center;\"><strong><img loading=\"lazy\" decoding=\"async\" src=\"https:\/\/ebhinvest.hu\/wp-content\/uploads\/2025\/02\/muemlek.png\" width=\"80\" height=\"80\" alt=\"EBH Invest\" class=\"wp-image-3011 size-medium\"><img loading=\"lazy\" decoding=\"async\" src=\"https:\/\/ebhinvest.hu\/wp-content\/uploads\/2025\/02\/melyepites.png\" width=\"80\" height=\"80\" alt=\"EBH Invest\" class=\"wp-image-3010 size-medium\"><img loading=\"lazy\" decoding=\"async\" src=\"https:\/\/ebhinvest.hu\/wp-content\/uploads\/2025\/02\/fitout.png\" width=\"80\" height=\"80\" alt=\"EBH Invest\" class=\"wp-image-3005 size-medium\"><img loading=\"lazy\" decoding=\"async\" src=\"https:\/\/ebhinvest.hu\/wp-content\/uploads\/2025\/02\/ujepites.png\" width=\"80\" height=\"80\" alt=\"EBH Invest\" class=\"wp-image-3016 size-full\"><img loading=\"lazy\" decoding=\"async\" src=\"https:\/\/ebhinvest.hu\/wp-content\/uploads\/2025\/02\/szerkezetepites.png\" width=\"80\" height=\"80\" alt=\"EBH Invest\" class=\"wp-image-3015 size-medium\"><\/strong><br \/><strong><\/strong><\/p>\n<p style=\"text-align: center;\"><strong>Tiefbau \/ Neubau \/ Denkmalsanierung \/ Hochbau \/ Innenausbau<\/strong><\/p>\n<p>[\/et_pb_text][et_pb_button button_url=&#8220;@ET-DC@eyJkeW5hbWljIjp0cnVlLCJjb250ZW50IjoicG9zdF9saW5rX3VybF9wYWdlIiwic2V0dGluZ3MiOnsicG9zdF9pZCI6IjE3NDUiLCJlbmFibGVfaHRtbCI6Im9mZiJ9fQ==@&#8220; button_text=&#8220;Weiter&#8220; button_alignment=&#8220;center&#8220; _builder_version=&#8220;4.27.4&#8243; _dynamic_attributes=&#8220;button_url&#8220; _module_preset=&#8220;default&#8220; custom_button=&#8220;on&#8220; button_text_color=&#8220;#FFFFFF&#8220; button_bg_color=&#8220;gcid-heading-color&#8220; button_icon=&#8220;&#x49;||divi||400&#8243; button_icon_placement=&#8220;left&#8220; custom_margin=&#8220;auto||15px||false|false&#8220; global_colors_info=&#8220;{%22gcid-heading-color%22:%91%22button_bg_color%22%93}&#8220;][\/et_pb_button][\/et_pb_column][et_pb_column type=&#8220;1_3&#8243; _builder_version=&#8220;4.27.4&#8243; _module_preset=&#8220;default&#8220; background_color=&#8220;#FFFFFF&#8220; custom_padding=&#8220;5px|10px|5px|10px|false|false&#8220; animation_style=&#8220;fade&#8220; custom_css_main_element=&#8220;display : flex;||flex-direction : column;&#8220; box_shadow_style=&#8220;preset3&#8243; box_shadow_vertical=&#8220;9px&#8220; box_shadow_blur=&#8220;14px&#8220; global_colors_info=&#8220;{}&#8220;][difl_imagehover image=&#8220;https:\/\/ebhinvest.hu\/wp-content\/uploads\/2025\/02\/ref_ebh_invest_002-1.jpg&#8220; alt=&#8220;Verlegung der H\u00c9V-Haltestelle Aquincum&#8220; title_text=&#8220;Verlegung der H\u00c9V-Haltestelle Aquincum&#8220; use_icon=&#8220;off&#8220; title_tag=&#8220;h4&#8243; overlay=&#8220;on&#8220; overlay_primary=&#8220;rgba(255,255,255,0.31)&#8220; overlay_secondary=&#8220;rgba(12,113,195,0.24)&#8220; border_anim=&#8220;on&#8220; border_anm_style=&#8220;c4-border-ccc-2&#8243; content_position=&#8220;c4-layout-bottom-center&#8220; image_scale=&#8220;c4-image-zoom-in&#8220; always_show_title=&#8220;on&#8220; content_reveal_icon=&#8220;c4-rotate-up-right&#8220; title_margin=&#8220;||10px||false|false&#8220; _builder_version=&#8220;4.27.4&#8243; _module_preset=&#8220;default&#8220; title_font_size=&#8220;23px&#8220; title_line_height=&#8220;1.2em&#8220; title_text_shadow_style=&#8220;preset1&#8243; title_text_shadow_horizontal_length=&#8220;0.15em&#8220; title_text_shadow_vertical_length=&#8220;0.15em&#8220; title_text_shadow_blur_strength=&#8220;0.2em&#8220; global_colors_info=&#8220;{}&#8220;][\/difl_imagehover][et_pb_text _builder_version=&#8220;4.27.4&#8243; _module_preset=&#8220;default&#8220; custom_margin=&#8220;14px|6px|15px|6px|false|false&#8220; global_colors_info=&#8220;{}&#8220;]<\/p>\n<p style=\"text-align: center;\"><strong><img loading=\"lazy\" decoding=\"async\" src=\"https:\/\/ebhinvest.hu\/wp-content\/uploads\/2025\/02\/melyepites.png\" width=\"80\" height=\"80\" alt=\"EBH Invest\" class=\"wp-image-3010 size-medium\"><img loading=\"lazy\" decoding=\"async\" src=\"https:\/\/ebhinvest.hu\/wp-content\/uploads\/2025\/02\/gepeszet.png\" width=\"80\" height=\"80\" alt=\"EBH Invest\" class=\"wp-image-3006 size-medium\"><\/strong><\/p>\n<p style=\"text-align: center;\"><strong>Tiefbau \/ Geb\u00e4udetechnik<\/strong><\/p>\n<p>[\/et_pb_text][et_pb_button button_url=&#8220;@ET-DC@eyJkeW5hbWljIjp0cnVlLCJjb250ZW50IjoicG9zdF9saW5rX3VybF9wYWdlIiwic2V0dGluZ3MiOnsicG9zdF9pZCI6IjkxNiIsImVuYWJsZV9odG1sIjoib2ZmIn19@&#8220; button_text=&#8220;Weiter&#8220; button_alignment=&#8220;center&#8220; _builder_version=&#8220;4.27.4&#8243; _dynamic_attributes=&#8220;button_url&#8220; _module_preset=&#8220;default&#8220; custom_button=&#8220;on&#8220; button_text_color=&#8220;#FFFFFF&#8220; button_bg_color=&#8220;gcid-heading-color&#8220; button_icon=&#8220;&#x49;||divi||400&#8243; button_icon_placement=&#8220;left&#8220; custom_margin=&#8220;auto||15px||false|false&#8220; global_colors_info=&#8220;{%22gcid-heading-color%22:%91%22button_bg_color%22,%22button_bg_color%22%93}&#8220;][\/et_pb_button][\/et_pb_column][et_pb_column type=&#8220;1_3&#8243; _builder_version=&#8220;4.27.4&#8243; _module_preset=&#8220;default&#8220; background_color=&#8220;#FFFFFF&#8220; custom_padding=&#8220;5px|10px|5px|10px|false|false&#8220; animation_style=&#8220;fade&#8220; custom_css_main_element=&#8220;display : flex;||flex-direction : column;&#8220; box_shadow_style=&#8220;preset3&#8243; box_shadow_vertical=&#8220;9px&#8220; box_shadow_blur=&#8220;14px&#8220; global_colors_info=&#8220;{}&#8220;][difl_imagehover image=&#8220;https:\/\/ebhinvest.hu\/wp-content\/uploads\/2025\/02\/ebh_gadorosi-szennyviztisztito-telep_3.jpg&#8220; alt=&#8220;Kl\u00e4ranlage G\u00e1doros&#8220; title_text=&#8220;Kl\u00e4ranlage G\u00e1doros&#8220; use_icon=&#8220;off&#8220; title_tag=&#8220;h4&#8243; overlay=&#8220;on&#8220; overlay_primary=&#8220;rgba(255,255,255,0.31)&#8220; overlay_secondary=&#8220;rgba(12,113,195,0.24)&#8220; border_anim=&#8220;on&#8220; border_anm_style=&#8220;c4-border-ccc-2&#8243; content_position=&#8220;c4-layout-bottom-center&#8220; image_scale=&#8220;c4-image-zoom-in&#8220; always_show_title=&#8220;on&#8220; content_reveal_icon=&#8220;c4-rotate-up-right&#8220; title_margin=&#8220;||10px||false|false&#8220; _builder_version=&#8220;4.27.4&#8243; _module_preset=&#8220;default&#8220; title_font_size=&#8220;23px&#8220; title_line_height=&#8220;1.2em&#8220; title_text_shadow_style=&#8220;preset1&#8243; title_text_shadow_horizontal_length=&#8220;0.15em&#8220; title_text_shadow_vertical_length=&#8220;0.15em&#8220; title_text_shadow_blur_strength=&#8220;0.2em&#8220; global_colors_info=&#8220;{}&#8220;][\/difl_imagehover][et_pb_text _builder_version=&#8220;4.27.4&#8243; _module_preset=&#8220;default&#8220; custom_margin=&#8220;14px|6px|15px|6px|false|false&#8220; global_colors_info=&#8220;{}&#8220;]<\/p>\n<p style=\"text-align: center;\"><strong><img loading=\"lazy\" decoding=\"async\" src=\"https:\/\/ebhinvest.hu\/wp-content\/uploads\/2025\/02\/melyepites.png\" width=\"80\" height=\"80\" alt=\"EBH Invest\" class=\"wp-image-3010 size-medium\"><img loading=\"lazy\" decoding=\"async\" src=\"https:\/\/ebhinvest.hu\/wp-content\/uploads\/2025\/02\/ujepites.png\" width=\"80\" height=\"80\" alt=\"EBH Invest\" class=\"wp-image-3016 size-full\"><img loading=\"lazy\" decoding=\"async\" src=\"https:\/\/ebhinvest.hu\/wp-content\/uploads\/2025\/02\/szerkezetepites.png\" width=\"80\" height=\"80\" alt=\"EBH Invest\" class=\"wp-image-3015 size-medium\"><img loading=\"lazy\" decoding=\"async\" src=\"https:\/\/ebhinvest.hu\/wp-content\/uploads\/2025\/02\/hg-kv.png\" width=\"80\" height=\"80\" alt=\"EBH Invest\" class=\"wp-image-3007 size-medium\"><\/strong><\/p>\n<p style=\"text-align: center;\"><strong>Tiefbau \/ Neubau \/ Hochbau \/ Abfallwirtschaft, Umweltschutz<br \/><\/strong><\/p>\n<p>[\/et_pb_text][et_pb_button button_url=&#8220;@ET-DC@eyJkeW5hbWljIjp0cnVlLCJjb250ZW50IjoicG9zdF9saW5rX3VybF9wYWdlIiwic2V0dGluZ3MiOnsicG9zdF9pZCI6IjExNjkiLCJlbmFibGVfaHRtbCI6Im9mZiJ9fQ==@&#8220; button_text=&#8220;Weiter&#8220; button_alignment=&#8220;center&#8220; _builder_version=&#8220;4.27.4&#8243; _dynamic_attributes=&#8220;button_url&#8220; _module_preset=&#8220;default&#8220; custom_button=&#8220;on&#8220; button_text_color=&#8220;#FFFFFF&#8220; button_bg_color=&#8220;gcid-heading-color&#8220; button_icon=&#8220;&#x49;||divi||400&#8243; button_icon_placement=&#8220;left&#8220; custom_margin=&#8220;auto||15px||false|false&#8220; global_colors_info=&#8220;{%22gcid-heading-color%22:%91%22button_bg_color%22%93}&#8220;][\/et_pb_button][\/et_pb_column][\/et_pb_row][\/et_pb_section]<\/p>\n","protected":false},"excerpt":{"rendered":"<p>Tiefbau (Strassen, Eisenbahn) <div class=\"et_pb_with_border et_pb_module difl_imagehover difl_imagehover_0\">\n\t\t\t\t\n\t\t\t\t\n\t\t\t\t\n\t\t\t\t\n\t\t\t\t\n\t\t\t\t\n\t\t\t\t<div class=\"et_pb_module_inner\">\n\t\t\t\t\t<div class=\"df_ihb_container c4-image-zoom-in\">\n                <figure class=\"c4-izmir df_ihb_image_wrap c4-border-ccc-2\">\n                    <span class=\"df-overlay\"><\/span>\n                    <img decoding=\"async\" src=\"https:\/\/ebhinvest.hu\/wp-content\/uploads\/2025\/02\/ref_ebh_invest_063.jpg\" alt=\"Ausf\u00fchrung des ersten Teils des Freilichtmuseums f\u00fcr Volkskunde\" \/>\n                    <figcaption class=\"df_ihb_content c4-layout-bottom-center\">\n                        \n                        <div class=\"ihb_title_wrap always-show-title c4-fade-up\"><h4 class=\"df_ihb_title\">Ausf\u00fchrung des ersten Teils des Freilichtmuseums f\u00fcr Volkskunde<\/h4><\/div>\n                    <\/figcaption>\n                <\/figure>\n            <\/div>\n\t\t\t\t<\/div>\n\t\t\t<\/div> Tiefbau \/ Neubau \/ Denkmalsanierung \/ Hochbau \/ Innenausbau<div class=\"et_pb_with_border et_pb_module difl_imagehover difl_imagehover_1\">\n\t\t\t\t\n\t\t\t\t\n\t\t\t\t\n\t\t\t\t\n\t\t\t\t\n\t\t\t\t\n\t\t\t\t<div class=\"et_pb_module_inner\">\n\t\t\t\t\t<div class=\"df_ihb_container no-image-scale\">\n                <figure class=\"c4-izmir df_ihb_image_wrap \">\n                    \n                    <img decoding=\"async\" src=\"&#8220;https:\/\/ebhinvest.hu\/wp-content\/uploads\/2025\/02\/ref_ebh_invest_002-1.jpg&#8220;\" alt=\"&#8220;Verlegung\" \/>\n                    <figcaption class=\"df_ihb_content c4-layout-top-left\">\n                        \n                        \n                    <\/figcaption>\n                <\/figure>\n            <\/div>\n\t\t\t\t<\/div>\n\t\t\t<\/div><\/p>\n","protected":false},"author":1,"featured_media":0,"parent":0,"menu_order":0,"comment_status":"closed","ping_status":"closed","template":"","meta":{"_et_pb_use_builder":"on","_et_pb_old_content":"","_et_gb_content_width":"","footnotes":""},"difl_page_category":[],"class_list":["post-10557","page","type-page","status-publish","hentry"],"_links":{"self":[{"href":"https:\/\/ebhinvest.hu\/de\/wp-json\/wp\/v2\/pages\/10557","targetHints":{"allow":["GET"]}}],"collection":[{"href":"https:\/\/ebhinvest.hu\/de\/wp-json\/wp\/v2\/pages"}],"about":[{"href":"https:\/\/ebhinvest.hu\/de\/wp-json\/wp\/v2\/types\/page"}],"author":[{"embeddable":true,"href":"https:\/\/ebhinvest.hu\/de\/wp-json\/wp\/v2\/users\/1"}],"replies":[{"embeddable":true,"href":"https:\/\/ebhinvest.hu\/de\/wp-json\/wp\/v2\/comments?post=10557"}],"version-history":[{"count":3,"href":"https:\/\/ebhinvest.hu\/de\/wp-json\/wp\/v2\/pages\/10557\/revisions"}],"predecessor-version":[{"id":11177,"href":"https:\/\/ebhinvest.hu\/de\/wp-json\/wp\/v2\/pages\/10557\/revisions\/11177"}],"wp:attachment":[{"href":"https:\/\/ebhinvest.hu\/de\/wp-json\/wp\/v2\/media?parent=10557"}],"wp:term":[{"taxonomy":"difl_page_category","embeddable":true,"href":"https:\/\/ebhinvest.hu\/de\/wp-json\/wp\/v2\/difl_page_category?post=10557"}],"curies":[{"name":"wp","href":"https:\/\/api.w.org\/{rel}","templated":true}]}}