{"id":10683,"date":"2024-11-24T14:44:56","date_gmt":"2024-11-24T13:44:56","guid":{"rendered":"https:\/\/ebhinvest.hu\/unser-preisgekroentes-fe-foerderprojek\/"},"modified":"2025-03-07T07:25:57","modified_gmt":"2025-03-07T06:25:57","slug":"unser-preisgekroentes-fe-foerderprojek","status":"publish","type":"page","link":"https:\/\/ebhinvest.hu\/de\/unser-preisgekroentes-fe-foerderprojek\/","title":{"rendered":"Unser preisgekr\u00f6ntes F&amp;E-F\u00f6rderprojek"},"content":{"rendered":"<p>[et_pb_section fb_built=&#8220;1&#8243; _builder_version=&#8220;4.27.3&#8243; _module_preset=&#8220;default&#8220; global_colors_info=&#8220;{}&#8220;][et_pb_row _builder_version=&#8220;4.27.3&#8243; _module_preset=&#8220;default&#8220; global_colors_info=&#8220;{}&#8220;][et_pb_column type=&#8220;4_4&#8243; _builder_version=&#8220;4.27.3&#8243; _module_preset=&#8220;default&#8220; global_colors_info=&#8220;{}&#8220;][et_pb_text _builder_version=&#8220;4.27.3&#8243; _module_preset=&#8220;default&#8220; global_colors_info=&#8220;{}&#8220;]<\/p>\n<h1 class=\"entry-title\" itemprop=\"name headline\" style=\"text-align: center;\">Unser preisgekr\u00f6ntes F&amp;E-F\u00f6rderprojekt: Entwicklung eines Reaktors zur thermischen Abfallverwertung<\/h1>\n<p>[\/et_pb_text][\/et_pb_column][\/et_pb_row][et_pb_row _builder_version=&#8220;4.27.3&#8243; _module_preset=&#8220;default&#8220; global_colors_info=&#8220;{}&#8220;][et_pb_column type=&#8220;4_4&#8243; _builder_version=&#8220;4.27.3&#8243; _module_preset=&#8220;default&#8220; global_colors_info=&#8220;{}&#8220;][et_pb_text _builder_version=&#8220;4.27.3&#8243; _module_preset=&#8220;default&#8220; text_orientation=&#8220;center&#8220; global_colors_info=&#8220;{}&#8220;]<\/p>\n<p class=\"entry-title\" itemprop=\"name headline\"><img loading=\"lazy\" decoding=\"async\" src=\"https:\/\/ebhinvest.hu\/wp-content\/uploads\/2024\/11\/NKFIA_infoblokk_kerettel_projekt_allo_2019_HU-360x273-1-300x228.jpg\" width=\"300\" height=\"228\" alt=\"\" class=\"wp-image-452 alignnone size-medium\" srcset=\"https:\/\/ebhinvest.hu\/wp-content\/uploads\/2024\/11\/NKFIA_infoblokk_kerettel_projekt_allo_2019_HU-360x273-1-300x228.jpg 300w, https:\/\/ebhinvest.hu\/wp-content\/uploads\/2024\/11\/NKFIA_infoblokk_kerettel_projekt_allo_2019_HU-360x273-1.jpg 360w\" sizes=\"(max-width: 300px) 100vw, 300px\" \/><\/p>\n<p>Am 2. Juli 2019 haben EB HUNGARY INVEST GmbH und ein Konsortialpartner mit der Umsetzung des unter der Nummer 2018-1.1.2-KFI-2018-00206 registrierten Forschungs- und Entwicklungsprojekts begonnen, das die Entwicklung einer thermokatalytischen Abbruchtechnologie und einer Prototypanlage zum Ziel hat, was ein kontinuierliches, flexibles und wirtschaftliches Abfallverwertungsverfahren ist.  <\/p>\n<p>Die von EB HUNGARY INVEST GmbH und ihrem Konsortialpartner zu entwickelnde Technologie und Prototypanlage ist ein kontinuierlich arbeitender, flexibler und wirtschaftlicher Abfallverwertungsprozess f\u00fcr den Scale-up beim Verbraucher. Ziel ist die Umwandlung von Abf\u00e4llen in wertvolle Rohstoffe unter maximaler Umweltvertr\u00e4glichkeit, ohne den Einsatz von zus\u00e4tzlichen Katalysatoren. Das Hauptziel unseres Projektes ist die Erforschung und Entwicklung von thermischen Abbauprozessen, insbesondere f\u00fcr die Verarbeitbarkeit und Verwertbarkeit von gemischtem Siedlungsabfall (RDF).   <\/p>\n<p>Der geplante Entwicklungszeitraum des Projekts ist bis zum 30. Juni 2021. <\/p>\n<p>Projektcode: Projekt mit Kennzahl 2018-1.1.2-KFI-2018-00206<\/p>\n<p>&nbsp;<\/p>\n<p><img loading=\"lazy\" decoding=\"async\" src=\"https:\/\/ebhinvest.hu\/wp-content\/uploads\/2024\/11\/Reaktor-metszet-1-360x273-1-300x228.jpg\" width=\"300\" height=\"228\" alt=\"\" class=\"wp-image-453 alignnone size-medium\" srcset=\"https:\/\/ebhinvest.hu\/wp-content\/uploads\/2024\/11\/Reaktor-metszet-1-360x273-1-300x228.jpg 300w, https:\/\/ebhinvest.hu\/wp-content\/uploads\/2024\/11\/Reaktor-metszet-1-360x273-1.jpg 360w\" sizes=\"(max-width: 300px) 100vw, 300px\" \/><\/p>\n<p>In Ungarn konzentrierte sich die Forschung und Entwicklung von Pyrolyse-Technologien in den letzten Jahrzehnten auf Hochtemperatur-Technologien, die schlie\u00dflich aus unterschiedlichen Gr\u00fcnden nicht in der industriellen Praxis angewendet wurden. Die Technologie, die wir entwickeln, hat eine niedrigere Temperatur, und das Hauptprodukt ist Synthesegas, das einfach und breit nutzbar ist. <\/p>\n<p>Ein stabiler und wirtschaftlich rentabler Betrieb kann mit einer stabilen Rohstoffbasis oder mit einer flexiblen Technologie, die sich an eine sich \u00e4ndernde Rohstoffbasis anpassen kann, erreicht werden. Dies erfordert Kenntnisse \u00fcber die Rohstoffbasis und deren Ver\u00e4nderungszyklen, die Vorbehandlung und Homogenisierung von Abf\u00e4llen aus verschiedenen Quellen sowie die Zielmischungsparameter und -formulierungen. Deren Erforschung und Optimierung ist in Ungarn noch nicht erfolgt, und diese Aufgabe wird als Ausgangspunkt f\u00fcr die fachliche Arbeit zus\u00e4tzlich durchgef\u00fchrt werden.  <\/p>\n<p>Deren Erforschung und Optimierung ist in Ungarn noch nicht erfolgt, und diese Aufgabe wird als Ausgangspunkt f\u00fcr die fachliche Arbeit zus\u00e4tzlich durchgef\u00fchrt werden.<\/p>\n<p>Zuerkannter Konsortialzuschuss: HUF 347.556.375<\/p>\n<p><img loading=\"lazy\" decoding=\"async\" src=\"https:\/\/ebhinvest.hu\/wp-content\/uploads\/2024\/11\/NKFIA_infoblokk_kerettel_projekt_allo_2019_HU-360x273-1-300x228.jpg\" width=\"300\" height=\"228\" alt=\"\" class=\"wp-image-452 alignnone size-medium\" srcset=\"https:\/\/ebhinvest.hu\/wp-content\/uploads\/2024\/11\/NKFIA_infoblokk_kerettel_projekt_allo_2019_HU-360x273-1-300x228.jpg 300w, https:\/\/ebhinvest.hu\/wp-content\/uploads\/2024\/11\/NKFIA_infoblokk_kerettel_projekt_allo_2019_HU-360x273-1.jpg 360w\" sizes=\"(max-width: 300px) 100vw, 300px\" \/><\/p>\n<p>[\/et_pb_text][\/et_pb_column][\/et_pb_row][\/et_pb_section]<\/p>\n","protected":false},"excerpt":{"rendered":"<p>Unser preisgekr\u00f6ntes F&amp;E-F\u00f6rderprojekt: Entwicklung eines Reaktors zur thermischen Abfallverwertung Am 2. Juli 2019 haben EB HUNGARY INVEST GmbH und ein Konsortialpartner mit der Umsetzung des unter der Nummer 2018-1.1.2-KFI-2018-00206 registrierten Forschungs- und Entwicklungsprojekts begonnen, das die Entwicklung einer thermokatalytischen Abbruchtechnologie und einer Prototypanlage zum Ziel hat, was ein kontinuierliches, flexibles und wirtschaftliches Abfallverwertungsverfahren ist. Die [&hellip;]<\/p>\n","protected":false},"author":1,"featured_media":0,"parent":0,"menu_order":0,"comment_status":"closed","ping_status":"closed","template":"","meta":{"_et_pb_use_builder":"on","_et_pb_old_content":"","_et_gb_content_width":"","footnotes":""},"difl_page_category":[],"class_list":["post-10683","page","type-page","status-publish","hentry"],"_links":{"self":[{"href":"https:\/\/ebhinvest.hu\/de\/wp-json\/wp\/v2\/pages\/10683","targetHints":{"allow":["GET"]}}],"collection":[{"href":"https:\/\/ebhinvest.hu\/de\/wp-json\/wp\/v2\/pages"}],"about":[{"href":"https:\/\/ebhinvest.hu\/de\/wp-json\/wp\/v2\/types\/page"}],"author":[{"embeddable":true,"href":"https:\/\/ebhinvest.hu\/de\/wp-json\/wp\/v2\/users\/1"}],"replies":[{"embeddable":true,"href":"https:\/\/ebhinvest.hu\/de\/wp-json\/wp\/v2\/comments?post=10683"}],"version-history":[{"count":2,"href":"https:\/\/ebhinvest.hu\/de\/wp-json\/wp\/v2\/pages\/10683\/revisions"}],"predecessor-version":[{"id":10687,"href":"https:\/\/ebhinvest.hu\/de\/wp-json\/wp\/v2\/pages\/10683\/revisions\/10687"}],"wp:attachment":[{"href":"https:\/\/ebhinvest.hu\/de\/wp-json\/wp\/v2\/media?parent=10683"}],"wp:term":[{"taxonomy":"difl_page_category","embeddable":true,"href":"https:\/\/ebhinvest.hu\/de\/wp-json\/wp\/v2\/difl_page_category?post=10683"}],"curies":[{"name":"wp","href":"https:\/\/api.w.org\/{rel}","templated":true}]}}