{"id":10699,"date":"2024-11-22T09:32:03","date_gmt":"2024-11-22T08:32:03","guid":{"rendered":"https:\/\/ebhinvest.hu\/leistungen\/"},"modified":"2025-03-10T07:12:01","modified_gmt":"2025-03-10T06:12:01","slug":"leistungen","status":"publish","type":"page","link":"https:\/\/ebhinvest.hu\/de\/leistungen\/","title":{"rendered":"SZO Leistungen"},"content":{"rendered":"<p>[et_pb_section fb_built=&#8220;1&#8243; _builder_version=&#8220;4.27.3&#8243; _module_preset=&#8220;default&#8220; background_color=&#8220;gcid-heading-color&#8220; background_image=&#8220;https:\/\/ebhinvest.hu\/wp-content\/uploads\/2024\/11\/hatter_main.jpg&#8220; parallax=&#8220;on&#8220; custom_margin=&#8220;3px|0px|3px|0px|false|false&#8220; custom_padding=&#8220;30px|0px|30px|0px|false|false&#8220; global_colors_info=&#8220;{%22gcid-heading-color%22:%91%22background_color%22%93}&#8220;][et_pb_row _builder_version=&#8220;4.27.3&#8243; _module_preset=&#8220;default&#8220; custom_margin=&#8220;10px||10px||false|false&#8220; global_colors_info=&#8220;{}&#8220;][et_pb_column type=&#8220;4_4&#8243; _builder_version=&#8220;4.27.3&#8243; _module_preset=&#8220;default&#8220; custom_padding=&#8220;0px|0px|0px|0px|false|false&#8220; global_colors_info=&#8220;{}&#8220;][et_pb_text _builder_version=&#8220;4.27.3&#8243; _module_preset=&#8220;default&#8220; background_color=&#8220;RGBA(255,255,255,0)&#8220; custom_margin=&#8220;0px|0px|0px|0px|false|false&#8220; custom_padding=&#8220;0px||0px||false|false&#8220; global_colors_info=&#8220;{}&#8220;]<\/p>\n<h1 style=\"text-align: center;\"><span style=\"color: #ffffff;\">Leistungen<\/span><\/h1>\n<p>[\/et_pb_text][\/et_pb_column][\/et_pb_row][\/et_pb_section][et_pb_section fb_built=&#8220;1&#8243; _builder_version=&#8220;4.27.3&#8243; _module_preset=&#8220;default&#8220; custom_margin=&#8220;0px||0px||false|false&#8220; custom_padding=&#8220;0px||0px||false|false&#8220; global_colors_info=&#8220;{}&#8220;][et_pb_row column_structure=&#8220;1_3,1_3,1_3&#8243; use_custom_gutter=&#8220;on&#8220; gutter_width=&#8220;1&#8243; make_equal=&#8220;on&#8220; _builder_version=&#8220;4.27.3&#8243; _module_preset=&#8220;default&#8220; width=&#8220;100%&#8220; max_width=&#8220;100%&#8220; custom_margin=&#8220;0px|0px||0px|false|true&#8220; custom_padding=&#8220;0px|0px|0px|0px|false|false&#8220; global_colors_info=&#8220;{}&#8220;][et_pb_column type=&#8220;1_3&#8243; _builder_version=&#8220;4.27.3&#8243; _module_preset=&#8220;default&#8220; global_colors_info=&#8220;{}&#8220;][difl_hoverbox title=&#8220;Entwerfen &amp; Bauen&#8220; hb_btn_button_url_new_window=&#8220;1&#8243; content_on_hover=&#8220;on&#8220; button_on_hover=&#8220;on&#8220; background_scale=&#8220;on&#8220; hb_btn_background_bgcolor=&#8220;gcid-heading-color&#8220; hb_background_background_image=&#8220;https:\/\/ebhinvest.hu\/wp-content\/uploads\/2024\/11\/7-4-scaled-1113&#215;742-1.jpg&#8220; hb_background_background_image_size=&#8220;actual_size&#8220; vertical_align=&#8220;center&#8220; wrapper_margin=&#8220;0px||||false|false&#8220; wrapper_padding=&#8220;33%||33%||true|false&#8220; button_wrapper_padding=&#8220;||||false|false&#8220; title_margin=&#8220;|||30px|true|false&#8220; title_padding=&#8220;5%||5%|20px|false|false&#8220; subtitle_margin=&#8220;|||30px|false|false&#8220; content_margin=&#8220;|||5%|false|false&#8220; content_padding=&#8220;5%||5%|30px|false|false&#8220; button_margin=&#8220;|||5%|false|false&#8220; button_padding=&#8220;10px|5%|10px|5%|false|false&#8220; title_bg_bgcolor=&#8220;rgba(0,0,0,0.44)&#8220; content_bg_bgcolor=&#8220;rgba(0,0,0,0.3)&#8220; _builder_version=&#8220;4.27.3&#8243; _dynamic_attributes=&#8220;link_option_url&#8220; _module_preset=&#8220;default&#8220; title_text_color=&#8220;#FFFFFF&#8220; content_text_color=&#8220;#FFFFFF&#8220; content_font_size=&#8220;18px&#8220; button_font=&#8220;|800|||||||&#8220; button_text_color=&#8220;#FFFFFF&#8220; custom_margin=&#8220;3px|3px|3px|3px|false|false&#8220; link_option_url=&#8220;@ET-DC@eyJkeW5hbWljIjp0cnVlLCJjb250ZW50IjoicG9zdF9saW5rX3VybF9wYWdlIiwic2V0dGluZ3MiOnsicG9zdF9pZCI6IjIxMiJ9fQ==@&#8220; global_colors_info=&#8220;{%22gcid-heading-color%22:%91%22hb_btn_background_bgcolor%22%93}&#8220;]<\/p>\n<p><img loading=\"lazy\" decoding=\"async\" src=\"https:\/\/ebhinvest.hu\/wp-content\/uploads\/2024\/11\/ikon_feher_noback-e1725892084334.png\" width=\"150\" height=\"150\" alt=\"\" class=\"wp-image-189 alignnone size-full\"><\/p>\n<p>Unser Design &amp; Build Service kombiniert architektonischen Entwurf und Konstruktion.<\/p>\n<p>[\/difl_hoverbox][\/et_pb_column][et_pb_column type=&#8220;1_3&#8243; _builder_version=&#8220;4.27.3&#8243; _module_preset=&#8220;default&#8220; global_colors_info=&#8220;{}&#8220;][difl_hoverbox title=&#8220;Hallen- und Industrieanlagen&#8220; hb_btn_button_url_new_window=&#8220;1&#8243; content_on_hover=&#8220;on&#8220; button_on_hover=&#8220;on&#8220; background_scale=&#8220;on&#8220; hb_btn_background_bgcolor=&#8220;gcid-heading-color&#8220; hb_background_background_image=&#8220;https:\/\/ebhinvest.hu\/wp-content\/uploads\/2024\/11\/main-csarnok-1.jpg&#8220; hb_background_background_image_size=&#8220;actual_size&#8220; vertical_align=&#8220;center&#8220; wrapper_margin=&#8220;0px||||false|false&#8220; wrapper_padding=&#8220;33%||33%||true|false&#8220; button_wrapper_padding=&#8220;||||false|false&#8220; title_margin=&#8220;|||30px|true|false&#8220; title_padding=&#8220;5%||5%|20px|false|false&#8220; subtitle_margin=&#8220;|||30px|false|false&#8220; content_margin=&#8220;|||5%|false|false&#8220; content_padding=&#8220;5%|5px|5%|30px|false|false&#8220; button_margin=&#8220;|||5%|false|false&#8220; button_padding=&#8220;10px|5%|10px|5%|false|false&#8220; title_bg_bgcolor=&#8220;rgba(0,0,0,0.44)&#8220; content_bg_bgcolor=&#8220;rgba(0,0,0,0.3)&#8220; _builder_version=&#8220;4.27.3&#8243; _dynamic_attributes=&#8220;link_option_url&#8220; _module_preset=&#8220;default&#8220; title_text_color=&#8220;#FFFFFF&#8220; content_text_color=&#8220;#FFFFFF&#8220; content_font_size=&#8220;18px&#8220; button_font=&#8220;|800|||||||&#8220; button_text_color=&#8220;#FFFFFF&#8220; custom_margin=&#8220;3px|3px|3px|3px|false|false&#8220; link_option_url=&#8220;@ET-DC@eyJkeW5hbWljIjp0cnVlLCJjb250ZW50IjoicG9zdF9saW5rX3VybF9wYWdlIiwic2V0dGluZ3MiOnsicG9zdF9pZCI6IjIxNyJ9fQ==@&#8220; global_colors_info=&#8220;{%22gcid-heading-color%22:%91%22hb_btn_background_bgcolor%22%93}&#8220;]<\/p>\n<p><img loading=\"lazy\" decoding=\"async\" src=\"https:\/\/ebhinvest.hu\/wp-content\/uploads\/2024\/11\/csarnok_ikon_feher-1.png\" width=\"134\" height=\"134\" alt=\"\" class=\"wp-image-191 alignnone size-full\"><\/p>\n<p>Unser Ziel ist es, optimal dimensionierte, effiziente und sichere Anlagen zu schaffen, die den Anforderungen unserer Kunden und den Branchenstandards entsprechen.<\/p>\n<p>[\/difl_hoverbox][\/et_pb_column][et_pb_column type=&#8220;1_3&#8243; _builder_version=&#8220;4.27.3&#8243; _module_preset=&#8220;default&#8220; global_colors_info=&#8220;{}&#8220;][difl_hoverbox title=&#8220;Generalunternehmen&#8220; hb_btn_button_url_new_window=&#8220;1&#8243; content_on_hover=&#8220;on&#8220; button_on_hover=&#8220;on&#8220; background_scale=&#8220;on&#8220; hb_btn_background_bgcolor=&#8220;gcid-heading-color&#8220; hb_background_background_image=&#8220;https:\/\/ebhinvest.hu\/wp-content\/uploads\/2024\/11\/marcali4.jpg&#8220; vertical_align=&#8220;center&#8220; wrapper_margin=&#8220;0px||||false|false&#8220; wrapper_padding=&#8220;33%||33%||true|false&#8220; button_wrapper_padding=&#8220;||||false|false&#8220; title_margin=&#8220;|||30px|true|false&#8220; title_padding=&#8220;5%||5%|20px|false|false&#8220; subtitle_margin=&#8220;|||30px|false|false&#8220; content_margin=&#8220;|||5%|false|false&#8220; content_padding=&#8220;5%||5%|30px|false|false&#8220; button_margin=&#8220;|||5%|false|false&#8220; button_padding=&#8220;10px|5%|10px|5%|false|false&#8220; title_bg_bgcolor=&#8220;rgba(0,0,0,0.44)&#8220; content_bg_bgcolor=&#8220;rgba(0,0,0,0.3)&#8220; _builder_version=&#8220;4.27.3&#8243; _dynamic_attributes=&#8220;link_option_url&#8220; _module_preset=&#8220;default&#8220; title_text_color=&#8220;#FFFFFF&#8220; content_text_color=&#8220;#FFFFFF&#8220; content_font_size=&#8220;18px&#8220; button_font=&#8220;|800|||||||&#8220; button_text_color=&#8220;#FFFFFF&#8220; custom_margin=&#8220;3px|3px|3px|3px|false|false&#8220; link_option_url=&#8220;@ET-DC@eyJkeW5hbWljIjp0cnVlLCJjb250ZW50IjoicG9zdF9saW5rX3VybF9wYWdlIiwic2V0dGluZ3MiOnsicG9zdF9pZCI6IjIyOCJ9fQ==@&#8220; hover_enabled=&#8220;0&#8243; global_colors_info=&#8220;{%22gcid-heading-color%22:%91%22hb_btn_background_bgcolor%22%93}&#8220; title_text=&#8220;marcali4&#8243; sticky_enabled=&#8220;0&#8243;]<\/p>\n<p><img loading=\"lazy\" decoding=\"async\" src=\"https:\/\/ebhinvest.hu\/wp-content\/uploads\/2024\/11\/generalkivitelezes_white.png\" width=\"134\" height=\"134\" alt=\"\" class=\"wp-image-194 alignnone size-full\"><\/p>\n<p>Wir betreuen in erster Linie professionelle Hochbau- und Innenausbauprojekte f\u00fcr \u00f6ffentliche Einrichtungen, Hotels und B\u00fcrogeb\u00e4ude sowie die damit verbundenen Hoch- und Tiefbauarbeiten.<\/p>\n<p>[\/difl_hoverbox][\/et_pb_column][\/et_pb_row][et_pb_row column_structure=&#8220;1_3,1_3,1_3&#8243; use_custom_gutter=&#8220;on&#8220; gutter_width=&#8220;1&#8243; make_equal=&#8220;on&#8220; _builder_version=&#8220;4.27.3&#8243; _module_preset=&#8220;default&#8220; width=&#8220;100%&#8220; max_width=&#8220;100%&#8220; custom_margin=&#8220;0px||0px|0px|false|false&#8220; custom_padding=&#8220;0px|0px|0px|0px|false|false&#8220; global_colors_info=&#8220;{}&#8220;][et_pb_column type=&#8220;1_3&#8243; _builder_version=&#8220;4.27.3&#8243; _module_preset=&#8220;default&#8220; global_colors_info=&#8220;{}&#8220;][difl_hoverbox title=&#8220;Kostensenkung im Unternehmen&#8220; hb_btn_button_url_new_window=&#8220;1&#8243; content_on_hover=&#8220;on&#8220; button_on_hover=&#8220;on&#8220; background_scale=&#8220;on&#8220; hb_btn_background_bgcolor=&#8220;gcid-heading-color&#8220; hb_background_background_image=&#8220;https:\/\/ebhinvest.hu\/wp-content\/uploads\/2024\/11\/7-4-scaled-1113&#215;742-1.jpg&#8220; hb_background_background_image_size=&#8220;actual_size&#8220; vertical_align=&#8220;center&#8220; wrapper_margin=&#8220;0px||||false|false&#8220; wrapper_padding=&#8220;33%||33%||true|false&#8220; button_wrapper_padding=&#8220;||||false|false&#8220; title_margin=&#8220;|||30px|true|false&#8220; title_padding=&#8220;5%||5%|20px|false|false&#8220; subtitle_margin=&#8220;|||30px|false|false&#8220; content_margin=&#8220;|||5%|false|false&#8220; content_padding=&#8220;5%||5%|30px|false|false&#8220; button_margin=&#8220;|||5%|false|false&#8220; button_padding=&#8220;10px|5%|10px|5%|false|false&#8220; title_bg_bgcolor=&#8220;rgba(0,0,0,0.44)&#8220; content_bg_bgcolor=&#8220;rgba(0,0,0,0.3)&#8220; _builder_version=&#8220;4.27.3&#8243; _dynamic_attributes=&#8220;link_option_url&#8220; _module_preset=&#8220;default&#8220; title_text_color=&#8220;#FFFFFF&#8220; content_text_color=&#8220;#FFFFFF&#8220; content_font_size=&#8220;18px&#8220; button_font=&#8220;|800|||||||&#8220; button_text_color=&#8220;#FFFFFF&#8220; custom_margin=&#8220;3px|3px|3px|3px|false|false&#8220; link_option_url=&#8220;@ET-DC@eyJkeW5hbWljIjp0cnVlLCJjb250ZW50IjoicG9zdF9saW5rX3VybF9wYWdlIiwic2V0dGluZ3MiOnsicG9zdF9pZCI6IjIzNiJ9fQ==@&#8220; global_colors_info=&#8220;{%22gcid-heading-color%22:%91%22hb_btn_background_bgcolor%22%93}&#8220;]<\/p>\n<p>ES GIBT EINE L\u00d6SUNG F\u00dcR DIE ENERGIEKRISE! Energetische Sanierungsl\u00f6sung f\u00fcr Unternehmen: Steigern Sie den Marktwert Ihrer Immobilie, erh\u00f6hen Sie Ihre Wettbewerbsf\u00e4higkeit und senken Sie Ihre Energiekosten um bis zu 61,84 %.<\/p>\n<p>[\/difl_hoverbox][\/et_pb_column][et_pb_column type=&#8220;1_3&#8243; _builder_version=&#8220;4.27.3&#8243; _module_preset=&#8220;default&#8220; global_colors_info=&#8220;{}&#8220;][difl_hoverbox title=&#8220;Immobilienentwicklung&#8220; hb_btn_button_url_new_window=&#8220;1&#8243; content_on_hover=&#8220;on&#8220; button_on_hover=&#8220;on&#8220; background_scale=&#8220;on&#8220; hb_btn_background_bgcolor=&#8220;gcid-heading-color&#8220; hb_background_background_image=&#8220;https:\/\/ebhinvest.hu\/wp-content\/uploads\/2024\/11\/main-csarnok-1.jpg&#8220; hb_background_background_image_size=&#8220;actual_size&#8220; vertical_align=&#8220;center&#8220; wrapper_margin=&#8220;0px||||false|false&#8220; wrapper_padding=&#8220;33%||33%||true|false&#8220; button_wrapper_padding=&#8220;||||false|false&#8220; title_margin=&#8220;|||30px|true|false&#8220; title_padding=&#8220;5%||5%|20px|false|false&#8220; subtitle_margin=&#8220;|||30px|false|false&#8220; content_margin=&#8220;|||5%|false|false&#8220; content_padding=&#8220;5%||5%|30px|false|false&#8220; button_margin=&#8220;|||5%|false|false&#8220; button_padding=&#8220;10px|5%|10px|5%|false|false&#8220; title_bg_bgcolor=&#8220;rgba(0,0,0,0.44)&#8220; content_bg_bgcolor=&#8220;rgba(0,0,0,0.3)&#8220; _builder_version=&#8220;4.27.3&#8243; _dynamic_attributes=&#8220;link_option_url&#8220; _module_preset=&#8220;default&#8220; title_text_color=&#8220;#FFFFFF&#8220; content_text_color=&#8220;#FFFFFF&#8220; content_font_size=&#8220;18px&#8220; button_font=&#8220;|800|||||||&#8220; button_text_color=&#8220;#FFFFFF&#8220; custom_margin=&#8220;3px|3px|3px|3px|false|false&#8220; link_option_url=&#8220;@ET-DC@eyJkeW5hbWljIjp0cnVlLCJjb250ZW50IjoicG9zdF9saW5rX3VybF9wYWdlIiwic2V0dGluZ3MiOnsicG9zdF9pZCI6IjI1MCJ9fQ==@&#8220; global_colors_info=&#8220;{%22gcid-heading-color%22:%91%22hb_btn_background_bgcolor%22%93}&#8220;]<\/p>\n<p><img loading=\"lazy\" decoding=\"async\" src=\"https:\/\/ebhinvest.hu\/wp-content\/uploads\/2024\/11\/ingatlanfejlesztes_white.png\" width=\"134\" height=\"134\" alt=\"\" class=\"wp-image-199 alignnone size-full\"><\/p>\n<p>Unser Unternehmen wurde 2004 gegr\u00fcndet und f\u00fchrt Immobilienentwicklungsprojekte durch. Unsere eigenen Investitionen beziehen sich haupts\u00e4chlich auf den Bau von Eigentumswohnungen in der Hauptstadt. Das Projekt kann als Investition auf der gr\u00fcnen Wiese oder als Erweiterung einer bestehenden Immobilie realisiert werden.<\/p>\n<p>[\/difl_hoverbox][\/et_pb_column][et_pb_column type=&#8220;1_3&#8243; _builder_version=&#8220;4.27.3&#8243; _module_preset=&#8220;default&#8220; global_colors_info=&#8220;{}&#8220;][difl_hoverbox title=&#8220;Fit-out-Arbeiten \/ B\u00fcrofl\u00e4chenbau&#8220; hb_btn_button_url_new_window=&#8220;1&#8243; content_on_hover=&#8220;on&#8220; button_on_hover=&#8220;on&#8220; background_scale=&#8220;on&#8220; hb_btn_background_bgcolor=&#8220;gcid-heading-color&#8220; hb_background_background_image=&#8220;https:\/\/ebhinvest.hu\/wp-content\/uploads\/2024\/11\/7-4-scaled-1113&#215;742-1.jpg&#8220; hb_background_background_image_size=&#8220;actual_size&#8220; vertical_align=&#8220;center&#8220; wrapper_margin=&#8220;0px||||false|false&#8220; wrapper_padding=&#8220;33%||33%||true|false&#8220; button_wrapper_padding=&#8220;||||false|false&#8220; title_margin=&#8220;|||30px|true|false&#8220; title_padding=&#8220;5%||5%|20px|false|false&#8220; subtitle_margin=&#8220;|||30px|false|false&#8220; content_margin=&#8220;|||5%|false|false&#8220; content_padding=&#8220;5%||5%|30px|false|false&#8220; button_margin=&#8220;|||5%|false|false&#8220; button_padding=&#8220;10px|5%|10px|5%|false|false&#8220; title_bg_bgcolor=&#8220;rgba(0,0,0,0.44)&#8220; content_bg_bgcolor=&#8220;rgba(0,0,0,0.3)&#8220; _builder_version=&#8220;4.27.3&#8243; _dynamic_attributes=&#8220;link_option_url&#8220; _module_preset=&#8220;default&#8220; title_text_color=&#8220;#FFFFFF&#8220; content_text_color=&#8220;#FFFFFF&#8220; content_font_size=&#8220;18px&#8220; button_font=&#8220;|800|||||||&#8220; button_text_color=&#8220;#FFFFFF&#8220; custom_margin=&#8220;3px|3px|3px|3px|false|false&#8220; link_option_url=&#8220;@ET-DC@eyJkeW5hbWljIjp0cnVlLCJjb250ZW50IjoicG9zdF9saW5rX3VybF9wYWdlIiwic2V0dGluZ3MiOnsicG9zdF9pZCI6IjI2MSJ9fQ==@&#8220; global_colors_info=&#8220;{%22gcid-heading-color%22:%91%22hb_btn_background_bgcolor%22%93}&#8220;]<\/p>\n<p>In j\u00fcngster Zeit haben wir eine Reihe von Projekten unter Einhaltung enger Fristen und ohne Verz\u00f6gerung durchgef\u00fchrt, bei denen wir die Innenausbauarbeiten nach der endg\u00fcltigen Planung ausgef\u00fchrt und dabei die Lieferfrist eingehalten haben. <\/p>\n<p>[\/difl_hoverbox][\/et_pb_column][\/et_pb_row][et_pb_row column_structure=&#8220;1_3,1_3,1_3&#8243; use_custom_gutter=&#8220;on&#8220; gutter_width=&#8220;1&#8243; make_equal=&#8220;on&#8220; _builder_version=&#8220;4.27.3&#8243; _module_preset=&#8220;default&#8220; width=&#8220;100%&#8220; max_width=&#8220;100%&#8220; custom_margin=&#8220;0px||0px|0px|false|false&#8220; custom_padding=&#8220;0px|0px|0px|0px|false|false&#8220; global_colors_info=&#8220;{}&#8220;][et_pb_column type=&#8220;1_3&#8243; _builder_version=&#8220;4.27.3&#8243; _module_preset=&#8220;default&#8220; global_colors_info=&#8220;{}&#8220;][\/et_pb_column][et_pb_column type=&#8220;1_3&#8243; _builder_version=&#8220;4.27.3&#8243; _module_preset=&#8220;default&#8220; global_colors_info=&#8220;{}&#8220;][difl_hoverbox title=&#8220;Denkmalrestaurierung&#8220; hb_btn_button_url_new_window=&#8220;1&#8243; content_on_hover=&#8220;on&#8220; button_on_hover=&#8220;on&#8220; background_scale=&#8220;on&#8220; hb_btn_background_bgcolor=&#8220;gcid-heading-color&#8220; hb_background_background_image=&#8220;https:\/\/ebhinvest.hu\/wp-content\/uploads\/2024\/11\/main-csarnok-1.jpg&#8220; hb_background_background_image_size=&#8220;actual_size&#8220; vertical_align=&#8220;center&#8220; wrapper_margin=&#8220;0px||||false|false&#8220; wrapper_padding=&#8220;33%||33%||true|false&#8220; button_wrapper_padding=&#8220;||||false|false&#8220; title_margin=&#8220;|||30px|true|false&#8220; title_padding=&#8220;5%||5%|20px|false|false&#8220; subtitle_margin=&#8220;|||30px|false|false&#8220; content_margin=&#8220;|||5%|false|false&#8220; content_padding=&#8220;5%||5%|30px|false|false&#8220; button_margin=&#8220;|||5%|false|false&#8220; button_padding=&#8220;10px|5%|10px|5%|false|false&#8220; title_bg_bgcolor=&#8220;rgba(0,0,0,0.44)&#8220; content_bg_bgcolor=&#8220;rgba(0,0,0,0.3)&#8220; _builder_version=&#8220;4.27.3&#8243; _dynamic_attributes=&#8220;link_option_url&#8220; _module_preset=&#8220;default&#8220; title_text_color=&#8220;#FFFFFF&#8220; content_text_color=&#8220;#FFFFFF&#8220; content_font_size=&#8220;18px&#8220; button_font=&#8220;|800|||||||&#8220; button_text_color=&#8220;#FFFFFF&#8220; custom_margin=&#8220;3px|3px|3px|3px|false|false&#8220; link_option_url=&#8220;@ET-DC@eyJkeW5hbWljIjp0cnVlLCJjb250ZW50IjoicG9zdF9saW5rX3VybF9wYWdlIiwic2V0dGluZ3MiOnsicG9zdF9pZCI6IjI2NiJ9fQ==@&#8220; global_colors_info=&#8220;{%22gcid-heading-color%22:%91%22hb_btn_background_bgcolor%22%93}&#8220;]<\/p>\n<p><img loading=\"lazy\" decoding=\"async\" src=\"https:\/\/ebhinvest.hu\/wp-content\/uploads\/2024\/11\/muemlekfelujitas_white.png\" width=\"134\" height=\"134\" alt=\"\" class=\"wp-image-202 alignnone size-full\"><\/p>\n<p>Wir f\u00fchren landesweit unz\u00e4hlige Projekte zur Restaurierung und Rekonstruktion von Denkm\u00e4lern durch. Ob Sie nun ein Schloss, ein Museum, ein religi\u00f6ses Geb\u00e4ude oder eine Eigentumswohnung renovieren, unser Ziel ist es, hervorragende Leistungen zu erbringen.<\/p>\n<p>[\/difl_hoverbox][\/et_pb_column][et_pb_column type=&#8220;1_3&#8243; _builder_version=&#8220;4.27.3&#8243; _module_preset=&#8220;default&#8220; global_colors_info=&#8220;{}&#8220;][\/et_pb_column][\/et_pb_row][\/et_pb_section]<\/p>\n","protected":false},"excerpt":{"rendered":"<p>Leistungen<div class=\"et_pb_module difl_hoverbox difl_hoverbox_0\">\n\t\t\t\t\n\t\t\t\t\n\t\t\t\t\n\t\t\t\t\n\t\t\t\t\n\t\t\t\t\n\t\t\t\t<div class=\"et_pb_module_inner\">\n\t\t\t\t\t\n            <div class=\"df_hb_container\">\n                <div class=\"df_hb_background\"><\/div>\n                <div class=\"df_hb_inner\">\n                    <div class=\"df_hb_def_content\"><h4 class=\"title\">Entwerfen &amp; Bauen<\/h4><\/div><div class=\"df_hb_def_content_hover\"><div class=\"content\"> Unser Design &amp; Build Service kombiniert architektonischen Entwurf und Konstruktion.<\/div><\/div>\n                <\/div>\n            <\/div>\n\t\t\t\t<\/div>\n\t\t\t<\/div><div class=\"et_pb_module difl_hoverbox difl_hoverbox_1\">\n\t\t\t\t\n\t\t\t\t\n\t\t\t\t\n\t\t\t\t\n\t\t\t\t\n\t\t\t\t\n\t\t\t\t<div class=\"et_pb_module_inner\">\n\t\t\t\t\t\n            <div class=\"df_hb_container\">\n                <div class=\"df_hb_background\"><\/div>\n                <div class=\"df_hb_inner\">\n                    <div class=\"df_hb_def_content\"><h4 class=\"title\">&#8220;Hallen-<\/h4><\/div>\n                <\/div>\n            <\/div>\n\t\t\t\t<\/div>\n\t\t\t<\/div><\/p>\n","protected":false},"author":1,"featured_media":0,"parent":0,"menu_order":0,"comment_status":"closed","ping_status":"closed","template":"","meta":{"_et_pb_use_builder":"on","_et_pb_old_content":"","_et_gb_content_width":"","footnotes":""},"difl_page_category":[],"class_list":["post-10699","page","type-page","status-publish","hentry"],"_links":{"self":[{"href":"https:\/\/ebhinvest.hu\/de\/wp-json\/wp\/v2\/pages\/10699","targetHints":{"allow":["GET"]}}],"collection":[{"href":"https:\/\/ebhinvest.hu\/de\/wp-json\/wp\/v2\/pages"}],"about":[{"href":"https:\/\/ebhinvest.hu\/de\/wp-json\/wp\/v2\/types\/page"}],"author":[{"embeddable":true,"href":"https:\/\/ebhinvest.hu\/de\/wp-json\/wp\/v2\/users\/1"}],"replies":[{"embeddable":true,"href":"https:\/\/ebhinvest.hu\/de\/wp-json\/wp\/v2\/comments?post=10699"}],"version-history":[{"count":3,"href":"https:\/\/ebhinvest.hu\/de\/wp-json\/wp\/v2\/pages\/10699\/revisions"}],"predecessor-version":[{"id":11163,"href":"https:\/\/ebhinvest.hu\/de\/wp-json\/wp\/v2\/pages\/10699\/revisions\/11163"}],"wp:attachment":[{"href":"https:\/\/ebhinvest.hu\/de\/wp-json\/wp\/v2\/media?parent=10699"}],"wp:term":[{"taxonomy":"difl_page_category","embeddable":true,"href":"https:\/\/ebhinvest.hu\/de\/wp-json\/wp\/v2\/difl_page_category?post=10699"}],"curies":[{"name":"wp","href":"https:\/\/api.w.org\/{rel}","templated":true}]}}