{"id":10705,"date":"2024-11-23T10:28:11","date_gmt":"2024-11-23T09:28:11","guid":{"rendered":"https:\/\/ebhinvest.hu\/ueber-uns\/"},"modified":"2025-03-11T05:17:05","modified_gmt":"2025-03-11T04:17:05","slug":"ueber-uns","status":"publish","type":"page","link":"https:\/\/ebhinvest.hu\/de\/ueber-uns\/","title":{"rendered":"\u00dcber Uns"},"content":{"rendered":"<p>[et_pb_section fb_built=&#8220;1&#8243; _builder_version=&#8220;4.27.3&#8243; _module_preset=&#8220;default&#8220; background_color=&#8220;gcid-heading-color&#8220; background_image=&#8220;https:\/\/ebhinvest.hu\/wp-content\/uploads\/2024\/11\/fe_rolunk.jpg&#8220; min_height=&#8220;250px&#8220; custom_margin=&#8220;3px|0px|3px|0px|false|false&#8220; custom_padding=&#8220;30px|0px|30px|0px|false|false&#8220; global_colors_info=&#8220;{%22gcid-heading-color%22:%91%22background_color%22%93}&#8220;][et_pb_row _builder_version=&#8220;4.27.3&#8243; _module_preset=&#8220;default&#8220; custom_margin=&#8220;10px||10px||false|false&#8220; global_colors_info=&#8220;{}&#8220;][et_pb_column type=&#8220;4_4&#8243; _builder_version=&#8220;4.27.3&#8243; _module_preset=&#8220;default&#8220; custom_padding=&#8220;0px|0px|0px|0px|false|false&#8220; global_colors_info=&#8220;{}&#8220;][et_pb_text _builder_version=&#8220;4.27.3&#8243; _module_preset=&#8220;default&#8220; background_color=&#8220;RGBA(255,255,255,0)&#8220; custom_margin=&#8220;0px|0px|0px|0px|false|false&#8220; custom_padding=&#8220;0px||0px||false|false&#8220; text_text_shadow_style=&#8220;preset4&#8243; text_text_shadow_horizontal_length=&#8220;0.68em&#8220; text_text_shadow_vertical_length=&#8220;0.55em&#8220; text_text_shadow_blur_strength=&#8220;0.36em&#8220; global_colors_info=&#8220;{}&#8220;]<\/p>\n<h1 style=\"text-align: center;\"><span style=\"color: #ffffff;\">\u00dcber Uns<\/span><\/h1>\n<p><span style=\"color: #ffffff;\"><\/span><\/p>\n<p><span style=\"color: #ffffff;\"><img loading=\"lazy\" decoding=\"async\" src=\"https:\/\/ebhinvest.hu\/wp-content\/uploads\/2024\/11\/csakcsik-1.jpg\" width=\"250\" height=\"7\" alt=\"\" class=\"wp-image-275 alignnone size-full\" style=\"display: block; margin-left: auto; margin-right: auto;\"><\/span><\/p>\n<p>[\/et_pb_text][\/et_pb_column][\/et_pb_row][\/et_pb_section][et_pb_section fb_built=&#8220;1&#8243; _builder_version=&#8220;4.27.3&#8243; _module_preset=&#8220;default&#8220; global_colors_info=&#8220;{}&#8220; custom_padding=&#8220;4px|||||&#8220;][et_pb_row column_structure=&#8220;3_5,2_5&#8243; _builder_version=&#8220;4.27.4&#8243; _module_preset=&#8220;default&#8220; global_colors_info=&#8220;{}&#8220;][et_pb_column type=&#8220;3_5&#8243; _builder_version=&#8220;4.27.4&#8243; _module_preset=&#8220;default&#8220; global_colors_info=&#8220;{}&#8220;][et_pb_text _builder_version=&#8220;4.27.4&#8243; _module_preset=&#8220;default&#8220; global_colors_info=&#8220;{}&#8220;]<\/p>\n<p>Unsere Baufirma wurde im Jahr 2004 gegr\u00fcndet. Wir haben einen st\u00e4ndig wachsenden Anteil in der ungarischen Bauindustrie. Unsere Zuverl\u00e4ssigkeit und Fachlichkeit haben wir in zahlreichen Projekten bewiesen. Unter unseren zufriedenen Kunden sind Firmen, \u00f6ffentlich-rechtliche Einrichtungen, Gemeinden sowie Kirchen und Privatpersonen.<\/p>\n<p>In den letzten Jahren sind wir marktorientiert dynamisch gewachsen, sowohl beim Umsatz als auch bei der Mitarbeiterzahl. Wir sind \u00fcberzeugt, dass das Geheimnis unseres Erfolgs in jedem abgeschlossenen Projekt das gleiche ist: Der Auswahl und dem Vertrauen unserer Partner verdienen wir mit hoher Qualit\u00e4t und schneller Arbeit.<\/p>\n<p>Alle unsere Kunden erhalten einen Service, bei dem der Bau problemlos, \u00fcberraschend sorglos und schnell vonstatten geht. Eines der bestimmenden Elemente unseres kontinuierlichen Wachstums und der Kundenzufriedenheit ist, dass wir w\u00e4hrend jedes Projekts mit unserem hochqualifizierten, erfahrenen Team von Fachleuten und zuverl\u00e4ssigen Subunternehmern zusammenarbeiten.<\/p>\n<p>Unsere Leistungen umfassen den kompletten Generalbau von Institutionen und B\u00fcros, Gewerbe- und Industrieanlagen, Hotels und Wohnimmobilien, sowie Denkm\u00e4lern bis hin zur kompletten Projekt- und Bauleitung \u2013 aber auch in den Bereichen Tiefbau (Park, Eisenbahn- und Stra\u00dfenbau).<\/p>\n<p>Entsprechend unserer Flexibilit\u00e4t stehen unsere Aktivit\u00e4ten unseren Kunden nicht nur in ganz Ungarn, sondern auch \u00fcber unsere Grenzen hinaus zur Verf\u00fcgung.<\/p>\n<p>Unsere Website wird st\u00e4ndig mit unseren aktuellen Projekten aktualisiert.<\/p>\n<p style=\"text-align: left;\">Bitte kontaktieren Sie uns in naher Zukunft oder empfehlen Sie uns, wenn es um eine qualitativ hochwertige und schnelle Bauausf\u00fchrung geht!<\/p>\n<p>[\/et_pb_text][\/et_pb_column][et_pb_column type=&#8220;2_5&#8243; _builder_version=&#8220;4.27.4&#8243; _module_preset=&#8220;default&#8220; global_colors_info=&#8220;{}&#8220;][et_pb_image src=&#8220;https:\/\/ebhinvest.hu\/wp-content\/uploads\/2025\/02\/ebh_rolunk_oldal_kep.jpg&#8220; alt=&#8220;Erdei Z. J\u00f3zsef, Hauptgesch\u00e4ftsf\u00fchrer&#8220; title_text=&#8220;Erdei Z. J\u00f3zsef, Hauptgesch\u00e4ftsf\u00fchrer&#8220; force_fullwidth=&#8220;on&#8220; _builder_version=&#8220;4.27.4&#8243; _module_preset=&#8220;default&#8220; border_radii=&#8220;on|300px|300px|300px|300px&#8220; global_colors_info=&#8220;{}&#8220;][\/et_pb_image][et_pb_text _builder_version=&#8220;4.27.4&#8243; _module_preset=&#8220;default&#8220; global_colors_info=&#8220;{}&#8220;]<\/p>\n<p style=\"text-align: center;\"><em>Erdei Z. J\u00f3zsef, Hauptgesch\u00e4ftsf\u00fchrer<\/em><\/p>\n<p>[\/et_pb_text][\/et_pb_column][\/et_pb_row][et_pb_row _builder_version=&#8220;4.27.4&#8243; _module_preset=&#8220;default&#8220; global_colors_info=&#8220;{}&#8220;][et_pb_column type=&#8220;4_4&#8243; _builder_version=&#8220;4.27.4&#8243; _module_preset=&#8220;default&#8220; global_colors_info=&#8220;{}&#8220;][et_pb_image src=&#8220;https:\/\/ebhinvest.hu\/wp-content\/uploads\/2025\/02\/nivologo2022.png&#8220; alt=&#8220;ni\u0301vo\u0301logo\u03012022&#8243; title_text=&#8220;ni\u0301vo\u0301logo\u03012022&#8243; align=&#8220;center&#8220; _builder_version=&#8220;4.27.4&#8243; _module_preset=&#8220;default&#8220; global_colors_info=&#8220;{}&#8220;][\/et_pb_image][et_pb_text _builder_version=&#8220;4.27.4&#8243; _module_preset=&#8220;default&#8220; global_colors_info=&#8220;{}&#8220;]<\/p>\n<p><span style=\"font-size: 32px; color: #6c8cab;\"><strong>Unsere Ziele<\/strong><\/span><\/p>\n<p>Von Anfang an haben wir uns zum Ziel gesetzt, ein Unternehmen aufzubauen, das sich durch hochwertiges Endprodukt, schnelle Ausf\u00fchrung und Flexibilit\u00e4t von vergleichbaren Unternehmen abhebt und somit langfristige Partnerschaften aufbauen kann. Ich kann mit Stolz sagen, dass es uns mit der Bereitschaft und dem beharrlichen Einsatz unserer Kolleginnen und Kollegen gelungen ist, eine herausragende Position unter den Unternehmen vergleichbarer Dienstleistungen einzunehmen. Wir haben mehrere wiederkehrende Partner zu unseren Kunden, ebenso wie wir eine langfristige und reibungslose Zusammenarbeit mit unseren Subunternehmern aufgebaut haben.  <\/p>\n<p><span style=\"font-family: UbuntuBold;\"><b>Was wir also anstreben:<\/b><\/span><\/p>\n<ul>\n<li>hochwertiges, hochwertiges, langlebiges, wertvolles Endprodukt;<\/li>\n<li>Realisierung von langfristigen Markterfolgen;<\/li>\n<li>Aufrechterhaltung der dynamischen Entwicklung unserer Unternehmensgruppe;<\/li>\n<li>Umsetzung anspruchsvoller, spannender Projekte;<\/li>\n<li>vereinbarte Fristen einhalten;<\/li>\n<li>zufriedene Auftraggeber<\/li>\n<li>eine langfristige und gute Beziehung zu den Subunternehmern zu pflegen.<\/li>\n<\/ul>\n<p>[\/et_pb_text][\/et_pb_column][\/et_pb_row][et_pb_row _builder_version=&#8220;4.27.4&#8243; _module_preset=&#8220;default&#8220; global_colors_info=&#8220;{}&#8220;][et_pb_column type=&#8220;4_4&#8243; _builder_version=&#8220;4.27.4&#8243; _module_preset=&#8220;default&#8220; global_colors_info=&#8220;{}&#8220;][et_pb_divider _builder_version=&#8220;4.27.4&#8243; _module_preset=&#8220;default&#8220; global_colors_info=&#8220;{}&#8220;][\/et_pb_divider][\/et_pb_column][\/et_pb_row][et_pb_row column_structure=&#8220;1_2,1_2&#8243; _builder_version=&#8220;4.27.3&#8243; _module_preset=&#8220;default&#8220; global_colors_info=&#8220;{}&#8220;][et_pb_column type=&#8220;1_2&#8243; _builder_version=&#8220;4.27.3&#8243; _module_preset=&#8220;default&#8220; global_colors_info=&#8220;{}&#8220;][et_pb_image src=&#8220;https:\/\/ebhinvest.hu\/wp-content\/uploads\/2025\/02\/DSC_9421.jpg&#8220; alt=&#8220;EBH Invest&#8220; title_text=&#8220;EBH Invest&#8220; _builder_version=&#8220;4.27.4&#8243; _module_preset=&#8220;default&#8220; global_colors_info=&#8220;{}&#8220;][\/et_pb_image][\/et_pb_column][et_pb_column type=&#8220;1_2&#8243; _builder_version=&#8220;4.27.3&#8243; _module_preset=&#8220;default&#8220; global_colors_info=&#8220;{}&#8220;][et_pb_text _builder_version=&#8220;4.27.4&#8243; _module_preset=&#8220;default&#8220; global_colors_info=&#8220;{}&#8220;]<\/p>\n<p style=\"text-align: center;\"><span style=\"font-size: 32px; color: #6c8cab;\"><strong>Unsere Werte<\/strong><\/span><\/p>\n<p style=\"text-align: center;\"><em>Sachverstand, <\/em><em>Zusammenarbeit, <\/em><em>Flexibilit\u00e4t, <\/em><em>Pr\u00e4zision, <\/em><em>problemlose Ausf\u00fchrung, <\/em><em>schnelle Arbeit,<\/em> <em>Einhalten von Fristen.<\/em><\/p>\n<p style=\"text-align: center;\"><em><strong>Unsere Priorit\u00e4t ist: <\/strong>Unsere Mitarbeiter und die qualitativ hochwertige und produktive Zusammenarbeit, die wir gemeinsam leisten.<\/em> <\/p>\n<p>[\/et_pb_text][et_pb_image src=&#8220;https:\/\/ebhinvest.hu\/wp-content\/uploads\/2025\/02\/MB_2022_Munkaltatoi_marka_SEAL-1.png&#8220; title_text=&#8220;MB_2022_Munkaltatoi_marka_SEAL&#8220; align=&#8220;center&#8220; _builder_version=&#8220;4.27.4&#8243; _module_preset=&#8220;default&#8220; width=&#8220;75%&#8220; max_width=&#8220;150px&#8220; global_colors_info=&#8220;{}&#8220;][\/et_pb_image][\/et_pb_column][\/et_pb_row][et_pb_row _builder_version=&#8220;4.27.4&#8243; _module_preset=&#8220;default&#8220; global_colors_info=&#8220;{}&#8220;][et_pb_column type=&#8220;4_4&#8243; _builder_version=&#8220;4.27.4&#8243; _module_preset=&#8220;default&#8220; global_colors_info=&#8220;{}&#8220;][et_pb_divider _builder_version=&#8220;4.27.4&#8243; _module_preset=&#8220;default&#8220; global_colors_info=&#8220;{}&#8220;][\/et_pb_divider][\/et_pb_column][\/et_pb_row][et_pb_row _builder_version=&#8220;4.27.4&#8243; _module_preset=&#8220;default&#8220; global_colors_info=&#8220;{}&#8220;][et_pb_column type=&#8220;4_4&#8243; _builder_version=&#8220;4.27.4&#8243; _module_preset=&#8220;default&#8220; global_colors_info=&#8220;{}&#8220;][et_pb_text _builder_version=&#8220;4.27.4&#8243; _module_preset=&#8220;default&#8220; global_colors_info=&#8220;{}&#8220;]<\/p>\n<p style=\"text-align: center;\"><span style=\"font-size: 32px; color: #6c8cab;\"><strong>Unsere Vision<\/strong><\/span><\/p>\n<p style=\"text-align: center;\"><span style=\"font-size: 32px; color: #6c8cab;\"><strong><\/strong><\/span><\/p>\n<ul>\n<li>Dem Vertrauen unserer Kunden dienen wir stets mit hoher Qualit\u00e4t und schneller Arbeit.<\/li>\n<li>Wir bauen unser Leistungsspektrum aktiv aus.<\/li>\n<li>Wir sind bestrebt, f\u00fcr beide Seiten vorteilhafte Partnerschaften aufzubauen.<\/li>\n<li>Wir f\u00fchren die uns anvertrauten Aufgaben effektiv aus.<\/li>\n<li>Wir bieten unseren Mitarbeitern langfristige Besch\u00e4ftigungsm\u00f6glichkeiten in einem sich st\u00e4ndig weiterentwickelnden Unternehmen.<\/li>\n<li>Wir sind stolz darauf, dass unsere sich dynamisch entwickelnde Organisation die kontinuierliche Erweiterung des ETA-Teams erm\u00f6glicht.<\/li>\n<li>Wir sind offen f\u00fcr Innovationen.<\/li>\n<li>Uns ist es wichtig, uns st\u00e4ndig zu verbessern und so unseren Betrieb so effizient wie m\u00f6glich zu gestalten.<\/li>\n<li>Wir \u00fcberwachen st\u00e4ndig unsere Leistung und Ergebnisse.<\/li>\n<li>Wir setzen unsere verf\u00fcgbaren Ressourcen effizient ein, um unsere Ziele zu erreichen.<\/li>\n<\/ul>\n<p>[\/et_pb_text][\/et_pb_column][\/et_pb_row][\/et_pb_section]<\/p>\n","protected":false},"excerpt":{"rendered":"<p>\u00dcber Uns Unsere Baufirma wurde im Jahr 2004 gegr\u00fcndet. Wir haben einen st\u00e4ndig wachsenden Anteil in der ungarischen Bauindustrie. Unsere Zuverl\u00e4ssigkeit und Fachlichkeit haben wir in zahlreichen Projekten bewiesen. Unter unseren zufriedenen Kunden sind Firmen, \u00f6ffentlich-rechtliche Einrichtungen, Gemeinden sowie Kirchen und Privatpersonen. In den letzten Jahren sind wir marktorientiert dynamisch gewachsen, sowohl beim Umsatz als [&hellip;]<\/p>\n","protected":false},"author":1,"featured_media":0,"parent":0,"menu_order":0,"comment_status":"closed","ping_status":"closed","template":"","meta":{"_et_pb_use_builder":"on","_et_pb_old_content":"","_et_gb_content_width":"","footnotes":""},"difl_page_category":[],"class_list":["post-10705","page","type-page","status-publish","hentry"],"_links":{"self":[{"href":"https:\/\/ebhinvest.hu\/de\/wp-json\/wp\/v2\/pages\/10705","targetHints":{"allow":["GET"]}}],"collection":[{"href":"https:\/\/ebhinvest.hu\/de\/wp-json\/wp\/v2\/pages"}],"about":[{"href":"https:\/\/ebhinvest.hu\/de\/wp-json\/wp\/v2\/types\/page"}],"author":[{"embeddable":true,"href":"https:\/\/ebhinvest.hu\/de\/wp-json\/wp\/v2\/users\/1"}],"replies":[{"embeddable":true,"href":"https:\/\/ebhinvest.hu\/de\/wp-json\/wp\/v2\/comments?post=10705"}],"version-history":[{"count":4,"href":"https:\/\/ebhinvest.hu\/de\/wp-json\/wp\/v2\/pages\/10705\/revisions"}],"predecessor-version":[{"id":11365,"href":"https:\/\/ebhinvest.hu\/de\/wp-json\/wp\/v2\/pages\/10705\/revisions\/11365"}],"wp:attachment":[{"href":"https:\/\/ebhinvest.hu\/de\/wp-json\/wp\/v2\/media?parent=10705"}],"wp:term":[{"taxonomy":"difl_page_category","embeddable":true,"href":"https:\/\/ebhinvest.hu\/de\/wp-json\/wp\/v2\/difl_page_category?post=10705"}],"curies":[{"name":"wp","href":"https:\/\/api.w.org\/{rel}","templated":true}]}}