{"id":10901,"date":"2024-11-23T08:11:27","date_gmt":"2024-11-23T07:11:27","guid":{"rendered":"https:\/\/ebhinvest.hu\/design-and-build\/"},"modified":"2025-03-10T07:07:08","modified_gmt":"2025-03-10T06:07:08","slug":"design-and-build","status":"publish","type":"page","link":"https:\/\/ebhinvest.hu\/de\/design-and-build\/","title":{"rendered":"SZO Design and Build"},"content":{"rendered":"<p>[et_pb_section fb_built=&#8220;1&#8243; _builder_version=&#8220;4.27.3&#8243; _module_preset=&#8220;default&#8220; background_color=&#8220;gcid-heading-color&#8220; background_image=&#8220;https:\/\/ebhinvest.hu\/wp-content\/uploads\/2024\/11\/hatter_main.jpg&#8220; parallax=&#8220;on&#8220; custom_margin=&#8220;3px|0px|3px|0px|false|false&#8220; custom_padding=&#8220;30px|0px|30px|0px|false|false&#8220; hover_enabled=&#8220;0&#8243; global_colors_info=&#8220;{%22gcid-heading-color%22:%91%22background_color%22%93}&#8220; min_height=&#8220;250px&#8220; sticky_enabled=&#8220;0&#8243;][et_pb_row _builder_version=&#8220;4.27.3&#8243; _module_preset=&#8220;default&#8220; custom_margin=&#8220;10px||10px||false|false&#8220; global_colors_info=&#8220;{}&#8220;][et_pb_column type=&#8220;4_4&#8243; _builder_version=&#8220;4.27.3&#8243; _module_preset=&#8220;default&#8220; custom_padding=&#8220;0px|0px|0px|0px|false|false&#8220; global_colors_info=&#8220;{}&#8220;][et_pb_text _builder_version=&#8220;4.27.3&#8243; _module_preset=&#8220;default&#8220; background_color=&#8220;RGBA(255,255,255,0)&#8220; custom_margin=&#8220;0px|0px|0px|0px|false|false&#8220; custom_padding=&#8220;0px||0px||false|false&#8220; hover_enabled=&#8220;0&#8243; global_colors_info=&#8220;{}&#8220; sticky_enabled=&#8220;0&#8243;]<\/p>\n<h1 style=\"text-align: center;\"><span style=\"color: #ffffff;\">Entwerfen &amp; Bauen<\/span><\/h1>\n<p><span style=\"color: #ffffff;\"><img loading=\"lazy\" decoding=\"async\" src=\"https:\/\/ebhinvest.hu\/wp-content\/uploads\/2024\/11\/csakcsik-1.jpg\" width=\"250\" height=\"7\" alt=\"\" class=\"wp-image-275 alignnone size-full\" style=\"display: block; margin-left: auto; margin-right: auto;\"><\/span><\/p>\n<p>[\/et_pb_text][\/et_pb_column][\/et_pb_row][\/et_pb_section][et_pb_section fb_built=&#8220;1&#8243; _builder_version=&#8220;4.27.3&#8243; _module_preset=&#8220;default&#8220; global_colors_info=&#8220;{}&#8220;][et_pb_row _builder_version=&#8220;4.27.3&#8243; _module_preset=&#8220;default&#8220; global_colors_info=&#8220;{}&#8220;][et_pb_column type=&#8220;4_4&#8243; _builder_version=&#8220;4.27.3&#8243; _module_preset=&#8220;default&#8220; global_colors_info=&#8220;{}&#8220;][et_pb_text _builder_version=&#8220;4.27.3&#8243; _module_preset=&#8220;default&#8220; global_colors_info=&#8220;{}&#8220;]<\/p>\n<p style=\"text-align: center;\">Unser Design &amp; Build Service kombiniert architektonischen Entwurf und Konstruktion. Unser Ziel ist es, die Tr\u00e4ume unserer Kunden wahr werden zu lassen, vom Entwurf bis zur Lieferung. Mit unseren innovativen L\u00f6sungen und unserem Expertenteam garantieren wir hohe Qualit\u00e4t und Termintreue. Wir passen alle unsere Projekte an die Bed\u00fcrfnisse unserer Kunden an, damit das Endergebnis ihre Erwartungen perfekt erf\u00fcllt.  <\/p>\n<h3 style=\"text-align: center;\">Kontaktieren Sie uns<\/h3>\n<p style=\"text-align: center;\">Wenn Sie an unseren Design &amp; Build-Aktivit\u00e4ten und unserem Dienstleistungsangebot interessiert sind, nehmen Sie bitte Kontakt mit uns auf! Unsere Mitarbeiter werden sich in K\u00fcrze unter den angegebenen Kontaktdaten mit Ihnen in Verbindung setzen. <\/p>\n<p>[\/et_pb_text][\/et_pb_column][\/et_pb_row][\/et_pb_section]<\/p>\n","protected":false},"excerpt":{"rendered":"<p>Entwerfen &amp; Bauen Unser Design &amp; Build Service kombiniert architektonischen Entwurf und Konstruktion. Unser Ziel ist es, die Tr\u00e4ume unserer Kunden wahr werden zu lassen, vom Entwurf bis zur Lieferung. Mit unseren innovativen L\u00f6sungen und unserem Expertenteam garantieren wir hohe Qualit\u00e4t und Termintreue. Wir passen alle unsere Projekte an die Bed\u00fcrfnisse unserer Kunden an, damit [&hellip;]<\/p>\n","protected":false},"author":1,"featured_media":0,"parent":0,"menu_order":0,"comment_status":"closed","ping_status":"closed","template":"","meta":{"_et_pb_use_builder":"on","_et_pb_old_content":"","_et_gb_content_width":"","footnotes":""},"difl_page_category":[],"class_list":["post-10901","page","type-page","status-publish","hentry"],"_links":{"self":[{"href":"https:\/\/ebhinvest.hu\/de\/wp-json\/wp\/v2\/pages\/10901","targetHints":{"allow":["GET"]}}],"collection":[{"href":"https:\/\/ebhinvest.hu\/de\/wp-json\/wp\/v2\/pages"}],"about":[{"href":"https:\/\/ebhinvest.hu\/de\/wp-json\/wp\/v2\/types\/page"}],"author":[{"embeddable":true,"href":"https:\/\/ebhinvest.hu\/de\/wp-json\/wp\/v2\/users\/1"}],"replies":[{"embeddable":true,"href":"https:\/\/ebhinvest.hu\/de\/wp-json\/wp\/v2\/comments?post=10901"}],"version-history":[{"count":3,"href":"https:\/\/ebhinvest.hu\/de\/wp-json\/wp\/v2\/pages\/10901\/revisions"}],"predecessor-version":[{"id":11135,"href":"https:\/\/ebhinvest.hu\/de\/wp-json\/wp\/v2\/pages\/10901\/revisions\/11135"}],"wp:attachment":[{"href":"https:\/\/ebhinvest.hu\/de\/wp-json\/wp\/v2\/media?parent=10901"}],"wp:term":[{"taxonomy":"difl_page_category","embeddable":true,"href":"https:\/\/ebhinvest.hu\/de\/wp-json\/wp\/v2\/difl_page_category?post=10901"}],"curies":[{"name":"wp","href":"https:\/\/api.w.org\/{rel}","templated":true}]}}