{"id":10973,"date":"2024-11-23T08:39:28","date_gmt":"2024-11-23T07:39:28","guid":{"rendered":"https:\/\/ebhinvest.hu\/unternehmenskostensenkung\/"},"modified":"2025-03-10T07:15:16","modified_gmt":"2025-03-10T06:15:16","slug":"unternehmenskostensenkung","status":"publish","type":"page","link":"https:\/\/ebhinvest.hu\/de\/unternehmenskostensenkung\/","title":{"rendered":"SZO Unternehmenskostensenkung"},"content":{"rendered":"<p>[et_pb_section fb_built=&#8220;1&#8243; _builder_version=&#8220;4.27.3&#8243; _module_preset=&#8220;default&#8220; background_color=&#8220;gcid-heading-color&#8220; background_image=&#8220;https:\/\/ebhinvest.hu\/wp-content\/uploads\/2024\/11\/fej-3.jpg&#8220; parallax=&#8220;on&#8220; min_height=&#8220;250px&#8220; custom_margin=&#8220;3px|0px|3px|0px|false|false&#8220; custom_padding=&#8220;30px|0px|30px|0px|false|false&#8220; global_colors_info=&#8220;{%22gcid-heading-color%22:%91%22background_color%22%93}&#8220;][et_pb_row _builder_version=&#8220;4.27.3&#8243; _module_preset=&#8220;default&#8220; custom_margin=&#8220;10px||10px||false|false&#8220; global_colors_info=&#8220;{}&#8220;][et_pb_column type=&#8220;4_4&#8243; _builder_version=&#8220;4.27.3&#8243; _module_preset=&#8220;default&#8220; custom_padding=&#8220;0px|0px|0px|0px|false|false&#8220; global_colors_info=&#8220;{}&#8220;][et_pb_text _builder_version=&#8220;4.27.3&#8243; _module_preset=&#8220;default&#8220; background_color=&#8220;RGBA(255,255,255,0)&#8220; custom_margin=&#8220;0px|0px|0px|0px|false|false&#8220; custom_padding=&#8220;0px||0px||false|false&#8220; text_text_shadow_style=&#8220;preset4&#8243; text_text_shadow_horizontal_length=&#8220;0.68em&#8220; text_text_shadow_vertical_length=&#8220;0.55em&#8220; text_text_shadow_blur_strength=&#8220;0.36em&#8220; global_colors_info=&#8220;{}&#8220;]<\/p>\n<h1 style=\"text-align: center;\"><span style=\"color: #ffffff;\">Unternehmenskostensenkung<\/span><\/h1>\n<p><span style=\"color: #ffffff;\"><\/span><\/p>\n<p><span style=\"color: #ffffff;\"><img loading=\"lazy\" decoding=\"async\" src=\"https:\/\/ebhinvest.hu\/wp-content\/uploads\/2024\/11\/csakcsik-1.jpg\" width=\"250\" height=\"7\" alt=\"\" class=\"wp-image-275 alignnone size-full\" style=\"display: block; margin-left: auto; margin-right: auto;\"><\/span><\/p>\n<p>[\/et_pb_text][\/et_pb_column][\/et_pb_row][\/et_pb_section][et_pb_section fb_built=&#8220;1&#8243; _builder_version=&#8220;4.27.3&#8243; _module_preset=&#8220;default&#8220; global_colors_info=&#8220;{}&#8220;][et_pb_row _builder_version=&#8220;4.27.3&#8243; _module_preset=&#8220;default&#8220; global_colors_info=&#8220;{}&#8220;][et_pb_column type=&#8220;4_4&#8243; _builder_version=&#8220;4.27.3&#8243; _module_preset=&#8220;default&#8220; global_colors_info=&#8220;{}&#8220;][et_pb_image src=&#8220;https:\/\/ebhinvest.hu\/wp-content\/uploads\/2024\/11\/EBH_PPT02-015z-2048&#215;299-1.jpg&#8220; title_text=&#8220;EBH_PPT02-015z-2048&#215;299&#8243; _builder_version=&#8220;4.27.3&#8243; _module_preset=&#8220;default&#8220; global_colors_info=&#8220;{}&#8220;][\/et_pb_image][\/et_pb_column][\/et_pb_row][et_pb_row _builder_version=&#8220;4.27.3&#8243; _module_preset=&#8220;default&#8220; global_colors_info=&#8220;{}&#8220;][et_pb_column type=&#8220;4_4&#8243; _builder_version=&#8220;4.27.3&#8243; _module_preset=&#8220;default&#8220; global_colors_info=&#8220;{}&#8220;][et_pb_text _builder_version=&#8220;4.27.3&#8243; _module_preset=&#8220;default&#8220; global_colors_info=&#8220;{}&#8220;]<\/p>\n<p style=\"text-align: center;\"><span style=\"color: #6d8dac; font-size: 24px;\"><strong>ES GIBT EINE L\u00d6SUNG F\u00dcR DIE ENERGIEKRISE<\/strong><\/span><\/p>\n<p style=\"text-align: center;\"><span style=\"color: #6d8dac;\"><strong>Der mehrfache Anstieg der Energiepreise ab Herbst 2022 hat die Mieter, Betreiber und Eigent\u00fcmer von hochverbrauchenden Immobilien (B\u00fcrogeb\u00e4ude, Gewerbeimmobilien, Produktionshallen, Arbeiterunterk\u00fcnfte) in eine schwierige und \u00e4u\u00dferst unsichere Lage gebracht.<\/strong><\/span><\/p>\n<p>Wenn Sie auch daran interessiert sind, die Wettbewerbsf\u00e4higkeit Ihrer Immobilie zu erhalten und Ihren Energieverbrauch sowie Ihre Nebenkosten zu senken, aber noch nach Antworten suchen, dann richtet sich das Dienstleistungspaket f\u00fcr Unternehmenskostensenkung von EBH INVEST an Sie.<\/p>\n<ul>\n<li>Verf\u00fcgbarkeit von Fachleuten mit mehr als 10 Jahren Erfahrung<\/li>\n<li>Zuverl\u00e4ssige Rechnungspr\u00fcfung<\/li>\n<li>Erstellung von Ausf\u00fchrungspl\u00e4nen unter Einhaltung der Vorschriften<\/li>\n<li>Professionelle und qualitativ hochwertige Umsetzung<\/li>\n<li>Garantie f\u00fcr Einsparungen<\/li>\n<li>Unterst\u00fctzung bei der Ermittlung von Kofinanzierungs- und verf\u00fcgbaren Zuschussquellen<\/li>\n<\/ul>\n<p>[\/et_pb_text][et_pb_image src=&#8220;https:\/\/ebhinvest.hu\/wp-content\/uploads\/2024\/11\/ikonok.jpg&#8220; title_text=&#8220;ikonok&#8220; _builder_version=&#8220;4.27.3&#8243; _module_preset=&#8220;default&#8220; global_colors_info=&#8220;{}&#8220;][\/et_pb_image][et_pb_text _builder_version=&#8220;4.27.3&#8243; _module_preset=&#8220;default&#8220; global_colors_info=&#8220;{}&#8220;]<\/p>\n<p><span style=\"font-size: 24px; color: #6d8dac;\"><strong>Reduzieren Sie die Energiekosten Ihrer Immobilie, <\/strong><\/span><\/p>\n<p><span style=\"font-size: 24px; color: #6d8dac;\"><strong>seinen Marktwert und seine Wettbewerbsf\u00e4higkeit zu steigern!<\/strong><\/span><\/p>\n<p><span style=\"color: #6d8dac;\"> <\/span><\/p>\n<p style=\"text-align: left;\"><span style=\"font-size: 20px; color: #6d8dac;\"><strong>Eine umfassende L\u00f6sung mit Hilfe von EBH INVEST<\/strong><\/span><\/p>\n<p style=\"text-align: left;\">Mit dem umfassenden Energiedienstleistungspaket von EBH INVEST r\u00fcckt <strong>die energetische Sanierung f\u00fcr Sie in greifbare N\u00e4he.<br \/><\/strong>Unser auf Generalunternehmungen spezialisiertes Unternehmen begleitet Sie mit Hilfe seiner <strong>Kooperationspartner Schritt f\u00fcr Schritt<\/strong> bei der <strong>energetischen Modernisierung Ihres Geb\u00e4udes und der Senkung Ihrer Nebenkosten.<\/strong><\/p>\n<p style=\"text-align: left;\">Gleichzeitig k\u00f6nnen Sie auch eine lange aufgeschobene umfassende Sanierung Ihrer Immobilie durch Fachleute durchf\u00fchren lassen, <span style=\"color: #4b77bd;\"><strong>die sich nicht mehr aufschieben l\u00e4sst!<br \/><\/strong><\/span>Durch eine energetische oder umfassende Sanierung k\u00f6nnen Sie den Marktwert und die Wettbewerbsf\u00e4higkeit Ihrer Immobilie steigern und gleichzeitig die Energiekosten deutlich senken.<\/p>\n<p><span style=\"color: #4b77bd;\">Die energetische Modernisierung eines Geb\u00e4udes erfordert das Zusammenwirken verschiedener ineinandergreifender und miteinander verbundener Bereiche, die unser Unternehmen als Energieintegrator anbietet:<\/span><\/p>\n<ul>\n<li>Fachliche Beratung, Energieberatung<\/li>\n<li>Zustandsbewertung, Energieausweis<\/li>\n<li>Entwurf, Erstellung eines umfassenden Haushaltsplans<\/li>\n<li>Beschaffung, Suche nach Unterauftragnehmern und Koordination<\/li>\n<li>Finanzierung<\/li>\n<li>Implementierung<\/li>\n<\/ul>\n<p><span style=\"color: #4b77bd;\">M\u00f6gliche energiesparende L\u00f6sungen und Umsetzungsbereiche:<\/span><\/p>\n<ul>\n<li>W\u00e4rmed\u00e4mmung (Fassade, Dach)<\/li>\n<li>Erneuerung von Fenstern und T\u00fcren<\/li>\n<li>Maschinenbau (Heizung-K\u00fchlung, Modernisierung von Beleuchtungsanlagen)<\/li>\n<li>Installation von Sonnenkollektoren<\/li>\n<li>Pr\u00fcfung von Vertr\u00e4gen \u00fcber Versorgungsleistungen<\/li>\n<li>Optimierung der betrieblichen Abl\u00e4ufe<\/li>\n<\/ul>\n<p>[\/et_pb_text][\/et_pb_column][\/et_pb_row][\/et_pb_section]<\/p>\n","protected":false},"excerpt":{"rendered":"<p>Unternehmenskostensenkung ES GIBT EINE L\u00d6SUNG F\u00dcR DIE ENERGIEKRISE Der mehrfache Anstieg der Energiepreise ab Herbst 2022 hat die Mieter, Betreiber und Eigent\u00fcmer von hochverbrauchenden Immobilien (B\u00fcrogeb\u00e4ude, Gewerbeimmobilien, Produktionshallen, Arbeiterunterk\u00fcnfte) in eine schwierige und \u00e4u\u00dferst unsichere Lage gebracht. Wenn Sie auch daran interessiert sind, die Wettbewerbsf\u00e4higkeit Ihrer Immobilie zu erhalten und Ihren Energieverbrauch sowie Ihre Nebenkosten [&hellip;]<\/p>\n","protected":false},"author":1,"featured_media":0,"parent":0,"menu_order":0,"comment_status":"closed","ping_status":"closed","template":"","meta":{"_et_pb_use_builder":"on","_et_pb_old_content":"","_et_gb_content_width":"","footnotes":""},"difl_page_category":[],"class_list":["post-10973","page","type-page","status-publish","hentry"],"_links":{"self":[{"href":"https:\/\/ebhinvest.hu\/de\/wp-json\/wp\/v2\/pages\/10973","targetHints":{"allow":["GET"]}}],"collection":[{"href":"https:\/\/ebhinvest.hu\/de\/wp-json\/wp\/v2\/pages"}],"about":[{"href":"https:\/\/ebhinvest.hu\/de\/wp-json\/wp\/v2\/types\/page"}],"author":[{"embeddable":true,"href":"https:\/\/ebhinvest.hu\/de\/wp-json\/wp\/v2\/users\/1"}],"replies":[{"embeddable":true,"href":"https:\/\/ebhinvest.hu\/de\/wp-json\/wp\/v2\/comments?post=10973"}],"version-history":[{"count":3,"href":"https:\/\/ebhinvest.hu\/de\/wp-json\/wp\/v2\/pages\/10973\/revisions"}],"predecessor-version":[{"id":11179,"href":"https:\/\/ebhinvest.hu\/de\/wp-json\/wp\/v2\/pages\/10973\/revisions\/11179"}],"wp:attachment":[{"href":"https:\/\/ebhinvest.hu\/de\/wp-json\/wp\/v2\/media?parent=10973"}],"wp:term":[{"taxonomy":"difl_page_category","embeddable":true,"href":"https:\/\/ebhinvest.hu\/de\/wp-json\/wp\/v2\/difl_page_category?post=10973"}],"curies":[{"name":"wp","href":"https:\/\/api.w.org\/{rel}","templated":true}]}}