{"id":10979,"date":"2024-11-23T08:57:35","date_gmt":"2024-11-23T07:57:35","guid":{"rendered":"https:\/\/ebhinvest.hu\/fit-out-arbeiten-bueroflaechenbau\/"},"modified":"2025-03-10T07:08:21","modified_gmt":"2025-03-10T06:08:21","slug":"fit-out-arbeiten-bueroflaechenbau","status":"publish","type":"page","link":"https:\/\/ebhinvest.hu\/de\/fit-out-arbeiten-bueroflaechenbau\/","title":{"rendered":"SZO Fit-out-Arbeiten \/ B\u00fcrofl\u00e4chenbau"},"content":{"rendered":"<p>[et_pb_section fb_built=&#8220;1&#8243; _builder_version=&#8220;4.27.3&#8243; _module_preset=&#8220;default&#8220; background_color=&#8220;gcid-heading-color&#8220; background_image=&#8220;https:\/\/ebhinvest.hu\/wp-content\/uploads\/2024\/11\/fej_fitout.jpg&#8220; parallax=&#8220;on&#8220; min_height=&#8220;250px&#8220; custom_margin=&#8220;3px|0px|3px|0px|false|false&#8220; custom_padding=&#8220;30px|0px|30px|0px|false|false&#8220; global_colors_info=&#8220;{%22gcid-heading-color%22:%91%22background_color%22%93}&#8220;][et_pb_row _builder_version=&#8220;4.27.3&#8243; _module_preset=&#8220;default&#8220; custom_margin=&#8220;10px||10px||false|false&#8220; global_colors_info=&#8220;{}&#8220;][et_pb_column type=&#8220;4_4&#8243; _builder_version=&#8220;4.27.3&#8243; _module_preset=&#8220;default&#8220; custom_padding=&#8220;0px|0px|0px|0px|false|false&#8220; global_colors_info=&#8220;{}&#8220;][et_pb_text _builder_version=&#8220;4.27.3&#8243; _module_preset=&#8220;default&#8220; background_color=&#8220;RGBA(255,255,255,0)&#8220; custom_margin=&#8220;0px|0px|0px|0px|false|false&#8220; custom_padding=&#8220;0px||0px||false|false&#8220; text_text_shadow_style=&#8220;preset4&#8243; text_text_shadow_horizontal_length=&#8220;0.68em&#8220; text_text_shadow_vertical_length=&#8220;0.55em&#8220; text_text_shadow_blur_strength=&#8220;0.36em&#8220; global_colors_info=&#8220;{}&#8220;]<\/p>\n<h1 style=\"text-align: center;\"><span style=\"color: #ffffff;\">Fit-out-Arbeiten \/ B\u00fcrofl\u00e4chenbau<\/span><\/h1>\n<p><span style=\"color: #ffffff;\"><\/span><\/p>\n<p><span style=\"color: #ffffff;\"><img loading=\"lazy\" decoding=\"async\" src=\"https:\/\/ebhinvest.hu\/wp-content\/uploads\/2024\/11\/csakcsik-1.jpg\" width=\"250\" height=\"7\" alt=\"\" class=\"wp-image-275 alignnone size-full\" style=\"display: block; margin-left: auto; margin-right: auto;\"><\/span><\/p>\n<p>[\/et_pb_text][\/et_pb_column][\/et_pb_row][\/et_pb_section][et_pb_section fb_built=&#8220;1&#8243; _builder_version=&#8220;4.27.3&#8243; _module_preset=&#8220;default&#8220; global_colors_info=&#8220;{}&#8220;][et_pb_row _builder_version=&#8220;4.27.3&#8243; _module_preset=&#8220;default&#8220; global_colors_info=&#8220;{}&#8220;][et_pb_column type=&#8220;4_4&#8243; _builder_version=&#8220;4.27.3&#8243; _module_preset=&#8220;default&#8220; global_colors_info=&#8220;{}&#8220;][et_pb_text _builder_version=&#8220;4.27.3&#8243; _module_preset=&#8220;default&#8220; global_colors_info=&#8220;{}&#8220;]<\/p>\n<p>In der letzten Zeit haben wir ohne Verz\u00f6gerung eine Reihe von Projekten mit engen Fristen durchgef\u00fchrt, bei denen nach dem endg\u00fcltigen Entwurf der Innenausbau, der Innenausbau und die sog. unter Einhaltung der Lieferfrist f\u00fchrten wir Ausbauarbeiten durch. <\/p>\n<p>In naher Zukunft werden wir flexible, kurzfristige Mieter bzw. f\u00fcr Vermieter \/ Bautr\u00e4ger<\/p>\n<ul style=\"list-style-type: circle;\">\n<li>Mietfl\u00e4chen f\u00fcr B\u00fcrogeb\u00e4ude und Gemeinschafts- und Empfangsbereiche<\/li>\n<li>Einkaufszentren<\/li>\n<li>und komplette Ausstattungsarbeiten von Industriegeb\u00e4uden, Einkaufszentren, Gesch\u00e4ftsr\u00e4umen<\/li>\n<\/ul>\n<p>Unsere Dienstleistungst\u00e4tigkeit umfasst die gesamte Baut\u00e4tigkeit, wie: Bau von inneren Trennw\u00e4nden (Ziegel oder Gipskarton), Warm- und Kaltverkleidung, Malerarbeiten, Einbau von Innent\u00fcren und Fenstern, Bau von Nieder- und Starkstromanlagen bzw. Inbetriebnahme, Hochbau.<\/p>\n<p>Unsere Spezialisten und unser Bauteam bereiten die \u00fcbernommene Qualit\u00e4t zum vereinbarten Termin auf hohem Niveau vor, von der Gestaltung der Innenr\u00e4ume bis zur schl\u00fcsselfertigen \u00dcbergabe (kompletter Innenausbau und Ausbaubau).<\/p>\n<p>Bei Bedarf bieten wir unseren Kunden sogar ein komplettes Projektmanagement f\u00fcr den Innenausbau (Ausbau) kosteng\u00fcnstig, kompromisslos und zuverl\u00e4ssig an.<\/p>\n<p>[\/et_pb_text][et_pb_button button_url=&#8220;@ET-DC@eyJkeW5hbWljIjp0cnVlLCJjb250ZW50IjoicG9zdF9saW5rX3VybF9wYWdlIiwic2V0dGluZ3MiOnsicG9zdF9pZCI6IjIxMDAiLCJlbmFibGVfaHRtbCI6Im9mZiJ9fQ==@&#8220; button_text=&#8220;Referenzen&#8220; button_alignment=&#8220;center&#8220; _builder_version=&#8220;4.27.4&#8243; _dynamic_attributes=&#8220;button_url&#8220; _module_preset=&#8220;default&#8220; custom_button=&#8220;on&#8220; button_text_color=&#8220;#FFFFFF&#8220; button_bg_color=&#8220;gcid-heading-color&#8220; button_icon=&#8220;&#x49;||divi||400&#8243; button_icon_placement=&#8220;left&#8220; custom_margin=&#8220;10px||15px||false|false&#8220; global_colors_info=&#8220;{%22gcid-heading-color%22:%91%22button_bg_color%22%93}&#8220;][\/et_pb_button][\/et_pb_column][\/et_pb_row][\/et_pb_section]<\/p>\n","protected":false},"excerpt":{"rendered":"<p>Fit-out-Arbeiten \/ B\u00fcrofl\u00e4chenbau In der letzten Zeit haben wir ohne Verz\u00f6gerung eine Reihe von Projekten mit engen Fristen durchgef\u00fchrt, bei denen nach dem endg\u00fcltigen Entwurf der Innenausbau, der Innenausbau und die sog. unter Einhaltung der Lieferfrist f\u00fchrten wir Ausbauarbeiten durch. In naher Zukunft werden wir flexible, kurzfristige Mieter bzw. f\u00fcr Vermieter \/ Bautr\u00e4ger Mietfl\u00e4chen f\u00fcr [&hellip;]<\/p>\n","protected":false},"author":1,"featured_media":0,"parent":0,"menu_order":0,"comment_status":"closed","ping_status":"closed","template":"","meta":{"_et_pb_use_builder":"on","_et_pb_old_content":"","_et_gb_content_width":"","footnotes":""},"difl_page_category":[],"class_list":["post-10979","page","type-page","status-publish","hentry"],"_links":{"self":[{"href":"https:\/\/ebhinvest.hu\/de\/wp-json\/wp\/v2\/pages\/10979","targetHints":{"allow":["GET"]}}],"collection":[{"href":"https:\/\/ebhinvest.hu\/de\/wp-json\/wp\/v2\/pages"}],"about":[{"href":"https:\/\/ebhinvest.hu\/de\/wp-json\/wp\/v2\/types\/page"}],"author":[{"embeddable":true,"href":"https:\/\/ebhinvest.hu\/de\/wp-json\/wp\/v2\/users\/1"}],"replies":[{"embeddable":true,"href":"https:\/\/ebhinvest.hu\/de\/wp-json\/wp\/v2\/comments?post=10979"}],"version-history":[{"count":3,"href":"https:\/\/ebhinvest.hu\/de\/wp-json\/wp\/v2\/pages\/10979\/revisions"}],"predecessor-version":[{"id":11143,"href":"https:\/\/ebhinvest.hu\/de\/wp-json\/wp\/v2\/pages\/10979\/revisions\/11143"}],"wp:attachment":[{"href":"https:\/\/ebhinvest.hu\/de\/wp-json\/wp\/v2\/media?parent=10979"}],"wp:term":[{"taxonomy":"difl_page_category","embeddable":true,"href":"https:\/\/ebhinvest.hu\/de\/wp-json\/wp\/v2\/difl_page_category?post=10979"}],"curies":[{"name":"wp","href":"https:\/\/api.w.org\/{rel}","templated":true}]}}