{"id":10985,"date":"2024-11-23T08:29:12","date_gmt":"2024-11-23T07:29:12","guid":{"rendered":"https:\/\/ebhinvest.hu\/hallen-und-industrieanlagen\/"},"modified":"2025-03-10T07:09:21","modified_gmt":"2025-03-10T06:09:21","slug":"hallen-und-industrieanlagen","status":"publish","type":"page","link":"https:\/\/ebhinvest.hu\/de\/hallen-und-industrieanlagen\/","title":{"rendered":"SZO Hallen und Industrieanlagen"},"content":{"rendered":"<p>[et_pb_section fb_built=&#8220;1&#8243; _builder_version=&#8220;4.27.3&#8243; _module_preset=&#8220;default&#8220; background_color=&#8220;gcid-heading-color&#8220; background_image=&#8220;https:\/\/ebhinvest.hu\/wp-content\/uploads\/2024\/11\/fej-1.jpg&#8220; parallax=&#8220;on&#8220; min_height=&#8220;250px&#8220; custom_margin=&#8220;3px|0px|3px|0px|false|false&#8220; custom_padding=&#8220;30px|0px|30px|0px|false|false&#8220; global_colors_info=&#8220;{%22gcid-heading-color%22:%91%22background_color%22%93}&#8220;][et_pb_row _builder_version=&#8220;4.27.3&#8243; _module_preset=&#8220;default&#8220; custom_margin=&#8220;10px||10px||false|false&#8220; global_colors_info=&#8220;{}&#8220;][et_pb_column type=&#8220;4_4&#8243; _builder_version=&#8220;4.27.3&#8243; _module_preset=&#8220;default&#8220; custom_padding=&#8220;0px|0px|0px|0px|false|false&#8220; global_colors_info=&#8220;{}&#8220;][et_pb_text _builder_version=&#8220;4.27.3&#8243; _module_preset=&#8220;default&#8220; background_color=&#8220;RGBA(255,255,255,0)&#8220; custom_margin=&#8220;0px|auto|0px|auto|false|true&#8220; custom_padding=&#8220;0px||0px||false|false&#8220; text_text_shadow_style=&#8220;preset2&#8243; text_text_shadow_horizontal_length=&#8220;0.2em&#8220; text_text_shadow_vertical_length=&#8220;0.36em&#8220; text_text_shadow_blur_strength=&#8220;0.34em&#8220; global_colors_info=&#8220;{}&#8220;]<\/p>\n<h1 style=\"text-align: center;\"><span style=\"color: #ffffff;\">Hallen und Industrieanlagen<br \/><\/span><\/h1>\n<p><span style=\"color: #ffffff;\"><img loading=\"lazy\" decoding=\"async\" src=\"https:\/\/ebhinvest.hu\/wp-content\/uploads\/2024\/11\/csakcsik-1.jpg\" width=\"250\" height=\"7\" alt=\"\" class=\"wp-image-275 alignnone size-full\" style=\"display: block; margin-left: auto; margin-right: auto;\"><\/span><\/p>\n<p>[\/et_pb_text][\/et_pb_column][\/et_pb_row][\/et_pb_section][et_pb_section fb_built=&#8220;1&#8243; _builder_version=&#8220;4.27.3&#8243; _module_preset=&#8220;default&#8220; global_colors_info=&#8220;{}&#8220;][et_pb_row _builder_version=&#8220;4.27.3&#8243; _module_preset=&#8220;default&#8220; global_colors_info=&#8220;{}&#8220;][et_pb_column type=&#8220;4_4&#8243; _builder_version=&#8220;4.27.3&#8243; _module_preset=&#8220;default&#8220; global_colors_info=&#8220;{}&#8220;][et_pb_text _builder_version=&#8220;4.27.3&#8243; _module_preset=&#8220;default&#8220; global_colors_info=&#8220;{}&#8220;]<\/p>\n<p style=\"text-align: center;\">Wir engagieren uns f\u00fcr qualitativ hochwertige architektonische L\u00f6sungen und Innovationen, um die Bed\u00fcrfnisse und Erwartungen unserer Kunden zu erf\u00fcllen.<\/p>\n<p style=\"text-align: center;\">Wir haben die Erfahrung, um effiziente Anlagen f\u00fcr eine Vielzahl von Branchen zu schaffen. Die von uns geplanten und gebauten Hallen sind nicht nur baulich hochwertig, sondern auch funktional optimiert, damit unsere Kunden ihre t\u00e4glichen Aufgaben effizient und wirtschaftlich erledigen k\u00f6nnen. <\/p>\n<p style=\"text-align: center;\">\n<p>[\/et_pb_text][et_pb_button button_url=&#8220;@ET-DC@eyJkeW5hbWljIjp0cnVlLCJjb250ZW50IjoicG9zdF9saW5rX3VybF9wYWdlIiwic2V0dGluZ3MiOnsicG9zdF9pZCI6IjIwNjQiLCJlbmFibGVfaHRtbCI6Im9mZiJ9fQ==@&#8220; button_text=&#8220;Referenzen&#8220; button_alignment=&#8220;center&#8220; _builder_version=&#8220;4.27.4&#8243; _dynamic_attributes=&#8220;button_url&#8220; _module_preset=&#8220;default&#8220; custom_button=&#8220;on&#8220; button_text_color=&#8220;#FFFFFF&#8220; button_bg_color=&#8220;gcid-heading-color&#8220; button_icon=&#8220;&#x49;||divi||400&#8243; button_icon_placement=&#8220;left&#8220; custom_margin=&#8220;10px||15px||false|false&#8220; global_colors_info=&#8220;{%22gcid-heading-color%22:%91%22button_bg_color%22%93}&#8220;][\/et_pb_button][\/et_pb_column][\/et_pb_row][\/et_pb_section]<\/p>\n","protected":false},"excerpt":{"rendered":"<p>Hallen und Industrieanlagen Wir engagieren uns f\u00fcr qualitativ hochwertige architektonische L\u00f6sungen und Innovationen, um die Bed\u00fcrfnisse und Erwartungen unserer Kunden zu erf\u00fcllen. Wir haben die Erfahrung, um effiziente Anlagen f\u00fcr eine Vielzahl von Branchen zu schaffen. Die von uns geplanten und gebauten Hallen sind nicht nur baulich hochwertig, sondern auch funktional optimiert, damit unsere Kunden [&hellip;]<\/p>\n","protected":false},"author":1,"featured_media":0,"parent":0,"menu_order":0,"comment_status":"closed","ping_status":"closed","template":"","meta":{"_et_pb_use_builder":"on","_et_pb_old_content":"","_et_gb_content_width":"","footnotes":""},"difl_page_category":[],"class_list":["post-10985","page","type-page","status-publish","hentry"],"_links":{"self":[{"href":"https:\/\/ebhinvest.hu\/de\/wp-json\/wp\/v2\/pages\/10985","targetHints":{"allow":["GET"]}}],"collection":[{"href":"https:\/\/ebhinvest.hu\/de\/wp-json\/wp\/v2\/pages"}],"about":[{"href":"https:\/\/ebhinvest.hu\/de\/wp-json\/wp\/v2\/types\/page"}],"author":[{"embeddable":true,"href":"https:\/\/ebhinvest.hu\/de\/wp-json\/wp\/v2\/users\/1"}],"replies":[{"embeddable":true,"href":"https:\/\/ebhinvest.hu\/de\/wp-json\/wp\/v2\/comments?post=10985"}],"version-history":[{"count":3,"href":"https:\/\/ebhinvest.hu\/de\/wp-json\/wp\/v2\/pages\/10985\/revisions"}],"predecessor-version":[{"id":11151,"href":"https:\/\/ebhinvest.hu\/de\/wp-json\/wp\/v2\/pages\/10985\/revisions\/11151"}],"wp:attachment":[{"href":"https:\/\/ebhinvest.hu\/de\/wp-json\/wp\/v2\/media?parent=10985"}],"wp:term":[{"taxonomy":"difl_page_category","embeddable":true,"href":"https:\/\/ebhinvest.hu\/de\/wp-json\/wp\/v2\/difl_page_category?post=10985"}],"curies":[{"name":"wp","href":"https:\/\/api.w.org\/{rel}","templated":true}]}}