{"id":10991,"date":"2024-11-23T08:59:38","date_gmt":"2024-11-23T07:59:38","guid":{"rendered":"https:\/\/ebhinvest.hu\/denkmalrestaurierung-2\/"},"modified":"2025-03-10T07:13:58","modified_gmt":"2025-03-10T06:13:58","slug":"denkmalrestaurierung-de","status":"publish","type":"page","link":"https:\/\/ebhinvest.hu\/de\/denkmalrestaurierung-de\/","title":{"rendered":"SZO Denkmalrestaurierung"},"content":{"rendered":"<p>[et_pb_section fb_built=&#8220;1&#8243; _builder_version=&#8220;4.27.3&#8243; _module_preset=&#8220;default&#8220; background_color=&#8220;gcid-heading-color&#8220; background_image=&#8220;https:\/\/ebhinvest.hu\/wp-content\/uploads\/2024\/11\/fej_muemlek.jpg&#8220; parallax=&#8220;on&#8220; min_height=&#8220;250px&#8220; custom_margin=&#8220;3px|0px|3px|0px|false|false&#8220; custom_padding=&#8220;30px|0px|30px|0px|false|false&#8220; global_colors_info=&#8220;{%22gcid-heading-color%22:%91%22background_color%22%93}&#8220;][et_pb_row _builder_version=&#8220;4.27.3&#8243; _module_preset=&#8220;default&#8220; custom_margin=&#8220;10px||10px||false|false&#8220; global_colors_info=&#8220;{}&#8220;][et_pb_column type=&#8220;4_4&#8243; _builder_version=&#8220;4.27.3&#8243; _module_preset=&#8220;default&#8220; custom_padding=&#8220;0px|0px|0px|0px|false|false&#8220; global_colors_info=&#8220;{}&#8220;][et_pb_text _builder_version=&#8220;4.27.3&#8243; _module_preset=&#8220;default&#8220; background_color=&#8220;RGBA(255,255,255,0)&#8220; custom_margin=&#8220;0px|0px|0px|0px|false|false&#8220; custom_padding=&#8220;0px||0px||false|false&#8220; text_text_shadow_style=&#8220;preset4&#8243; text_text_shadow_horizontal_length=&#8220;0.68em&#8220; text_text_shadow_vertical_length=&#8220;0.55em&#8220; text_text_shadow_blur_strength=&#8220;0.36em&#8220; global_colors_info=&#8220;{}&#8220;]<\/p>\n<h1 style=\"text-align: center;\"><span style=\"color: #ffffff;\">Denkmalrestaurierung<\/span><\/h1>\n<h1 style=\"text-align: center;\"><span style=\"color: #ffffff;\"><img loading=\"lazy\" decoding=\"async\" src=\"https:\/\/ebhinvest.hu\/wp-content\/uploads\/2024\/11\/csakcsik-1.jpg\" width=\"250\" height=\"7\" alt=\"\" class=\"wp-image-275 alignnone size-full\"><\/span><\/h1>\n<p>[\/et_pb_text][\/et_pb_column][\/et_pb_row][\/et_pb_section][et_pb_section fb_built=&#8220;1&#8243; _builder_version=&#8220;4.27.3&#8243; _module_preset=&#8220;default&#8220; global_colors_info=&#8220;{}&#8220;][et_pb_row _builder_version=&#8220;4.27.3&#8243; _module_preset=&#8220;default&#8220; global_colors_info=&#8220;{}&#8220;][et_pb_column type=&#8220;4_4&#8243; _builder_version=&#8220;4.27.3&#8243; _module_preset=&#8220;default&#8220; global_colors_info=&#8220;{}&#8220;][et_pb_text _builder_version=&#8220;4.27.3&#8243; _module_preset=&#8220;default&#8220; global_colors_info=&#8220;{}&#8220;]<\/p>\n<div class=\"subpage\">\n<div class=\"text-container\">\n<div class=\"subpage-page-single\">\n<div class=\"entry-content page-content\" itemprop=\"articleBody\">\n<p>Wir haben zahlreiche Projekte zur Restaurierung von Denkm\u00e4lern durchgef\u00fchrt. <\/p>\n<p> Ob es sich um die Renovierung eines Schlosses, eines Museums, eines Kirchenbesitzes oder einer Eigentumswohnung handelt, unser Ziel ist in jedem Fall herausragende Qualit\u00e4t. Unsere Restaurierungsreferenzen sprechen f\u00fcr sich! <\/p>\n<p>Wir f\u00fchren Auftr\u00e4ge f\u00fcr die Au\u00dfen- und Innenrekonstruktion von denkmalgesch\u00fctzten Geb\u00e4uden, auch in vollem Umfang aus \u2013 einschlie\u00dflich des Genehmigungsverfahrens und die Konsultation mit den Beh\u00f6rden. <\/p>\n<p>Zu unseren Referenzarbeiten geh\u00f6rt die Renovierung vieler Kirchen, Museen und Burgen:<\/p>\n<ul>\n<li>Denkmalsanierung: Renovierung von Burgen, Schl\u00f6ssern und Reitst\u00e4llen<\/li>\n<li>Kircheneinrichtungen: Renovierung von Kirchen, Gemeindeh\u00e4usern, Mausoleen<\/li>\n<li>Wohngeb\u00e4ude: Renovierung von Eigentumswohnungen der Jahrhundertwende, historischen Geb\u00e4uden und Fassaden<\/li>\n<\/ul>\n<\/div>\n<\/div>\n<\/div>\n<\/div>\n<p>[\/et_pb_text][\/et_pb_column][\/et_pb_row][\/et_pb_section]<\/p>\n","protected":false},"excerpt":{"rendered":"<p>Denkmalrestaurierung Wir haben zahlreiche Projekte zur Restaurierung von Denkm\u00e4lern durchgef\u00fchrt. Ob es sich um die Renovierung eines Schlosses, eines Museums, eines Kirchenbesitzes oder einer Eigentumswohnung handelt, unser Ziel ist in jedem Fall herausragende Qualit\u00e4t. Unsere Restaurierungsreferenzen sprechen f\u00fcr sich! Wir f\u00fchren Auftr\u00e4ge f\u00fcr die Au\u00dfen- und Innenrekonstruktion von denkmalgesch\u00fctzten Geb\u00e4uden, auch in vollem Umfang aus [&hellip;]<\/p>\n","protected":false},"author":1,"featured_media":0,"parent":0,"menu_order":0,"comment_status":"closed","ping_status":"closed","template":"","meta":{"_et_pb_use_builder":"on","_et_pb_old_content":"","_et_gb_content_width":"","footnotes":""},"difl_page_category":[],"class_list":["post-10991","page","type-page","status-publish","hentry"],"_links":{"self":[{"href":"https:\/\/ebhinvest.hu\/de\/wp-json\/wp\/v2\/pages\/10991","targetHints":{"allow":["GET"]}}],"collection":[{"href":"https:\/\/ebhinvest.hu\/de\/wp-json\/wp\/v2\/pages"}],"about":[{"href":"https:\/\/ebhinvest.hu\/de\/wp-json\/wp\/v2\/types\/page"}],"author":[{"embeddable":true,"href":"https:\/\/ebhinvest.hu\/de\/wp-json\/wp\/v2\/users\/1"}],"replies":[{"embeddable":true,"href":"https:\/\/ebhinvest.hu\/de\/wp-json\/wp\/v2\/comments?post=10991"}],"version-history":[{"count":4,"href":"https:\/\/ebhinvest.hu\/de\/wp-json\/wp\/v2\/pages\/10991\/revisions"}],"predecessor-version":[{"id":11173,"href":"https:\/\/ebhinvest.hu\/de\/wp-json\/wp\/v2\/pages\/10991\/revisions\/11173"}],"wp:attachment":[{"href":"https:\/\/ebhinvest.hu\/de\/wp-json\/wp\/v2\/media?parent=10991"}],"wp:term":[{"taxonomy":"difl_page_category","embeddable":true,"href":"https:\/\/ebhinvest.hu\/de\/wp-json\/wp\/v2\/difl_page_category?post=10991"}],"curies":[{"name":"wp","href":"https:\/\/api.w.org\/{rel}","templated":true}]}}