{"id":10997,"date":"2024-11-23T08:37:25","date_gmt":"2024-11-23T07:37:25","guid":{"rendered":"https:\/\/ebhinvest.hu\/generalunternehmen\/"},"modified":"2025-03-10T07:09:06","modified_gmt":"2025-03-10T06:09:06","slug":"generalunternehmen","status":"publish","type":"page","link":"https:\/\/ebhinvest.hu\/de\/generalunternehmen\/","title":{"rendered":"SZO Generalunternehmen"},"content":{"rendered":"<p>[et_pb_section fb_built=&#8220;1&#8243; _builder_version=&#8220;4.27.3&#8243; _module_preset=&#8220;default&#8220; background_color=&#8220;gcid-heading-color&#8220; background_image=&#8220;https:\/\/ebhinvest.hu\/wp-content\/uploads\/2024\/11\/fej_generalkvitelezes.jpg&#8220; parallax=&#8220;on&#8220; height=&#8220;250px&#8220; custom_margin=&#8220;3px|0px|3px|0px|false|false&#8220; custom_padding=&#8220;30px|0px|30px|0px|false|false&#8220; global_colors_info=&#8220;{%22gcid-heading-color%22:%91%22background_color%22%93}&#8220;][et_pb_row _builder_version=&#8220;4.27.3&#8243; _module_preset=&#8220;default&#8220; custom_margin=&#8220;10px||10px||false|false&#8220; global_colors_info=&#8220;{}&#8220;][et_pb_column type=&#8220;4_4&#8243; _builder_version=&#8220;4.27.3&#8243; _module_preset=&#8220;default&#8220; custom_padding=&#8220;0px|0px|0px|0px|false|false&#8220; global_colors_info=&#8220;{}&#8220;][et_pb_text _builder_version=&#8220;4.27.3&#8243; _module_preset=&#8220;default&#8220; background_color=&#8220;RGBA(255,255,255,0)&#8220; custom_margin=&#8220;0px|0px|0px|0px|false|false&#8220; custom_padding=&#8220;0px||0px||false|false&#8220; text_text_shadow_style=&#8220;preset4&#8243; text_text_shadow_horizontal_length=&#8220;0.68em&#8220; text_text_shadow_vertical_length=&#8220;0.55em&#8220; text_text_shadow_blur_strength=&#8220;0.36em&#8220; global_colors_info=&#8220;{}&#8220;]<\/p>\n<h1 style=\"text-align: center;\"><span style=\"color: #ffffff;\">Generalunternehmen<\/span><\/h1>\n<p><span style=\"color: #ffffff;\"><img loading=\"lazy\" decoding=\"async\" src=\"https:\/\/ebhinvest.hu\/wp-content\/uploads\/2024\/11\/csakcsik-1.jpg\" width=\"250\" height=\"7\" alt=\"\" class=\"wp-image-275 alignnone size-full\" style=\"display: block; margin-left: auto; margin-right: auto;\"><\/span><\/p>\n<p>[\/et_pb_text][\/et_pb_column][\/et_pb_row][\/et_pb_section][et_pb_section fb_built=&#8220;1&#8243; _builder_version=&#8220;4.27.3&#8243; _module_preset=&#8220;default&#8220; global_colors_info=&#8220;{}&#8220;][et_pb_row _builder_version=&#8220;4.27.3&#8243; _module_preset=&#8220;default&#8220; global_colors_info=&#8220;{}&#8220;][et_pb_column type=&#8220;4_4&#8243; _builder_version=&#8220;4.27.3&#8243; _module_preset=&#8220;default&#8220; global_colors_info=&#8220;{}&#8220;][et_pb_text _builder_version=&#8220;4.27.3&#8243; _module_preset=&#8220;default&#8220; global_colors_info=&#8220;{}&#8220;]<\/p>\n<div class=\"subpage\">\n<div class=\"text-container\">\n<div class=\"subpage-page-single\">\n<div class=\"entry-content page-content\" itemprop=\"articleBody\">\n<p>Im diversifizierten Bereich des allgemeinen Bauwesens betreuen wir haupts\u00e4chlich den professionellen Hoch- und Ausbau von \u00f6ffentlichen Einrichtungen und Wohngeb\u00e4uden sowie den damit verbundenen Tiefbau.<\/p>\n<p>Bei einem Projekt \u2013 ob Neubau oder Sanierung \u2013 bieten wir Ihnen f\u00fcr jede Bauspezialit\u00e4t die optimale L\u00f6sung!<\/p>\n<p>Neben der kompletten, allgemeinen Bauleistung \u00fcbernehmen wir auch selbstst\u00e4ndige Bauaufgaben, wenn sich unsere Kunden mit diesem Wunsch an uns wenden:<\/p>\n<ul>\n<li>Fit-out<\/li>\n<li>TGA<\/li>\n<li>Geb\u00e4udeelektrik<\/li>\n<li>Energetische Sanierung<\/li>\n<li>Rohbau<\/li>\n<li>Innenausbau<\/li>\n<\/ul>\n<p>Eines der bestimmenden Elemente unseres kontinuierlichen Wachstums und der Kundenzufriedenheit ist, dass wir w\u00e4hrend jedes Projekts mit unserem hochqualifizierten, erfahrenen Team von Fachleuten und zuverl\u00e4ssigen Subunternehmern zusammenarbeiten.<\/p>\n<p>Das Geheimnis unseres Erfolgs l\u00e4sst sich zusammenfassen:<\/p>\n<ul>\n<li>Hohe professionelle Qualit\u00e4t, schnelles und flexibles Arbeiten<\/li>\n<li>Zuverl\u00e4ssige Berufserfahrung<\/li>\n<li>Einhaltung von vereinbarten Fristen<\/li>\n<\/ul>\n<\/div>\n<\/div>\n<\/div>\n<\/div>\n<p>[\/et_pb_text][\/et_pb_column][\/et_pb_row][\/et_pb_section]<\/p>\n","protected":false},"excerpt":{"rendered":"<p>Generalunternehmen Im diversifizierten Bereich des allgemeinen Bauwesens betreuen wir haupts\u00e4chlich den professionellen Hoch- und Ausbau von \u00f6ffentlichen Einrichtungen und Wohngeb\u00e4uden sowie den damit verbundenen Tiefbau. Bei einem Projekt \u2013 ob Neubau oder Sanierung \u2013 bieten wir Ihnen f\u00fcr jede Bauspezialit\u00e4t die optimale L\u00f6sung! Neben der kompletten, allgemeinen Bauleistung \u00fcbernehmen wir auch selbstst\u00e4ndige Bauaufgaben, wenn sich [&hellip;]<\/p>\n","protected":false},"author":1,"featured_media":0,"parent":0,"menu_order":0,"comment_status":"closed","ping_status":"closed","template":"","meta":{"_et_pb_use_builder":"on","_et_pb_old_content":"","_et_gb_content_width":"","footnotes":""},"difl_page_category":[],"class_list":["post-10997","page","type-page","status-publish","hentry"],"_links":{"self":[{"href":"https:\/\/ebhinvest.hu\/de\/wp-json\/wp\/v2\/pages\/10997","targetHints":{"allow":["GET"]}}],"collection":[{"href":"https:\/\/ebhinvest.hu\/de\/wp-json\/wp\/v2\/pages"}],"about":[{"href":"https:\/\/ebhinvest.hu\/de\/wp-json\/wp\/v2\/types\/page"}],"author":[{"embeddable":true,"href":"https:\/\/ebhinvest.hu\/de\/wp-json\/wp\/v2\/users\/1"}],"replies":[{"embeddable":true,"href":"https:\/\/ebhinvest.hu\/de\/wp-json\/wp\/v2\/comments?post=10997"}],"version-history":[{"count":3,"href":"https:\/\/ebhinvest.hu\/de\/wp-json\/wp\/v2\/pages\/10997\/revisions"}],"predecessor-version":[{"id":11149,"href":"https:\/\/ebhinvest.hu\/de\/wp-json\/wp\/v2\/pages\/10997\/revisions\/11149"}],"wp:attachment":[{"href":"https:\/\/ebhinvest.hu\/de\/wp-json\/wp\/v2\/media?parent=10997"}],"wp:term":[{"taxonomy":"difl_page_category","embeddable":true,"href":"https:\/\/ebhinvest.hu\/de\/wp-json\/wp\/v2\/difl_page_category?post=10997"}],"curies":[{"name":"wp","href":"https:\/\/api.w.org\/{rel}","templated":true}]}}