{"id":10919,"date":"2024-11-23T08:37:25","date_gmt":"2024-11-23T07:37:25","guid":{"rendered":"https:\/\/ebhinvest.hu\/general-contracting\/"},"modified":"2025-03-09T16:51:55","modified_gmt":"2025-03-09T15:51:55","slug":"general-contracting","status":"publish","type":"page","link":"https:\/\/ebhinvest.hu\/en\/general-contracting\/","title":{"rendered":"General contracting"},"content":{"rendered":"<p>[et_pb_section fb_built=&#8221;1&#8243; _builder_version=&#8221;4.27.3&#8243; _module_preset=&#8221;default&#8221; background_color=&#8221;gcid-heading-color&#8221; background_image=&#8221;https:\/\/ebhinvest.hu\/wp-content\/uploads\/2024\/11\/fej_generalkvitelezes.jpg&#8221; parallax=&#8221;on&#8221; height=&#8221;250px&#8221; custom_margin=&#8221;3px|0px|3px|0px|false|false&#8221; custom_padding=&#8221;30px|0px|30px|0px|false|false&#8221; global_colors_info=&#8221;{%22gcid-heading-color%22:%91%22background_color%22%93}&#8221;][et_pb_row _builder_version=&#8221;4.27.3&#8243; _module_preset=&#8221;default&#8221; custom_margin=&#8221;10px||10px||false|false&#8221; global_colors_info=&#8221;{}&#8221;][et_pb_column type=&#8221;4_4&#8243; _builder_version=&#8221;4.27.3&#8243; _module_preset=&#8221;default&#8221; custom_padding=&#8221;0px|0px|0px|0px|false|false&#8221; global_colors_info=&#8221;{}&#8221;][et_pb_text _builder_version=&#8221;4.27.3&#8243; _module_preset=&#8221;default&#8221; background_color=&#8221;RGBA(255,255,255,0)&#8221; custom_margin=&#8221;0px|0px|0px|0px|false|false&#8221; custom_padding=&#8221;0px||0px||false|false&#8221; text_text_shadow_style=&#8221;preset4&#8243; text_text_shadow_horizontal_length=&#8221;0.68em&#8221; text_text_shadow_vertical_length=&#8221;0.55em&#8221; text_text_shadow_blur_strength=&#8221;0.36em&#8221; global_colors_info=&#8221;{}&#8221;]<\/p>\n<h1 style=\"text-align: center;\"><span style=\"color: #ffffff;\">General contracting<\/span><\/h1>\n<p><span style=\"color: #ffffff;\"><img loading=\"lazy\" decoding=\"async\" src=\"https:\/\/ebhinvest.hu\/wp-content\/uploads\/2024\/11\/csakcsik-1.jpg\" width=\"250\" height=\"7\" alt=\"\" class=\"wp-image-275 alignnone size-full\" style=\"display: block; margin-left: auto; margin-right: auto;\"><\/span><\/p>\n<p>[\/et_pb_text][\/et_pb_column][\/et_pb_row][\/et_pb_section][et_pb_section fb_built=&#8221;1&#8243; _builder_version=&#8221;4.27.3&#8243; _module_preset=&#8221;default&#8221; global_colors_info=&#8221;{}&#8221;][et_pb_row _builder_version=&#8221;4.27.3&#8243; _module_preset=&#8221;default&#8221; global_colors_info=&#8221;{}&#8221;][et_pb_column type=&#8221;4_4&#8243; _builder_version=&#8221;4.27.3&#8243; _module_preset=&#8221;default&#8221; global_colors_info=&#8221;{}&#8221;][et_pb_text _builder_version=&#8221;4.27.3&#8243; _module_preset=&#8221;default&#8221; global_colors_info=&#8221;{}&#8221;]<\/p>\n<div class=\"subpage\">\n<div class=\"text-container\">\n<div class=\"subpage-page-single\">\n<div class=\"entry-content page-content\" itemprop=\"articleBody\">\n<p>Az \u00e9p\u00edt\u0151ipari gener\u00e1lkivitelez\u00e9s szakter\u00fclet\u00e9n els\u0151sorban k\u00f6zint\u00e9zm\u00e9nyek \u00e9s lak\u00f3\u00e9p\u00edtm\u00e9nyek professzion\u00e1lis magas\u00e9p\u00edt\u00e9si beruh\u00e1z\u00e1sait \u00e9s fit-out munk\u00e1latait menedzselj\u00fck, valamint ezekhez kapcsol\u00f3d\u00f3an m\u00e9ly\u00e9p\u00edt\u00e9si kivitelez\u00e9seket val\u00f3s\u00edtunk meg.<\/p>\n<p>Whether it&#8217;s a new build or renovation project, we can provide you with the ideal solution for every single construction discipline!<\/p>\n<p>In addition to the full general construction service, we can also undertake individual construction tasks, if requested by our Clients:<\/p>\n<ul>\n<li>fit-out implementation<\/li>\n<li>Mechanical engineering<\/li>\n<li>building electrics<\/li>\n<li>energy efficiency measures<\/li>\n<li>structural engineering<\/li>\n<li>interior design<\/li>\n<\/ul>\n<p>A key factor in our continued growth and customer satisfaction is that we work with a highly qualified, experienced team of professionals and reliable subcontractors on every project.<\/p>\n<p>The secret of our success in a nutshell:<\/p>\n<ul>\n<li>High professional standards, fast and flexible working<\/li>\n<li>Reliable professional experience<\/li>\n<li>Respecting deadlines<\/li>\n<\/ul>\n<\/div>\n<\/div>\n<\/div>\n<\/div>\n<p>[\/et_pb_text][\/et_pb_column][\/et_pb_row][\/et_pb_section]<\/p>\n","protected":false},"excerpt":{"rendered":"<p>General contracting Az \u00e9p\u00edt\u0151ipari gener\u00e1lkivitelez\u00e9s szakter\u00fclet\u00e9n els\u0151sorban k\u00f6zint\u00e9zm\u00e9nyek \u00e9s lak\u00f3\u00e9p\u00edtm\u00e9nyek professzion\u00e1lis magas\u00e9p\u00edt\u00e9si beruh\u00e1z\u00e1sait \u00e9s fit-out munk\u00e1latait menedzselj\u00fck, valamint ezekhez kapcsol\u00f3d\u00f3an m\u00e9ly\u00e9p\u00edt\u00e9si kivitelez\u00e9seket val\u00f3s\u00edtunk meg. Whether it&#8217;s a new build or renovation project, we can provide you with the ideal solution for every single construction discipline! In addition to the full general construction service, we can [&hellip;]<\/p>\n","protected":false},"author":1,"featured_media":0,"parent":0,"menu_order":0,"comment_status":"closed","ping_status":"closed","template":"","meta":{"_et_pb_use_builder":"on","_et_pb_old_content":"","_et_gb_content_width":"","footnotes":""},"difl_page_category":[],"class_list":["post-10919","page","type-page","status-publish","hentry"],"_links":{"self":[{"href":"https:\/\/ebhinvest.hu\/en\/wp-json\/wp\/v2\/pages\/10919","targetHints":{"allow":["GET"]}}],"collection":[{"href":"https:\/\/ebhinvest.hu\/en\/wp-json\/wp\/v2\/pages"}],"about":[{"href":"https:\/\/ebhinvest.hu\/en\/wp-json\/wp\/v2\/types\/page"}],"author":[{"embeddable":true,"href":"https:\/\/ebhinvest.hu\/en\/wp-json\/wp\/v2\/users\/1"}],"replies":[{"embeddable":true,"href":"https:\/\/ebhinvest.hu\/en\/wp-json\/wp\/v2\/comments?post=10919"}],"version-history":[{"count":4,"href":"https:\/\/ebhinvest.hu\/en\/wp-json\/wp\/v2\/pages\/10919\/revisions"}],"predecessor-version":[{"id":10969,"href":"https:\/\/ebhinvest.hu\/en\/wp-json\/wp\/v2\/pages\/10919\/revisions\/10969"}],"wp:attachment":[{"href":"https:\/\/ebhinvest.hu\/en\/wp-json\/wp\/v2\/media?parent=10919"}],"wp:term":[{"taxonomy":"difl_page_category","embeddable":true,"href":"https:\/\/ebhinvest.hu\/en\/wp-json\/wp\/v2\/difl_page_category?post=10919"}],"curies":[{"name":"wp","href":"https:\/\/api.w.org\/{rel}","templated":true}]}}