{"id":10925,"date":"2024-11-23T08:39:28","date_gmt":"2024-11-23T07:39:28","guid":{"rendered":"https:\/\/ebhinvest.hu\/corporate-cost-reduction\/"},"modified":"2025-03-09T16:34:02","modified_gmt":"2025-03-09T15:34:02","slug":"corporate-cost-reduction","status":"publish","type":"page","link":"https:\/\/ebhinvest.hu\/en\/corporate-cost-reduction\/","title":{"rendered":"Corporate Cost Reduction"},"content":{"rendered":"<p>[et_pb_section fb_built=&#8221;1&#8243; _builder_version=&#8221;4.27.3&#8243; _module_preset=&#8221;default&#8221; background_color=&#8221;gcid-heading-color&#8221; background_image=&#8221;https:\/\/ebhinvest.hu\/wp-content\/uploads\/2024\/11\/fej-3.jpg&#8221; parallax=&#8221;on&#8221; min_height=&#8221;250px&#8221; custom_margin=&#8221;3px|0px|3px|0px|false|false&#8221; custom_padding=&#8221;30px|0px|30px|0px|false|false&#8221; global_colors_info=&#8221;{%22gcid-heading-color%22:%91%22background_color%22%93}&#8221;][et_pb_row _builder_version=&#8221;4.27.3&#8243; _module_preset=&#8221;default&#8221; custom_margin=&#8221;10px||10px||false|false&#8221; global_colors_info=&#8221;{}&#8221;][et_pb_column type=&#8221;4_4&#8243; _builder_version=&#8221;4.27.3&#8243; _module_preset=&#8221;default&#8221; custom_padding=&#8221;0px|0px|0px|0px|false|false&#8221; global_colors_info=&#8221;{}&#8221;][et_pb_text _builder_version=&#8221;4.27.3&#8243; _module_preset=&#8221;default&#8221; background_color=&#8221;RGBA(255,255,255,0)&#8221; custom_margin=&#8221;0px|0px|0px|0px|false|false&#8221; custom_padding=&#8221;0px||0px||false|false&#8221; text_text_shadow_style=&#8221;preset4&#8243; text_text_shadow_horizontal_length=&#8221;0.68em&#8221; text_text_shadow_vertical_length=&#8221;0.55em&#8221; text_text_shadow_blur_strength=&#8221;0.36em&#8221; global_colors_info=&#8221;{}&#8221;]<\/p>\n<h1 style=\"text-align: center;\"><span style=\"color: #ffffff;\">Corporate Cost Reduction<\/span><\/h1>\n<p><span style=\"color: #ffffff;\"><\/span><\/p>\n<p><span style=\"color: #ffffff;\"><img loading=\"lazy\" decoding=\"async\" src=\"https:\/\/ebhinvest.hu\/wp-content\/uploads\/2024\/11\/csakcsik-1.jpg\" width=\"250\" height=\"7\" alt=\"\" class=\"wp-image-275 alignnone size-full\" style=\"display: block; margin-left: auto; margin-right: auto;\"><\/span><\/p>\n<p>[\/et_pb_text][\/et_pb_column][\/et_pb_row][\/et_pb_section][et_pb_section fb_built=&#8221;1&#8243; _builder_version=&#8221;4.27.3&#8243; _module_preset=&#8221;default&#8221; global_colors_info=&#8221;{}&#8221;][et_pb_row _builder_version=&#8221;4.27.3&#8243; _module_preset=&#8221;default&#8221; global_colors_info=&#8221;{}&#8221;][et_pb_column type=&#8221;4_4&#8243; _builder_version=&#8221;4.27.3&#8243; _module_preset=&#8221;default&#8221; global_colors_info=&#8221;{}&#8221;][et_pb_image src=&#8221;https:\/\/ebhinvest.hu\/wp-content\/uploads\/2024\/11\/EBH_PPT02-015z-2048&#215;299-1.jpg&#8221; title_text=&#8221;EBH_PPT02-015z-2048&#215;299&#8243; _builder_version=&#8221;4.27.3&#8243; _module_preset=&#8221;default&#8221; global_colors_info=&#8221;{}&#8221;][\/et_pb_image][\/et_pb_column][\/et_pb_row][et_pb_row _builder_version=&#8221;4.27.3&#8243; _module_preset=&#8221;default&#8221; global_colors_info=&#8221;{}&#8221;][et_pb_column type=&#8221;4_4&#8243; _builder_version=&#8221;4.27.3&#8243; _module_preset=&#8221;default&#8221; global_colors_info=&#8221;{}&#8221;][et_pb_text _builder_version=&#8221;4.27.3&#8243; _module_preset=&#8221;default&#8221; global_colors_info=&#8221;{}&#8221;]<\/p>\n<p style=\"text-align: center;\"><span style=\"color: #6d8dac; font-size: 24px;\"><strong>THERE IS A SOLUTION TO THE ENERGY CRISIS<\/strong><\/span><\/p>\n<p style=\"text-align: center;\"><span style=\"color: #6d8dac;\"><strong>The significant increase in energy prices since the fall of 2022 has put the tenants, operators, and owners of high-consumption properties (office buildings, commercial properties, manufacturing halls, worker accommodations) in a difficult and highly uncertain situation.<\/strong><\/span><\/p>\n<p>If you are also interested in preserving the competitiveness of your property and reducing your energy consumption and utility costs but are still looking for answers, then the EBH INVEST corporate cost reduction service package is for you:<\/p>\n<ul>\n<li>T\u00f6bb mint 10 \u00e9ves tapasztalattal rendelkez\u0151 szakemberek rendelkez\u00e9sre \u00e1ll\u00e1sa<\/li>\n<li>Reliable auditing<\/li>\n<li>Preparation of execution plans in compliance with regulations<\/li>\n<li>Professional and high-quality implementation<\/li>\n<li>Savings guarantee<\/li>\n<li>Assistance in identifying co-financing and available grant sources<\/li>\n<\/ul>\n<p>[\/et_pb_text][et_pb_image src=&#8221;https:\/\/ebhinvest.hu\/wp-content\/uploads\/2024\/11\/ikonok.jpg&#8221; title_text=&#8221;ikonok&#8221; _builder_version=&#8221;4.27.3&#8243; _module_preset=&#8221;default&#8221; global_colors_info=&#8221;{}&#8221;][\/et_pb_image][et_pb_text _builder_version=&#8221;4.27.3&#8243; _module_preset=&#8221;default&#8221; global_colors_info=&#8221;{}&#8221;]<\/p>\n<p><span style=\"font-size: 24px; color: #6d8dac;\"><strong>Reduce the energy costs of your property, <\/strong><\/span><\/p>\n<p><span style=\"font-size: 24px; color: #6d8dac;\"><strong>increasing its market value and competitiveness!<\/strong><\/span><\/p>\n<p><span style=\"color: #6d8dac;\"> <\/span><\/p>\n<p style=\"text-align: left;\"><span style=\"font-size: 20px; color: #6d8dac;\"><strong>A comprehensive solution with the help of EBH INVEST<\/strong><\/span><\/p>\n<p style=\"text-align: left;\">With the comprehensive energy service package provided by EBH INVEST, <strong>energy renovation has become within your reach.<br \/><\/strong>Our company specializing in general contracting, with the assistance of its cooperative partners, will guide you <strong>step by step in achieving <\/strong>the <strong>energy modernization of your building and reducing your utility costs.<\/strong><\/p>\n<p style=\"text-align: left;\">At the same time, you can also carry out a long-delayed comprehensive renovation of your property by experts, which is not worth <span style=\"color: #4b77bd;\"><strong>postponing any longer!<br \/><\/strong><\/span>Through energy or comprehensive renovation, you can increase the market value and competitiveness of your property while significantly reducing energy costs.<\/p>\n<p><span style=\"color: #4b77bd;\">Energy modernization of a building involves the collaboration of various interrelated and interconnected areas, which our company provides as an energy integrator:<\/span><\/p>\n<ul>\n<li>Professional consultation, energy advisory<\/li>\n<li>Condition assessment, energy certification<\/li>\n<li>Design, preparation of comprehensive budget<\/li>\n<li>Procurement, search for subcontractors and coordination<\/li>\n<li>Financing, grant opportunities<\/li>\n<li>Implementation<\/li>\n<\/ul>\n<p><span style=\"color: #4b77bd;\">Potential energy-saving solutions and implementation areas:<\/span><\/p>\n<ul>\n<li>Thermal insulation (facade, roof)<\/li>\n<li>Replacement of windows and doors<\/li>\n<li>Mechanical engineering (heating-cooling, modernization of lighting systems)<\/li>\n<li>Installation of solar panels<\/li>\n<li>Audit of utility service contracts<\/li>\n<li>Optimization of operational processes<\/li>\n<\/ul>\n<p>[\/et_pb_text][\/et_pb_column][\/et_pb_row][\/et_pb_section]<\/p>\n","protected":false},"excerpt":{"rendered":"<p>Corporate Cost Reduction THERE IS A SOLUTION TO THE ENERGY CRISIS The significant increase in energy prices since the fall of 2022 has put the tenants, operators, and owners of high-consumption properties (office buildings, commercial properties, manufacturing halls, worker accommodations) in a difficult and highly uncertain situation. If you are also interested in preserving the [&hellip;]<\/p>\n","protected":false},"author":1,"featured_media":0,"parent":0,"menu_order":0,"comment_status":"closed","ping_status":"closed","template":"","meta":{"_et_pb_use_builder":"on","_et_pb_old_content":"","_et_gb_content_width":"","footnotes":""},"difl_page_category":[],"class_list":["post-10925","page","type-page","status-publish","hentry"],"_links":{"self":[{"href":"https:\/\/ebhinvest.hu\/en\/wp-json\/wp\/v2\/pages\/10925","targetHints":{"allow":["GET"]}}],"collection":[{"href":"https:\/\/ebhinvest.hu\/en\/wp-json\/wp\/v2\/pages"}],"about":[{"href":"https:\/\/ebhinvest.hu\/en\/wp-json\/wp\/v2\/types\/page"}],"author":[{"embeddable":true,"href":"https:\/\/ebhinvest.hu\/en\/wp-json\/wp\/v2\/users\/1"}],"replies":[{"embeddable":true,"href":"https:\/\/ebhinvest.hu\/en\/wp-json\/wp\/v2\/comments?post=10925"}],"version-history":[{"count":2,"href":"https:\/\/ebhinvest.hu\/en\/wp-json\/wp\/v2\/pages\/10925\/revisions"}],"predecessor-version":[{"id":10929,"href":"https:\/\/ebhinvest.hu\/en\/wp-json\/wp\/v2\/pages\/10925\/revisions\/10929"}],"wp:attachment":[{"href":"https:\/\/ebhinvest.hu\/en\/wp-json\/wp\/v2\/media?parent=10925"}],"wp:term":[{"taxonomy":"difl_page_category","embeddable":true,"href":"https:\/\/ebhinvest.hu\/en\/wp-json\/wp\/v2\/difl_page_category?post=10925"}],"curies":[{"name":"wp","href":"https:\/\/api.w.org\/{rel}","templated":true}]}}