{"id":8197,"date":"2024-12-10T08:58:10","date_gmt":"2024-12-10T07:58:10","guid":{"rendered":"https:\/\/ebhinvest.hu\/klebelsberg-castle\/"},"modified":"2025-03-01T11:57:11","modified_gmt":"2025-03-01T10:57:11","slug":"klebelsberg-castle","status":"publish","type":"page","link":"https:\/\/ebhinvest.hu\/en\/klebelsberg-castle\/","title":{"rendered":"Klebelsberg castle"},"content":{"rendered":"<p>[et_pb_section fb_built=&#8221;1&#8243; _builder_version=&#8221;4.27.3&#8243; _module_preset=&#8221;default&#8221; background_color=&#8221;gcid-heading-color&#8221; min_height=&#8221;350px&#8221; custom_margin=&#8221;3px|0px|3px|0px|false|false&#8221; custom_padding=&#8221;30px|0px|13px|0px|false|false&#8221; hover_enabled=&#8221;0&#8243; global_colors_info=&#8221;{%22gcid-heading-color%22:%91%22background_color%22%93}&#8221; title_text=&#8221;_ebh_klebelsberg-kastely_27&#8243; background_image=&#8221;https:\/\/ebhinvest.hu\/wp-content\/uploads\/2024\/12\/ebh_klebelsberg-kastely_27.jpg&#8221; sticky_enabled=&#8221;0&#8243; alt=&#8221;A Klebelsberg-kast\u00e9ly \u00e9p\u00fcletegy\u00fcttes\u00e9nek fel\u00faj\u00edt\u00e1sa&#8221; module_alignment=&#8221;center&#8221;][et_pb_row _builder_version=&#8221;4.27.3&#8243; _module_preset=&#8221;default&#8221; custom_margin=&#8221;10px||10px||false|false&#8221; hover_enabled=&#8221;0&#8243; global_colors_info=&#8221;{}&#8221; sticky_enabled=&#8221;0&#8243;][et_pb_column type=&#8221;4_4&#8243; _builder_version=&#8221;4.27.3&#8243; _module_preset=&#8221;default&#8221; custom_padding=&#8221;0px|0px|0px|0px|false|false&#8221; global_colors_info=&#8221;{}&#8221;][et_pb_text _builder_version=&#8221;4.27.3&#8243; _module_preset=&#8221;default&#8221; background_color=&#8221;RGBA(255,255,255,0)&#8221; custom_margin=&#8221;0px|0px|0px|0px|false|false&#8221; custom_padding=&#8221;0px||0px||false|false&#8221; text_text_shadow_style=&#8221;preset4&#8243; text_text_shadow_horizontal_length=&#8221;0.68em&#8221; text_text_shadow_vertical_length=&#8221;0.55em&#8221; text_text_shadow_blur_strength=&#8221;0.36em&#8221; global_colors_info=&#8221;{}&#8221;]<\/p>\n<h1 style=\"text-align: center;\"><span style=\"color: #ffffff;\">Klebelsberg castle<\/span><\/h1>\n<p><span style=\"color: #ffffff;\"><\/span><\/p>\n<p><span style=\"color: #ffffff;\"><img loading=\"lazy\" decoding=\"async\" src=\"https:\/\/ebhinvest.hu\/wp-content\/uploads\/2024\/11\/csakcsik-1.jpg\" width=\"250\" height=\"7\" alt=\"\" class=\"wp-image-275 alignnone size-full\" style=\"display: block; margin-left: auto; margin-right: auto;\"><\/span><\/p>\n<h5 style=\"text-align: center;\"><span style=\"color: #ffffff;\"><\/span><\/h5>\n<h5 style=\"text-align: center;\"><span style=\"color: #ffffff;\"><\/span><\/h5>\n<h5 style=\"text-align: center;\"><span style=\"color: #ffffff;\">Monument reconstruction | Structural engineering | Fit-Out | Energy effeciency measures<\/span><\/h5>\n<p>[\/et_pb_text][\/et_pb_column][\/et_pb_row][\/et_pb_section][et_pb_section fb_built=&#8221;1&#8243; _builder_version=&#8221;4.27.3&#8243; _module_preset=&#8221;default&#8221; custom_padding=&#8221;20px||5px||false|false&#8221; global_colors_info=&#8221;{}&#8221;][et_pb_row column_structure=&#8221;1_2,1_2&#8243; _builder_version=&#8221;4.27.3&#8243; _module_preset=&#8221;default&#8221; global_colors_info=&#8221;{}&#8221;][et_pb_column type=&#8221;1_2&#8243; _builder_version=&#8221;4.27.3&#8243; _module_preset=&#8221;default&#8221; global_colors_info=&#8221;{}&#8221;][et_pb_text _builder_version=&#8221;4.27.3&#8243; _module_preset=&#8221;default&#8221; global_colors_info=&#8221;{}&#8221;]<\/p>\n<p>Reconstruction of the building complex of Klebelsberg Castle (construction of an exhibition area of 150 m2 in the Klebelsberg House and 30 rooms equipped with bathrooms in the guest house)<\/p>\n<p>The reconstruction works of the building complex of the former Klebelsberg Castle involved the following, among others:<\/p>\n<ul>\n<li>demolition works, clearing, earth and rock works<\/li>\n<li>structural and concrete works, carpentry and scaffolding works<\/li>\n<li>reconstruction of the roofing and roof tiles<\/li>\n<li>floor slab construction<\/li>\n<li>fa\u00e7ade reconstruction<\/li>\n<li>re-manufacture of door and window structures<\/li>\n<li>reconstruction of the library room<\/li>\n<li>reconstruction of the main staircase<\/li>\n<\/ul>\n<p>[\/et_pb_text][\/et_pb_column][et_pb_column type=&#8221;1_2&#8243; _builder_version=&#8221;4.27.3&#8243; _module_preset=&#8221;default&#8221; global_colors_info=&#8221;{}&#8221;][et_pb_text _builder_version=&#8221;4.27.3&#8243; _module_preset=&#8221;default&#8221; text_line_height=&#8221;0.6em&#8221; background_color=&#8221;#eff3f6&#8243; custom_margin=&#8221;0px||||false|false&#8221; custom_padding=&#8221;23px|10px|23px|10px|true|true&#8221; border_width_all=&#8221;2px&#8221; border_color_all=&#8221;#dfe6ed&#8221; global_colors_info=&#8221;{}&#8221;]<\/p>\n<p><span style=\"color: #6d8dac;\">NAME OF THE PROJECT:<\/span><\/p>\n<p>Reconstruction works of Klebelsberg Castle in Pesthidegk\u00fat<\/p>\n<p>&nbsp;<\/p>\n<p><span style=\"color: #6d8dac;\">LOCATION:<\/span><\/p>\n<p>1028 Budapest, Templom u. 12-14. <\/p>\n<p>&nbsp;<\/p>\n<p><span style=\"color: #6d8dac;\">TASK:<\/span><\/p>\n<p>Reconstruction of the building complex of Klebelsberg Castle<\/p>\n<p>&nbsp;<\/p>\n<p><span style=\"color: #6d8dac;\">FLOOR AREA:<\/span><\/p>\n<p>1.400 m2<\/p>\n<p>&nbsp;<\/p>\n<p><span style=\"color: #6d8dac;\">DURATION OF WORKS:<\/span><\/p>\n<p>November 2015 \u2013 January 2017<\/p>\n<p>&nbsp;<\/p>\n<p><span style=\"color: #6d8dac;\">CLIENT:<\/span><\/p>\n<p>KIVING Ingatlangazd\u00e1lkod\u00f3 \u00e9s Beruh\u00e1z\u00e1sszervez\u0151 Kft<\/p>\n<p>[\/et_pb_text][\/et_pb_column][\/et_pb_row][et_pb_row _builder_version=&#8221;4.27.3&#8243; _module_preset=&#8221;default&#8221; global_colors_info=&#8221;{}&#8221;][et_pb_column type=&#8221;4_4&#8243; _builder_version=&#8221;4.27.3&#8243; _module_preset=&#8221;default&#8221; global_colors_info=&#8221;{}&#8221;][et_pb_text _builder_version=&#8221;4.27.3&#8243; _module_preset=&#8221;default&#8221; custom_margin=&#8221;0px|0px|0px|0px|false|false&#8221; custom_padding=&#8221;10px|10px|10px|10px|true|true&#8221; border_width_all=&#8221;1px&#8221; global_colors_info=&#8221;{}&#8221;]<\/p>\n<p><span style=\"font-size: 20px;\"><strong>Bertalan \u00c1rkay <br \/><\/strong><\/span><span style=\"font-size: 14px;\">(Budapest, 11 april 1901. \u2013 Budapest, 23 november 1971)<\/span><\/p>\n<p>[\/et_pb_text][et_pb_text _builder_version=&#8221;4.27.3&#8243; _module_preset=&#8221;default&#8221; background_color=&#8221;#6d8dac&#8221; custom_padding=&#8221;10px|10px|10px|10px|true|true&#8221; global_colors_info=&#8221;{}&#8221;]<\/p>\n<p><span style=\"font-size: 20px;\"><strong><\/strong><\/span><span style=\"font-size: 14px; color: #202122;\">His architectural approach progresses from eclectic beginnings through Art Nouveau to modern avant-garde movements. Bertalan \u00c1rkay was one of the most commissioned architects for family home designs in the interwar period. Most of the family houses designed by him represent a high architectural standard. In addition to his design work, his competition projects also stand out. The most well-known among these is \u201eSzent Korona \u00fatja and Vit\u00e9zek tere \u00e9p\u00edt\u00e9szeti megold\u00e1sa\u201d, with which he won the first prize. )(Today: Pet\u0151fi Bridge&#8217;s Buda bridgehead and the section of Irinyi J\u00f3zsef Road extending to Okt\u00f3ber 23 Street. It was realized in a fraction of the arrangement plan. This is demonstrated by the semicircular development visible at the intersection of the two roads.<\/span><\/p>\n<p>[\/et_pb_text][\/et_pb_column][\/et_pb_row][\/et_pb_section][et_pb_section fb_built=&#8221;1&#8243; _builder_version=&#8221;4.27.3&#8243; _module_preset=&#8221;default&#8221; custom_margin=&#8221;0px||0px||false|false&#8221; custom_padding=&#8221;0px||0px||false|false&#8221; global_colors_info=&#8221;{}&#8221;][et_pb_row _builder_version=&#8221;4.27.3&#8243; _module_preset=&#8221;default&#8221; global_colors_info=&#8221;{}&#8221;][et_pb_column type=&#8221;4_4&#8243; _builder_version=&#8221;4.27.3&#8243; _module_preset=&#8221;default&#8221; global_colors_info=&#8221;{}&#8221;][difl_compareimage before_image=&#8221;https:\/\/ebhinvest.hu\/wp-content\/uploads\/2024\/12\/elotte-scaled.jpg&#8221; after_image=&#8221;https:\/\/ebhinvest.hu\/wp-content\/uploads\/2024\/12\/utana.jpg&#8221; _builder_version=&#8221;4.27.3&#8243; _module_preset=&#8221;default&#8221; animation_style=&#8221;fade&#8221; global_colors_info=&#8221;{}&#8221;][\/difl_compareimage][\/et_pb_column][\/et_pb_row][\/et_pb_section][et_pb_section fb_built=&#8221;1&#8243; _builder_version=&#8221;4.27.3&#8243; _module_preset=&#8221;default&#8221; global_colors_info=&#8221;{}&#8221;][et_pb_row _builder_version=&#8221;4.27.3&#8243; _module_preset=&#8221;default&#8221; global_colors_info=&#8221;{}&#8221;][et_pb_column type=&#8221;4_4&#8243; _builder_version=&#8221;4.27.3&#8243; _module_preset=&#8221;default&#8221; global_colors_info=&#8221;{}&#8221;][difl_justifiedgallery gallery=&#8221;665,666,667,668,669,670,671,672,673,674,675,676,677,678,679,680,681,682,683,684,685,686,687,688,690,689,691&#8243; use_lightbox=&#8221;on&#8221; use_lightbox_download=&#8221;on&#8221; border_anim=&#8221;on&#8221; border_anm_style=&#8221;c4-border-ccc-3&#8243; anm_content_padding=&#8221;0.5em&#8221; _builder_version=&#8221;4.27.3&#8243; _module_preset=&#8221;default&#8221; global_colors_info=&#8221;{}&#8221;][\/difl_justifiedgallery][\/et_pb_column][\/et_pb_row][\/et_pb_section]<\/p>\n","protected":false},"excerpt":{"rendered":"<p>Klebelsberg castle Monument reconstruction | Structural engineering | Fit-Out | Energy effeciency measuresReconstruction of the building complex of Klebelsberg Castle (construction of an exhibition area of 150 m2 in the Klebelsberg House and 30 rooms equipped with bathrooms in the guest house) The reconstruction works of the building complex of the former Klebelsberg Castle involved [&hellip;]<\/p>\n","protected":false},"author":1,"featured_media":0,"parent":0,"menu_order":0,"comment_status":"closed","ping_status":"closed","template":"","meta":{"_et_pb_use_builder":"on","_et_pb_old_content":"","_et_gb_content_width":"","footnotes":""},"difl_page_category":[],"class_list":["post-8197","page","type-page","status-publish","hentry"],"_links":{"self":[{"href":"https:\/\/ebhinvest.hu\/en\/wp-json\/wp\/v2\/pages\/8197","targetHints":{"allow":["GET"]}}],"collection":[{"href":"https:\/\/ebhinvest.hu\/en\/wp-json\/wp\/v2\/pages"}],"about":[{"href":"https:\/\/ebhinvest.hu\/en\/wp-json\/wp\/v2\/types\/page"}],"author":[{"embeddable":true,"href":"https:\/\/ebhinvest.hu\/en\/wp-json\/wp\/v2\/users\/1"}],"replies":[{"embeddable":true,"href":"https:\/\/ebhinvest.hu\/en\/wp-json\/wp\/v2\/comments?post=8197"}],"version-history":[{"count":5,"href":"https:\/\/ebhinvest.hu\/en\/wp-json\/wp\/v2\/pages\/8197\/revisions"}],"predecessor-version":[{"id":9239,"href":"https:\/\/ebhinvest.hu\/en\/wp-json\/wp\/v2\/pages\/8197\/revisions\/9239"}],"wp:attachment":[{"href":"https:\/\/ebhinvest.hu\/en\/wp-json\/wp\/v2\/media?parent=8197"}],"wp:term":[{"taxonomy":"difl_page_category","embeddable":true,"href":"https:\/\/ebhinvest.hu\/en\/wp-json\/wp\/v2\/difl_page_category?post=8197"}],"curies":[{"name":"wp","href":"https:\/\/api.w.org\/{rel}","templated":true}]}}