{"id":9285,"date":"2024-12-12T09:18:02","date_gmt":"2024-12-12T08:18:02","guid":{"rendered":"https:\/\/ebhinvest.hu\/riding-hall-and-stable-in-kisber\/"},"modified":"2025-03-01T13:10:09","modified_gmt":"2025-03-01T12:10:09","slug":"riding-hall-and-stable-in-kisber","status":"publish","type":"page","link":"https:\/\/ebhinvest.hu\/en\/riding-hall-and-stable-in-kisber\/","title":{"rendered":"Riding hall and stable in Kisb\u00e9r"},"content":{"rendered":"<p>[et_pb_section fb_built=&#8221;1&#8243; _builder_version=&#8221;4.27.3&#8243; _module_preset=&#8221;default&#8221; background_color=&#8221;gcid-heading-color&#8221; module_alignment=&#8221;center&#8221; min_height=&#8221;350px&#8221; custom_margin=&#8221;3px|0px|3px|0px|false|false&#8221; custom_padding=&#8221;30px|0px|13px|0px|false|false&#8221; hover_enabled=&#8221;0&#8243; global_colors_info=&#8221;{%22gcid-heading-color%22:%91%22background_color%22%93}&#8221; theme_builder_area=&#8221;post_content&#8221; alt=&#8221;Kisb\u00e9ri lovarda \u00e9s ist\u00e1ll\u00f3 fel\u00faj\u00edt\u00e1sa&#8221; title_text=&#8221;_ebh_kisberi-lovarda-es-istallo_3&#8243; background_image=&#8221;https:\/\/ebhinvest.hu\/wp-content\/uploads\/2024\/12\/ebh_kisberi-lovarda-es-istallo_3.jpg&#8221; sticky_enabled=&#8221;0&#8243;][et_pb_row _builder_version=&#8221;4.27.3&#8243; _module_preset=&#8221;default&#8221; custom_margin=&#8221;10px||10px||false|false&#8221; global_colors_info=&#8221;{}&#8221; theme_builder_area=&#8221;post_content&#8221;][et_pb_column type=&#8221;4_4&#8243; _builder_version=&#8221;4.27.3&#8243; _module_preset=&#8221;default&#8221; custom_padding=&#8221;0px|0px|0px|0px|false|false&#8221; global_colors_info=&#8221;{}&#8221; theme_builder_area=&#8221;post_content&#8221;][et_pb_text _builder_version=&#8221;4.27.3&#8243; _module_preset=&#8221;default&#8221; background_color=&#8221;RGBA(255,255,255,0)&#8221; custom_margin=&#8221;0px|0px|0px|0px|false|false&#8221; custom_padding=&#8221;0px||0px||false|false&#8221; text_text_shadow_style=&#8221;preset4&#8243; text_text_shadow_horizontal_length=&#8221;0.68em&#8221; text_text_shadow_vertical_length=&#8221;0.55em&#8221; text_text_shadow_blur_strength=&#8221;0.36em&#8221; global_colors_info=&#8221;{}&#8221; theme_builder_area=&#8221;post_content&#8221;]<\/p>\n<h1 style=\"text-align: center;\"><span style=\"color: #ffffff;\">Riding hall and stable in Kisb\u00e9r<\/span><\/h1>\n<p><span style=\"color: #ffffff;\"><\/span><\/p>\n<p><span style=\"color: #ffffff;\"><img loading=\"lazy\" decoding=\"async\" src=\"https:\/\/ebhinvest.hu\/wp-content\/uploads\/2024\/11\/csakcsik-1.jpg\" width=\"250\" height=\"7\" alt=\"\" class=\"wp-image-275 alignnone size-full\" style=\"display: block; margin-left: auto; margin-right: auto;\"><\/span><\/p>\n<h5 style=\"text-align: center;\"><span style=\"color: #ffffff;\"><\/span><\/h5>\n<h5 style=\"text-align: center;\"><span style=\"color: #ffffff;\"><\/span><\/h5>\n<h5 style=\"text-align: center;\"><span style=\"color: #ffffff;\">Monument reconstruction | Structural engineering <br \/><\/span><\/h5>\n<p>[\/et_pb_text][\/et_pb_column][\/et_pb_row][\/et_pb_section][et_pb_section fb_built=&#8221;1&#8243; _builder_version=&#8221;4.27.3&#8243; _module_preset=&#8221;default&#8221; custom_padding=&#8221;20px||5px||false|false&#8221; global_colors_info=&#8221;{}&#8221; theme_builder_area=&#8221;post_content&#8221;][et_pb_row column_structure=&#8221;1_2,1_2&#8243; _builder_version=&#8221;4.27.3&#8243; _module_preset=&#8221;default&#8221; global_colors_info=&#8221;{}&#8221; theme_builder_area=&#8221;post_content&#8221;][et_pb_column type=&#8221;1_2&#8243; _builder_version=&#8221;4.27.3&#8243; _module_preset=&#8221;default&#8221; global_colors_info=&#8221;{}&#8221; theme_builder_area=&#8221;post_content&#8221;][et_pb_text _builder_version=&#8221;4.27.3&#8243; _module_preset=&#8221;default&#8221; hover_enabled=&#8221;0&#8243; global_colors_info=&#8221;{}&#8221; theme_builder_area=&#8221;post_content&#8221; sticky_enabled=&#8221;0&#8243;]<\/p>\n<p>renovation of the heritage riding hall:<\/p>\n<ul>\n<li>Facade plaster restoration,<\/li>\n<li>replacement of ornamental plaster,<\/li>\n<li>facade painting and smoothing works,<\/li>\n<li>replacement and repair of stone elements,<\/li>\n<li>tinsmith repairs with zinc plate coating<\/li>\n<\/ul>\n<p>[\/et_pb_text][\/et_pb_column][et_pb_column type=&#8221;1_2&#8243; _builder_version=&#8221;4.27.3&#8243; _module_preset=&#8221;default&#8221; global_colors_info=&#8221;{}&#8221; theme_builder_area=&#8221;post_content&#8221;][et_pb_text _builder_version=&#8221;4.27.3&#8243; _module_preset=&#8221;default&#8221; text_line_height=&#8221;1.4em&#8221; background_color=&#8221;#eff3f6&#8243; custom_margin=&#8221;0px||||false|false&#8221; custom_padding=&#8221;23px|10px|23px|10px|true|true&#8221; border_width_all=&#8221;2px&#8221; border_color_all=&#8221;#dfe6ed&#8221; global_colors_info=&#8221;{}&#8221; theme_builder_area=&#8221;post_content&#8221;]<\/p>\n<p><span style=\"color: #6d8dac;\">NAME OF THE PROJECT:<br \/><\/span>Kisb\u00e9r \u2013 renovation of the heritage riding hall and stable<\/p>\n<p><span style=\"color: #6d8dac;\">LOCATION:<br \/><\/span>2870 Kisb\u00e9r, Szabads\u00e1g Park 2-6.<\/p>\n<p><span style=\"color: #6d8dac;\">TASK:<br \/><\/span>Renovation of the heritage riding hall: restoration of plastered, painted facade<\/p>\n<p><span style=\"color: #6d8dac;\">FLOOR AREA:<br \/><\/span>Plaster repair in an area of 640 m2 painting of an area of 3,100 m2<\/p>\n<p><span style=\"color: #6d8dac;\">DURATION OF WORKS:<br \/><\/span>December 2011 \u2013 June 2012<\/p>\n<p><span style=\"color: #6d8dac;\">CLIENT:<br \/><\/span>Magyar Nemzeti Vagyonkezel\u0151 Zrt.<\/p>\n<p>[\/et_pb_text][\/et_pb_column][\/et_pb_row][\/et_pb_section][et_pb_section fb_built=&#8221;1&#8243; _builder_version=&#8221;4.27.3&#8243; _module_preset=&#8221;default&#8221; custom_padding=&#8221;8px||54px|||&#8221; global_colors_info=&#8221;{}&#8221; theme_builder_area=&#8221;post_content&#8221;][et_pb_row _builder_version=&#8221;4.27.3&#8243; _module_preset=&#8221;default&#8221; global_colors_info=&#8221;{}&#8221; theme_builder_area=&#8221;post_content&#8221;][et_pb_column type=&#8221;4_4&#8243; _builder_version=&#8221;4.27.3&#8243; _module_preset=&#8221;default&#8221; global_colors_info=&#8221;{}&#8221; theme_builder_area=&#8221;post_content&#8221;][et_pb_heading title=&#8221;Take a look at the photos of the restoration&#8221; _builder_version=&#8221;4.27.3&#8243; _module_preset=&#8221;default&#8221; title_text_align=&#8221;center&#8221; hover_enabled=&#8221;0&#8243; global_colors_info=&#8221;{}&#8221; theme_builder_area=&#8221;post_content&#8221; sticky_enabled=&#8221;0&#8243;][\/et_pb_heading][\/et_pb_column][\/et_pb_row][et_pb_row _builder_version=&#8221;4.27.3&#8243; _module_preset=&#8221;default&#8221; global_colors_info=&#8221;{}&#8221; theme_builder_area=&#8221;post_content&#8221;][et_pb_column type=&#8221;4_4&#8243; _builder_version=&#8221;4.27.3&#8243; _module_preset=&#8221;default&#8221; global_colors_info=&#8221;{}&#8221; theme_builder_area=&#8221;post_content&#8221;][difl_justifiedgallery image_size=&#8221;large&#8221; use_lightbox=&#8221;on&#8221; use_lightbox_download=&#8221;on&#8221; border_anim=&#8221;on&#8221; border_anm_style=&#8221;c4-border-ccc-3&#8243; anm_content_padding=&#8221;0.5em&#8221; _builder_version=&#8221;4.27.3&#8243; _module_preset=&#8221;default&#8221; hover_enabled=&#8221;0&#8243; global_colors_info=&#8221;{}&#8221; theme_builder_area=&#8221;post_content&#8221; gallery=&#8221;1438,1439,1440,1441&#8243; sticky_enabled=&#8221;0&#8243; rowheight=&#8221;190&#8243;][\/difl_justifiedgallery][\/et_pb_column][\/et_pb_row][et_pb_row _builder_version=&#8221;4.27.3&#8243; _module_preset=&#8221;default&#8221; global_colors_info=&#8221;{}&#8221; theme_builder_area=&#8221;post_content&#8221;][et_pb_column type=&#8221;4_4&#8243; _builder_version=&#8221;4.27.3&#8243; _module_preset=&#8221;default&#8221; global_colors_info=&#8221;{}&#8221; theme_builder_area=&#8221;post_content&#8221;][et_pb_heading title=&#8221;Share&#8221; _builder_version=&#8221;4.27.3&#8243; _module_preset=&#8221;default&#8221; title_level=&#8221;h3&#8243; title_text_align=&#8221;center&#8221; global_colors_info=&#8221;{}&#8221; theme_builder_area=&#8221;post_content&#8221;][\/et_pb_heading][difl_social_share content_alignment=&#8221;center&#8221; column_auto_child_item_alignment=&#8221;center&#8221; text_container_bg_color_bgcolor=&#8221;RGBA(255,255,255,0)&#8221; _builder_version=&#8221;4.27.3&#8243; _module_preset=&#8221;default&#8221; label_font=&#8221;|||||on|||&#8221; label_text_align=&#8221;center&#8221; label_text_color=&#8221;#FFFFFF&#8221; global_colors_info=&#8221;{}&#8221; theme_builder_area=&#8221;post_content&#8221;][difl_social_share_item social_network=&#8221;facebook&#8221; _builder_version=&#8221;4.27.3&#8243; _module_preset=&#8221;default&#8221; background_color=&#8221;#1877F2&#8243; global_colors_info=&#8221;{}&#8221; theme_builder_area=&#8221;post_content&#8221;][\/difl_social_share_item][difl_social_share_item social_network=&#8221;twitter&#8221; _builder_version=&#8221;4.27.3&#8243; _module_preset=&#8221;default&#8221; background_color=&#8221;#000000&#8243; global_colors_info=&#8221;{}&#8221; theme_builder_area=&#8221;post_content&#8221;][\/difl_social_share_item][difl_social_share_item social_network=&#8221;linkedin&#8221; _builder_version=&#8221;4.27.3&#8243; _module_preset=&#8221;default&#8221; background_color=&#8221;#007bb6&#8243; global_colors_info=&#8221;{}&#8221; theme_builder_area=&#8221;post_content&#8221;][\/difl_social_share_item][difl_social_share_item social_network=&#8221;pinterest&#8221; _builder_version=&#8221;4.27.3&#8243; _module_preset=&#8221;default&#8221; background_color=&#8221;#cb2027&#8243; global_colors_info=&#8221;{}&#8221; theme_builder_area=&#8221;post_content&#8221;][\/difl_social_share_item][\/difl_social_share][\/et_pb_column][\/et_pb_row][\/et_pb_section]<\/p>\n","protected":false},"excerpt":{"rendered":"<p>Riding hall and stable in Kisb\u00e9r Monument reconstruction | Structural engineering renovation of the heritage riding hall: Facade plaster restoration, replacement of ornamental plaster, facade painting and smoothing works, replacement and repair of stone elements, tinsmith repairs with zinc plate coating NAME OF THE PROJECT:Kisb\u00e9r \u2013 renovation of the heritage riding hall and stable LOCATION:2870 [&hellip;]<\/p>\n","protected":false},"author":1,"featured_media":0,"parent":0,"menu_order":0,"comment_status":"closed","ping_status":"closed","template":"","meta":{"_et_pb_use_builder":"on","_et_pb_old_content":"","_et_gb_content_width":"","footnotes":""},"difl_page_category":[],"class_list":["post-9285","page","type-page","status-publish","hentry"],"_links":{"self":[{"href":"https:\/\/ebhinvest.hu\/en\/wp-json\/wp\/v2\/pages\/9285","targetHints":{"allow":["GET"]}}],"collection":[{"href":"https:\/\/ebhinvest.hu\/en\/wp-json\/wp\/v2\/pages"}],"about":[{"href":"https:\/\/ebhinvest.hu\/en\/wp-json\/wp\/v2\/types\/page"}],"author":[{"embeddable":true,"href":"https:\/\/ebhinvest.hu\/en\/wp-json\/wp\/v2\/users\/1"}],"replies":[{"embeddable":true,"href":"https:\/\/ebhinvest.hu\/en\/wp-json\/wp\/v2\/comments?post=9285"}],"version-history":[{"count":2,"href":"https:\/\/ebhinvest.hu\/en\/wp-json\/wp\/v2\/pages\/9285\/revisions"}],"predecessor-version":[{"id":9289,"href":"https:\/\/ebhinvest.hu\/en\/wp-json\/wp\/v2\/pages\/9285\/revisions\/9289"}],"wp:attachment":[{"href":"https:\/\/ebhinvest.hu\/en\/wp-json\/wp\/v2\/media?parent=9285"}],"wp:term":[{"taxonomy":"difl_page_category","embeddable":true,"href":"https:\/\/ebhinvest.hu\/en\/wp-json\/wp\/v2\/difl_page_category?post=9285"}],"curies":[{"name":"wp","href":"https:\/\/api.w.org\/{rel}","templated":true}]}}