{"id":9291,"date":"2024-12-12T09:08:44","date_gmt":"2024-12-12T08:08:44","guid":{"rendered":"https:\/\/ebhinvest.hu\/janoshaza-erdody-choron-castle\/"},"modified":"2025-03-01T13:17:13","modified_gmt":"2025-03-01T12:17:13","slug":"janoshaza-erdody-choron-castle","status":"publish","type":"page","link":"https:\/\/ebhinvest.hu\/en\/janoshaza-erdody-choron-castle\/","title":{"rendered":"J\u00e1nosh\u00e1za, Erd\u0151dy-Choron castle"},"content":{"rendered":"<p>[et_pb_section fb_built=&#8221;1&#8243; _builder_version=&#8221;4.27.3&#8243; _module_preset=&#8221;default&#8221; background_color=&#8221;gcid-heading-color&#8221; module_alignment=&#8221;center&#8221; min_height=&#8221;350px&#8221; custom_margin=&#8221;3px|0px|3px|0px|false|false&#8221; custom_padding=&#8221;30px|0px|13px|0px|false|false&#8221; hover_enabled=&#8221;0&#8243; global_colors_info=&#8221;{%22gcid-heading-color%22:%91%22background_color%22%93}&#8221; theme_builder_area=&#8221;post_content&#8221; alt=&#8221;J\u00e1nosh\u00e1za, Erd\u0151dy-Choron kast\u00e9ly&#8221; title_text=&#8221;_ebh_janoshaza-erdody-choron-kastely_6&#8243; background_image=&#8221;https:\/\/ebhinvest.hu\/wp-content\/uploads\/2024\/12\/ebh_janoshaza-erdody-choron-kastely_6.jpg&#8221; sticky_enabled=&#8221;0&#8243;][et_pb_row _builder_version=&#8221;4.27.3&#8243; _module_preset=&#8221;default&#8221; custom_margin=&#8221;10px||10px||false|false&#8221; global_colors_info=&#8221;{}&#8221; theme_builder_area=&#8221;post_content&#8221;][et_pb_column type=&#8221;4_4&#8243; _builder_version=&#8221;4.27.3&#8243; _module_preset=&#8221;default&#8221; custom_padding=&#8221;0px|0px|0px|0px|false|false&#8221; global_colors_info=&#8221;{}&#8221; theme_builder_area=&#8221;post_content&#8221;][et_pb_text _builder_version=&#8221;4.27.3&#8243; _module_preset=&#8221;default&#8221; background_color=&#8221;RGBA(255,255,255,0)&#8221; custom_margin=&#8221;0px|0px|0px|0px|false|false&#8221; custom_padding=&#8221;0px||0px||false|false&#8221; text_text_shadow_style=&#8221;preset4&#8243; text_text_shadow_horizontal_length=&#8221;0.68em&#8221; text_text_shadow_vertical_length=&#8221;0.55em&#8221; text_text_shadow_blur_strength=&#8221;0.36em&#8221; global_colors_info=&#8221;{}&#8221; theme_builder_area=&#8221;post_content&#8221;]<\/p>\n<h1 style=\"text-align: center;\"><span style=\"color: #ffffff;\">J\u00e1nosh\u00e1za, Erd\u0151dy-Choron castle<\/span><\/h1>\n<p><span style=\"color: #ffffff;\"><\/span><\/p>\n<p><span style=\"color: #ffffff;\"><img loading=\"lazy\" decoding=\"async\" src=\"https:\/\/ebhinvest.hu\/wp-content\/uploads\/2024\/11\/csakcsik-1.jpg\" width=\"250\" height=\"7\" alt=\"\" class=\"wp-image-275 alignnone size-full\" style=\"display: block; margin-left: auto; margin-right: auto;\"><\/span><\/p>\n<h5 style=\"text-align: center;\"><span style=\"color: #ffffff;\"><\/span><\/h5>\n<h5 style=\"text-align: center;\"><span style=\"color: #ffffff;\"><\/span><\/h5>\n<h5 style=\"text-align: center;\"><span style=\"color: #ffffff;\">Monument reconstruction | Structural engineering <br \/><\/span><\/h5>\n<p>[\/et_pb_text][\/et_pb_column][\/et_pb_row][\/et_pb_section][et_pb_section fb_built=&#8221;1&#8243; _builder_version=&#8221;4.27.3&#8243; _module_preset=&#8221;default&#8221; custom_padding=&#8221;20px||5px||false|false&#8221; global_colors_info=&#8221;{}&#8221; theme_builder_area=&#8221;post_content&#8221;][et_pb_row column_structure=&#8221;1_2,1_2&#8243; _builder_version=&#8221;4.27.3&#8243; _module_preset=&#8221;default&#8221; global_colors_info=&#8221;{}&#8221; theme_builder_area=&#8221;post_content&#8221;][et_pb_column type=&#8221;1_2&#8243; _builder_version=&#8221;4.27.3&#8243; _module_preset=&#8221;default&#8221; global_colors_info=&#8221;{}&#8221; theme_builder_area=&#8221;post_content&#8221;][et_pb_text _builder_version=&#8221;4.27.3&#8243; _module_preset=&#8221;default&#8221; hover_enabled=&#8221;0&#8243; global_colors_info=&#8221;{}&#8221; theme_builder_area=&#8221;post_content&#8221; sticky_enabled=&#8221;0&#8243;]<\/p>\n<p>Restoration of the castle roofs.<\/p>\n<p>[\/et_pb_text][\/et_pb_column][et_pb_column type=&#8221;1_2&#8243; _builder_version=&#8221;4.27.3&#8243; _module_preset=&#8221;default&#8221; global_colors_info=&#8221;{}&#8221; theme_builder_area=&#8221;post_content&#8221;][et_pb_text _builder_version=&#8221;4.27.3&#8243; _module_preset=&#8221;default&#8221; text_line_height=&#8221;1.4em&#8221; background_color=&#8221;#eff3f6&#8243; custom_margin=&#8221;0px||||false|false&#8221; custom_padding=&#8221;23px|10px|23px|10px|true|true&#8221; border_width_all=&#8221;2px&#8221; border_color_all=&#8221;#dfe6ed&#8221; global_colors_info=&#8221;{}&#8221; theme_builder_area=&#8221;post_content&#8221;]<\/p>\n<p><span style=\"color: #6d8dac;\">NAME OF THE PROJECT:<br \/><\/span> J\u00e1nosh\u00e1za, Erd\u0151dy-Choron castle<\/p>\n<p><span style=\"color: #6d8dac;\">LOCATION:<br \/><\/span> 9545 J\u00e1nosh\u00e1za, V\u00e1r u. 50-54.<\/p>\n<p><span style=\"color: #6d8dac;\">TASK:<br \/><\/span>Restoration of the monumental castle roofs<\/p>\n<p><span style=\"color: #6d8dac;\">DURATION OF WORKS:<br \/><\/span>2014 September &#8211; December<\/p>\n<p><span style=\"color: #6d8dac;\">CLIENT:<br \/><\/span> Magyar Nemzeti Vagyonkezel\u0151 Zrt.<\/p>\n<p>[\/et_pb_text][\/et_pb_column][\/et_pb_row][\/et_pb_section][et_pb_section fb_built=&#8221;1&#8243; _builder_version=&#8221;4.27.3&#8243; _module_preset=&#8221;default&#8221; custom_padding=&#8221;8px||54px|||&#8221; global_colors_info=&#8221;{}&#8221; theme_builder_area=&#8221;post_content&#8221;][et_pb_row _builder_version=&#8221;4.27.3&#8243; _module_preset=&#8221;default&#8221; global_colors_info=&#8221;{}&#8221; theme_builder_area=&#8221;post_content&#8221;][et_pb_column type=&#8221;4_4&#8243; _builder_version=&#8221;4.27.3&#8243; _module_preset=&#8221;default&#8221; global_colors_info=&#8221;{}&#8221; theme_builder_area=&#8221;post_content&#8221;][et_pb_heading title=&#8221;Our photos of the project&#8221; _builder_version=&#8221;4.27.3&#8243; _module_preset=&#8221;default&#8221; title_text_align=&#8221;center&#8221; global_colors_info=&#8221;{}&#8221; theme_builder_area=&#8221;post_content&#8221;][\/et_pb_heading][\/et_pb_column][\/et_pb_row][et_pb_row _builder_version=&#8221;4.27.3&#8243; _module_preset=&#8221;default&#8221; global_colors_info=&#8221;{}&#8221; theme_builder_area=&#8221;post_content&#8221;][et_pb_column type=&#8221;4_4&#8243; _builder_version=&#8221;4.27.3&#8243; _module_preset=&#8221;default&#8221; global_colors_info=&#8221;{}&#8221; theme_builder_area=&#8221;post_content&#8221;][difl_justifiedgallery image_size=&#8221;large&#8221; use_lightbox=&#8221;on&#8221; use_lightbox_download=&#8221;on&#8221; border_anim=&#8221;on&#8221; border_anm_style=&#8221;c4-border-ccc-3&#8243; anm_content_padding=&#8221;0.5em&#8221; _builder_version=&#8221;4.27.3&#8243; _module_preset=&#8221;default&#8221; hover_enabled=&#8221;0&#8243; global_colors_info=&#8221;{}&#8221; theme_builder_area=&#8221;post_content&#8221; gallery=&#8221;1411,1412,1413,1414,1415,1416&#8243; sticky_enabled=&#8221;0&#8243;][\/difl_justifiedgallery][\/et_pb_column][\/et_pb_row][et_pb_row _builder_version=&#8221;4.27.3&#8243; _module_preset=&#8221;default&#8221; global_colors_info=&#8221;{}&#8221; theme_builder_area=&#8221;post_content&#8221;][et_pb_column type=&#8221;4_4&#8243; _builder_version=&#8221;4.27.3&#8243; _module_preset=&#8221;default&#8221; global_colors_info=&#8221;{}&#8221; theme_builder_area=&#8221;post_content&#8221;][et_pb_heading title=&#8221;Share&#8221; _builder_version=&#8221;4.27.3&#8243; _module_preset=&#8221;default&#8221; title_level=&#8221;h3&#8243; title_text_align=&#8221;center&#8221; global_colors_info=&#8221;{}&#8221; theme_builder_area=&#8221;post_content&#8221;][\/et_pb_heading][difl_social_share content_alignment=&#8221;center&#8221; column_auto_child_item_alignment=&#8221;center&#8221; text_container_bg_color_bgcolor=&#8221;RGBA(255,255,255,0)&#8221; _builder_version=&#8221;4.27.3&#8243; _module_preset=&#8221;default&#8221; label_font=&#8221;|||||on|||&#8221; label_text_align=&#8221;center&#8221; label_text_color=&#8221;#FFFFFF&#8221; global_colors_info=&#8221;{}&#8221; theme_builder_area=&#8221;post_content&#8221;][difl_social_share_item social_network=&#8221;facebook&#8221; _builder_version=&#8221;4.27.3&#8243; _module_preset=&#8221;default&#8221; background_color=&#8221;#1877F2&#8243; global_colors_info=&#8221;{}&#8221; theme_builder_area=&#8221;post_content&#8221;][\/difl_social_share_item][difl_social_share_item social_network=&#8221;twitter&#8221; _builder_version=&#8221;4.27.3&#8243; _module_preset=&#8221;default&#8221; background_color=&#8221;#000000&#8243; global_colors_info=&#8221;{}&#8221; theme_builder_area=&#8221;post_content&#8221;][\/difl_social_share_item][difl_social_share_item social_network=&#8221;linkedin&#8221; _builder_version=&#8221;4.27.3&#8243; _module_preset=&#8221;default&#8221; background_color=&#8221;#007bb6&#8243; global_colors_info=&#8221;{}&#8221; theme_builder_area=&#8221;post_content&#8221;][\/difl_social_share_item][difl_social_share_item social_network=&#8221;pinterest&#8221; _builder_version=&#8221;4.27.3&#8243; _module_preset=&#8221;default&#8221; background_color=&#8221;#cb2027&#8243; global_colors_info=&#8221;{}&#8221; theme_builder_area=&#8221;post_content&#8221;][\/difl_social_share_item][\/difl_social_share][\/et_pb_column][\/et_pb_row][\/et_pb_section]<\/p>\n","protected":false},"excerpt":{"rendered":"<p>J\u00e1nosh\u00e1za, Erd\u0151dy-Choron castle Monument reconstruction | Structural engineering Restoration of the castle roofs.NAME OF THE PROJECT: J\u00e1nosh\u00e1za, Erd\u0151dy-Choron castle LOCATION: 9545 J\u00e1nosh\u00e1za, V\u00e1r u. 50-54. TASK:Restoration of the monumental castle roofs DURATION OF WORKS:2014 September &#8211; December CLIENT: Magyar Nemzeti Vagyonkezel\u0151 Zrt.<div class=\"et_pb_with_border et_pb_module difl_justifiedgallery difl_justifiedgallery_0\">\n\t\t\t\t\n\t\t\t\t\n\t\t\t\t\n\t\t\t\t\n\t\t\t\t\n\t\t\t\t\n\t\t\t\t<div class=\"et_pb_module_inner\">\n\t\t\t\t\t<div class=\"df_jsg_container ig_has_lightbox\" data-settings='{\"gallery\":\"1411,1412,1413,1414,1415,1416\",\"rowHeight\":\"150\",\"margin\":\"10\",\"show_caption\":\"off\",\"show_description\":\"off\",\"load_more\":\"off\",\"image_count\":\"4\",\"ini_count\":\"8\",\"show_content_lg\":\"off\",\"use_lightbox\":\"on\",\"use_lightbox_download\":\"on\",\"content_reveal_caption\":\"c4-fade-up\",\"content_reveal_description\":\"c4-fade-up\",\"content_position\":\"c4-layout-top-left\",\"image_scale\":\"no-image-scale\",\"overlay\":\"off\",\"image_size\":\"large\",\"caption_tag\":\"h4\",\"description_tag\":\"p\",\"border_anim\":\"on\",\"border_anm_style\":\"c4-border-ccc-3\",\"use_url\":\"off\",\"url_target\":\"same_window\",\"show_pagination\":\"off\",\"pagination_img_count\":\"8\",\"use_number_pagination\":\"off\",\"older_text\":\"Older Entries\",\"newer_text\":\"Next Entries\",\"use_icon_only_at_pagination\":\"off\"}'>\n                <div class=\"justified-gallery\"><figure class=\"c4-izmir df_jsg_image no-image-scale  has_overlay c4-border-ccc-3 image_loading\" data-src=\"https:\/\/ebhinvest.hu\/wp-content\/uploads\/2024\/12\/ebh_janoshaza-erdody-choron-kastely_1.jpg\"  >\n                    \n\n                    <img loading=\"lazy\" decoding=\"async\" class=\"jsg-image\" src=\"https:\/\/ebhinvest.hu\/wp-content\/uploads\/2024\/12\/ebh_janoshaza-erdody-choron-kastely_1.jpg\" alt=\"J\u00e1nosh\u00e1za, Erd\u0151dy-Choron kast\u00e9ly\" class=\"\" width=\"480\" height=\"640\"\/>\n                    <figcaption class=\"df_jsg_content c4-layout-top-left\">\n                        \n                    <\/figcaption>\n                <\/figure><figure class=\"c4-izmir df_jsg_image no-image-scale  has_overlay c4-border-ccc-3 image_loading\" data-src=\"https:\/\/ebhinvest.hu\/wp-content\/uploads\/2024\/12\/ebh_janoshaza-erdody-choron-kastely_2.jpg\"  >\n                    \n\n                    <img loading=\"lazy\" decoding=\"async\" class=\"jsg-image\" src=\"https:\/\/ebhinvest.hu\/wp-content\/uploads\/2024\/12\/ebh_janoshaza-erdody-choron-kastely_2.jpg\" alt=\"J\u00e1nosh\u00e1za, Erd\u0151dy-Choron kast\u00e9ly\" class=\"\" width=\"640\" height=\"480\"\/>\n                    <figcaption class=\"df_jsg_content c4-layout-top-left\">\n                        \n                    <\/figcaption>\n                <\/figure><figure class=\"c4-izmir df_jsg_image no-image-scale  has_overlay c4-border-ccc-3 image_loading\" data-src=\"https:\/\/ebhinvest.hu\/wp-content\/uploads\/2024\/12\/ebh_janoshaza-erdody-choron-kastely_3.jpg\"  >\n                    \n\n                    <img loading=\"lazy\" decoding=\"async\" class=\"jsg-image\" src=\"https:\/\/ebhinvest.hu\/wp-content\/uploads\/2024\/12\/ebh_janoshaza-erdody-choron-kastely_3.jpg\" alt=\"J\u00e1nosh\u00e1za, Erd\u0151dy-Choron kast\u00e9ly\" class=\"\" width=\"480\" height=\"640\"\/>\n                    <figcaption class=\"df_jsg_content c4-layout-top-left\">\n                        \n                    <\/figcaption>\n                <\/figure><figure class=\"c4-izmir df_jsg_image no-image-scale  has_overlay c4-border-ccc-3 image_loading\" data-src=\"https:\/\/ebhinvest.hu\/wp-content\/uploads\/2024\/12\/ebh_janoshaza-erdody-choron-kastely_4.jpg\"  >\n                    \n\n                    <img loading=\"lazy\" decoding=\"async\" class=\"jsg-image\" src=\"https:\/\/ebhinvest.hu\/wp-content\/uploads\/2024\/12\/ebh_janoshaza-erdody-choron-kastely_4.jpg\" alt=\"J\u00e1nosh\u00e1za, Erd\u0151dy-Choron kast\u00e9ly\" class=\"\" width=\"640\" height=\"480\"\/>\n                    <figcaption class=\"df_jsg_content c4-layout-top-left\">\n                        \n                    <\/figcaption>\n                <\/figure><figure class=\"c4-izmir df_jsg_image no-image-scale  has_overlay c4-border-ccc-3 image_loading\" data-src=\"https:\/\/ebhinvest.hu\/wp-content\/uploads\/2024\/12\/ebh_janoshaza-erdody-choron-kastely_5.jpg\"  >\n                    \n\n                    <img loading=\"lazy\" decoding=\"async\" class=\"jsg-image\" src=\"https:\/\/ebhinvest.hu\/wp-content\/uploads\/2024\/12\/ebh_janoshaza-erdody-choron-kastely_5.jpg\" alt=\"J\u00e1nosh\u00e1za, Erd\u0151dy-Choron kast\u00e9ly\" class=\"\" width=\"640\" height=\"480\"\/>\n                    <figcaption class=\"df_jsg_content c4-layout-top-left\">\n                        \n                    <\/figcaption>\n                <\/figure><figure class=\"c4-izmir df_jsg_image no-image-scale  has_overlay c4-border-ccc-3 image_loading\" data-src=\"https:\/\/ebhinvest.hu\/wp-content\/uploads\/2024\/12\/ebh_janoshaza-erdody-choron-kastely_6.jpg\"  >\n                    \n\n                    <img loading=\"lazy\" decoding=\"async\" class=\"jsg-image\" src=\"https:\/\/ebhinvest.hu\/wp-content\/uploads\/2024\/12\/ebh_janoshaza-erdody-choron-kastely_6.jpg\" alt=\"J\u00e1nosh\u00e1za, Erd\u0151dy-Choron kast\u00e9ly\" class=\"\" width=\"640\" height=\"480\"\/>\n                    <figcaption class=\"df_jsg_content c4-layout-top-left\">\n                        \n                    <\/figcaption>\n                <\/figure><\/div>\n                \n                \n            <\/div>\n\t\t\t\t<\/div>\n\t\t\t<\/div><div class=\"et_pb_module difl_social_share difl_social_share_0\">\n\t\t\t\t\n\t\t\t\t\n\t\t\t\t\n\t\t\t\t\n\t\t\t\t\n\t\t\t\t\n\t\t\t\t<div class=\"et_pb_module_inner\">\n\t\t\t\t\t<div id=\"difl-social-share-container\" class=\"difl_social_share_container\" data-settings='{\"tooltip_enable\":false,\"arrow\":true,\"disable_on_mobile\":true,\"interactive\":true,\"interactiveBorder\":\"2\",\"interactiveDebounce\":\"0\",\"animation\":\"fade\",\"placement\":\"top\",\"trigger\":\"mouseenter focus\",\"followCursor\":false,\"maxWidth\":\"350\",\"offsetEnable\":false,\"offsetSkidding\":0,\"offsetDistance\":10,\"delay\":300}'><\/div>\n\t\t\t\t<\/div>\n\t\t\t<\/div><\/p>\n","protected":false},"author":1,"featured_media":0,"parent":0,"menu_order":0,"comment_status":"closed","ping_status":"closed","template":"","meta":{"_et_pb_use_builder":"on","_et_pb_old_content":"","_et_gb_content_width":"","footnotes":""},"difl_page_category":[],"class_list":["post-9291","page","type-page","status-publish","hentry"],"_links":{"self":[{"href":"https:\/\/ebhinvest.hu\/en\/wp-json\/wp\/v2\/pages\/9291","targetHints":{"allow":["GET"]}}],"collection":[{"href":"https:\/\/ebhinvest.hu\/en\/wp-json\/wp\/v2\/pages"}],"about":[{"href":"https:\/\/ebhinvest.hu\/en\/wp-json\/wp\/v2\/types\/page"}],"author":[{"embeddable":true,"href":"https:\/\/ebhinvest.hu\/en\/wp-json\/wp\/v2\/users\/1"}],"replies":[{"embeddable":true,"href":"https:\/\/ebhinvest.hu\/en\/wp-json\/wp\/v2\/comments?post=9291"}],"version-history":[{"count":2,"href":"https:\/\/ebhinvest.hu\/en\/wp-json\/wp\/v2\/pages\/9291\/revisions"}],"predecessor-version":[{"id":9295,"href":"https:\/\/ebhinvest.hu\/en\/wp-json\/wp\/v2\/pages\/9291\/revisions\/9295"}],"wp:attachment":[{"href":"https:\/\/ebhinvest.hu\/en\/wp-json\/wp\/v2\/media?parent=9291"}],"wp:term":[{"taxonomy":"difl_page_category","embeddable":true,"href":"https:\/\/ebhinvest.hu\/en\/wp-json\/wp\/v2\/difl_page_category?post=9291"}],"curies":[{"name":"wp","href":"https:\/\/api.w.org\/{rel}","templated":true}]}}