{"id":9345,"date":"2025-02-01T10:47:35","date_gmt":"2025-02-01T09:47:35","guid":{"rendered":"https:\/\/ebhinvest.hu\/kindergarten-telki\/"},"modified":"2025-03-01T15:24:23","modified_gmt":"2025-03-01T14:24:23","slug":"kindergarten-telki","status":"publish","type":"page","link":"https:\/\/ebhinvest.hu\/en\/kindergarten-telki\/","title":{"rendered":"Kindergarten Telki"},"content":{"rendered":"<p>[et_pb_section fb_built=&#8221;1&#8243; _builder_version=&#8221;4.27.4&#8243; _module_preset=&#8221;default&#8221; background_color=&#8221;gcid-heading-color&#8221; module_alignment=&#8221;center&#8221; min_height=&#8221;350px&#8221; custom_margin=&#8221;3px|0px|3px|0px|false|false&#8221; custom_padding=&#8221;30px|0px|13px|0px|false|false&#8221; hover_enabled=&#8221;0&#8243; global_colors_info=&#8221;{%22gcid-heading-color%22:%91%22background_color%22%93}&#8221; theme_builder_area=&#8221;post_content&#8221; alt=&#8221;EBH Invest &#8211; Telki \u00d3voda&#8221; title_text=&#8221;_ebh_telki-ovoda_3&#8243; background_image=&#8221;https:\/\/ebhinvest.hu\/wp-content\/uploads\/2025\/02\/ebh_telki-ovoda_3.jpg&#8221; sticky_enabled=&#8221;0&#8243;][et_pb_row _builder_version=&#8221;4.27.3&#8243; _module_preset=&#8221;default&#8221; custom_margin=&#8221;10px||10px||false|false&#8221; global_colors_info=&#8221;{}&#8221; theme_builder_area=&#8221;post_content&#8221;][et_pb_column type=&#8221;4_4&#8243; _builder_version=&#8221;4.27.3&#8243; _module_preset=&#8221;default&#8221; custom_padding=&#8221;0px|0px|0px|0px|false|false&#8221; global_colors_info=&#8221;{}&#8221; theme_builder_area=&#8221;post_content&#8221;][et_pb_text _builder_version=&#8221;4.27.3&#8243; _module_preset=&#8221;default&#8221; background_color=&#8221;RGBA(255,255,255,0)&#8221; custom_margin=&#8221;0px|0px|0px|0px|false|false&#8221; custom_padding=&#8221;0px||0px||false|false&#8221; text_text_shadow_style=&#8221;preset4&#8243; text_text_shadow_horizontal_length=&#8221;0.68em&#8221; text_text_shadow_vertical_length=&#8221;0.55em&#8221; text_text_shadow_blur_strength=&#8221;0.36em&#8221; global_colors_info=&#8221;{}&#8221; theme_builder_area=&#8221;post_content&#8221;]<\/p>\n<h1 style=\"text-align: center;\"><span style=\"color: #ffffff;\">Kindergarten Telki<\/span><\/h1>\n<p><span style=\"color: #ffffff;\"><\/span><\/p>\n<p><span style=\"color: #ffffff;\"><img loading=\"lazy\" decoding=\"async\" src=\"https:\/\/ebhinvest.hu\/wp-content\/uploads\/2024\/11\/csakcsik-1.jpg\" width=\"250\" height=\"7\" alt=\"\" class=\"wp-image-275 alignnone size-full\" style=\"display: block; margin-left: auto; margin-right: auto;\"><\/span><\/p>\n<h5 style=\"text-align: center;\"><span style=\"color: #ffffff;\"><\/span><\/h5>\n<h5 style=\"text-align: center;\"><span style=\"color: #ffffff;\"><\/span><\/h5>\n<h5 style=\"text-align: center;\"><span style=\"color: #ffffff;\">Kindergarden, school and healthcare | New construction | Structural engineering | Mechanical engineering | Electrical installations <br \/><\/span><\/h5>\n<p>[\/et_pb_text][\/et_pb_column][\/et_pb_row][\/et_pb_section][et_pb_section fb_built=&#8221;1&#8243; _builder_version=&#8221;4.27.3&#8243; _module_preset=&#8221;default&#8221; custom_padding=&#8221;20px||5px||false|false&#8221; global_colors_info=&#8221;{}&#8221; theme_builder_area=&#8221;post_content&#8221;][et_pb_row column_structure=&#8221;1_2,1_2&#8243; _builder_version=&#8221;4.27.3&#8243; _module_preset=&#8221;default&#8221; global_colors_info=&#8221;{}&#8221; theme_builder_area=&#8221;post_content&#8221;][et_pb_column type=&#8221;1_2&#8243; _builder_version=&#8221;4.27.3&#8243; _module_preset=&#8221;default&#8221; global_colors_info=&#8221;{}&#8221; theme_builder_area=&#8221;post_content&#8221;][et_pb_text _builder_version=&#8221;4.27.4&#8243; _module_preset=&#8221;default&#8221; hover_enabled=&#8221;0&#8243; global_colors_info=&#8221;{}&#8221; theme_builder_area=&#8221;post_content&#8221; sticky_enabled=&#8221;0&#8243;]<\/p>\n<p>Construction of a new nursery (works included architectural, \u2013 including support structure, master builder and professional works \u2013 electrical and building services works.<\/p>\n<p>[\/et_pb_text][\/et_pb_column][et_pb_column type=&#8221;1_2&#8243; _builder_version=&#8221;4.27.3&#8243; _module_preset=&#8221;default&#8221; global_colors_info=&#8221;{}&#8221; theme_builder_area=&#8221;post_content&#8221;][et_pb_text _builder_version=&#8221;4.27.3&#8243; _module_preset=&#8221;default&#8221; text_line_height=&#8221;1.4em&#8221; background_color=&#8221;#eff3f6&#8243; custom_margin=&#8221;0px||||false|false&#8221; custom_padding=&#8221;23px|10px|23px|10px|true|true&#8221; border_width_all=&#8221;2px&#8221; border_color_all=&#8221;#dfe6ed&#8221; global_colors_info=&#8221;{}&#8221; theme_builder_area=&#8221;post_content&#8221;]<\/p>\n<p><span style=\"color: #6d8dac;\">NAME OF THE PROJECT:<br \/><\/span>Telki \u00d3voda gener\u00e1lkivitelez\u00e9se<\/p>\n<p><span style=\"color: #6d8dac;\">LOCATION:<br \/><\/span>Telki, Tengelice u. 3. &#8211;<\/p>\n<p><span style=\"color: #6d8dac;\">TASK:<br \/><\/span>General contraction of a new build nursery in Telki<\/p>\n<p><span style=\"color: #6d8dac;\">FLOOR AREA:<br \/><\/span>730 m2<\/p>\n<p><span style=\"color: #6d8dac;\">DURATION OF WORKS:<br \/><\/span>December 2010 \u2013 July 2011 <\/p>\n<p><span style=\"color: #6d8dac;\">CLIENT:<br \/><\/span>G\u00e1z-Coop K\u00f6zm\u0171, \u00c9p\u00fcletg\u00e9p\u00e9szeti, Kereskedelmi \u00e9s Szolg\u00e1ltat\u00f3 Kft.<\/p>\n<p>[\/et_pb_text][\/et_pb_column][\/et_pb_row][\/et_pb_section][et_pb_section fb_built=&#8221;1&#8243; _builder_version=&#8221;4.27.3&#8243; _module_preset=&#8221;default&#8221; custom_padding=&#8221;8px||54px|||&#8221; global_colors_info=&#8221;{}&#8221; theme_builder_area=&#8221;post_content&#8221;][et_pb_row _builder_version=&#8221;4.27.3&#8243; _module_preset=&#8221;default&#8221; global_colors_info=&#8221;{}&#8221; theme_builder_area=&#8221;post_content&#8221;][et_pb_column type=&#8221;4_4&#8243; _builder_version=&#8221;4.27.3&#8243; _module_preset=&#8221;default&#8221; global_colors_info=&#8221;{}&#8221; theme_builder_area=&#8221;post_content&#8221;][et_pb_heading title=&#8221;Our photos of the project&#8221; _builder_version=&#8221;4.27.3&#8243; _module_preset=&#8221;default&#8221; title_text_align=&#8221;center&#8221; global_colors_info=&#8221;{}&#8221; theme_builder_area=&#8221;post_content&#8221;][\/et_pb_heading][\/et_pb_column][\/et_pb_row][et_pb_row _builder_version=&#8221;4.27.3&#8243; _module_preset=&#8221;default&#8221; global_colors_info=&#8221;{}&#8221; theme_builder_area=&#8221;post_content&#8221;][et_pb_column type=&#8221;4_4&#8243; _builder_version=&#8221;4.27.3&#8243; _module_preset=&#8221;default&#8221; global_colors_info=&#8221;{}&#8221; theme_builder_area=&#8221;post_content&#8221;][difl_justifiedgallery image_size=&#8221;large&#8221; use_lightbox=&#8221;on&#8221; use_lightbox_download=&#8221;on&#8221; border_anim=&#8221;on&#8221; border_anm_style=&#8221;c4-border-ccc-3&#8243; anm_content_padding=&#8221;0.5em&#8221; _builder_version=&#8221;4.27.4&#8243; _module_preset=&#8221;default&#8221; hover_enabled=&#8221;0&#8243; global_colors_info=&#8221;{}&#8221; theme_builder_area=&#8221;post_content&#8221; gallery=&#8221;1894,1895,1896,1897&#8243; rowheight=&#8221;160&#8243; sticky_enabled=&#8221;0&#8243;][\/difl_justifiedgallery][\/et_pb_column][\/et_pb_row][et_pb_row _builder_version=&#8221;4.27.3&#8243; _module_preset=&#8221;default&#8221; global_colors_info=&#8221;{}&#8221; theme_builder_area=&#8221;post_content&#8221;][et_pb_column type=&#8221;4_4&#8243; _builder_version=&#8221;4.27.3&#8243; _module_preset=&#8221;default&#8221; global_colors_info=&#8221;{}&#8221; theme_builder_area=&#8221;post_content&#8221;][et_pb_heading title=&#8221;Share&#8221; _builder_version=&#8221;4.27.3&#8243; _module_preset=&#8221;default&#8221; title_level=&#8221;h3&#8243; title_text_align=&#8221;center&#8221; global_colors_info=&#8221;{}&#8221; theme_builder_area=&#8221;post_content&#8221;][\/et_pb_heading][difl_social_share content_alignment=&#8221;center&#8221; column_auto_child_item_alignment=&#8221;center&#8221; text_container_bg_color_bgcolor=&#8221;RGBA(255,255,255,0)&#8221; _builder_version=&#8221;4.27.3&#8243; _module_preset=&#8221;default&#8221; label_font=&#8221;|||||on|||&#8221; label_text_align=&#8221;center&#8221; label_text_color=&#8221;#FFFFFF&#8221; global_colors_info=&#8221;{}&#8221; theme_builder_area=&#8221;post_content&#8221;][difl_social_share_item social_network=&#8221;facebook&#8221; _builder_version=&#8221;4.27.3&#8243; _module_preset=&#8221;default&#8221; background_color=&#8221;#1877F2&#8243; global_colors_info=&#8221;{}&#8221; theme_builder_area=&#8221;post_content&#8221;][\/difl_social_share_item][difl_social_share_item social_network=&#8221;twitter&#8221; _builder_version=&#8221;4.27.3&#8243; _module_preset=&#8221;default&#8221; background_color=&#8221;#000000&#8243; global_colors_info=&#8221;{}&#8221; theme_builder_area=&#8221;post_content&#8221;][\/difl_social_share_item][difl_social_share_item social_network=&#8221;linkedin&#8221; _builder_version=&#8221;4.27.3&#8243; _module_preset=&#8221;default&#8221; background_color=&#8221;#007bb6&#8243; global_colors_info=&#8221;{}&#8221; theme_builder_area=&#8221;post_content&#8221;][\/difl_social_share_item][difl_social_share_item social_network=&#8221;pinterest&#8221; _builder_version=&#8221;4.27.3&#8243; _module_preset=&#8221;default&#8221; background_color=&#8221;#cb2027&#8243; global_colors_info=&#8221;{}&#8221; theme_builder_area=&#8221;post_content&#8221;][\/difl_social_share_item][\/difl_social_share][\/et_pb_column][\/et_pb_row][\/et_pb_section]<\/p>\n","protected":false},"excerpt":{"rendered":"<p>Kindergarten Telki Kindergarden, school and healthcare | New construction | Structural engineering | Mechanical engineering | Electrical installations Construction of a new nursery (works included architectural, \u2013 including support structure, master builder and professional works \u2013 electrical and building services works.NAME OF THE PROJECT:Telki \u00d3voda gener\u00e1lkivitelez\u00e9se LOCATION:Telki, Tengelice u. 3. &#8211; TASK:General contraction of a [&hellip;]<\/p>\n","protected":false},"author":1,"featured_media":0,"parent":0,"menu_order":0,"comment_status":"closed","ping_status":"closed","template":"","meta":{"_et_pb_use_builder":"on","_et_pb_old_content":"","_et_gb_content_width":"","footnotes":""},"difl_page_category":[],"class_list":["post-9345","page","type-page","status-publish","hentry"],"_links":{"self":[{"href":"https:\/\/ebhinvest.hu\/en\/wp-json\/wp\/v2\/pages\/9345","targetHints":{"allow":["GET"]}}],"collection":[{"href":"https:\/\/ebhinvest.hu\/en\/wp-json\/wp\/v2\/pages"}],"about":[{"href":"https:\/\/ebhinvest.hu\/en\/wp-json\/wp\/v2\/types\/page"}],"author":[{"embeddable":true,"href":"https:\/\/ebhinvest.hu\/en\/wp-json\/wp\/v2\/users\/1"}],"replies":[{"embeddable":true,"href":"https:\/\/ebhinvest.hu\/en\/wp-json\/wp\/v2\/comments?post=9345"}],"version-history":[{"count":2,"href":"https:\/\/ebhinvest.hu\/en\/wp-json\/wp\/v2\/pages\/9345\/revisions"}],"predecessor-version":[{"id":9349,"href":"https:\/\/ebhinvest.hu\/en\/wp-json\/wp\/v2\/pages\/9345\/revisions\/9349"}],"wp:attachment":[{"href":"https:\/\/ebhinvest.hu\/en\/wp-json\/wp\/v2\/media?parent=9345"}],"wp:term":[{"taxonomy":"difl_page_category","embeddable":true,"href":"https:\/\/ebhinvest.hu\/en\/wp-json\/wp\/v2\/difl_page_category?post=9345"}],"curies":[{"name":"wp","href":"https:\/\/api.w.org\/{rel}","templated":true}]}}