{"id":9351,"date":"2024-12-10T13:34:01","date_gmt":"2024-12-10T12:34:01","guid":{"rendered":"https:\/\/ebhinvest.hu\/designing-the-banati-hartvig-architect-office\/"},"modified":"2025-03-01T15:33:38","modified_gmt":"2025-03-01T14:33:38","slug":"designing-the-banati-hartvig-architect-office","status":"publish","type":"page","link":"https:\/\/ebhinvest.hu\/en\/designing-the-banati-hartvig-architect-office\/","title":{"rendered":"Designing the B\u00e1n\u00e1ti + Hartvig Architect Office"},"content":{"rendered":"<p>[et_pb_section fb_built=&#8221;1&#8243; _builder_version=&#8221;4.27.3&#8243; _module_preset=&#8221;default&#8221; background_color=&#8221;gcid-heading-color&#8221; background_image=&#8221;https:\/\/ebhinvest.hu\/wp-content\/uploads\/2024\/12\/ebh_banati-and-hartvig_15.jpg&#8221; module_alignment=&#8221;center&#8221; min_height=&#8221;350px&#8221; custom_margin=&#8221;3px|0px|3px|0px|false|false&#8221; custom_padding=&#8221;30px|0px|13px|0px|false|false&#8221; hover_enabled=&#8221;0&#8243; global_colors_info=&#8221;{%22gcid-heading-color%22:%91%22background_color%22%93}&#8221; theme_builder_area=&#8221;post_content&#8221; alt=&#8221;B\u00e1n\u00e1ti + Hartvig \u00c9p\u00edt\u00e9sz Iroda fit-out munk\u00e1latainak elv\u00e9gz\u00e9se.&#8221; title_text=&#8221;ebh_banati-and-hartvig_15&#8243; sticky_enabled=&#8221;0&#8243;][et_pb_row _builder_version=&#8221;4.27.3&#8243; _module_preset=&#8221;default&#8221; custom_margin=&#8221;10px||10px||false|false&#8221; global_colors_info=&#8221;{}&#8221; theme_builder_area=&#8221;post_content&#8221;][et_pb_column type=&#8221;4_4&#8243; _builder_version=&#8221;4.27.3&#8243; _module_preset=&#8221;default&#8221; custom_padding=&#8221;0px|0px|0px|0px|false|false&#8221; global_colors_info=&#8221;{}&#8221; theme_builder_area=&#8221;post_content&#8221;][et_pb_text _builder_version=&#8221;4.27.3&#8243; _module_preset=&#8221;default&#8221; background_color=&#8221;RGBA(255,255,255,0)&#8221; custom_margin=&#8221;0px|0px|0px|0px|false|false&#8221; custom_padding=&#8221;0px||0px||false|false&#8221; text_text_shadow_style=&#8221;preset4&#8243; text_text_shadow_horizontal_length=&#8221;0.68em&#8221; text_text_shadow_vertical_length=&#8221;0.55em&#8221; text_text_shadow_blur_strength=&#8221;0.36em&#8221; global_colors_info=&#8221;{}&#8221; theme_builder_area=&#8221;post_content&#8221;]<\/p>\n<h1 style=\"text-align: center;\"><span style=\"color: #ffffff;\">Designing the B\u00e1n\u00e1ti + Hartvig Architect Office<\/span><\/h1>\n<p><span style=\"color: #ffffff;\"><\/span><\/p>\n<p><span style=\"color: #ffffff;\"><img loading=\"lazy\" decoding=\"async\" src=\"https:\/\/ebhinvest.hu\/wp-content\/uploads\/2024\/11\/csakcsik-1.jpg\" width=\"250\" height=\"7\" alt=\"\" class=\"wp-image-275 alignnone size-full\" style=\"display: block; margin-left: auto; margin-right: auto;\"><\/span><\/p>\n<h5 style=\"text-align: center;\"><span style=\"color: #ffffff;\"><\/span><\/h5>\n<h5 style=\"text-align: center;\"><span style=\"color: #ffffff;\"><\/span><\/h5>\n<h5 style=\"text-align: center;\"><span style=\"color: #ffffff;\">Fit-Out<\/span><\/h5>\n<p>[\/et_pb_text][\/et_pb_column][\/et_pb_row][\/et_pb_section][et_pb_section fb_built=&#8221;1&#8243; _builder_version=&#8221;4.27.3&#8243; _module_preset=&#8221;default&#8221; custom_padding=&#8221;20px||5px||false|false&#8221; global_colors_info=&#8221;{}&#8221; theme_builder_area=&#8221;post_content&#8221;][et_pb_row column_structure=&#8221;1_2,1_2&#8243; _builder_version=&#8221;4.27.3&#8243; _module_preset=&#8221;default&#8221; global_colors_info=&#8221;{}&#8221; theme_builder_area=&#8221;post_content&#8221;][et_pb_column type=&#8221;1_2&#8243; _builder_version=&#8221;4.27.3&#8243; _module_preset=&#8221;default&#8221; global_colors_info=&#8221;{}&#8221; theme_builder_area=&#8221;post_content&#8221;][et_pb_text _builder_version=&#8221;4.27.3&#8243; _module_preset=&#8221;default&#8221; hover_enabled=&#8221;0&#8243; global_colors_info=&#8221;{}&#8221; theme_builder_area=&#8221;post_content&#8221; sticky_enabled=&#8221;0&#8243;]<\/p>\n<p>The building has won two awards!<\/p>\n<p>In the category of \u201cOffice of the Year in Environmental Consciousness,\u201d the B\u00e1n\u00e1ti + Hartvig Architect Office, implemented by EBH INVEST, excelled in the professional competition!<br \/>This year marked the 12th time that the Office of the Year awards were presented, accompanied by a grand design exhibition and gala at Millen\u00e1ris Park, where Hungary\u2019s best offices, office buildings, and community spaces for 2021 were honored by the professional jury. <\/p>\n<p>In 2021, it also won the \u201cBest Building\u201d award as part of the Media Architecture Award.<\/p>\n<p>&nbsp;<\/p>\n<p>In addition to creating a general office space, we also set up meeting rooms, a kitchen, a caf\u00e9 area, a shower, and spaces suitable for communal work. Furthermore, there are separate women\u2019s and men\u2019s restrooms on each floor.<\/p>\n<p>The juxtaposition of newly built and demolished old raw surfaces posed the greatest challenge. In addition to the installation of mechanical and electrical systems, our other tasks included:<\/p>\n<p>Drywall and painting works,<br \/>Installation of heating and cooling systems,<br \/>Carpentry works,<br \/>Metalworking and glazing.<\/p>\n<p>The entire office (basement, ground floor, upper floor) received a thermal insulation ceiling covering made of fiberglass insulation.<\/p>\n<p>Designer:<\/p>\n<h4><a href=\"https:\/\/bh.hu\/irodank-is-reszt-vesz-az-uj-nemzeti-galeria-tervezeseben\/\">B\u00e1n\u00e1ti + Hartvig \u00c9p\u00edt\u00e9sz Iroda<\/a><\/h4>\n<p>[\/et_pb_text][\/et_pb_column][et_pb_column type=&#8221;1_2&#8243; _builder_version=&#8221;4.27.3&#8243; _module_preset=&#8221;default&#8221; global_colors_info=&#8221;{}&#8221; theme_builder_area=&#8221;post_content&#8221;][et_pb_text _builder_version=&#8221;4.27.3&#8243; _module_preset=&#8221;default&#8221; text_line_height=&#8221;1.4em&#8221; background_color=&#8221;#eff3f6&#8243; custom_margin=&#8221;0px||||false|false&#8221; custom_padding=&#8221;23px|10px|23px|10px|true|true&#8221; border_width_all=&#8221;2px&#8221; border_color_all=&#8221;#dfe6ed&#8221; global_colors_info=&#8221;{}&#8221; theme_builder_area=&#8221;post_content&#8221;]<\/p>\n<p><span style=\"color: #6d8dac;\">NAME OF THE PROJECT :<br \/><\/span> B\u00e1n\u00e1ti + Hartvig \u00c9p\u00edt\u00e9sz Iroda fit-out works<\/p>\n<p><span style=\"color: #6d8dac;\">LOCATION:<br \/><\/span> 1117 Budapest, Feh\u00e9rv\u00e1ri \u00fat 38.<\/p>\n<p><span style=\"color: #6d8dac;\">TASK:<br \/><\/span>Fit-out works, mechanical engineering, electrical installations, customized tasks<\/p>\n<p><span style=\"color: #6d8dac;\">FLOOR AREA:<br \/><\/span> 950 m2<\/p>\n<p><span style=\"color: #6d8dac;\">DURATION OF WORKS:<br \/><\/span> 10. 08. 2020 &#8211; 2021.04.15.<\/p>\n<p><span style=\"color: #6d8dac;\">CLIENT:<br \/><\/span> BH Inga Kft.<\/p>\n<p>[\/et_pb_text][\/et_pb_column][\/et_pb_row][\/et_pb_section][et_pb_section fb_built=&#8221;1&#8243; _builder_version=&#8221;4.27.3&#8243; _module_preset=&#8221;default&#8221; custom_padding=&#8221;8px||54px|||&#8221; global_colors_info=&#8221;{}&#8221; theme_builder_area=&#8221;post_content&#8221;][et_pb_row _builder_version=&#8221;4.27.3&#8243; _module_preset=&#8221;default&#8221; global_colors_info=&#8221;{}&#8221; theme_builder_area=&#8221;post_content&#8221;][et_pb_column type=&#8221;4_4&#8243; _builder_version=&#8221;4.27.3&#8243; _module_preset=&#8221;default&#8221; global_colors_info=&#8221;{}&#8221; theme_builder_area=&#8221;post_content&#8221;][et_pb_heading title=&#8221;Take a look at the photos of the project!&#8221; _builder_version=&#8221;4.27.3&#8243; _module_preset=&#8221;default&#8221; title_text_align=&#8221;center&#8221; hover_enabled=&#8221;0&#8243; global_colors_info=&#8221;{}&#8221; theme_builder_area=&#8221;post_content&#8221; sticky_enabled=&#8221;0&#8243;][\/et_pb_heading][\/et_pb_column][\/et_pb_row][et_pb_row _builder_version=&#8221;4.27.3&#8243; _module_preset=&#8221;default&#8221; global_colors_info=&#8221;{}&#8221; theme_builder_area=&#8221;post_content&#8221;][et_pb_column type=&#8221;4_4&#8243; _builder_version=&#8221;4.27.3&#8243; _module_preset=&#8221;default&#8221; global_colors_info=&#8221;{}&#8221; theme_builder_area=&#8221;post_content&#8221;][difl_justifiedgallery gallery=&#8221;976,977,978,979,980,981,982,983,984,985,986,987,988&#8243; image_size=&#8221;original&#8221; use_lightbox=&#8221;on&#8221; use_lightbox_download=&#8221;on&#8221; border_anim=&#8221;on&#8221; border_anm_style=&#8221;c4-border-ccc-3&#8243; anm_content_padding=&#8221;0.5em&#8221; _builder_version=&#8221;4.27.3&#8243; _module_preset=&#8221;default&#8221; hover_enabled=&#8221;0&#8243; global_colors_info=&#8221;{}&#8221; theme_builder_area=&#8221;post_content&#8221; sticky_enabled=&#8221;0&#8243; rowheight=&#8221;140&#8243; space_between=&#8221;16&#8243;][\/difl_justifiedgallery][\/et_pb_column][\/et_pb_row][et_pb_row _builder_version=&#8221;4.27.3&#8243; _module_preset=&#8221;default&#8221; global_colors_info=&#8221;{}&#8221; theme_builder_area=&#8221;post_content&#8221;][et_pb_column type=&#8221;4_4&#8243; _builder_version=&#8221;4.27.3&#8243; _module_preset=&#8221;default&#8221; global_colors_info=&#8221;{}&#8221; theme_builder_area=&#8221;post_content&#8221;][et_pb_heading title=&#8221;Share&#8221; _builder_version=&#8221;4.27.3&#8243; _module_preset=&#8221;default&#8221; title_level=&#8221;h3&#8243; title_text_align=&#8221;center&#8221; global_colors_info=&#8221;{}&#8221; theme_builder_area=&#8221;post_content&#8221;][\/et_pb_heading][difl_social_share content_alignment=&#8221;center&#8221; column_auto_child_item_alignment=&#8221;center&#8221; text_container_bg_color_bgcolor=&#8221;RGBA(255,255,255,0)&#8221; _builder_version=&#8221;4.27.3&#8243; _module_preset=&#8221;default&#8221; label_font=&#8221;|||||on|||&#8221; label_text_align=&#8221;center&#8221; label_text_color=&#8221;#FFFFFF&#8221; global_colors_info=&#8221;{}&#8221; theme_builder_area=&#8221;post_content&#8221;][difl_social_share_item social_network=&#8221;facebook&#8221; _builder_version=&#8221;4.27.3&#8243; _module_preset=&#8221;default&#8221; background_color=&#8221;#1877F2&#8243; global_colors_info=&#8221;{}&#8221; theme_builder_area=&#8221;post_content&#8221;][\/difl_social_share_item][difl_social_share_item social_network=&#8221;twitter&#8221; _builder_version=&#8221;4.27.3&#8243; _module_preset=&#8221;default&#8221; background_color=&#8221;#000000&#8243; global_colors_info=&#8221;{}&#8221; theme_builder_area=&#8221;post_content&#8221;][\/difl_social_share_item][difl_social_share_item social_network=&#8221;linkedin&#8221; _builder_version=&#8221;4.27.3&#8243; _module_preset=&#8221;default&#8221; background_color=&#8221;#007bb6&#8243; global_colors_info=&#8221;{}&#8221; theme_builder_area=&#8221;post_content&#8221;][\/difl_social_share_item][difl_social_share_item social_network=&#8221;pinterest&#8221; _builder_version=&#8221;4.27.3&#8243; _module_preset=&#8221;default&#8221; background_color=&#8221;#cb2027&#8243; global_colors_info=&#8221;{}&#8221; theme_builder_area=&#8221;post_content&#8221;][\/difl_social_share_item][\/difl_social_share][\/et_pb_column][\/et_pb_row][\/et_pb_section]<\/p>\n","protected":false},"excerpt":{"rendered":"<p>Designing the B\u00e1n\u00e1ti + Hartvig Architect Office Fit-OutThe building has won two awards! In the category of \u201cOffice of the Year in Environmental Consciousness,\u201d the B\u00e1n\u00e1ti + Hartvig Architect Office, implemented by EBH INVEST, excelled in the professional competition!This year marked the 12th time that the Office of the Year awards were presented, accompanied by [&hellip;]<\/p>\n","protected":false},"author":1,"featured_media":0,"parent":0,"menu_order":0,"comment_status":"closed","ping_status":"closed","template":"","meta":{"_et_pb_use_builder":"on","_et_pb_old_content":"","_et_gb_content_width":"","footnotes":""},"difl_page_category":[],"class_list":["post-9351","page","type-page","status-publish","hentry"],"_links":{"self":[{"href":"https:\/\/ebhinvest.hu\/en\/wp-json\/wp\/v2\/pages\/9351","targetHints":{"allow":["GET"]}}],"collection":[{"href":"https:\/\/ebhinvest.hu\/en\/wp-json\/wp\/v2\/pages"}],"about":[{"href":"https:\/\/ebhinvest.hu\/en\/wp-json\/wp\/v2\/types\/page"}],"author":[{"embeddable":true,"href":"https:\/\/ebhinvest.hu\/en\/wp-json\/wp\/v2\/users\/1"}],"replies":[{"embeddable":true,"href":"https:\/\/ebhinvest.hu\/en\/wp-json\/wp\/v2\/comments?post=9351"}],"version-history":[{"count":2,"href":"https:\/\/ebhinvest.hu\/en\/wp-json\/wp\/v2\/pages\/9351\/revisions"}],"predecessor-version":[{"id":9355,"href":"https:\/\/ebhinvest.hu\/en\/wp-json\/wp\/v2\/pages\/9351\/revisions\/9355"}],"wp:attachment":[{"href":"https:\/\/ebhinvest.hu\/en\/wp-json\/wp\/v2\/media?parent=9351"}],"wp:term":[{"taxonomy":"difl_page_category","embeddable":true,"href":"https:\/\/ebhinvest.hu\/en\/wp-json\/wp\/v2\/difl_page_category?post=9351"}],"curies":[{"name":"wp","href":"https:\/\/api.w.org\/{rel}","templated":true}]}}