{"id":9363,"date":"2024-12-12T09:04:26","date_gmt":"2024-12-12T08:04:26","guid":{"rendered":"https:\/\/ebhinvest.hu\/renovation-of-iranyi-palace\/"},"modified":"2025-03-09T13:47:55","modified_gmt":"2025-03-09T12:47:55","slug":"renovation-of-iranyi-palace","status":"publish","type":"page","link":"https:\/\/ebhinvest.hu\/en\/renovation-of-iranyi-palace\/","title":{"rendered":"Renovation of Ir\u00e1nyi Palace"},"content":{"rendered":"<p>[et_pb_section fb_built=&#8221;1&#8243; _builder_version=&#8221;4.27.3&#8243; _module_preset=&#8221;default&#8221; background_color=&#8221;gcid-heading-color&#8221; background_image=&#8221;https:\/\/ebhinvest.hu\/wp-content\/uploads\/2024\/12\/ebh_iranyi-palota_10.jpg&#8221; module_alignment=&#8221;center&#8221; min_height=&#8221;350px&#8221; custom_margin=&#8221;3px|0px|3px|0px|false|false&#8221; custom_padding=&#8221;30px|0px|13px|0px|false|false&#8221; global_colors_info=&#8221;{%22gcid-heading-color%22:%91%22background_color%22%93}&#8221;][et_pb_row _builder_version=&#8221;4.27.3&#8243; _module_preset=&#8221;default&#8221; custom_margin=&#8221;10px||10px||false|false&#8221; global_colors_info=&#8221;{}&#8221;][et_pb_column type=&#8221;4_4&#8243; _builder_version=&#8221;4.27.3&#8243; _module_preset=&#8221;default&#8221; custom_padding=&#8221;0px|0px|0px|0px|false|false&#8221; global_colors_info=&#8221;{}&#8221;][et_pb_text _builder_version=&#8221;4.27.3&#8243; _module_preset=&#8221;default&#8221; background_color=&#8221;RGBA(255,255,255,0)&#8221; custom_margin=&#8221;0px|0px|0px|0px|false|false&#8221; custom_padding=&#8221;0px||0px||false|false&#8221; text_text_shadow_style=&#8221;preset4&#8243; text_text_shadow_horizontal_length=&#8221;0.68em&#8221; text_text_shadow_vertical_length=&#8221;0.55em&#8221; text_text_shadow_blur_strength=&#8221;0.36em&#8221; global_colors_info=&#8221;{}&#8221;]<\/p>\n<h1 style=\"text-align: center;\"><span style=\"color: #ffffff;\">Renovation of Ir\u00e1nyi Palace<\/span><\/h1>\n<p><span style=\"color: #ffffff;\"><\/span><\/p>\n<p><span style=\"color: #ffffff;\"><img loading=\"lazy\" decoding=\"async\" src=\"https:\/\/ebhinvest.hu\/wp-content\/uploads\/2024\/11\/csakcsik-1.jpg\" width=\"250\" height=\"7\" alt=\"\" class=\"wp-image-275 alignnone size-full\" style=\"display: block; margin-left: auto; margin-right: auto;\"><\/span><\/p>\n<h5 style=\"text-align: center;\"><span style=\"color: #ffffff;\"><\/span><\/h5>\n<h5 style=\"text-align: center;\"><span style=\"color: #ffffff;\"><\/span><\/h5>\n<h5 style=\"text-align: center;\"><span style=\"color: #ffffff;\">Monument reconstruction | Structural engineering| Fitout | Energy efficiency measures<br \/><\/span><\/h5>\n<p>[\/et_pb_text][\/et_pb_column][\/et_pb_row][\/et_pb_section][et_pb_section fb_built=&#8221;1&#8243; _builder_version=&#8221;4.27.3&#8243; _module_preset=&#8221;default&#8221; custom_padding=&#8221;20px||5px||false|false&#8221; global_colors_info=&#8221;{}&#8221;][et_pb_row _builder_version=&#8221;4.27.3&#8243; _module_preset=&#8221;default&#8221; global_colors_info=&#8221;{}&#8221;][et_pb_column type=&#8221;4_4&#8243; _builder_version=&#8221;4.27.3&#8243; _module_preset=&#8221;default&#8221; global_colors_info=&#8221;{}&#8221;][et_pb_text _builder_version=&#8221;4.27.4&#8243; _module_preset=&#8221;default&#8221; hover_enabled=&#8221;0&#8243; global_colors_info=&#8221;{}&#8221; sticky_enabled=&#8221;0&#8243;]<\/p>\n<p><span style=\"font-size: 24px;\"><strong>An award-winning building three times over<\/strong><\/span><\/p>\n<ul>\n<li><span style=\"font-size: 16px;\"><strong>2022: Construction Industry Excellence Award<\/strong><\/span><\/li>\n<\/ul>\n<p>\u2013 Ir\u00e1nyi Palace Ir\u00e1nyi Palace won an Excellence Award in the public building\/office <span style=\"font-size: 1.0625rem;\">category<\/span>!<\/p>\n<p>The main criteria for evaluation were:<br \/>Overall architectural and technical evaluation of the structure<br \/>Technical and technological level of execution, professionalism<br \/>Economic viability and operability of the investment<br \/>Collaboration among those involved in creating the facility, particularly investors, designers, and contractors.<\/p>\n<ul>\n<li>In the category <strong>&#8220;Office Building of the Year&#8221;<\/strong>, the <strong>Ir\u00e1nyi Palace<\/strong>, designed by EBH INVEST, was the winner!\n<\/li>\n<li><strong style=\"font-size: 1.0625rem;\">It also received an award in the monument category as part of the<\/strong> <span style=\"font-size: 1.0625rem;\">\u201cFacade of the Year 2021\u201d competition!<\/span><\/li>\n<\/ul>\n<p><strong>Project Description<\/strong><\/p>\n<p>The renovation and construction work on the building located at 17 Ir\u00e1nyi Street, District V, began in October 2018 and was completed in May 2021. The renovated building reopened as Ir\u00e1nyi Palace, serving as an office building.  <\/p>\n<ul>\n<li>Basement: Collaborative space and game room designed as a venue for office events, after-parties, and intimate workshops.<\/li>\n<li>Ground floor and upper floors: Impressive atrium, elegant reception, modern meeting room, dining area, event hall, inspiring caf\u00e9, soundproof room, screening room, gallery and exhibition space, campus bench seating area, as well as tea kitchens, terraces, balconies, meeting rooms, and a courtyard were created.<\/li>\n<\/ul>\n<p>Our fundamental objective was to preserve the unique classical features of the 120-year-old building while incorporating materials and technologies suitable for 21st-century operations. The work involved not only reconstruction but also development: new levels and elevator shafts were built. The modern additions, glass railings, and the design of the suspended walkways create a subtle eclectic blend with the original architectural elements. <\/p>\n<p>Originally, the building\u2019s interior courtyard was partially covered up to the height of the first floor, with glass domes piercing through the levels of the mezzanine and ground floor. Over the course of the past century, the glass domes were removed, replaced with glass bricks, and eventually the courtyard was concreted over. Now, using contemporary techniques, we have restored this unique architectural feature of the building by adding a walkable glass roof.  <\/p>\n<p>Undoubtedly, one of the most iconic parts of the building is the ballroom, which now serves as a multifunctional space. The space, primarily presented in its classical splendor, was perhaps one of the most deteriorated areas of the building, with the ceiling leaking for years, making its restoration a significant undertaking. Approximately one-third of the ceiling and sidewall decorations had perished, and restoration experts worked on the remaining parts and protected elements of the building. In addition to restoration, substantial reconstruction was also necessary. <\/p>\n<p>The design concept of Ir\u00e1nyi Palace consciously juxtaposes classic and modern elements. This is particularly evident in significant portions of the interior, where the ceiling character and occasionally the reconstructed structural elements showcase this rustic quality. The steel beam structures with dusty glass vaulted ceilings, in most places, were made visible instead of being concealed, thereby representing not only the original condition of the building but also the construction process.<\/p>\n<p>Within the complex, there are various spaces such as a ballroom, breakout and collaborative areas, a caf\u00e9, a demonstration kitchen, a game room, a soundproof room, a screening room, a workshop room, tea kitchens, conference rooms and event halls, lounges, a courtyard, terraces, balconies, meeting rooms, a campus bench seating area, a gallery, and an exhibition space.<\/p>\n<p>The building, starting a new chapter in its life, has become not only a mediator of architectural and aesthetic values but also the home of an international company. It may even be recognized by a global audience as a future filming location. Ir\u00e1nyi Palace blends office and home office use, with traditional office spaces giving way to communal areas.<\/p>\n<p>[\/et_pb_text][\/et_pb_column][\/et_pb_row][\/et_pb_section][et_pb_section fb_built=&#8221;1&#8243; _builder_version=&#8221;4.27.3&#8243; _module_preset=&#8221;default&#8221; custom_padding=&#8221;9px||2px|||&#8221; global_colors_info=&#8221;{}&#8221;][et_pb_row _builder_version=&#8221;4.27.3&#8243; _module_preset=&#8221;default&#8221; custom_margin=&#8221;||0px||false|false&#8221; custom_padding=&#8221;||0px||false|false&#8221; global_colors_info=&#8221;{}&#8221;][et_pb_column type=&#8221;4_4&#8243; _builder_version=&#8221;4.27.3&#8243; _module_preset=&#8221;default&#8221; global_colors_info=&#8221;{}&#8221;][et_pb_text _builder_version=&#8221;4.27.3&#8243; _module_preset=&#8221;default&#8221; custom_margin=&#8221;0px|0px|0px|0px|false|false&#8221; custom_padding=&#8221;10px|10px|10px|10px|true|true&#8221; border_width_all=&#8221;1px&#8221; global_colors_info=&#8221;{}&#8221;]<\/p>\n<p><span style=\"font-size: 20px;\"><strong>Antal Steinhardt <\/strong><\/span><span style=\"font-size: 14px;\"><br \/>(Pest, Juen 1856 \u2013 Budapest, July 1928)<\/span><\/p>\n<p>[\/et_pb_text][et_pb_text _builder_version=&#8221;4.27.3&#8243; _module_preset=&#8221;default&#8221; background_color=&#8221;#6d8dac&#8221; custom_margin=&#8221;||-7px|||&#8221; custom_padding=&#8221;10px|10px|10px|10px|true|true&#8221; global_colors_info=&#8221;{}&#8221;]<\/p>\n<p><span style=\"font-size: 20px;\"><strong><\/strong><\/span><span style=\"font-size: 14px; color: #202122;\">Together with Adolf L\u00e1ng, he designed the former Hungarian Theater in Budapest (which is now the National Theater in a completely rebuilt form), the theater in P\u00e9cs, the Palace of Culture in Szeged, a city bath and several apartment buildings. In addition, he received many private orders, but only a part of them is known today. He is listed as a master builder on several plans, i.e. he probably performed the construction tasks as well.  <\/span><\/p>\n<p>[\/et_pb_text][\/et_pb_column][\/et_pb_row][et_pb_row _builder_version=&#8221;4.27.3&#8243; _module_preset=&#8221;default&#8221; custom_margin=&#8221;2px|auto||auto||&#8221; global_colors_info=&#8221;{}&#8221;][et_pb_column type=&#8221;4_4&#8243; _builder_version=&#8221;4.27.3&#8243; _module_preset=&#8221;default&#8221; global_colors_info=&#8221;{}&#8221;][et_pb_text _builder_version=&#8221;4.27.3&#8243; _module_preset=&#8221;default&#8221; custom_margin=&#8221;0px|0px|0px|0px|false|false&#8221; custom_padding=&#8221;10px|10px|10px|10px|true|true&#8221; border_width_all=&#8221;1px&#8221; global_colors_info=&#8221;{}&#8221;]<\/p>\n<p><span style=\"font-size: 14px;\"><strong><span style=\"font-size: 20px;\">Adolf L\u00e1ng <\/span><\/strong><br \/><\/span><span style=\"font-size: 14px;\">(Praga, 15. June 1848. \u2013 Wienna, 02. 05. 1913.)<\/span><\/p>\n<p>[\/et_pb_text][et_pb_text _builder_version=&#8221;4.27.3&#8243; _module_preset=&#8221;default&#8221; background_color=&#8221;#6d8dac&#8221; custom_padding=&#8221;10px|10px|10px|10px|true|true&#8221; global_colors_info=&#8221;{}&#8221;]<\/p>\n<p><span style=\"font-size: 20px;\"><strong><\/strong><\/span><span style=\"font-size: 14px; color: #202122;\"><span class=\"s1\" style=\"font-size: 14px;\"><span style=\"color: black;\">He graduated in Vienna and worked in Ferstel&#8217;s studio. From 1870 he worked in Pest, where he was head of the Sug\u00e1r\u00fat \u00c9p\u00edt\u0151 V\u00e1llalat. In Budapest he built several apartment houses and public buildings (the old Zeneakad\u00e9mia, the old M\u0171csarnok , etc.). His other works include the former Hungarian Theatre (1897), the P\u00e9cs Theatre (1893-95) and Town Hall (1907), and the theatre in Kassa (1899). His works are in the historicist neo-renaissance and neo-baroque style.    <\/span><\/span><\/span><\/p>\n<p>[\/et_pb_text][et_pb_text _builder_version=&#8221;4.27.3&#8243; _module_preset=&#8221;default&#8221; global_colors_info=&#8221;{}&#8221;]<\/p>\n<p><span style=\"font-size: 14px;\"><em>The owner of the interior design images is Optinvest Zrt.<\/em><\/span><\/p>\n<p>[\/et_pb_text][\/et_pb_column][\/et_pb_row][\/et_pb_section][et_pb_section fb_built=&#8221;1&#8243; _builder_version=&#8221;4.27.3&#8243; _module_preset=&#8221;default&#8221; custom_padding=&#8221;8px||54px|||&#8221; global_colors_info=&#8221;{}&#8221;][et_pb_row _builder_version=&#8221;4.27.3&#8243; _module_preset=&#8221;default&#8221; global_colors_info=&#8221;{}&#8221;][et_pb_column type=&#8221;4_4&#8243; _builder_version=&#8221;4.27.3&#8243; _module_preset=&#8221;default&#8221; global_colors_info=&#8221;{}&#8221;][et_pb_heading title=&#8221;Our photos of the project&#8221; _builder_version=&#8221;4.27.3&#8243; _module_preset=&#8221;default&#8221; title_text_align=&#8221;center&#8221; global_colors_info=&#8221;{}&#8221;][\/et_pb_heading][\/et_pb_column][\/et_pb_row][et_pb_row _builder_version=&#8221;4.27.3&#8243; _module_preset=&#8221;default&#8221; global_colors_info=&#8221;{}&#8221;][et_pb_column type=&#8221;4_4&#8243; _builder_version=&#8221;4.27.3&#8243; _module_preset=&#8221;default&#8221; global_colors_info=&#8221;{}&#8221;][difl_justifiedgallery gallery=&#8221;1380,1379,1373,1374,1375,1376,1377,1378,1381,1382,1383,1384,1385,1386,1387,1388,1389,1393,1392,1391,1390,1395,1394&#8243; image_size=&#8221;large&#8221; use_lightbox=&#8221;on&#8221; use_lightbox_download=&#8221;on&#8221; border_anim=&#8221;on&#8221; border_anm_style=&#8221;c4-border-ccc-3&#8243; anm_content_padding=&#8221;0.5em&#8221; _builder_version=&#8221;4.27.3&#8243; _module_preset=&#8221;default&#8221; global_colors_info=&#8221;{}&#8221;][\/difl_justifiedgallery][\/et_pb_column][\/et_pb_row][et_pb_row _builder_version=&#8221;4.27.3&#8243; _module_preset=&#8221;default&#8221; global_colors_info=&#8221;{}&#8221;][et_pb_column type=&#8221;4_4&#8243; _builder_version=&#8221;4.27.3&#8243; _module_preset=&#8221;default&#8221; global_colors_info=&#8221;{}&#8221;][et_pb_heading title=&#8221;Share&#8221; _builder_version=&#8221;4.27.3&#8243; _module_preset=&#8221;default&#8221; title_level=&#8221;h3&#8243; title_text_align=&#8221;center&#8221; global_colors_info=&#8221;{}&#8221;][\/et_pb_heading][difl_social_share content_alignment=&#8221;center&#8221; column_auto_child_item_alignment=&#8221;center&#8221; text_container_bg_color_bgcolor=&#8221;RGBA(255,255,255,0)&#8221; _builder_version=&#8221;4.27.3&#8243; _module_preset=&#8221;default&#8221; label_font=&#8221;|||||on|||&#8221; label_text_align=&#8221;center&#8221; label_text_color=&#8221;#FFFFFF&#8221; global_colors_info=&#8221;{}&#8221;][difl_social_share_item social_network=&#8221;facebook&#8221; _builder_version=&#8221;4.27.3&#8243; _module_preset=&#8221;default&#8221; background_color=&#8221;#1877F2&#8243; global_colors_info=&#8221;{}&#8221;][\/difl_social_share_item][difl_social_share_item social_network=&#8221;twitter&#8221; _builder_version=&#8221;4.27.3&#8243; _module_preset=&#8221;default&#8221; background_color=&#8221;#000000&#8243; global_colors_info=&#8221;{}&#8221;][\/difl_social_share_item][difl_social_share_item social_network=&#8221;linkedin&#8221; _builder_version=&#8221;4.27.3&#8243; _module_preset=&#8221;default&#8221; background_color=&#8221;#007bb6&#8243; global_colors_info=&#8221;{}&#8221;][\/difl_social_share_item][difl_social_share_item social_network=&#8221;pinterest&#8221; _builder_version=&#8221;4.27.3&#8243; _module_preset=&#8221;default&#8221; background_color=&#8221;#cb2027&#8243; global_colors_info=&#8221;{}&#8221;][\/difl_social_share_item][\/difl_social_share][\/et_pb_column][\/et_pb_row][\/et_pb_section]<\/p>\n","protected":false},"excerpt":{"rendered":"<p>Renovation of Ir\u00e1nyi Palace Monument reconstruction | Structural engineering| Fitout | Energy efficiency measuresAn award-winning building three times over 2022: Construction Industry Excellence Award \u2013 Ir\u00e1nyi Palace Ir\u00e1nyi Palace won an Excellence Award in the public building\/office category! The main criteria for evaluation were:Overall architectural and technical evaluation of the structureTechnical and technological level of [&hellip;]<\/p>\n","protected":false},"author":1,"featured_media":0,"parent":0,"menu_order":0,"comment_status":"closed","ping_status":"closed","template":"","meta":{"_et_pb_use_builder":"on","_et_pb_old_content":"","_et_gb_content_width":"","footnotes":""},"difl_page_category":[],"class_list":["post-9363","page","type-page","status-publish","hentry"],"_links":{"self":[{"href":"https:\/\/ebhinvest.hu\/en\/wp-json\/wp\/v2\/pages\/9363","targetHints":{"allow":["GET"]}}],"collection":[{"href":"https:\/\/ebhinvest.hu\/en\/wp-json\/wp\/v2\/pages"}],"about":[{"href":"https:\/\/ebhinvest.hu\/en\/wp-json\/wp\/v2\/types\/page"}],"author":[{"embeddable":true,"href":"https:\/\/ebhinvest.hu\/en\/wp-json\/wp\/v2\/users\/1"}],"replies":[{"embeddable":true,"href":"https:\/\/ebhinvest.hu\/en\/wp-json\/wp\/v2\/comments?post=9363"}],"version-history":[{"count":4,"href":"https:\/\/ebhinvest.hu\/en\/wp-json\/wp\/v2\/pages\/9363\/revisions"}],"predecessor-version":[{"id":10893,"href":"https:\/\/ebhinvest.hu\/en\/wp-json\/wp\/v2\/pages\/9363\/revisions\/10893"}],"wp:attachment":[{"href":"https:\/\/ebhinvest.hu\/en\/wp-json\/wp\/v2\/media?parent=9363"}],"wp:term":[{"taxonomy":"difl_page_category","embeddable":true,"href":"https:\/\/ebhinvest.hu\/en\/wp-json\/wp\/v2\/difl_page_category?post=9363"}],"curies":[{"name":"wp","href":"https:\/\/api.w.org\/{rel}","templated":true}]}}