{"id":9429,"date":"2024-12-10T12:33:11","date_gmt":"2024-12-10T11:33:11","guid":{"rendered":"https:\/\/ebhinvest.hu\/relocation-of-the-suburban-railway-station-aquincum\/"},"modified":"2025-03-09T10:38:26","modified_gmt":"2025-03-09T09:38:26","slug":"relocation-of-the-suburban-railway-station-aquincum","status":"publish","type":"page","link":"https:\/\/ebhinvest.hu\/en\/relocation-of-the-suburban-railway-station-aquincum\/","title":{"rendered":"Relocation of the suburban railway station Aquincum"},"content":{"rendered":"<p>[et_pb_section fb_built=&#8221;1&#8243; _builder_version=&#8221;4.27.3&#8243; _module_preset=&#8221;default&#8221; background_color=&#8221;gcid-heading-color&#8221; background_image=&#8221;https:\/\/ebhinvest.hu\/wp-content\/uploads\/2024\/12\/ebh_aquincum-hev-megallo-athelyezese_5.jpg&#8221; module_alignment=&#8221;center&#8221; min_height=&#8221;350px&#8221; custom_margin=&#8221;3px|0px|3px|0px|false|false&#8221; custom_padding=&#8221;30px|0px|13px|0px|false|false&#8221; global_colors_info=&#8221;{%22gcid-heading-color%22:%91%22background_color%22%93}&#8221;][et_pb_row _builder_version=&#8221;4.27.3&#8243; _module_preset=&#8221;default&#8221; custom_margin=&#8221;10px||10px||false|false&#8221; global_colors_info=&#8221;{}&#8221;][et_pb_column type=&#8221;4_4&#8243; _builder_version=&#8221;4.27.3&#8243; _module_preset=&#8221;default&#8221; custom_padding=&#8221;0px|0px|0px|0px|false|false&#8221; global_colors_info=&#8221;{}&#8221;][et_pb_text _builder_version=&#8221;4.27.3&#8243; _module_preset=&#8221;default&#8221; background_color=&#8221;RGBA(255,255,255,0)&#8221; custom_margin=&#8221;0px|0px|0px|0px|false|false&#8221; custom_padding=&#8221;0px||0px||false|false&#8221; text_text_shadow_style=&#8221;preset4&#8243; text_text_shadow_horizontal_length=&#8221;0.68em&#8221; text_text_shadow_vertical_length=&#8221;0.55em&#8221; text_text_shadow_blur_strength=&#8221;0.36em&#8221; global_colors_info=&#8221;{}&#8221;]<\/p>\n<h1 style=\"text-align: center;\"><span style=\"color: #ffffff;\">Relocation of the suburban rail way station Aquincum<\/span><\/h1>\n<p><span style=\"color: #ffffff;\"><\/span><\/p>\n<p><span style=\"color: #ffffff;\"><img loading=\"lazy\" decoding=\"async\" src=\"https:\/\/ebhinvest.hu\/wp-content\/uploads\/2024\/11\/csakcsik-1.jpg\" width=\"250\" height=\"7\" alt=\"\" class=\"wp-image-275 alignnone size-full\" style=\"display: block; margin-left: auto; margin-right: auto;\"><\/span><\/p>\n<h5 style=\"text-align: center;\"><span style=\"color: #ffffff;\"><\/span><\/h5>\n<h5 style=\"text-align: center;\"><span style=\"color: #ffffff;\"><\/span><\/h5>\n<h5 style=\"text-align: center;\"><span style=\"color: #ffffff;\">Mechanical engineering| Civil engineering<br \/><\/span><\/h5>\n<p>[\/et_pb_text][\/et_pb_column][\/et_pb_row][\/et_pb_section][et_pb_section fb_built=&#8221;1&#8243; _builder_version=&#8221;4.27.3&#8243; _module_preset=&#8221;default&#8221; custom_padding=&#8221;20px||5px||false|false&#8221; global_colors_info=&#8221;{}&#8221;][et_pb_row column_structure=&#8221;1_2,1_2&#8243; _builder_version=&#8221;4.27.3&#8243; _module_preset=&#8221;default&#8221; global_colors_info=&#8221;{}&#8221;][et_pb_column type=&#8221;1_2&#8243; _builder_version=&#8221;4.27.3&#8243; _module_preset=&#8221;default&#8221; global_colors_info=&#8221;{}&#8221;][et_pb_text _builder_version=&#8221;4.27.3&#8243; _module_preset=&#8221;default&#8221; global_colors_info=&#8221;{}&#8221;]<\/p>\n<p>The Batthy\u00e1ny t\u00e9r \u2013 B\u00e9k\u00e1smegyer H\u00c9V line was renewed within the framework of an EU grant agreement. As part of a public procurement, our company won the relocation and construction works of the side passenger platforms in a facing arrangement at Aquincum H\u00c9V station.<\/p>\n<p>As part of a public procurement, our company won the relocation and construction works of the side passenger platforms in a facing arrangement at Aquincum H\u00c9V station.<\/p>\n<p>It was a major organisational and professional challenge for us to carry out theworks while ensuring the smooth operation of the H\u00c9V, in a heritage environment, in parallel with an archaeological excavation.<\/p>\n<p>[\/et_pb_text][\/et_pb_column][et_pb_column type=&#8221;1_2&#8243; _builder_version=&#8221;4.27.3&#8243; _module_preset=&#8221;default&#8221; global_colors_info=&#8221;{}&#8221;][et_pb_text _builder_version=&#8221;4.27.3&#8243; _module_preset=&#8221;default&#8221; text_line_height=&#8221;0.6em&#8221; background_color=&#8221;#eff3f6&#8243; custom_margin=&#8221;0px||||false|false&#8221; custom_padding=&#8221;23px|10px|23px|10px|true|true&#8221; border_width_all=&#8221;2px&#8221; border_color_all=&#8221;#dfe6ed&#8221; global_colors_info=&#8221;{}&#8221;]<\/p>\n<p><span style=\"color: #6d8dac;\">NAME OF THE PROJECT:<\/span><\/p>\n<p>Aquincum H\u00c9V<\/p>\n<p>&nbsp;<\/p>\n<p><span style=\"color: #6d8dac;\">LOCATION:<\/span><\/p>\n<p>1031, Budapest, Szentendrei \u00fat 135.<\/p>\n<p>&nbsp;<\/p>\n<p><span style=\"color: #6d8dac;\">TASK:<\/span><\/p>\n<p>Relocation of<\/p>\n<p>Aquincum H\u00c9V station<\/p>\n<p>[\/et_pb_text][\/et_pb_column][\/et_pb_row][\/et_pb_section][et_pb_section fb_built=&#8221;1&#8243; _builder_version=&#8221;4.27.3&#8243; _module_preset=&#8221;default&#8221; custom_padding=&#8221;13px||54px|||&#8221; global_colors_info=&#8221;{}&#8221;][et_pb_row _builder_version=&#8221;4.27.3&#8243; _module_preset=&#8221;default&#8221; global_colors_info=&#8221;{}&#8221;][et_pb_column type=&#8221;4_4&#8243; _builder_version=&#8221;4.27.3&#8243; _module_preset=&#8221;default&#8221; global_colors_info=&#8221;{}&#8221;][et_pb_heading title=&#8221;Take a look at the photos of finished work&#8221; _builder_version=&#8221;4.27.3&#8243; _module_preset=&#8221;default&#8221; title_text_align=&#8221;center&#8221; global_colors_info=&#8221;{}&#8221;][\/et_pb_heading][\/et_pb_column][\/et_pb_row][et_pb_row _builder_version=&#8221;4.27.3&#8243; _module_preset=&#8221;default&#8221; global_colors_info=&#8221;{}&#8221;][et_pb_column type=&#8221;4_4&#8243; _builder_version=&#8221;4.27.3&#8243; _module_preset=&#8221;default&#8221; global_colors_info=&#8221;{}&#8221;][difl_justifiedgallery gallery=&#8221;919,921,922,924,920,925&#8243; image_size=&#8221;large&#8221; rowheight=&#8221;180&#8243; use_lightbox=&#8221;on&#8221; use_lightbox_download=&#8221;on&#8221; border_anim=&#8221;on&#8221; border_anm_style=&#8221;c4-border-ccc-3&#8243; anm_content_padding=&#8221;0.5em&#8221; _builder_version=&#8221;4.27.3&#8243; _module_preset=&#8221;default&#8221; global_colors_info=&#8221;{}&#8221;][\/difl_justifiedgallery][\/et_pb_column][\/et_pb_row][et_pb_row _builder_version=&#8221;4.27.3&#8243; _module_preset=&#8221;default&#8221; global_colors_info=&#8221;{}&#8221;][et_pb_column type=&#8221;4_4&#8243; _builder_version=&#8221;4.27.3&#8243; _module_preset=&#8221;default&#8221; global_colors_info=&#8221;{}&#8221;][et_pb_heading title=&#8221;Share&#8221; _builder_version=&#8221;4.27.3&#8243; _module_preset=&#8221;default&#8221; title_level=&#8221;h3&#8243; title_text_align=&#8221;center&#8221; global_colors_info=&#8221;{}&#8221;][\/et_pb_heading][difl_social_share content_alignment=&#8221;center&#8221; column_auto_child_item_alignment=&#8221;center&#8221; text_container_bg_color_bgcolor=&#8221;RGBA(255,255,255,0)&#8221; _builder_version=&#8221;4.27.3&#8243; _module_preset=&#8221;default&#8221; label_font=&#8221;|||||on|||&#8221; label_text_align=&#8221;center&#8221; label_text_color=&#8221;#FFFFFF&#8221; global_colors_info=&#8221;{}&#8221;][difl_social_share_item social_network=&#8221;facebook&#8221; _builder_version=&#8221;4.27.3&#8243; _module_preset=&#8221;default&#8221; background_color=&#8221;#1877F2&#8243; global_colors_info=&#8221;{}&#8221;][\/difl_social_share_item][difl_social_share_item social_network=&#8221;twitter&#8221; _builder_version=&#8221;4.27.3&#8243; _module_preset=&#8221;default&#8221; background_color=&#8221;#000000&#8243; global_colors_info=&#8221;{}&#8221;][\/difl_social_share_item][difl_social_share_item social_network=&#8221;linkedin&#8221; _builder_version=&#8221;4.27.3&#8243; _module_preset=&#8221;default&#8221; background_color=&#8221;#007bb6&#8243; global_colors_info=&#8221;{}&#8221;][\/difl_social_share_item][difl_social_share_item social_network=&#8221;pinterest&#8221; _builder_version=&#8221;4.27.3&#8243; _module_preset=&#8221;default&#8221; background_color=&#8221;#cb2027&#8243; global_colors_info=&#8221;{}&#8221;][\/difl_social_share_item][\/difl_social_share][\/et_pb_column][\/et_pb_row][\/et_pb_section]<\/p>\n","protected":false},"excerpt":{"rendered":"<p>Relocation of the suburban rail way station Aquincum Mechanical engineering| Civil engineeringThe Batthy\u00e1ny t\u00e9r \u2013 B\u00e9k\u00e1smegyer H\u00c9V line was renewed within the framework of an EU grant agreement. As part of a public procurement, our company won the relocation and construction works of the side passenger platforms in a facing arrangement at Aquincum H\u00c9V station. [&hellip;]<\/p>\n","protected":false},"author":1,"featured_media":0,"parent":0,"menu_order":0,"comment_status":"closed","ping_status":"closed","template":"","meta":{"_et_pb_use_builder":"on","_et_pb_old_content":"","_et_gb_content_width":"","footnotes":""},"difl_page_category":[],"class_list":["post-9429","page","type-page","status-publish","hentry"],"_links":{"self":[{"href":"https:\/\/ebhinvest.hu\/en\/wp-json\/wp\/v2\/pages\/9429","targetHints":{"allow":["GET"]}}],"collection":[{"href":"https:\/\/ebhinvest.hu\/en\/wp-json\/wp\/v2\/pages"}],"about":[{"href":"https:\/\/ebhinvest.hu\/en\/wp-json\/wp\/v2\/types\/page"}],"author":[{"embeddable":true,"href":"https:\/\/ebhinvest.hu\/en\/wp-json\/wp\/v2\/users\/1"}],"replies":[{"embeddable":true,"href":"https:\/\/ebhinvest.hu\/en\/wp-json\/wp\/v2\/comments?post=9429"}],"version-history":[{"count":3,"href":"https:\/\/ebhinvest.hu\/en\/wp-json\/wp\/v2\/pages\/9429\/revisions"}],"predecessor-version":[{"id":10863,"href":"https:\/\/ebhinvest.hu\/en\/wp-json\/wp\/v2\/pages\/9429\/revisions\/10863"}],"wp:attachment":[{"href":"https:\/\/ebhinvest.hu\/en\/wp-json\/wp\/v2\/media?parent=9429"}],"wp:term":[{"taxonomy":"difl_page_category","embeddable":true,"href":"https:\/\/ebhinvest.hu\/en\/wp-json\/wp\/v2\/difl_page_category?post=9429"}],"curies":[{"name":"wp","href":"https:\/\/api.w.org\/{rel}","templated":true}]}}