{"id":9995,"date":"2024-12-10T10:07:19","date_gmt":"2024-12-10T09:07:19","guid":{"rendered":"https:\/\/ebhinvest.hu\/the-charity-home-in-kadarkut\/"},"modified":"2025-03-05T17:30:42","modified_gmt":"2025-03-05T16:30:42","slug":"the-charity-home-in-kadarkut","status":"publish","type":"page","link":"https:\/\/ebhinvest.hu\/en\/the-charity-home-in-kadarkut\/","title":{"rendered":"| The Charity Home in Kadark\u00fat"},"content":{"rendered":"<p>[et_pb_section fb_built=&#8221;1&#8243; _builder_version=&#8221;4.27.3&#8243; _module_preset=&#8221;default&#8221; background_color=&#8221;gcid-heading-color&#8221; background_image=&#8221;https:\/\/ebhinvest.hu\/wp-content\/uploads\/2024\/12\/ebh_kadarkuti-szeretetotthon_4.jpg&#8221; module_alignment=&#8221;center&#8221; min_height=&#8221;350px&#8221; custom_margin=&#8221;3px|0px|3px|0px|false|false&#8221; custom_padding=&#8221;30px|0px|13px|0px|false|false&#8221; global_colors_info=&#8221;{%22gcid-heading-color%22:%91%22background_color%22%93}&#8221;][et_pb_row _builder_version=&#8221;4.27.3&#8243; _module_preset=&#8221;default&#8221; custom_margin=&#8221;10px||10px||false|false&#8221; global_colors_info=&#8221;{}&#8221;][et_pb_column type=&#8221;4_4&#8243; _builder_version=&#8221;4.27.3&#8243; _module_preset=&#8221;default&#8221; custom_padding=&#8221;0px|0px|0px|0px|false|false&#8221; global_colors_info=&#8221;{}&#8221;][et_pb_text _builder_version=&#8221;4.27.3&#8243; _module_preset=&#8221;default&#8221; background_color=&#8221;RGBA(255,255,255,0)&#8221; custom_margin=&#8221;0px|0px|0px|0px|false|false&#8221; custom_padding=&#8221;0px||0px||false|false&#8221; text_text_shadow_style=&#8221;preset4&#8243; text_text_shadow_horizontal_length=&#8221;0.68em&#8221; text_text_shadow_vertical_length=&#8221;0.55em&#8221; text_text_shadow_blur_strength=&#8221;0.36em&#8221; global_colors_info=&#8221;{}&#8221;]<\/p>\n<h1 style=\"text-align: center;\"><span style=\"color: #ffffff;\">The Charity Home in Kadark\u00fat<\/span><\/h1>\n<p><span style=\"color: #ffffff;\"><\/span><\/p>\n<p><span style=\"color: #ffffff;\"><img loading=\"lazy\" decoding=\"async\" src=\"https:\/\/ebhinvest.hu\/wp-content\/uploads\/2024\/11\/csakcsik-1.jpg\" width=\"250\" height=\"7\" alt=\"\" class=\"wp-image-275 alignnone size-full\" style=\"display: block; margin-left: auto; margin-right: auto;\"><\/span><\/p>\n<h5 style=\"text-align: center;\"><span style=\"color: #ffffff;\"><\/span><\/h5>\n<h5 style=\"text-align: center;\"><span style=\"color: #ffffff;\"><\/span><\/h5>\n<h5 style=\"text-align: center;\"><span style=\"color: #ffffff;\">Monument restoration | Structural engineering | Energy efficiency measures<br \/><\/span><\/h5>\n<p>[\/et_pb_text][\/et_pb_column][\/et_pb_row][\/et_pb_section][et_pb_section fb_built=&#8221;1&#8243; _builder_version=&#8221;4.27.3&#8243; _module_preset=&#8221;default&#8221; custom_padding=&#8221;20px||5px||false|false&#8221; global_colors_info=&#8221;{}&#8221;][et_pb_row column_structure=&#8221;1_2,1_2&#8243; _builder_version=&#8221;4.27.3&#8243; _module_preset=&#8221;default&#8221; global_colors_info=&#8221;{}&#8221;][et_pb_column type=&#8221;1_2&#8243; _builder_version=&#8221;4.27.3&#8243; _module_preset=&#8221;default&#8221; global_colors_info=&#8221;{}&#8221;][et_pb_text _builder_version=&#8221;4.27.3&#8243; _module_preset=&#8221;default&#8221; global_colors_info=&#8221;{}&#8221;]<\/p>\n<p>\u00b7<\/p>\n<ul>\n<li>\u00b7<\/li>\n<li>\u00b7<\/li>\n<li>\u00b7<\/li>\n<li>\u00b7<\/li>\n<\/ul>\n<p>[\/et_pb_text][\/et_pb_column][et_pb_column type=&#8221;1_2&#8243; _builder_version=&#8221;4.27.3&#8243; _module_preset=&#8221;default&#8221; global_colors_info=&#8221;{}&#8221;][et_pb_text _builder_version=&#8221;4.27.3&#8243; _module_preset=&#8221;default&#8221; text_line_height=&#8221;0.6em&#8221; background_color=&#8221;#eff3f6&#8243; custom_margin=&#8221;0px||||false|false&#8221; custom_padding=&#8221;23px|10px|23px|10px|true|true&#8221; border_width_all=&#8221;2px&#8221; border_color_all=&#8221;#dfe6ed&#8221; global_colors_info=&#8221;{}&#8221;]<\/p>\n<p><span style=\"color: #6d8dac;\">NAME OF THE PROJECT:<\/span><\/p>\n<p>Reconstruction of Kadark\u00fati Szeretetotthon<\/p>\n<p>&nbsp;<\/p>\n<p><span style=\"color: #6d8dac;\">LOCATION:<\/span><\/p>\n<p>7530 Kadark\u00fat, V\u00f3ta-puszta 1.<\/p>\n<p>&nbsp;<\/p>\n<p><span style=\"color: #6d8dac;\">TASK:<\/span><\/p>\n<p>Reconstruction of Kadark\u00fati Szeretetotthon<\/p>\n<p>&nbsp;<\/p>\n<p><span style=\"color: #6d8dac;\">DURATION OF WORKS:<\/span><\/p>\n<p>July 2015 &#8211; September 2015<\/p>\n<p>&nbsp;<\/p>\n<p><span style=\"color: #6d8dac;\">CLIENT:<\/span><\/p>\n<p>Magyar P\u00fcnk\u00f6sdi Egyh\u00e1z Szeretetotthona<\/p>\n<p>[\/et_pb_text][\/et_pb_column][\/et_pb_row][\/et_pb_section][et_pb_section fb_built=&#8221;1&#8243; _builder_version=&#8221;4.27.3&#8243; _module_preset=&#8221;default&#8221; custom_padding=&#8221;||54px|||&#8221; global_colors_info=&#8221;{}&#8221;][et_pb_row _builder_version=&#8221;4.27.3&#8243; _module_preset=&#8221;default&#8221; global_colors_info=&#8221;{}&#8221;][et_pb_column type=&#8221;4_4&#8243; _builder_version=&#8221;4.27.3&#8243; _module_preset=&#8221;default&#8221; global_colors_info=&#8221;{}&#8221;][et_pb_heading title=&#8221;Take a look at the photos of the project.&#8221; _builder_version=&#8221;4.27.3&#8243; _module_preset=&#8221;default&#8221; title_text_align=&#8221;center&#8221; global_colors_info=&#8221;{}&#8221;][\/et_pb_heading][\/et_pb_column][\/et_pb_row][et_pb_row _builder_version=&#8221;4.27.3&#8243; _module_preset=&#8221;default&#8221; global_colors_info=&#8221;{}&#8221;][et_pb_column type=&#8221;4_4&#8243; _builder_version=&#8221;4.27.3&#8243; _module_preset=&#8221;default&#8221; global_colors_info=&#8221;{}&#8221;][difl_justifiedgallery gallery=&#8221;774,775,776,777,778&#8243; image_size=&#8221;large&#8221; use_lightbox=&#8221;on&#8221; use_lightbox_download=&#8221;on&#8221; border_anim=&#8221;on&#8221; border_anm_style=&#8221;c4-border-ccc-3&#8243; anm_content_padding=&#8221;0.5em&#8221; _builder_version=&#8221;4.27.3&#8243; _module_preset=&#8221;default&#8221; global_colors_info=&#8221;{}&#8221;][\/difl_justifiedgallery][\/et_pb_column][\/et_pb_row][et_pb_row _builder_version=&#8221;4.27.3&#8243; _module_preset=&#8221;default&#8221; global_colors_info=&#8221;{}&#8221;][et_pb_column type=&#8221;4_4&#8243; _builder_version=&#8221;4.27.3&#8243; _module_preset=&#8221;default&#8221; global_colors_info=&#8221;{}&#8221;][et_pb_heading title=&#8221;Share&#8221; _builder_version=&#8221;4.27.3&#8243; _module_preset=&#8221;default&#8221; title_level=&#8221;h3&#8243; title_text_align=&#8221;center&#8221; global_colors_info=&#8221;{}&#8221;][\/et_pb_heading][difl_social_share content_alignment=&#8221;center&#8221; column_auto_child_item_alignment=&#8221;center&#8221; text_container_bg_color_bgcolor=&#8221;RGBA(255,255,255,0)&#8221; _builder_version=&#8221;4.27.3&#8243; _module_preset=&#8221;default&#8221; label_font=&#8221;|||||on|||&#8221; label_text_align=&#8221;center&#8221; label_text_color=&#8221;#FFFFFF&#8221; global_colors_info=&#8221;{}&#8221;][difl_social_share_item social_network=&#8221;facebook&#8221; _builder_version=&#8221;4.27.3&#8243; _module_preset=&#8221;default&#8221; background_color=&#8221;#1877F2&#8243; global_colors_info=&#8221;{}&#8221;][\/difl_social_share_item][difl_social_share_item social_network=&#8221;twitter&#8221; _builder_version=&#8221;4.27.3&#8243; _module_preset=&#8221;default&#8221; background_color=&#8221;#000000&#8243; global_colors_info=&#8221;{}&#8221;][\/difl_social_share_item][difl_social_share_item social_network=&#8221;linkedin&#8221; _builder_version=&#8221;4.27.3&#8243; _module_preset=&#8221;default&#8221; background_color=&#8221;#007bb6&#8243; global_colors_info=&#8221;{}&#8221;][\/difl_social_share_item][difl_social_share_item social_network=&#8221;pinterest&#8221; _builder_version=&#8221;4.27.3&#8243; _module_preset=&#8221;default&#8221; background_color=&#8221;#cb2027&#8243; global_colors_info=&#8221;{}&#8221;][\/difl_social_share_item][\/difl_social_share][\/et_pb_column][\/et_pb_row][\/et_pb_section]<\/p>\n","protected":false},"excerpt":{"rendered":"<p>The Charity Home in Kadark\u00fat Monument restoration | Structural engineering | Energy efficiency measures\u00b7 \u00b7 \u00b7 \u00b7 \u00b7 NAME OF THE PROJECT: Reconstruction of Kadark\u00fati Szeretetotthon &nbsp; LOCATION: 7530 Kadark\u00fat, V\u00f3ta-puszta 1. &nbsp; TASK: Reconstruction of Kadark\u00fati Szeretetotthon &nbsp; DURATION OF WORKS: July 2015 &#8211; September 2015 &nbsp; CLIENT: Magyar P\u00fcnk\u00f6sdi Egyh\u00e1z Szeretetotthona<div class=\"et_pb_with_border et_pb_module difl_justifiedgallery difl_justifiedgallery_0\">\n\t\t\t\t\n\t\t\t\t\n\t\t\t\t\n\t\t\t\t\n\t\t\t\t\n\t\t\t\t\n\t\t\t\t<div class=\"et_pb_module_inner\">\n\t\t\t\t\t<div class=\"df_jsg_container\" data-settings='{\"gallery\":\"&#8221;774,775,776,777,778&#8243;\",\"rowHeight\":\"150\",\"margin\":\"10\",\"show_caption\":\"off\",\"show_description\":\"off\",\"load_more\":\"off\",\"image_count\":\"4\",\"ini_count\":\"8\",\"show_content_lg\":\"off\",\"use_lightbox\":\"off\",\"use_lightbox_download\":\"off\",\"content_reveal_caption\":\"c4-fade-up\",\"content_reveal_description\":\"c4-fade-up\",\"content_position\":\"c4-layout-top-left\",\"image_scale\":\"no-image-scale\",\"overlay\":\"off\",\"image_size\":\"&#8221;large&#8221;\",\"caption_tag\":\"h4\",\"description_tag\":\"p\",\"border_anim\":\"off\",\"border_anm_style\":\"c4-border-fade\",\"use_url\":\"off\",\"url_target\":\"same_window\",\"show_pagination\":\"off\",\"pagination_img_count\":\"8\",\"use_number_pagination\":\"off\",\"older_text\":\"Older Entries\",\"newer_text\":\"Next Entries\",\"use_icon_only_at_pagination\":\"off\"}'>\n                <div class=\"justified-gallery\"><figure class=\"c4-izmir df_jsg_image no-image-scale  has_overlay  image_loading\" data-src=\"data:image\/svg+xml;base64,PHN2ZyB3aWR0aD0iMTA4MCIgaGVpZ2h0PSI1NDAiIHZpZXdCb3g9IjAgMCAxMDgwIDU0MCIgeG1sbnM9Imh0dHA6Ly93d3cudzMub3JnLzIwMDAvc3ZnIj4KICAgIDxnIGZpbGw9Im5vbmUiIGZpbGwtcnVsZT0iZXZlbm9kZCI+CiAgICAgICAgPHBhdGggZmlsbD0iI0VCRUJFQiIgZD0iTTAgMGgxMDgwdjU0MEgweiIvPgogICAgICAgIDxwYXRoIGQ9Ik00NDUuNjQ5IDU0MGgtOTguOTk1TDE0NC42NDkgMzM3Ljk5NSAwIDQ4Mi42NDR2LTk4Ljk5NWwxMTYuMzY1LTExNi4zNjVjMTUuNjItMTUuNjIgNDAuOTQ3LTE1LjYyIDU2LjU2OCAwTDQ0NS42NSA1NDB6IiBmaWxsLW9wYWNpdHk9Ii4xIiBmaWxsPSIjMDAwIiBmaWxsLXJ1bGU9Im5vbnplcm8iLz4KICAgICAgICA8Y2lyY2xlIGZpbGwtb3BhY2l0eT0iLjA1IiBmaWxsPSIjMDAwIiBjeD0iMzMxIiBjeT0iMTQ4IiByPSI3MCIvPgogICAgICAgIDxwYXRoIGQ9Ik0xMDgwIDM3OXYxMTMuMTM3TDcyOC4xNjIgMTQwLjMgMzI4LjQ2MiA1NDBIMjE1LjMyNEw2OTkuODc4IDU1LjQ0NmMxNS42Mi0xNS42MiA0MC45NDgtMTUuNjIgNTYuNTY4IDBMMTA4MCAzNzl6IiBmaWxsLW9wYWNpdHk9Ii4yIiBmaWxsPSIjMDAwIiBmaWxsLXJ1bGU9Im5vbnplcm8iLz4KICAgIDwvZz4KPC9zdmc+Cg==\"  >\n                    \n\n                    <img decoding=\"async\" class=\"jsg-image\" src=\"data:image\/svg+xml;base64,PHN2ZyB3aWR0aD0iMTA4MCIgaGVpZ2h0PSI1NDAiIHZpZXdCb3g9IjAgMCAxMDgwIDU0MCIgeG1sbnM9Imh0dHA6Ly93d3cudzMub3JnLzIwMDAvc3ZnIj4KICAgIDxnIGZpbGw9Im5vbmUiIGZpbGwtcnVsZT0iZXZlbm9kZCI+CiAgICAgICAgPHBhdGggZmlsbD0iI0VCRUJFQiIgZD0iTTAgMGgxMDgwdjU0MEgweiIvPgogICAgICAgIDxwYXRoIGQ9Ik00NDUuNjQ5IDU0MGgtOTguOTk1TDE0NC42NDkgMzM3Ljk5NSAwIDQ4Mi42NDR2LTk4Ljk5NWwxMTYuMzY1LTExNi4zNjVjMTUuNjItMTUuNjIgNDAuOTQ3LTE1LjYyIDU2LjU2OCAwTDQ0NS42NSA1NDB6IiBmaWxsLW9wYWNpdHk9Ii4xIiBmaWxsPSIjMDAwIiBmaWxsLXJ1bGU9Im5vbnplcm8iLz4KICAgICAgICA8Y2lyY2xlIGZpbGwtb3BhY2l0eT0iLjA1IiBmaWxsPSIjMDAwIiBjeD0iMzMxIiBjeT0iMTQ4IiByPSI3MCIvPgogICAgICAgIDxwYXRoIGQ9Ik0xMDgwIDM3OXYxMTMuMTM3TDcyOC4xNjIgMTQwLjMgMzI4LjQ2MiA1NDBIMjE1LjMyNEw2OTkuODc4IDU1LjQ0NmMxNS42Mi0xNS42MiA0MC45NDgtMTUuNjIgNTYuNTY4IDBMMTA4MCAzNzl6IiBmaWxsLW9wYWNpdHk9Ii4yIiBmaWxsPSIjMDAwIiBmaWxsLXJ1bGU9Im5vbnplcm8iLz4KICAgIDwvZz4KPC9zdmc+Cg==\" alt=\"\" class=\"\" width=\"\" height=\"\"\/>\n                    <figcaption class=\"df_jsg_content c4-layout-top-left\">\n                        \n                    <\/figcaption>\n                <\/figure><figure class=\"c4-izmir df_jsg_image no-image-scale  has_overlay  image_loading\" data-src=\"https:\/\/ebhinvest.hu\/wp-content\/uploads\/2024\/12\/ebh_kadarkuti-szeretetotthon_2.jpg\"  >\n                    \n\n                    <img loading=\"lazy\" decoding=\"async\" class=\"jsg-image\" src=\"https:\/\/ebhinvest.hu\/wp-content\/uploads\/2024\/12\/ebh_kadarkuti-szeretetotthon_2.jpg\" alt=\"\u00cdgy k\u00e9sz\u00fclt a kadark\u00fati Szeretetotthon\" class=\"\" width=\"1125\" height=\"1500\"\/>\n                    <figcaption class=\"df_jsg_content c4-layout-top-left\">\n                        \n                    <\/figcaption>\n                <\/figure><figure class=\"c4-izmir df_jsg_image no-image-scale  has_overlay  image_loading\" data-src=\"https:\/\/ebhinvest.hu\/wp-content\/uploads\/2024\/12\/ebh_kadarkuti-szeretetotthon_3.jpg\"  >\n                    \n\n                    <img loading=\"lazy\" decoding=\"async\" class=\"jsg-image\" src=\"https:\/\/ebhinvest.hu\/wp-content\/uploads\/2024\/12\/ebh_kadarkuti-szeretetotthon_3.jpg\" alt=\"\u00cdgy k\u00e9sz\u00fclt a kadark\u00fati Szeretetotthon\" class=\"\" width=\"1500\" height=\"1125\"\/>\n                    <figcaption class=\"df_jsg_content c4-layout-top-left\">\n                        \n                    <\/figcaption>\n                <\/figure><figure class=\"c4-izmir df_jsg_image no-image-scale  has_overlay  image_loading\" data-src=\"https:\/\/ebhinvest.hu\/wp-content\/uploads\/2024\/12\/ebh_kadarkuti-szeretetotthon_4.jpg\"  >\n                    \n\n                    <img loading=\"lazy\" decoding=\"async\" class=\"jsg-image\" src=\"https:\/\/ebhinvest.hu\/wp-content\/uploads\/2024\/12\/ebh_kadarkuti-szeretetotthon_4.jpg\" alt=\"\u00cdgy k\u00e9sz\u00fclt a kadark\u00fati Szeretetotthon\" class=\"\" width=\"1500\" height=\"1125\"\/>\n                    <figcaption class=\"df_jsg_content c4-layout-top-left\">\n                        \n                    <\/figcaption>\n                <\/figure><figure class=\"c4-izmir df_jsg_image no-image-scale  has_overlay  image_loading\" data-src=\"https:\/\/ebhinvest.hu\/wp-content\/uploads\/2024\/12\/ebh_kadarkuti-szeretetotthon_5.jpg\"  >\n                    \n\n                    <img loading=\"lazy\" decoding=\"async\" class=\"jsg-image\" src=\"https:\/\/ebhinvest.hu\/wp-content\/uploads\/2024\/12\/ebh_kadarkuti-szeretetotthon_5.jpg\" alt=\"\" class=\"\" width=\"1500\" height=\"1125\"\/>\n                    <figcaption class=\"df_jsg_content c4-layout-top-left\">\n                        \n                    <\/figcaption>\n                <\/figure><\/div>\n                \n                \n            <\/div>\n\t\t\t\t<\/div>\n\t\t\t<\/div><\/p>\n","protected":false},"author":1,"featured_media":0,"parent":0,"menu_order":0,"comment_status":"closed","ping_status":"closed","template":"","meta":{"_et_pb_use_builder":"on","_et_pb_old_content":"","_et_gb_content_width":"","footnotes":""},"difl_page_category":[],"class_list":["post-9995","page","type-page","status-publish","hentry"],"_links":{"self":[{"href":"https:\/\/ebhinvest.hu\/en\/wp-json\/wp\/v2\/pages\/9995","targetHints":{"allow":["GET"]}}],"collection":[{"href":"https:\/\/ebhinvest.hu\/en\/wp-json\/wp\/v2\/pages"}],"about":[{"href":"https:\/\/ebhinvest.hu\/en\/wp-json\/wp\/v2\/types\/page"}],"author":[{"embeddable":true,"href":"https:\/\/ebhinvest.hu\/en\/wp-json\/wp\/v2\/users\/1"}],"replies":[{"embeddable":true,"href":"https:\/\/ebhinvest.hu\/en\/wp-json\/wp\/v2\/comments?post=9995"}],"version-history":[{"count":2,"href":"https:\/\/ebhinvest.hu\/en\/wp-json\/wp\/v2\/pages\/9995\/revisions"}],"predecessor-version":[{"id":9999,"href":"https:\/\/ebhinvest.hu\/en\/wp-json\/wp\/v2\/pages\/9995\/revisions\/9999"}],"wp:attachment":[{"href":"https:\/\/ebhinvest.hu\/en\/wp-json\/wp\/v2\/media?parent=9995"}],"wp:term":[{"taxonomy":"difl_page_category","embeddable":true,"href":"https:\/\/ebhinvest.hu\/en\/wp-json\/wp\/v2\/difl_page_category?post=9995"}],"curies":[{"name":"wp","href":"https:\/\/api.w.org\/{rel}","templated":true}]}}